{"id":6815,"date":"2013-04-03T16:05:52","date_gmt":"2013-04-03T14:05:52","guid":{"rendered":"https:\/\/www.komunariko.at\/news\/"},"modified":"2025-05-13T13:19:21","modified_gmt":"2025-05-13T11:19:21","slug":"news","status":"publish","type":"page","link":"https:\/\/www.komunariko.at\/en\/news\/","title":{"rendered":"News"},"content":{"rendered":"<div  class='av-alb-blogposts template-blog  av-blog-meta-comments-disabled av-blog-meta-html-info-disabled av-blog-meta-tag-disabled '  itemscope=\"itemscope\" itemtype=\"https:\/\/schema.org\/Blog\" >\t<article class=\"entry\">\n\t\t<header class=\"entry-content-header\" aria-label=\"No Posts Found\" >\n<h1 class='post-title entry-title '>Nothing Found<\/h1>\t\t<\/header>\n\n\t\t<p class=\"entry-content\"  itemprop=\"text\" >Sorry, no posts matched your criteria<\/p>\n\n\t\t<footer class=\"entry-footer\"><\/footer>\n\t<\/article>\n\n<div class='multi-big'><\/div><\/div>\n","protected":false},"excerpt":{"rendered":"","protected":false},"author":1,"featured_media":0,"parent":0,"menu_order":0,"comment_status":"open","ping_status":"open","template":"","meta":{"footnotes":""},"class_list":["post-6815","page","type-page","status-publish","hentry"],"yoast_head":"<!-- This site is optimized with the Yoast SEO plugin v24.7 - https:\/\/yoast.com\/wordpress\/plugins\/seo\/ -->\n<title>News - komunariko - Beratung. Training. Coaching.<\/title>\n<meta name=\"robots\" content=\"index, follow, max-snippet:-1, max-image-preview:large, max-video-preview:-1\" \/>\n<link rel=\"canonical\" href=\"https:\/\/www.komunariko.at\/en\/news\/\" \/>\n<meta property=\"og:locale\" content=\"en_US\" \/>\n<meta property=\"og:type\" content=\"article\" \/>\n<meta property=\"og:title\" content=\"News - komunariko - Beratung. Training. Coaching.\" \/>\n<meta property=\"og:url\" content=\"https:\/\/www.komunariko.at\/en\/news\/\" \/>\n<meta property=\"og:site_name\" content=\"komunariko - Beratung. Training. Coaching.\" \/>\n<meta property=\"article:modified_time\" content=\"2025-05-13T11:19:21+00:00\" \/>\n<meta name=\"twitter:card\" content=\"summary_large_image\" \/>\n<script type=\"application\/ld+json\" class=\"yoast-schema-graph\">{\"@context\":\"https:\/\/schema.org\",\"@graph\":[{\"@type\":\"WebPage\",\"@id\":\"https:\/\/www.komunariko.at\/en\/news\/\",\"url\":\"https:\/\/www.komunariko.at\/en\/news\/\",\"name\":\"News - komunariko - Beratung. Training. Coaching.\",\"isPartOf\":{\"@id\":\"https:\/\/www.komunariko.at\/en\/#website\"},\"datePublished\":\"2013-04-03T14:05:52+00:00\",\"dateModified\":\"2025-05-13T11:19:21+00:00\",\"breadcrumb\":{\"@id\":\"https:\/\/www.komunariko.at\/en\/news\/#breadcrumb\"},\"inLanguage\":\"en-US\",\"potentialAction\":[{\"@type\":\"ReadAction\",\"target\":[\"https:\/\/www.komunariko.at\/en\/news\/\"]}]},{\"@type\":\"BreadcrumbList\",\"@id\":\"https:\/\/www.komunariko.at\/en\/news\/#breadcrumb\",\"itemListElement\":[{\"@type\":\"ListItem\",\"position\":1,\"name\":\"Home\",\"item\":\"https:\/\/www.komunariko.at\/en\/\"},{\"@type\":\"ListItem\",\"position\":2,\"name\":\"News\"}]},{\"@type\":\"WebSite\",\"@id\":\"https:\/\/www.komunariko.at\/en\/#website\",\"url\":\"https:\/\/www.komunariko.at\/en\/\",\"name\":\"komunariko - Beratung. Training. Coaching.\",\"description\":\"Ma\u00dfgeschneiderte L\u00f6sungen f\u00fcr Organisationsentwicklung,  F\u00fchrungs- und Kommunkationskompetenz. Wir begleiten Menschen, Unternehmen und Organisationen in Zeiten der Entwicklung und des Wandels \u2013 und das seit 35 Jahren, mit Sitz in Salzburg.\",\"potentialAction\":[{\"@type\":\"SearchAction\",\"target\":{\"@type\":\"EntryPoint\",\"urlTemplate\":\"https:\/\/www.komunariko.at\/en\/?s={search_term_string}\"},\"query-input\":{\"@type\":\"PropertyValueSpecification\",\"valueRequired\":true,\"valueName\":\"search_term_string\"}}],\"inLanguage\":\"en-US\"}]}<\/script>\n<!-- \/ Yoast SEO plugin. -->","yoast_head_json":{"title":"News - komunariko - Beratung. Training. Coaching.","robots":{"index":"index","follow":"follow","max-snippet":"max-snippet:-1","max-image-preview":"max-image-preview:large","max-video-preview":"max-video-preview:-1"},"canonical":"https:\/\/www.komunariko.at\/en\/news\/","og_locale":"en_US","og_type":"article","og_title":"News - komunariko - Beratung. Training. Coaching.","og_url":"https:\/\/www.komunariko.at\/en\/news\/","og_site_name":"komunariko - Beratung. Training. Coaching.","article_modified_time":"2025-05-13T11:19:21+00:00","twitter_card":"summary_large_image","schema":{"@context":"https:\/\/schema.org","@graph":[{"@type":"WebPage","@id":"https:\/\/www.komunariko.at\/en\/news\/","url":"https:\/\/www.komunariko.at\/en\/news\/","name":"News - komunariko - Beratung. Training. Coaching.","isPartOf":{"@id":"https:\/\/www.komunariko.at\/en\/#website"},"datePublished":"2013-04-03T14:05:52+00:00","dateModified":"2025-05-13T11:19:21+00:00","breadcrumb":{"@id":"https:\/\/www.komunariko.at\/en\/news\/#breadcrumb"},"inLanguage":"en-US","potentialAction":[{"@type":"ReadAction","target":["https:\/\/www.komunariko.at\/en\/news\/"]}]},{"@type":"BreadcrumbList","@id":"https:\/\/www.komunariko.at\/en\/news\/#breadcrumb","itemListElement":[{"@type":"ListItem","position":1,"name":"Home","item":"https:\/\/www.komunariko.at\/en\/"},{"@type":"ListItem","position":2,"name":"News"}]},{"@type":"WebSite","@id":"https:\/\/www.komunariko.at\/en\/#website","url":"https:\/\/www.komunariko.at\/en\/","name":"komunariko - Beratung. Training. Coaching.","description":"Ma\u00dfgeschneiderte L\u00f6sungen f\u00fcr Organisationsentwicklung,  F\u00fchrungs- und Kommunkationskompetenz. Wir begleiten Menschen, Unternehmen und Organisationen in Zeiten der Entwicklung und des Wandels \u2013 und das seit 35 Jahren, mit Sitz in Salzburg.","potentialAction":[{"@type":"SearchAction","target":{"@type":"EntryPoint","urlTemplate":"https:\/\/www.komunariko.at\/en\/?s={search_term_string}"},"query-input":{"@type":"PropertyValueSpecification","valueRequired":true,"valueName":"search_term_string"}}],"inLanguage":"en-US"}]}},"_links":{"self":[{"href":"https:\/\/www.komunariko.at\/en\/wp-json\/wp\/v2\/pages\/6815","targetHints":{"allow":["GET"]}}],"collection":[{"href":"https:\/\/www.komunariko.at\/en\/wp-json\/wp\/v2\/pages"}],"about":[{"href":"https:\/\/www.komunariko.at\/en\/wp-json\/wp\/v2\/types\/page"}],"author":[{"embeddable":true,"href":"https:\/\/www.komunariko.at\/en\/wp-json\/wp\/v2\/users\/1"}],"replies":[{"embeddable":true,"href":"https:\/\/www.komunariko.at\/en\/wp-json\/wp\/v2\/comments?post=6815"}],"version-history":[{"count":1,"href":"https:\/\/www.komunariko.at\/en\/wp-json\/wp\/v2\/pages\/6815\/revisions"}],"predecessor-version":[{"id":6816,"href":"https:\/\/www.komunariko.at\/en\/wp-json\/wp\/v2\/pages\/6815\/revisions\/6816"}],"wp:attachment":[{"href":"https:\/\/www.komunariko.at\/en\/wp-json\/wp\/v2\/media?parent=6815"}],"curies":[{"name":"wp","href":"https:\/\/api.w.org\/{rel}","templated":true}]}}