{"id":6817,"date":"2021-04-09T09:47:13","date_gmt":"2021-04-09T07:47:13","guid":{"rendered":"https:\/\/www.komunariko.at\/news\/events\/"},"modified":"2021-04-09T09:47:13","modified_gmt":"2021-04-09T07:47:13","slug":"events","status":"publish","type":"page","link":"https:\/\/www.komunariko.at\/en\/news\/events\/","title":{"rendered":"Events"},"content":{"rendered":"\n<style type=\"text\/css\" data-created_by=\"avia_inline_auto\" id=\"style-css-av-kna0rulh-7bfdc80c77573cb87c64ff9a864f1f20\">\n#top .av-special-heading.av-kna0rulh-7bfdc80c77573cb87c64ff9a864f1f20{\npadding-bottom:10px;\n}\nbody .av-special-heading.av-kna0rulh-7bfdc80c77573cb87c64ff9a864f1f20 .av-special-heading-tag .heading-char{\nfont-size:25px;\n}\n.av-special-heading.av-kna0rulh-7bfdc80c77573cb87c64ff9a864f1f20 .av-subheading{\nfont-size:15px;\n}\n<\/style>\n<div  class='av-special-heading av-kna0rulh-7bfdc80c77573cb87c64ff9a864f1f20 av-special-heading-h1  avia-builder-el-0  el_before_av_blog  avia-builder-el-first '><h1 class='av-special-heading-tag '  itemprop=\"headline\"  >Veranstaltungen<\/h1><div class=\"special-heading-border\"><div class=\"special-heading-inner-border\"><\/div><\/div><\/div>\n\n","protected":false},"excerpt":{"rendered":"","protected":false},"author":5,"featured_media":0,"parent":6815,"menu_order":0,"comment_status":"open","ping_status":"closed","template":"","meta":{"footnotes":""},"class_list":["post-6817","page","type-page","status-publish","hentry"],"yoast_head":"<!-- This site is optimized with the Yoast SEO plugin v24.7 - https:\/\/yoast.com\/wordpress\/plugins\/seo\/ -->\n<title>Events - komunariko - Beratung. Training. Coaching.<\/title>\n<meta name=\"robots\" content=\"index, follow, max-snippet:-1, max-image-preview:large, max-video-preview:-1\" \/>\n<link rel=\"canonical\" href=\"https:\/\/www.komunariko.at\/en\/news\/events\/\" \/>\n<meta property=\"og:locale\" content=\"en_US\" \/>\n<meta property=\"og:type\" content=\"article\" \/>\n<meta property=\"og:title\" content=\"Events - komunariko - Beratung. Training. Coaching.\" \/>\n<meta property=\"og:url\" content=\"https:\/\/www.komunariko.at\/en\/news\/events\/\" \/>\n<meta property=\"og:site_name\" content=\"komunariko - Beratung. Training. Coaching.\" \/>\n<meta name=\"twitter:card\" content=\"summary_large_image\" \/>\n<script type=\"application\/ld+json\" class=\"yoast-schema-graph\">{\"@context\":\"https:\/\/schema.org\",\"@graph\":[{\"@type\":\"WebPage\",\"@id\":\"https:\/\/www.komunariko.at\/en\/news\/events\/\",\"url\":\"https:\/\/www.komunariko.at\/en\/news\/events\/\",\"name\":\"Events - komunariko - Beratung. Training. Coaching.\",\"isPartOf\":{\"@id\":\"https:\/\/www.komunariko.at\/en\/#website\"},\"datePublished\":\"2021-04-09T07:47:13+00:00\",\"breadcrumb\":{\"@id\":\"https:\/\/www.komunariko.at\/en\/news\/events\/#breadcrumb\"},\"inLanguage\":\"en-US\",\"potentialAction\":[{\"@type\":\"ReadAction\",\"target\":[\"https:\/\/www.komunariko.at\/en\/news\/events\/\"]}]},{\"@type\":\"BreadcrumbList\",\"@id\":\"https:\/\/www.komunariko.at\/en\/news\/events\/#breadcrumb\",\"itemListElement\":[{\"@type\":\"ListItem\",\"position\":1,\"name\":\"Home\",\"item\":\"https:\/\/www.komunariko.at\/en\/\"},{\"@type\":\"ListItem\",\"position\":2,\"name\":\"News\",\"item\":\"https:\/\/www.komunariko.at\/en\/news\/\"},{\"@type\":\"ListItem\",\"position\":3,\"name\":\"Events\"}]},{\"@type\":\"WebSite\",\"@id\":\"https:\/\/www.komunariko.at\/en\/#website\",\"url\":\"https:\/\/www.komunariko.at\/en\/\",\"name\":\"komunariko - Beratung. Training. Coaching.\",\"description\":\"Ma\u00dfgeschneiderte L\u00f6sungen f\u00fcr Organisationsentwicklung,  F\u00fchrungs- und Kommunkationskompetenz. Wir begleiten Menschen, Unternehmen und Organisationen in Zeiten der Entwicklung und des Wandels \u2013 und das seit 35 Jahren, mit Sitz in Salzburg.\",\"potentialAction\":[{\"@type\":\"SearchAction\",\"target\":{\"@type\":\"EntryPoint\",\"urlTemplate\":\"https:\/\/www.komunariko.at\/en\/?s={search_term_string}\"},\"query-input\":{\"@type\":\"PropertyValueSpecification\",\"valueRequired\":true,\"valueName\":\"search_term_string\"}}],\"inLanguage\":\"en-US\"}]}<\/script>\n<!-- \/ Yoast SEO plugin. -->","yoast_head_json":{"title":"Events - komunariko - Beratung. Training. Coaching.","robots":{"index":"index","follow":"follow","max-snippet":"max-snippet:-1","max-image-preview":"max-image-preview:large","max-video-preview":"max-video-preview:-1"},"canonical":"https:\/\/www.komunariko.at\/en\/news\/events\/","og_locale":"en_US","og_type":"article","og_title":"Events - komunariko - Beratung. Training. Coaching.","og_url":"https:\/\/www.komunariko.at\/en\/news\/events\/","og_site_name":"komunariko - Beratung. Training. Coaching.","twitter_card":"summary_large_image","schema":{"@context":"https:\/\/schema.org","@graph":[{"@type":"WebPage","@id":"https:\/\/www.komunariko.at\/en\/news\/events\/","url":"https:\/\/www.komunariko.at\/en\/news\/events\/","name":"Events - komunariko - Beratung. Training. Coaching.","isPartOf":{"@id":"https:\/\/www.komunariko.at\/en\/#website"},"datePublished":"2021-04-09T07:47:13+00:00","breadcrumb":{"@id":"https:\/\/www.komunariko.at\/en\/news\/events\/#breadcrumb"},"inLanguage":"en-US","potentialAction":[{"@type":"ReadAction","target":["https:\/\/www.komunariko.at\/en\/news\/events\/"]}]},{"@type":"BreadcrumbList","@id":"https:\/\/www.komunariko.at\/en\/news\/events\/#breadcrumb","itemListElement":[{"@type":"ListItem","position":1,"name":"Home","item":"https:\/\/www.komunariko.at\/en\/"},{"@type":"ListItem","position":2,"name":"News","item":"https:\/\/www.komunariko.at\/en\/news\/"},{"@type":"ListItem","position":3,"name":"Events"}]},{"@type":"WebSite","@id":"https:\/\/www.komunariko.at\/en\/#website","url":"https:\/\/www.komunariko.at\/en\/","name":"komunariko - Beratung. Training. Coaching.","description":"Ma\u00dfgeschneiderte L\u00f6sungen f\u00fcr Organisationsentwicklung,  F\u00fchrungs- und Kommunkationskompetenz. Wir begleiten Menschen, Unternehmen und Organisationen in Zeiten der Entwicklung und des Wandels \u2013 und das seit 35 Jahren, mit Sitz in Salzburg.","potentialAction":[{"@type":"SearchAction","target":{"@type":"EntryPoint","urlTemplate":"https:\/\/www.komunariko.at\/en\/?s={search_term_string}"},"query-input":{"@type":"PropertyValueSpecification","valueRequired":true,"valueName":"search_term_string"}}],"inLanguage":"en-US"}]}},"_links":{"self":[{"href":"https:\/\/www.komunariko.at\/en\/wp-json\/wp\/v2\/pages\/6817","targetHints":{"allow":["GET"]}}],"collection":[{"href":"https:\/\/www.komunariko.at\/en\/wp-json\/wp\/v2\/pages"}],"about":[{"href":"https:\/\/www.komunariko.at\/en\/wp-json\/wp\/v2\/types\/page"}],"author":[{"embeddable":true,"href":"https:\/\/www.komunariko.at\/en\/wp-json\/wp\/v2\/users\/5"}],"replies":[{"embeddable":true,"href":"https:\/\/www.komunariko.at\/en\/wp-json\/wp\/v2\/comments?post=6817"}],"version-history":[{"count":0,"href":"https:\/\/www.komunariko.at\/en\/wp-json\/wp\/v2\/pages\/6817\/revisions"}],"up":[{"embeddable":true,"href":"https:\/\/www.komunariko.at\/en\/wp-json\/wp\/v2\/pages\/6815"}],"wp:attachment":[{"href":"https:\/\/www.komunariko.at\/en\/wp-json\/wp\/v2\/media?parent=6817"}],"curies":[{"name":"wp","href":"https:\/\/api.w.org\/{rel}","templated":true}]}}