{"id":6872,"date":"2021-01-22T14:53:57","date_gmt":"2021-01-22T13:53:57","guid":{"rendered":"https:\/\/www.komunariko.at\/services\/for-organizations\/process-oriented-moderation\/"},"modified":"2025-07-22T18:15:08","modified_gmt":"2025-07-22T16:15:08","slug":"process-oriented-moderation","status":"publish","type":"page","link":"https:\/\/www.komunariko.at\/en\/services\/for-organizations\/process-oriented-moderation\/","title":{"rendered":"Process-Oriented Facilitation"},"content":{"rendered":"\n<style type=\"text\/css\" data-created_by=\"avia_inline_auto\" id=\"style-css-av-kjv8d5ti-84274249ff0445563159761673291e6b\">\n.avia-section.av-kjv8d5ti-84274249ff0445563159761673291e6b{\nbackground-color:#ef7800;\nbackground-image:unset;\n}\n<\/style>\n<div id='av_section_1'  class='avia-section av-kjv8d5ti-84274249ff0445563159761673291e6b main_color avia-section-default avia-no-border-styling  avia-builder-el-0  el_before_av_one_half  avia-builder-el-first  avia-bg-style-scroll container_wrap sidebar_right'  ><div class='container av-section-cont-open' ><main  role=\"main\" itemprop=\"mainContentOfPage\"  class='template-page content  av-content-small alpha units'><div class='post-entry post-entry-type-page post-entry-6872'><div class='entry-content-wrapper clearfix'>\n\n<style type=\"text\/css\" data-created_by=\"avia_inline_auto\" id=\"style-css-av-kk8chdem-604c437ec010e126985a813fccedf4b3\">\n#top .av-special-heading.av-kk8chdem-604c437ec010e126985a813fccedf4b3{\npadding-bottom:10px;\ncolor:#ffffff;\nfont-size:54px;\n}\nbody .av-special-heading.av-kk8chdem-604c437ec010e126985a813fccedf4b3 .av-special-heading-tag .heading-char{\nfont-size:25px;\n}\n#top #wrap_all .av-special-heading.av-kk8chdem-604c437ec010e126985a813fccedf4b3 .av-special-heading-tag{\nfont-size:54px;\n}\n.av-special-heading.av-kk8chdem-604c437ec010e126985a813fccedf4b3 .special-heading-inner-border{\nborder-color:#ffffff;\n}\n.av-special-heading.av-kk8chdem-604c437ec010e126985a813fccedf4b3 .av-subheading{\nfont-size:15px;\n}\n\n@media only screen and (min-width: 480px) and (max-width: 767px){ \n#top #wrap_all .av-special-heading.av-kk8chdem-604c437ec010e126985a813fccedf4b3 .av-special-heading-tag{\nfont-size:0.8em;\n}\n}\n\n@media only screen and (max-width: 479px){ \n#top #wrap_all .av-special-heading.av-kk8chdem-604c437ec010e126985a813fccedf4b3 .av-special-heading-tag{\nfont-size:0.8em;\n}\n}\n<\/style>\n<div  class='av-special-heading av-kk8chdem-604c437ec010e126985a813fccedf4b3 av-special-heading-h1 custom-color-heading blockquote modern-quote  avia-builder-el-1  avia-builder-el-no-sibling  av-inherit-size'><div class='av_custom_color av-subheading av-subheading_above'><p>Offers for Organizations<\/p>\n<\/div><h1 class='av-special-heading-tag '  itemprop=\"headline\"  >Process-Oriented Facilitation<\/h1><div class=\"special-heading-border\"><div class=\"special-heading-inner-border\"><\/div><\/div><\/div>\n<\/div><\/div><\/main><!-- close content main element --><\/div><\/div><div id='after_section_1'  class='main_color av_default_container_wrap container_wrap sidebar_right'  ><div class='container av-section-cont-open' ><div class='template-page content  av-content-small alpha units'><div class='post-entry post-entry-type-page post-entry-6872'><div class='entry-content-wrapper clearfix'>\n\n<style type=\"text\/css\" data-created_by=\"avia_inline_auto\" id=\"style-css-av-ehri86-2ea7b96f6338923d912da3d108df5fd4\">\n.flex_column.av-ehri86-2ea7b96f6338923d912da3d108df5fd4{\nborder-radius:0px 0px 0px 0px;\npadding:0px 0px 0px 0px;\n}\n<\/style>\n<div  class='flex_column av-ehri86-2ea7b96f6338923d912da3d108df5fd4 av_one_half  avia-builder-el-2  el_after_av_section  el_before_av_one_half  avia-builder-el-first  first flex_column_div av-zero-column-padding  '     ><p><section  class='av_textblock_section av-kjtri1ay-414437797d59a18f94b30b0472bc22a9 '   itemscope=\"itemscope\" itemtype=\"https:\/\/schema.org\/CreativeWork\" ><div class='avia_textblock'  itemprop=\"text\" ><p>Professional events &#8211; whether team days, strategy meetings or specialist congresses &#8211; can promote creative exchange, strengthen a common focus, inspire action, deliver innovation and sustainable results and sometimes even resolve sensitive issues and conflicts along the way.<\/p>\n<\/div><\/section><br \/>\n<section  class='av_textblock_section av-kjtri1ay-995397999eb15536de1c366a075feb75 '   itemscope=\"itemscope\" itemtype=\"https:\/\/schema.org\/CreativeWork\" ><div class='avia_textblock'  itemprop=\"text\" ><p>We support and accompany you in the <a href=\"https:\/\/www.komunariko.at\/en\/services\/personal-competence\/moderation\/\">development, planning and implementation of<\/a> your event &#8211; whether it is a conference lasting several days or an intensive short meeting, a large group or a small strategic team. Together we will create a tailor-made design and support you from the invitation to the follow-up event. Because good <a href=\"https:\/\/www.komunariko.at\/en\/services\/personal-competence\/moderation\/\">facilitation<\/a> alone does not make a successful event.<\/p>\n<\/div><\/section><\/p><\/div>\n<style type=\"text\/css\" data-created_by=\"avia_inline_auto\" id=\"style-css-av-ehri86-50d851f39ca977999f328ead2a59b290\">\n.flex_column.av-ehri86-50d851f39ca977999f328ead2a59b290{\nborder-radius:0px 0px 0px 0px;\npadding:0px 0px 0px 0px;\n}\n<\/style>\n<div  class='flex_column av-ehri86-50d851f39ca977999f328ead2a59b290 av_one_half  avia-builder-el-5  el_after_av_one_half  el_before_av_section  avia-builder-el-last  flex_column_div av-zero-column-padding  '     ><p>\n<style type=\"text\/css\" data-created_by=\"avia_inline_auto\" id=\"style-css-av-kjv8jqpy-d1f839f728046cd8e2e06ae4aaa178b2\">\n.avia-image-container.av-kjv8jqpy-d1f839f728046cd8e2e06ae4aaa178b2 img.avia_image{\nbox-shadow:none;\n}\n.avia-image-container.av-kjv8jqpy-d1f839f728046cd8e2e06ae4aaa178b2 .av-image-caption-overlay-center{\ncolor:#ffffff;\n}\n<\/style>\n<div  class='avia-image-container av-kjv8jqpy-d1f839f728046cd8e2e06ae4aaa178b2 av-styling- avia-align-left  avia-builder-el-6  el_before_av_textblock  avia-builder-el-first '   itemprop=\"image\" itemscope=\"itemscope\" itemtype=\"https:\/\/schema.org\/ImageObject\" ><div class=\"avia-image-container-inner\"><div class=\"avia-image-overlay-wrap\"><img decoding=\"async\" fetchpriority=\"high\" class='wp-image-6557 avia-img-lazy-loading-not-6557 avia_image ' src=\"https:\/\/www.komunariko.at\/wp-content\/uploads\/2021\/03\/prozessorientierte-moderation_.jpg\" alt='' title='prozessorientierte-moderation_'  height=\"317\" width=\"600\"  itemprop=\"thumbnailUrl\" srcset=\"https:\/\/www.komunariko.at\/wp-content\/uploads\/2021\/03\/prozessorientierte-moderation_.jpg 600w, https:\/\/www.komunariko.at\/wp-content\/uploads\/2021\/03\/prozessorientierte-moderation_-300x159.jpg 300w\" sizes=\"(max-width: 600px) 100vw, 600px\" \/><\/div><\/div><\/div><br \/>\n<section  class='av_textblock_section av-kjtri1ay-995397999eb15536de1c366a075feb75 '   itemscope=\"itemscope\" itemtype=\"https:\/\/schema.org\/CreativeWork\" ><div class='avia_textblock'  itemprop=\"text\" ><p><a href=\"https:\/\/www.komunariko.at\/en\/services\/personal-competence\/moderation\/\">You can find out more about facilitation and organizing meetings, conferences etc. here<\/a>.<\/p>\n<\/div><\/section><\/p><\/div><\/div><\/div><\/div><!-- close content main div --><\/div><\/div>\n<style type=\"text\/css\" data-created_by=\"avia_inline_auto\" id=\"style-css-av-kjtsfrmh-73c1460acf807f9c8a885cd2dba73e66\">\n.avia-section.av-kjtsfrmh-73c1460acf807f9c8a885cd2dba73e66{\nbackground-color:#f5f5f5;\nbackground-image:unset;\n}\n<\/style>\n<div id='av_section_2'  class='avia-section av-kjtsfrmh-73c1460acf807f9c8a885cd2dba73e66 main_color avia-section-default avia-no-border-styling  avia-builder-el-8  el_after_av_one_half  el_before_av_hr  avia-bg-style-scroll container_wrap sidebar_right'  ><div class='container av-section-cont-open' ><div class='template-page content  av-content-small alpha units'><div class='post-entry post-entry-type-page post-entry-6872'><div class='entry-content-wrapper clearfix'>\n\n<style type=\"text\/css\" data-created_by=\"avia_inline_auto\" id=\"style-css-av-8pful-5d6be695e4e21c628e0253da28a68562\">\n#top .av-special-heading.av-8pful-5d6be695e4e21c628e0253da28a68562{\npadding-bottom:10px;\n}\nbody .av-special-heading.av-8pful-5d6be695e4e21c628e0253da28a68562 .av-special-heading-tag .heading-char{\nfont-size:25px;\n}\n.av-special-heading.av-8pful-5d6be695e4e21c628e0253da28a68562 .av-subheading{\nfont-size:15px;\n}\n<\/style>\n<div  class='av-special-heading av-8pful-5d6be695e4e21c628e0253da28a68562 av-special-heading-h2  avia-builder-el-9  el_before_av_one_third  avia-builder-el-first '><h2 class='av-special-heading-tag '  itemprop=\"headline\"  >Our Approach<\/h2><div class=\"special-heading-border\"><div class=\"special-heading-inner-border\"><\/div><\/div><\/div>\n<div  class='flex_column av-av_one_third-a2cef933b0a555f25d1e39b22a8e9dae av_one_third  avia-builder-el-10  el_after_av_heading  el_before_av_one_third  first flex_column_div  '     ><section  class='av_textblock_section av-kjtrdsq8-85daf1312c6d70e51524f9a7094e6421 '   itemscope=\"itemscope\" itemtype=\"https:\/\/schema.org\/CreativeWork\" ><div class='avia_textblock'  itemprop=\"text\" ><h3>Beforehand<\/h3>\n<div>In a detailed discussion with you, we clarify the occasion, needs and goals of the event, the organizational context, the target group and how the people involved are to be integrated into the further process.<\/div>\n<div>We pay particular attention to the desired results and the question of how these can be made sustainably beneficial for your organization.<\/div>\n<div>We develop an initial tailor-made proposal for the process that methodically supports your goal achievement, takes into account the organizational environment and incorporates the specific culture of your company.<\/div>\n<div>When designing the process, we make sure that the participants&#8217; involvement is adapted to the context and that there is enough room for possible questions and tensions.<\/div>\n<div>The final <a href=\"https:\/\/www.komunariko.at\/en\/services\/personal-competence\/moderation\/\">facilitation concept<\/a> is developed in further co-creative coordination with you.<\/div>\n<\/div><\/section><\/div><div  class='flex_column av-av_one_third-538dd737667e19053994a94b9156413b av_one_third  avia-builder-el-12  el_after_av_one_third  el_before_av_one_third  flex_column_div  '     ><section  class='av_textblock_section av-kjtrdsq8-85daf1312c6d70e51524f9a7094e6421 '   itemscope=\"itemscope\" itemtype=\"https:\/\/schema.org\/CreativeWork\" ><div class='avia_textblock'  itemprop=\"text\" ><h3>During implementation<\/h3>\n<div>During <a href=\"https:\/\/www.komunariko.at\/en\/services\/personal-competence\/moderation\/\">facilitation<\/a> and accompaniment, we stay in regular contact with you and quickly coordinate whenever unexpected situations arise.<\/div>\n<div>We keep a clear focus, guide the process with goal orientation, and ensure your results.<\/div>\n<div>At the same time we leave enough room for creative exchange and self-organized work to enable co-creation and the unfolding of collective intelligence.<\/div>\n<div>We address tensions, conflicts, resistance, or uncertainties thoughtfully when necessary to achieve the agreed-upon goals.<\/div>\n<\/div><\/section><\/div><div  class='flex_column av-av_one_third-538dd737667e19053994a94b9156413b av_one_third  avia-builder-el-14  el_after_av_one_third  avia-builder-el-last  flex_column_div  '     ><section  class='av_textblock_section av-kjtrdsq8-b354a3b73cf44e80083b77fdb85fdcdd '   itemscope=\"itemscope\" itemtype=\"https:\/\/schema.org\/CreativeWork\" ><div class='avia_textblock'  itemprop=\"text\" ><h3>Afterwards<\/h3>\n<div>\n<div>We conduct a debriefing with you to evaluate the process and the results achieved in light of the joint preliminary discussion.<\/div>\n<div>In order to support the sustainability of the results achieved and institutional learning, we also link to the larger organizational context and, if necessary, make recommendations for possible next steps for the development of your department or organization.<\/div>\n<\/div>\n<\/div><\/section><\/div><\/div><\/div><\/div><!-- close content main div --><\/div><\/div><div id='after_section_2'  class='main_color av_default_container_wrap container_wrap sidebar_right'  ><div class='container av-section-cont-open' ><div class='template-page content  av-content-small alpha units'><div class='post-entry post-entry-type-page post-entry-6872'><div class='entry-content-wrapper clearfix'><div  class='hr av-av_hr-bca31578670ae9d408d6d6d291fc57a6 hr-default  avia-builder-el-16  el_after_av_section  el_before_av_one_half  avia-builder-el-first '><span class='hr-inner '><span class=\"hr-inner-style\"><\/span><\/span><\/div><\/p>\n\n<style type=\"text\/css\" data-created_by=\"avia_inline_auto\" id=\"style-css-av-cny90m-9015fa8a5c8860adb0a8ce3e1827e860\">\n.flex_column.av-cny90m-9015fa8a5c8860adb0a8ce3e1827e860{\nborder-radius:0px 0px 0px 0px;\npadding:0px 0px 0px 0px;\n}\n<\/style>\n<div  class='flex_column av-cny90m-9015fa8a5c8860adb0a8ce3e1827e860 av_one_half  avia-builder-el-17  el_after_av_hr  el_before_av_one_half  first flex_column_div av-zero-column-padding  '     ><section  class='av_textblock_section av-kjtrdsq8-b354a3b73cf44e80083b77fdb85fdcdd '   itemscope=\"itemscope\" itemtype=\"https:\/\/schema.org\/CreativeWork\" ><div class='avia_textblock'  itemprop=\"text\" ><h3>Your benefit<\/h3>\n<ul>\n<li>The active and differentiated involvement of the people involved or affected enables solutions that are sustainable in the long term.<\/li>\n<li>Diverse and engaging formats encourage co-creation and consistently support the achievement of results.<\/li>\n<li>Our questions are precise &#8211; whether they lead into depth or open up new perspectives.<\/li>\n<li>Results are clearly documented, and the next concrete steps for implementation are defined.<\/li>\n<li>Both content and interpersonal dynamics are given equal attention\u2014ensuring a balanced way of working and being together.<\/li>\n<\/ul>\n<\/div><\/section><br \/>\n<div  class='avia-button-wrap av-kk2fr1g5-a0d184287b64dcb58949c4a7859c97ce-wrap avia-button-left  avia-builder-el-19  el_after_av_textblock  avia-builder-el-last '><a href='https:\/\/www.komunariko.at\/en\/contact-us\/#anfrage'  class='avia-button av-kk2fr1g5-a0d184287b64dcb58949c4a7859c97ce av-link-btn avia-icon_select-yes-left-icon avia-size-large avia-position-left avia-color-theme-color'   aria-label=\"Arrange a non-binding initial consultation\"><span class='avia_button_icon avia_button_icon_left avia-iconfont avia-font-entypo-fontello' data-av_icon='\ue875' data-av_iconfont='entypo-fontello' ><\/span><span class='avia_iconbox_title' >Arrange a non-binding initial consultation<\/span><\/a><\/div><\/p><\/div>\n<style type=\"text\/css\" data-created_by=\"avia_inline_auto\" id=\"style-css-av-cny90m-d865970756c7abb9244c368bd8f57252\">\n.flex_column.av-cny90m-d865970756c7abb9244c368bd8f57252{\nborder-radius:0px 0px 0px 0px;\npadding:0px 0px 0px 0px;\n}\n<\/style>\n<div  class='flex_column av-cny90m-d865970756c7abb9244c368bd8f57252 av_one_half  avia-builder-el-20  el_after_av_one_half  avia-builder-el-last  flex_column_div av-zero-column-padding  '     ><style type=\"text\/css\" data-created_by=\"avia_inline_auto\" id=\"style-css-av-kjvl2ft6-01da9e9431dca2f22c300e1f70ac3b16\">\n.avia-image-container.av-kjvl2ft6-01da9e9431dca2f22c300e1f70ac3b16 img.avia_image{\nbox-shadow:none;\n}\n.avia-image-container.av-kjvl2ft6-01da9e9431dca2f22c300e1f70ac3b16 .av-image-caption-overlay-center{\ncolor:#ffffff;\n}\n<\/style>\n<div  class='avia-image-container av-kjvl2ft6-01da9e9431dca2f22c300e1f70ac3b16 av-styling- avia-align-center  avia-builder-el-21  avia-builder-el-no-sibling '   itemprop=\"image\" itemscope=\"itemscope\" itemtype=\"https:\/\/schema.org\/ImageObject\" ><div class=\"avia-image-container-inner\"><div class=\"avia-image-overlay-wrap\"><img decoding=\"async\" fetchpriority=\"high\" class='wp-image-6628 avia-img-lazy-loading-not-6628 avia_image ' src=\"https:\/\/www.komunariko.at\/wp-content\/uploads\/2022\/02\/komunariko-team_2022-1.jpg\" alt='' title='komunariko-team_2022'  height=\"350\" width=\"600\"  itemprop=\"thumbnailUrl\" srcset=\"https:\/\/www.komunariko.at\/wp-content\/uploads\/2022\/02\/komunariko-team_2022-1.jpg 600w, https:\/\/www.komunariko.at\/wp-content\/uploads\/2022\/02\/komunariko-team_2022-1-300x175.jpg 300w\" sizes=\"(max-width: 600px) 100vw, 600px\" \/><\/div><\/div><\/div><\/div><\/p>\n","protected":false},"excerpt":{"rendered":"","protected":false},"author":5,"featured_media":0,"parent":6868,"menu_order":0,"comment_status":"closed","ping_status":"closed","template":"","meta":{"footnotes":""},"class_list":["post-6872","page","type-page","status-publish","hentry"],"yoast_head":"<!-- This site is optimized with the Yoast SEO plugin v24.7 - https:\/\/yoast.com\/wordpress\/plugins\/seo\/ -->\n<title>Process-Oriented Facilitation - komunariko - Beratung. Training. Coaching.<\/title>\n<meta name=\"robots\" content=\"index, follow, max-snippet:-1, max-image-preview:large, max-video-preview:-1\" \/>\n<link rel=\"canonical\" href=\"https:\/\/www.komunariko.at\/en\/services\/for-organizations\/process-oriented-moderation\/\" \/>\n<meta property=\"og:locale\" content=\"en_US\" \/>\n<meta property=\"og:type\" content=\"article\" \/>\n<meta property=\"og:title\" content=\"Process-Oriented Facilitation - komunariko - Beratung. Training. Coaching.\" \/>\n<meta property=\"og:url\" content=\"https:\/\/www.komunariko.at\/en\/services\/for-organizations\/process-oriented-moderation\/\" \/>\n<meta property=\"og:site_name\" content=\"komunariko - Beratung. Training. Coaching.\" \/>\n<meta property=\"article:modified_time\" content=\"2025-07-22T16:15:08+00:00\" \/>\n<meta name=\"twitter:card\" content=\"summary_large_image\" \/>\n<meta name=\"twitter:label1\" content=\"Est. reading time\" \/>\n\t<meta name=\"twitter:data1\" content=\"3 minutes\" \/>\n<script type=\"application\/ld+json\" class=\"yoast-schema-graph\">{\"@context\":\"https:\/\/schema.org\",\"@graph\":[{\"@type\":\"WebPage\",\"@id\":\"https:\/\/www.komunariko.at\/en\/services\/for-organizations\/process-oriented-moderation\/\",\"url\":\"https:\/\/www.komunariko.at\/en\/services\/for-organizations\/process-oriented-moderation\/\",\"name\":\"Process-Oriented Facilitation - komunariko - Beratung. Training. Coaching.\",\"isPartOf\":{\"@id\":\"https:\/\/www.komunariko.at\/en\/#website\"},\"datePublished\":\"2021-01-22T13:53:57+00:00\",\"dateModified\":\"2025-07-22T16:15:08+00:00\",\"breadcrumb\":{\"@id\":\"https:\/\/www.komunariko.at\/en\/services\/for-organizations\/process-oriented-moderation\/#breadcrumb\"},\"inLanguage\":\"en-US\",\"potentialAction\":[{\"@type\":\"ReadAction\",\"target\":[\"https:\/\/www.komunariko.at\/en\/services\/for-organizations\/process-oriented-moderation\/\"]}]},{\"@type\":\"BreadcrumbList\",\"@id\":\"https:\/\/www.komunariko.at\/en\/services\/for-organizations\/process-oriented-moderation\/#breadcrumb\",\"itemListElement\":[{\"@type\":\"ListItem\",\"position\":1,\"name\":\"Home\",\"item\":\"https:\/\/www.komunariko.at\/en\/\"},{\"@type\":\"ListItem\",\"position\":2,\"name\":\"Services\",\"item\":\"https:\/\/www.komunariko.at\/en\/services\/\"},{\"@type\":\"ListItem\",\"position\":3,\"name\":\"For Organizations\",\"item\":\"https:\/\/www.komunariko.at\/en\/services\/for-organizations\/\"},{\"@type\":\"ListItem\",\"position\":4,\"name\":\"Process-Oriented Facilitation\"}]},{\"@type\":\"WebSite\",\"@id\":\"https:\/\/www.komunariko.at\/en\/#website\",\"url\":\"https:\/\/www.komunariko.at\/en\/\",\"name\":\"komunariko - Beratung. Training. Coaching.\",\"description\":\"Ma\u00dfgeschneiderte L\u00f6sungen f\u00fcr Organisationsentwicklung,  F\u00fchrungs- und Kommunkationskompetenz. Wir begleiten Menschen, Unternehmen und Organisationen in Zeiten der Entwicklung und des Wandels \u2013 und das seit 35 Jahren, mit Sitz in Salzburg.\",\"potentialAction\":[{\"@type\":\"SearchAction\",\"target\":{\"@type\":\"EntryPoint\",\"urlTemplate\":\"https:\/\/www.komunariko.at\/en\/?s={search_term_string}\"},\"query-input\":{\"@type\":\"PropertyValueSpecification\",\"valueRequired\":true,\"valueName\":\"search_term_string\"}}],\"inLanguage\":\"en-US\"}]}<\/script>\n<!-- \/ Yoast SEO plugin. -->","yoast_head_json":{"title":"Process-Oriented Facilitation - komunariko - Beratung. Training. Coaching.","robots":{"index":"index","follow":"follow","max-snippet":"max-snippet:-1","max-image-preview":"max-image-preview:large","max-video-preview":"max-video-preview:-1"},"canonical":"https:\/\/www.komunariko.at\/en\/services\/for-organizations\/process-oriented-moderation\/","og_locale":"en_US","og_type":"article","og_title":"Process-Oriented Facilitation - komunariko - Beratung. Training. Coaching.","og_url":"https:\/\/www.komunariko.at\/en\/services\/for-organizations\/process-oriented-moderation\/","og_site_name":"komunariko - Beratung. Training. Coaching.","article_modified_time":"2025-07-22T16:15:08+00:00","twitter_card":"summary_large_image","twitter_misc":{"Est. reading time":"3 minutes"},"schema":{"@context":"https:\/\/schema.org","@graph":[{"@type":"WebPage","@id":"https:\/\/www.komunariko.at\/en\/services\/for-organizations\/process-oriented-moderation\/","url":"https:\/\/www.komunariko.at\/en\/services\/for-organizations\/process-oriented-moderation\/","name":"Process-Oriented Facilitation - komunariko - Beratung. Training. Coaching.","isPartOf":{"@id":"https:\/\/www.komunariko.at\/en\/#website"},"datePublished":"2021-01-22T13:53:57+00:00","dateModified":"2025-07-22T16:15:08+00:00","breadcrumb":{"@id":"https:\/\/www.komunariko.at\/en\/services\/for-organizations\/process-oriented-moderation\/#breadcrumb"},"inLanguage":"en-US","potentialAction":[{"@type":"ReadAction","target":["https:\/\/www.komunariko.at\/en\/services\/for-organizations\/process-oriented-moderation\/"]}]},{"@type":"BreadcrumbList","@id":"https:\/\/www.komunariko.at\/en\/services\/for-organizations\/process-oriented-moderation\/#breadcrumb","itemListElement":[{"@type":"ListItem","position":1,"name":"Home","item":"https:\/\/www.komunariko.at\/en\/"},{"@type":"ListItem","position":2,"name":"Services","item":"https:\/\/www.komunariko.at\/en\/services\/"},{"@type":"ListItem","position":3,"name":"For Organizations","item":"https:\/\/www.komunariko.at\/en\/services\/for-organizations\/"},{"@type":"ListItem","position":4,"name":"Process-Oriented Facilitation"}]},{"@type":"WebSite","@id":"https:\/\/www.komunariko.at\/en\/#website","url":"https:\/\/www.komunariko.at\/en\/","name":"komunariko - Beratung. Training. Coaching.","description":"Ma\u00dfgeschneiderte L\u00f6sungen f\u00fcr Organisationsentwicklung,  F\u00fchrungs- und Kommunkationskompetenz. Wir begleiten Menschen, Unternehmen und Organisationen in Zeiten der Entwicklung und des Wandels \u2013 und das seit 35 Jahren, mit Sitz in Salzburg.","potentialAction":[{"@type":"SearchAction","target":{"@type":"EntryPoint","urlTemplate":"https:\/\/www.komunariko.at\/en\/?s={search_term_string}"},"query-input":{"@type":"PropertyValueSpecification","valueRequired":true,"valueName":"search_term_string"}}],"inLanguage":"en-US"}]}},"_links":{"self":[{"href":"https:\/\/www.komunariko.at\/en\/wp-json\/wp\/v2\/pages\/6872","targetHints":{"allow":["GET"]}}],"collection":[{"href":"https:\/\/www.komunariko.at\/en\/wp-json\/wp\/v2\/pages"}],"about":[{"href":"https:\/\/www.komunariko.at\/en\/wp-json\/wp\/v2\/types\/page"}],"author":[{"embeddable":true,"href":"https:\/\/www.komunariko.at\/en\/wp-json\/wp\/v2\/users\/5"}],"replies":[{"embeddable":true,"href":"https:\/\/www.komunariko.at\/en\/wp-json\/wp\/v2\/comments?post=6872"}],"version-history":[{"count":5,"href":"https:\/\/www.komunariko.at\/en\/wp-json\/wp\/v2\/pages\/6872\/revisions"}],"predecessor-version":[{"id":7301,"href":"https:\/\/www.komunariko.at\/en\/wp-json\/wp\/v2\/pages\/6872\/revisions\/7301"}],"up":[{"embeddable":true,"href":"https:\/\/www.komunariko.at\/en\/wp-json\/wp\/v2\/pages\/6868"}],"wp:attachment":[{"href":"https:\/\/www.komunariko.at\/en\/wp-json\/wp\/v2\/media?parent=6872"}],"curies":[{"name":"wp","href":"https:\/\/api.w.org\/{rel}","templated":true}]}}