{"id":6874,"date":"2021-01-24T11:13:21","date_gmt":"2021-01-24T10:13:21","guid":{"rendered":"https:\/\/www.komunariko.at\/services\/for-teams\/"},"modified":"2025-07-22T18:25:43","modified_gmt":"2025-07-22T16:25:43","slug":"for-teams","status":"publish","type":"page","link":"https:\/\/www.komunariko.at\/en\/services\/for-teams\/","title":{"rendered":"For Teams"},"content":{"rendered":"\n<style type=\"text\/css\" data-created_by=\"avia_inline_auto\" id=\"style-css-av-w4mb9-153f3d34569c0a7b289020eaa9fb3f63\">\n.flex_column.av-w4mb9-153f3d34569c0a7b289020eaa9fb3f63{\nborder-radius:0px 0px 0px 0px;\npadding:0px 0px 0px 0px;\n}\n<\/style>\n<div  class='flex_column av-w4mb9-153f3d34569c0a7b289020eaa9fb3f63 av_one_full  avia-builder-el-0  el_before_av_one_third  avia-builder-el-first  first flex_column_div av-zero-column-padding  '     ><section  class='av_textblock_section av-kcbub7nj-33ed90da172bbe0cb76494e8e095bae9 '   itemscope=\"itemscope\" itemtype=\"https:\/\/schema.org\/CreativeWork\" ><div class='avia_textblock'  itemprop=\"text\" ><h1>Offer For Teams<\/h1>\n<p>Across organizations of all types and sizes, one thing is clear: teams and effective teamwork are essential pillars of today\u2019s business landscape.<br \/>\nThis is about much more than the distribution of tasks and social interaction.<\/p>\n<\/div><\/section><\/div>\n\n<style type=\"text\/css\" data-created_by=\"avia_inline_auto\" id=\"style-css-av-rxq7p-d1dd2a31c3bfef5a333b1070b0d29c49\">\n.flex_column.av-rxq7p-d1dd2a31c3bfef5a333b1070b0d29c49{\nborder-radius:0px 0px 0px 0px;\npadding:0px 0px 0px 0px;\n}\n<\/style>\n<div  class='flex_column av-rxq7p-d1dd2a31c3bfef5a333b1070b0d29c49 av_one_third  avia-builder-el-2  el_after_av_one_full  el_before_av_one_third  first flex_column_div av-zero-column-padding  column-top-margin'     ><section  class='avia-team-member av-kk2li8wt-96935ea111b0a67477e95ab8c93635f8  avia-builder-el-3  avia-builder-el-no-sibling '  itemscope=\"itemscope\" itemtype=\"https:\/\/schema.org\/Person\" ><div class=\"team-img-container\"><img decoding=\"async\" fetchpriority=\"high\" class='wp-image-6579 avia-img-lazy-loading-not-6579 avia_image avia_image_team' src=\"https:\/\/www.komunariko.at\/wp-content\/uploads\/2021\/03\/meeting-gestaltung_300x200-300x200.jpg\" alt='Meeting Design'  itemprop=\"image\"   height=\"200\" width=\"300\" srcset=\"https:\/\/www.komunariko.at\/wp-content\/uploads\/2021\/03\/meeting-gestaltung_300x200-300x200.jpg 300w, https:\/\/www.komunariko.at\/wp-content\/uploads\/2021\/03\/meeting-gestaltung_300x200.jpg 600w\" sizes=\"(max-width: 300px) 100vw, 300px\" \/><div class=\"team-social\"><div class=\"team-social-inner\"><span class='hidden av_member_url_markup '  itemprop=\"url\" >https:\/\/www.komunariko.at\/en\/services\/for-teams\/meeting-design\/<\/span><a href='https:\/\/www.komunariko.at\/en\/services\/for-teams\/meeting-design\/' class='avia-team-icon av-45abgl-9ec6b20b6ac92e309116b4c8de45ae78 avia-iconfont avia-font-entypo-fontello' rel='v:url' data-avia-tooltip=\"Learn more\"  data-av_icon='\ue875' data-av_iconfont='entypo-fontello' ><\/a><\/div><\/div><\/div><h3 class='team-member-name '  itemprop=\"name\" >Meeting Design<\/h3><span class='hidden team-member-affiliation'  itemprop=\"affiliation\" >komunariko - Beratung. Training. Coaching.<\/span><\/section><\/div>\n<style type=\"text\/css\" data-created_by=\"avia_inline_auto\" id=\"style-css-av-682cb9-fd134dcc401b568c95d2505a47103cdf\">\n.flex_column.av-682cb9-fd134dcc401b568c95d2505a47103cdf{\nborder-radius:0px 0px 0px 0px;\npadding:0px 0px 0px 0px;\n}\n<\/style>\n<div  class='flex_column av-682cb9-fd134dcc401b568c95d2505a47103cdf av_one_third  avia-builder-el-4  el_after_av_one_third  el_before_av_section  avia-builder-el-last  flex_column_div av-zero-column-padding  column-top-margin'     ><section  class='avia-team-member av-kk2li8wt-bfb8680594df49ebfed602c618092bfc  avia-builder-el-5  avia-builder-el-no-sibling '  itemscope=\"itemscope\" itemtype=\"https:\/\/schema.org\/Person\" ><div class=\"team-img-container\"><img decoding=\"async\" fetchpriority=\"high\" class='wp-image-6561 avia-img-lazy-loading-not-6561 avia_image avia_image_team' src=\"https:\/\/www.komunariko.at\/wp-content\/uploads\/2021\/03\/prozessorientierte_moderation-300x200.jpg\" alt='Process-Oriented Facilitation'  itemprop=\"image\"   height=\"200\" width=\"300\" srcset=\"https:\/\/www.komunariko.at\/wp-content\/uploads\/2021\/03\/prozessorientierte_moderation-300x200.jpg 300w, https:\/\/www.komunariko.at\/wp-content\/uploads\/2021\/03\/prozessorientierte_moderation-1030x687.jpg 1030w, https:\/\/www.komunariko.at\/wp-content\/uploads\/2021\/03\/prozessorientierte_moderation-768x512.jpg 768w, https:\/\/www.komunariko.at\/wp-content\/uploads\/2021\/03\/prozessorientierte_moderation-1536x1024.jpg 1536w, https:\/\/www.komunariko.at\/wp-content\/uploads\/2021\/03\/prozessorientierte_moderation-1500x1000.jpg 1500w, https:\/\/www.komunariko.at\/wp-content\/uploads\/2021\/03\/prozessorientierte_moderation-705x470.jpg 705w, https:\/\/www.komunariko.at\/wp-content\/uploads\/2021\/03\/prozessorientierte_moderation.jpg 1920w\" sizes=\"(max-width: 300px) 100vw, 300px\" \/><div class=\"team-social\"><div class=\"team-social-inner\"><span class='hidden av_member_url_markup '  itemprop=\"url\" >https:\/\/www.komunariko.at\/en\/services\/for-organizations\/process-oriented-moderation\/<\/span><a href='https:\/\/www.komunariko.at\/en\/services\/for-organizations\/process-oriented-moderation\/' class='avia-team-icon av-2o4yad-b6840a73dc92baea2f684766cdfb42b6 avia-iconfont avia-font-entypo-fontello' rel='v:url' data-avia-tooltip=\"Learn more\"  data-av_icon='\ue875' data-av_iconfont='entypo-fontello' ><\/a><\/div><\/div><\/div><h3 class='team-member-name '  itemprop=\"name\" >Process-Oriented Facilitation<\/h3><span class='hidden team-member-affiliation'  itemprop=\"affiliation\" >komunariko - Beratung. Training. Coaching.<\/span><\/section><\/div><\/div><\/div><\/div><!-- close content main div --><\/div><\/div>\n<style type=\"text\/css\" data-created_by=\"avia_inline_auto\" id=\"style-css-av-ko1rncyb-b784f9c0b575a6f64993433adc05fd0f\">\n.avia-section.av-ko1rncyb-b784f9c0b575a6f64993433adc05fd0f{\nbackground-color:#ede8de;\nbackground-image:unset;\n}\n<\/style>\n<div id='av_section_1'  class='avia-section av-ko1rncyb-b784f9c0b575a6f64993433adc05fd0f main_color avia-section-default avia-no-border-styling  avia-builder-el-6  el_after_av_one_third  avia-builder-el-last  avia-bg-style-scroll container_wrap sidebar_right'  ><div class='container av-section-cont-open' ><div class='template-page content  av-content-small alpha units'><div class='post-entry post-entry-type-page post-entry-6874'><div class='entry-content-wrapper clearfix'>\n\n<style type=\"text\/css\" data-created_by=\"avia_inline_auto\" id=\"style-css-av-ko1rnq0i-aa6863ff50dd00319406cc96db137b3a\">\n#top .av-special-heading.av-ko1rnq0i-aa6863ff50dd00319406cc96db137b3a{\npadding-bottom:10px;\n}\nbody .av-special-heading.av-ko1rnq0i-aa6863ff50dd00319406cc96db137b3a .av-special-heading-tag .heading-char{\nfont-size:25px;\n}\n.av-special-heading.av-ko1rnq0i-aa6863ff50dd00319406cc96db137b3a .av-subheading{\nfont-size:15px;\n}\n<\/style>\n<div  class='av-special-heading av-ko1rnq0i-aa6863ff50dd00319406cc96db137b3a av-special-heading-h4  avia-builder-el-7  el_before_av_testimonials  avia-builder-el-first '><h4 class='av-special-heading-tag '  itemprop=\"headline\"  >Client Testimonials<\/h4><div class=\"special-heading-border\"><div class=\"special-heading-inner-border\"><\/div><\/div><\/div>\n<div  class='avia-testimonial-wrapper av-knihqz9j-72fa47a642865b4933378af71699a3d7 avia-grid-testimonials avia-grid-2-testimonials avia_animate_when_almost_visible kundenstimmen av-minimal-grid-style av-boxed-grid-style' >\n<section class=\"avia-testimonial-row\"><div class='avia-testimonial av-75g50p-b396360a0600a089cd93f6a2ecfacd67 avia-testimonial-row-1 avia-first-testimonial flex_column no_margin av_one_half'><div class='avia-testimonial_inner'  itemscope=\"itemscope\" itemtype=\"https:\/\/schema.org\/CreativeWork\" ><div class='avia-testimonial-content '><div class='avia-testimonial-markup-entry-content'  itemprop=\"text\" ><p>The Sch\u00f6nbrunn Group has been working successfully with Komunariko for many years. In the context of management coaching, supervision, moderation of change processes and training for the Cultural Mediation &amp; Guest Services department. Our managers and employees in guest services were strengthened in their roles and then had clarity about the necessary implementation steps. Our close ties are also shaped by our cooperation in the ECHOCAST network and the trainer development programs.<\/p>\n<\/div><\/div><div class=\"avia-testimonial-meta\"><div class=\"avia-testimonial-arrow-wrap\"><div class=\"avia-arrow\"><\/div><\/div><div class='avia-testimonial-meta-mini'  itemprop=\"author\" itemscope=\"itemscope\" itemtype=\"https:\/\/schema.org\/Person\" ><strong  class='avia-testimonial-name'  itemprop=\"name\" >  Mag.a Marlene Steinbacher-Haas<\/strong><span  class='avia-testimonial-subtitle '  itemprop=\"jobTitle\" >Leitung Personalentwicklung, Sch\u00f6nbrunn Group<\/span><span class='hidden avia-testimonial-markup-link'  itemprop=\"url\" >https:\/\/www.schoenbrunn-group.com\/en\/<\/span><span class=\"avia-testimonial-subtitle-sep\">&ndash;<\/span><a class='avia-testimonial-link' href='https:\/\/www.schoenbrunn-group.com\/en\/' target=\"_blank\" rel=\"noopener noreferrer\">www.schoenbrunn-group.com<\/a><\/div><\/div><\/div><\/div>\n<div class='avia-testimonial av-5quxqx-91b75b802ff58f8daba015401f4ef415 avia-testimonial-row-1 avia-last-testimonial flex_column no_margin av_one_half'><div class='avia-testimonial_inner'  itemscope=\"itemscope\" itemtype=\"https:\/\/schema.org\/CreativeWork\" ><div class='avia-testimonial-content '><div class='avia-testimonial-markup-entry-content'  itemprop=\"text\" ><p>komunariko has already supported Paracelsus Medical University in various areas. Most recently in the creation of a leadership model, which gives us a common orientation in our understanding of leadership and our leadership work. komunariko has in particular ensured a suitable architecture for the process and high-quality and accepted implementation of the employee events.<\/p>\n<\/div><\/div><div class=\"avia-testimonial-meta\"><div class=\"avia-testimonial-arrow-wrap\"><div class=\"avia-arrow\"><\/div><\/div><div class='avia-testimonial-meta-mini'  itemprop=\"author\" itemscope=\"itemscope\" itemtype=\"https:\/\/schema.org\/Person\" ><strong  class='avia-testimonial-name'  itemprop=\"name\" >Mag.a Lydia Gruber<\/strong><span  class='avia-testimonial-subtitle '  itemprop=\"jobTitle\" >Stiftungsvorstand, Paracelsus Medizinische Privatuniversit\u00e4t Salzburg - Privatstiftung<\/span><span class='hidden avia-testimonial-markup-link'  itemprop=\"url\" >https:\/\/www.pmu.ac.at\/en\/<\/span><span class=\"avia-testimonial-subtitle-sep\">&ndash;<\/span><a class='avia-testimonial-link' href='https:\/\/www.pmu.ac.at\/en\/' target=\"_blank\" rel=\"noopener noreferrer\">pmu.ac.at<\/a><\/div><\/div><\/div><\/div><\/section>\n<section class=\"avia-testimonial-row\"><div class='avia-testimonial av-3vnyex-fe0dcfe6b6864d085fb2590fe85c3789 avia-testimonial-row-2 avia-first-testimonial flex_column no_margin av_one_half'><div class='avia-testimonial_inner'  itemscope=\"itemscope\" itemtype=\"https:\/\/schema.org\/CreativeWork\" ><div class='avia-testimonial-content '><div class='avia-testimonial-markup-entry-content'  itemprop=\"text\" ><p>I know komunariko as a consulting company that consistently remains true to its curiosity for its own professional development and innovation within its network. A company that cultivates stable relationships.<\/p>\n<\/div><\/div><div class=\"avia-testimonial-meta\"><div class=\"avia-testimonial-arrow-wrap\"><div class=\"avia-arrow\"><\/div><\/div><div class='avia-testimonial-meta-mini'  itemprop=\"author\" itemscope=\"itemscope\" itemtype=\"https:\/\/schema.org\/Person\" ><strong  class='avia-testimonial-name'  itemprop=\"name\" >Barbara Heitger<\/strong><span  class='avia-testimonial-subtitle '  itemprop=\"jobTitle\" >Managing Partner, Heitger Consulting GmbH<\/span><span class='hidden avia-testimonial-markup-link'  itemprop=\"url\" >https:\/\/www.heitgerconsulting.com\/en\/<\/span><span class=\"avia-testimonial-subtitle-sep\">&ndash;<\/span><a class='avia-testimonial-link' href='https:\/\/www.heitgerconsulting.com\/en\/' target=\"_blank\" rel=\"noopener noreferrer\">www.heitgerconsulting.com<\/a><\/div><\/div><\/div><\/div>\n<div class='avia-testimonial av-2j1hft-14d7d12c97728d436386c05fa6b34c61 avia-testimonial-row-2 avia-last-testimonial flex_column no_margin av_one_half'><div class='avia-testimonial_inner'  itemscope=\"itemscope\" itemtype=\"https:\/\/schema.org\/CreativeWork\" ><div class='avia-testimonial-content '><div class='avia-testimonial-markup-entry-content'  itemprop=\"text\" ><p>komunariko is practical, efficient and very flexible in terms of the various requirements. We have had very good experiences and the feedback from our employees has also been very positive. The creation of individual solutions is certainly one of komunariko&#8217;s core competencies.<\/p>\n<\/div><\/div><div class=\"avia-testimonial-meta\"><div class=\"avia-testimonial-arrow-wrap\"><div class=\"avia-arrow\"><\/div><\/div><div class='avia-testimonial-meta-mini'  itemprop=\"author\" itemscope=\"itemscope\" itemtype=\"https:\/\/schema.org\/Person\" ><strong  class='avia-testimonial-name'  itemprop=\"name\" >Thomas Pointner<\/strong><span  class='avia-testimonial-subtitle '  itemprop=\"jobTitle\" >Personalentwicklung, EGGER \u00d6sterreich<\/span><span class='hidden avia-testimonial-markup-link'  itemprop=\"url\" >https:\/\/www.egger.com\/en\/?country=GB<\/span><span class=\"avia-testimonial-subtitle-sep\">&ndash;<\/span><a class='avia-testimonial-link' href='https:\/\/www.egger.com\/en\/?country=GB' target=\"_blank\" rel=\"noopener noreferrer\">www.egger.com<\/a><\/div><\/div><\/div><\/div><\/section>\n<\/div>\n<\/div><\/div><\/div><!-- close content main div --><\/div><\/div><div id='after_section_1'  class='main_color av_default_container_wrap container_wrap sidebar_right'  ><div class='container av-section-cont-open' ><div class='template-page content  av-content-small alpha units'><div class='post-entry post-entry-type-page post-entry-6874'><div class='entry-content-wrapper clearfix'><\/p>\n","protected":false},"excerpt":{"rendered":"","protected":false},"author":5,"featured_media":0,"parent":6818,"menu_order":0,"comment_status":"closed","ping_status":"closed","template":"","meta":{"footnotes":""},"class_list":["post-6874","page","type-page","status-publish","hentry"],"yoast_head":"<!-- This site is optimized with the Yoast SEO plugin v24.7 - https:\/\/yoast.com\/wordpress\/plugins\/seo\/ -->\n<title>For Teams - komunariko - Beratung. Training. Coaching.<\/title>\n<meta name=\"robots\" content=\"index, follow, max-snippet:-1, max-image-preview:large, max-video-preview:-1\" \/>\n<link rel=\"canonical\" href=\"https:\/\/www.komunariko.at\/en\/services\/for-teams\/\" \/>\n<meta property=\"og:locale\" content=\"en_US\" \/>\n<meta property=\"og:type\" content=\"article\" \/>\n<meta property=\"og:title\" content=\"For Teams - komunariko - Beratung. Training. Coaching.\" \/>\n<meta property=\"og:url\" content=\"https:\/\/www.komunariko.at\/en\/services\/for-teams\/\" \/>\n<meta property=\"og:site_name\" content=\"komunariko - Beratung. Training. Coaching.\" \/>\n<meta property=\"article:modified_time\" content=\"2025-07-22T16:25:43+00:00\" \/>\n<meta name=\"twitter:card\" content=\"summary_large_image\" \/>\n<meta name=\"twitter:label1\" content=\"Est. reading time\" \/>\n\t<meta name=\"twitter:data1\" content=\"3 minutes\" \/>\n<script type=\"application\/ld+json\" class=\"yoast-schema-graph\">{\"@context\":\"https:\/\/schema.org\",\"@graph\":[{\"@type\":\"WebPage\",\"@id\":\"https:\/\/www.komunariko.at\/en\/services\/for-teams\/\",\"url\":\"https:\/\/www.komunariko.at\/en\/services\/for-teams\/\",\"name\":\"For Teams - komunariko - Beratung. Training. Coaching.\",\"isPartOf\":{\"@id\":\"https:\/\/www.komunariko.at\/en\/#website\"},\"datePublished\":\"2021-01-24T10:13:21+00:00\",\"dateModified\":\"2025-07-22T16:25:43+00:00\",\"breadcrumb\":{\"@id\":\"https:\/\/www.komunariko.at\/en\/services\/for-teams\/#breadcrumb\"},\"inLanguage\":\"en-US\",\"potentialAction\":[{\"@type\":\"ReadAction\",\"target\":[\"https:\/\/www.komunariko.at\/en\/services\/for-teams\/\"]}]},{\"@type\":\"BreadcrumbList\",\"@id\":\"https:\/\/www.komunariko.at\/en\/services\/for-teams\/#breadcrumb\",\"itemListElement\":[{\"@type\":\"ListItem\",\"position\":1,\"name\":\"Home\",\"item\":\"https:\/\/www.komunariko.at\/en\/\"},{\"@type\":\"ListItem\",\"position\":2,\"name\":\"Services\",\"item\":\"https:\/\/www.komunariko.at\/en\/services\/\"},{\"@type\":\"ListItem\",\"position\":3,\"name\":\"For Teams\"}]},{\"@type\":\"WebSite\",\"@id\":\"https:\/\/www.komunariko.at\/en\/#website\",\"url\":\"https:\/\/www.komunariko.at\/en\/\",\"name\":\"komunariko - Beratung. Training. Coaching.\",\"description\":\"Ma\u00dfgeschneiderte L\u00f6sungen f\u00fcr Organisationsentwicklung,  F\u00fchrungs- und Kommunkationskompetenz. Wir begleiten Menschen, Unternehmen und Organisationen in Zeiten der Entwicklung und des Wandels \u2013 und das seit 35 Jahren, mit Sitz in Salzburg.\",\"potentialAction\":[{\"@type\":\"SearchAction\",\"target\":{\"@type\":\"EntryPoint\",\"urlTemplate\":\"https:\/\/www.komunariko.at\/en\/?s={search_term_string}\"},\"query-input\":{\"@type\":\"PropertyValueSpecification\",\"valueRequired\":true,\"valueName\":\"search_term_string\"}}],\"inLanguage\":\"en-US\"}]}<\/script>\n<!-- \/ Yoast SEO plugin. -->","yoast_head_json":{"title":"For Teams - komunariko - Beratung. Training. Coaching.","robots":{"index":"index","follow":"follow","max-snippet":"max-snippet:-1","max-image-preview":"max-image-preview:large","max-video-preview":"max-video-preview:-1"},"canonical":"https:\/\/www.komunariko.at\/en\/services\/for-teams\/","og_locale":"en_US","og_type":"article","og_title":"For Teams - komunariko - Beratung. Training. Coaching.","og_url":"https:\/\/www.komunariko.at\/en\/services\/for-teams\/","og_site_name":"komunariko - Beratung. Training. Coaching.","article_modified_time":"2025-07-22T16:25:43+00:00","twitter_card":"summary_large_image","twitter_misc":{"Est. reading time":"3 minutes"},"schema":{"@context":"https:\/\/schema.org","@graph":[{"@type":"WebPage","@id":"https:\/\/www.komunariko.at\/en\/services\/for-teams\/","url":"https:\/\/www.komunariko.at\/en\/services\/for-teams\/","name":"For Teams - komunariko - Beratung. Training. Coaching.","isPartOf":{"@id":"https:\/\/www.komunariko.at\/en\/#website"},"datePublished":"2021-01-24T10:13:21+00:00","dateModified":"2025-07-22T16:25:43+00:00","breadcrumb":{"@id":"https:\/\/www.komunariko.at\/en\/services\/for-teams\/#breadcrumb"},"inLanguage":"en-US","potentialAction":[{"@type":"ReadAction","target":["https:\/\/www.komunariko.at\/en\/services\/for-teams\/"]}]},{"@type":"BreadcrumbList","@id":"https:\/\/www.komunariko.at\/en\/services\/for-teams\/#breadcrumb","itemListElement":[{"@type":"ListItem","position":1,"name":"Home","item":"https:\/\/www.komunariko.at\/en\/"},{"@type":"ListItem","position":2,"name":"Services","item":"https:\/\/www.komunariko.at\/en\/services\/"},{"@type":"ListItem","position":3,"name":"For Teams"}]},{"@type":"WebSite","@id":"https:\/\/www.komunariko.at\/en\/#website","url":"https:\/\/www.komunariko.at\/en\/","name":"komunariko - Beratung. Training. Coaching.","description":"Ma\u00dfgeschneiderte L\u00f6sungen f\u00fcr Organisationsentwicklung,  F\u00fchrungs- und Kommunkationskompetenz. Wir begleiten Menschen, Unternehmen und Organisationen in Zeiten der Entwicklung und des Wandels \u2013 und das seit 35 Jahren, mit Sitz in Salzburg.","potentialAction":[{"@type":"SearchAction","target":{"@type":"EntryPoint","urlTemplate":"https:\/\/www.komunariko.at\/en\/?s={search_term_string}"},"query-input":{"@type":"PropertyValueSpecification","valueRequired":true,"valueName":"search_term_string"}}],"inLanguage":"en-US"}]}},"_links":{"self":[{"href":"https:\/\/www.komunariko.at\/en\/wp-json\/wp\/v2\/pages\/6874","targetHints":{"allow":["GET"]}}],"collection":[{"href":"https:\/\/www.komunariko.at\/en\/wp-json\/wp\/v2\/pages"}],"about":[{"href":"https:\/\/www.komunariko.at\/en\/wp-json\/wp\/v2\/types\/page"}],"author":[{"embeddable":true,"href":"https:\/\/www.komunariko.at\/en\/wp-json\/wp\/v2\/users\/5"}],"replies":[{"embeddable":true,"href":"https:\/\/www.komunariko.at\/en\/wp-json\/wp\/v2\/comments?post=6874"}],"version-history":[{"count":2,"href":"https:\/\/www.komunariko.at\/en\/wp-json\/wp\/v2\/pages\/6874\/revisions"}],"predecessor-version":[{"id":7307,"href":"https:\/\/www.komunariko.at\/en\/wp-json\/wp\/v2\/pages\/6874\/revisions\/7307"}],"up":[{"embeddable":true,"href":"https:\/\/www.komunariko.at\/en\/wp-json\/wp\/v2\/pages\/6818"}],"wp:attachment":[{"href":"https:\/\/www.komunariko.at\/en\/wp-json\/wp\/v2\/media?parent=6874"}],"curies":[{"name":"wp","href":"https:\/\/api.w.org\/{rel}","templated":true}]}}