{"id":6875,"date":"2021-01-22T16:01:51","date_gmt":"2021-01-22T15:01:51","guid":{"rendered":"https:\/\/www.komunariko.at\/services\/for-teams\/meeting-design\/"},"modified":"2025-07-22T18:28:53","modified_gmt":"2025-07-22T16:28:53","slug":"meeting-design","status":"publish","type":"page","link":"https:\/\/www.komunariko.at\/en\/services\/for-teams\/meeting-design\/","title":{"rendered":"Meeting Design"},"content":{"rendered":"\n<style type=\"text\/css\" data-created_by=\"avia_inline_auto\" id=\"style-css-av-kjv8d5ti-84274249ff0445563159761673291e6b\">\n.avia-section.av-kjv8d5ti-84274249ff0445563159761673291e6b{\nbackground-color:#ef7800;\nbackground-image:unset;\n}\n<\/style>\n<div id='av_section_1'  class='avia-section av-kjv8d5ti-84274249ff0445563159761673291e6b main_color avia-section-default avia-no-border-styling  avia-builder-el-0  el_before_av_textblock  avia-builder-el-first  avia-bg-style-scroll container_wrap sidebar_right'  ><div class='container av-section-cont-open' ><main  role=\"main\" itemprop=\"mainContentOfPage\"  class='template-page content  av-content-small alpha units'><div class='post-entry post-entry-type-page post-entry-6875'><div class='entry-content-wrapper clearfix'>\n\n<style type=\"text\/css\" data-created_by=\"avia_inline_auto\" id=\"style-css-av-kk8ewt8s-dec279b39edc2f28c46eafd875bd766b\">\n#top .av-special-heading.av-kk8ewt8s-dec279b39edc2f28c46eafd875bd766b{\npadding-bottom:10px;\ncolor:#ffffff;\nfont-size:54px;\n}\nbody .av-special-heading.av-kk8ewt8s-dec279b39edc2f28c46eafd875bd766b .av-special-heading-tag .heading-char{\nfont-size:25px;\n}\n#top #wrap_all .av-special-heading.av-kk8ewt8s-dec279b39edc2f28c46eafd875bd766b .av-special-heading-tag{\nfont-size:54px;\n}\n.av-special-heading.av-kk8ewt8s-dec279b39edc2f28c46eafd875bd766b .special-heading-inner-border{\nborder-color:#ffffff;\n}\n.av-special-heading.av-kk8ewt8s-dec279b39edc2f28c46eafd875bd766b .av-subheading{\nfont-size:15px;\n}\n\n@media only screen and (min-width: 480px) and (max-width: 767px){ \n#top #wrap_all .av-special-heading.av-kk8ewt8s-dec279b39edc2f28c46eafd875bd766b .av-special-heading-tag{\nfont-size:0.8em;\n}\n}\n\n@media only screen and (max-width: 479px){ \n#top #wrap_all .av-special-heading.av-kk8ewt8s-dec279b39edc2f28c46eafd875bd766b .av-special-heading-tag{\nfont-size:0.8em;\n}\n}\n<\/style>\n<div  class='av-special-heading av-kk8ewt8s-dec279b39edc2f28c46eafd875bd766b av-special-heading-h1 custom-color-heading blockquote modern-quote  avia-builder-el-1  avia-builder-el-no-sibling  av-inherit-size'><div class='av_custom_color av-subheading av-subheading_above'><p>Offer for Teams<\/p>\n<\/div><h1 class='av-special-heading-tag '  itemprop=\"headline\"  >Meeting Design<\/h1><div class=\"special-heading-border\"><div class=\"special-heading-inner-border\"><\/div><\/div><\/div>\n<\/div><\/div><\/main><!-- close content main element --><\/div><\/div><div id='after_section_1'  class='main_color av_default_container_wrap container_wrap sidebar_right'  ><div class='container av-section-cont-open' ><div class='template-page content  av-content-small alpha units'><div class='post-entry post-entry-type-page post-entry-6875'><div class='entry-content-wrapper clearfix'>\n<section  class='av_textblock_section av-kjtri1ay-414437797d59a18f94b30b0472bc22a9 '   itemscope=\"itemscope\" itemtype=\"https:\/\/schema.org\/CreativeWork\" ><div class='avia_textblock'  itemprop=\"text\" ><p><a href=\"https:\/\/www.komunariko.at\/en\/topics\/teams-cooperation\/meeting-landscape\/\">Meetings<\/a> are the heartbeat of every team. Team members come together in different settings, constellations and frequencies to pursue their goals together. They synchronize their activities, make decisions, develop ideas, learn from each other, improve joint performance and drive change.<br \/>\nAt least that&#8217;s the theory. Unfortunately, reality often falls short of this idea. This is because employees and managers are often dissatisfied with the results and feel that their meeting time is poorly used.      <a href=\"https:\/\/www.komunariko.at\/en\/topics\/teams-cooperation\/meeting-landscape\/\">Read more about the meeting landscape here.<\/a><\/p>\n<\/div><\/section>\n\n<style type=\"text\/css\" data-created_by=\"avia_inline_auto\" id=\"style-css-av-ehri86-2ea7b96f6338923d912da3d108df5fd4\">\n.flex_column.av-ehri86-2ea7b96f6338923d912da3d108df5fd4{\nborder-radius:0px 0px 0px 0px;\npadding:0px 0px 0px 0px;\n}\n<\/style>\n<div  class='flex_column av-ehri86-2ea7b96f6338923d912da3d108df5fd4 av_one_half  avia-builder-el-3  el_after_av_textblock  el_before_av_one_half  first flex_column_div av-zero-column-padding  column-top-margin'     ><style type=\"text\/css\" data-created_by=\"avia_inline_auto\" id=\"style-css-av-kjvl2ft6-46ec635eb0526a12c5dc69170c66ac56\">\n.avia-image-container.av-kjvl2ft6-46ec635eb0526a12c5dc69170c66ac56 img.avia_image{\nbox-shadow:none;\n}\n.avia-image-container.av-kjvl2ft6-46ec635eb0526a12c5dc69170c66ac56 .av-image-caption-overlay-center{\ncolor:#ffffff;\n}\n<\/style>\n<div  class='avia-image-container av-kjvl2ft6-46ec635eb0526a12c5dc69170c66ac56 av-styling- avia-align-center  avia-builder-el-4  avia-builder-el-no-sibling '   itemprop=\"image\" itemscope=\"itemscope\" itemtype=\"https:\/\/schema.org\/ImageObject\" ><div class=\"avia-image-container-inner\"><div class=\"avia-image-overlay-wrap\"><img decoding=\"async\" fetchpriority=\"high\" class='wp-image-6580 avia-img-lazy-loading-not-6580 avia_image ' src=\"https:\/\/www.komunariko.at\/wp-content\/uploads\/2021\/03\/meeting-gestaltung_300x200-1.jpg\" alt='' title='meeting-gestaltung_300x200'  height=\"400\" width=\"600\"  itemprop=\"thumbnailUrl\" srcset=\"https:\/\/www.komunariko.at\/wp-content\/uploads\/2021\/03\/meeting-gestaltung_300x200-1.jpg 600w, https:\/\/www.komunariko.at\/wp-content\/uploads\/2021\/03\/meeting-gestaltung_300x200-1-300x200.jpg 300w\" sizes=\"(max-width: 600px) 100vw, 600px\" \/><\/div><\/div><\/div><\/div>\n\n<style type=\"text\/css\" data-created_by=\"avia_inline_auto\" id=\"style-css-av-ehri86-3fd80dbb857d033ccca457bde756312d\">\n.flex_column.av-ehri86-3fd80dbb857d033ccca457bde756312d{\nborder-radius:0px 0px 0px 0px;\npadding:0px 0px 0px 0px;\n}\n<\/style>\n<div  class='flex_column av-ehri86-3fd80dbb857d033ccca457bde756312d av_one_half  avia-builder-el-5  el_after_av_one_half  el_before_av_section  avia-builder-el-last  flex_column_div av-zero-column-padding  column-top-margin'     ><section  class='av_textblock_section av-kjtri1ay-414437797d59a18f94b30b0472bc22a9 '   itemscope=\"itemscope\" itemtype=\"https:\/\/schema.org\/CreativeWork\" ><div class='avia_textblock'  itemprop=\"text\" ><p><strong>We support you in setting up your \u201csocial architecture\u201d &#8211; the landscape of meetings and collaboration in your area.<\/strong><\/p>\n<p>At the macro level, this means setting up the timing, sequence, frequency and interaction of the various meetings appropriately. But we also look at the micro level: depending on the occasion and objective, a meeting requires appropriate formats and design in order to promote cooperation, alignment and cohesion. Finally, it is important to use the time available as efficiently as possible. That\u2019s why the social dimension plays a crucial role alongside the agenda \u2013 including the right type of participation, seating arrangements, and room setup.<\/p>\n<\/div><\/section><\/div>\n<\/div><\/div><\/div><!-- close content main div --><\/div><\/div>\n<style type=\"text\/css\" data-created_by=\"avia_inline_auto\" id=\"style-css-av-kjtsfrmh-73c1460acf807f9c8a885cd2dba73e66\">\n.avia-section.av-kjtsfrmh-73c1460acf807f9c8a885cd2dba73e66{\nbackground-color:#f5f5f5;\nbackground-image:unset;\n}\n<\/style>\n<div id='av_section_2'  class='avia-section av-kjtsfrmh-73c1460acf807f9c8a885cd2dba73e66 main_color avia-section-default avia-no-border-styling  avia-builder-el-7  el_after_av_one_half  avia-builder-el-last  avia-bg-style-scroll container_wrap sidebar_right'  ><div class='container av-section-cont-open' ><div class='template-page content  av-content-small alpha units'><div class='post-entry post-entry-type-page post-entry-6875'><div class='entry-content-wrapper clearfix'>\n\n<style type=\"text\/css\" data-created_by=\"avia_inline_auto\" id=\"style-css-av-cny90m-9015fa8a5c8860adb0a8ce3e1827e860\">\n.flex_column.av-cny90m-9015fa8a5c8860adb0a8ce3e1827e860{\nborder-radius:0px 0px 0px 0px;\npadding:0px 0px 0px 0px;\n}\n<\/style>\n<div  class='flex_column av-cny90m-9015fa8a5c8860adb0a8ce3e1827e860 av_three_fifth  avia-builder-el-8  el_before_av_two_fifth  avia-builder-el-first  first flex_column_div av-zero-column-padding  '     ><section  class='av_textblock_section av-kjtrdsq8-b354a3b73cf44e80083b77fdb85fdcdd '   itemscope=\"itemscope\" itemtype=\"https:\/\/schema.org\/CreativeWork\" ><div class='avia_textblock'  itemprop=\"text\" ><h3>Our approach<\/h3>\n<div>Together with you or your team, we first examine the current situation: What is the purpose of your department, its structure and processes? What types of meetings are currently taking place, in what rhythm and composition? We will reflect on your impressions and experiences with previous formats and, building on this, jointly identify the success criteria for a future <a href=\"https:\/\/www.komunariko.at\/en\/topics\/teams-cooperation\/meeting-landscape\/\">meeting landscape<\/a>. The following questions may play a role here:   <\/div>\n<div><\/div>\n<ol>\n<li>What types of meetings will be needed in the future? What sequence, frequency and interactions need to be considered? &#8211; We differentiate between different occasions and objectives (content-driven or relationship-oriented goals, working within the system or on the system itself, face-to-face or virtually). We contribute our know-how and experience to classic and modern formats.   <\/li>\n<li>How can you bring the standard elements of the new social architecture to life? Which frameworks, ground rules, and rituals can help increase energy and trust, and support the achievement of goals? <\/li>\n<li>Finally, you can consider who will take responsibility for which meetings and roles, and who else should be involved. Broader participation helps to maintain and sustain the new landscape. What can everyone do to be a good \u201chost\u201d of the respective dialog?  <\/li>\n<\/ol>\n<div><\/div>\n<div>As with all newly established systems, after a period of practical testing, it is worthwhile to enter a reflection and learning loop in order to check the efficiency and effectiveness of the new meeting structure and to adapt and refine it if necessary.<\/div>\n<\/div><\/section><\/div>\n<style type=\"text\/css\" data-created_by=\"avia_inline_auto\" id=\"style-css-av-cny90m-d865970756c7abb9244c368bd8f57252\">\n.flex_column.av-cny90m-d865970756c7abb9244c368bd8f57252{\nborder-radius:0px 0px 0px 0px;\npadding:0px 0px 0px 0px;\n}\n<\/style>\n<div  class='flex_column av-cny90m-d865970756c7abb9244c368bd8f57252 av_two_fifth  avia-builder-el-10  el_after_av_three_fifth  avia-builder-el-last  flex_column_div av-zero-column-padding  '     ><section  class='av_textblock_section av-kjtrdsq8-b354a3b73cf44e80083b77fdb85fdcdd '   itemscope=\"itemscope\" itemtype=\"https:\/\/schema.org\/CreativeWork\" ><div class='avia_textblock'  itemprop=\"text\" ><h3>Your benefit<\/h3>\n<div>You have a well-designed and smooth-running <a href=\"https:\/\/www.komunariko.at\/en\/topics\/teams-cooperation\/meeting-landscape\/\">meeting landscape<\/a> whose meetings are coordinated and appear sensible and feasible to the people involved &#8211; an updated \u201csocial operating system\u201d of your division, so to speak.<\/div>\n<\/div><\/section><br \/>\n\n<style type=\"text\/css\" data-created_by=\"avia_inline_auto\" id=\"style-css-av-kk8fdzrx-f6a792c90f72f426859436ba159c1cb2\">\n#top .hr.hr-invisible.av-kk8fdzrx-f6a792c90f72f426859436ba159c1cb2{\nheight:20px;\n}\n<\/style>\n<div  class='hr av-kk8fdzrx-f6a792c90f72f426859436ba159c1cb2 hr-invisible  avia-builder-el-12  el_after_av_textblock  el_before_av_textblock '><span class='hr-inner '><span class=\"hr-inner-style\"><\/span><\/span><\/div><br \/>\n<section  class='av_textblock_section av-kjtrdsq8-b354a3b73cf44e80083b77fdb85fdcdd '   itemscope=\"itemscope\" itemtype=\"https:\/\/schema.org\/CreativeWork\" ><div class='avia_textblock'  itemprop=\"text\" ><div><\/div>\n<ul>\n<li>In doing so, you draw on proven \u201cdo&#8217;s &#038; don&#8217;ts\u201d as well as modern agile formats and organizational models.<\/li>\n<li>Each topic has its own space and everyone knows what belongs where.<\/li>\n<li>The right rules keep your meetings lively and at the same time efficient and effective.<\/li>\n<li>By consciously designing the formats, you become more conscious \u201chosts\u201d of these dialogs and the participants involved become more responsible participants.<\/li>\n<\/ul>\n<\/div><\/section><br \/>\n<div  class='avia-button-wrap av-kk2fr1g5-a0d184287b64dcb58949c4a7859c97ce-wrap avia-button-left  avia-builder-el-14  el_after_av_textblock  avia-builder-el-last '><a href='https:\/\/www.komunariko.at\/en\/contact-us\/#anfrage'  class='avia-button av-kk2fr1g5-a0d184287b64dcb58949c4a7859c97ce av-link-btn avia-icon_select-yes-left-icon avia-size-large avia-position-left avia-color-theme-color'   aria-label=\"Arrange a non-binding initial consultation\"><span class='avia_button_icon avia_button_icon_left avia-iconfont avia-font-entypo-fontello' data-av_icon='\ue875' data-av_iconfont='entypo-fontello' ><\/span><span class='avia_iconbox_title' >Arrange a non-binding initial consultation<\/span><\/a><\/div><\/p><\/div><\/div><\/div><\/div><!-- close content main div --><\/div><\/div><div id='after_section_2'  class='main_color av_default_container_wrap container_wrap sidebar_right'  ><div class='container av-section-cont-open' ><div class='template-page content  av-content-small alpha units'><div class='post-entry post-entry-type-page post-entry-6875'><div class='entry-content-wrapper clearfix'>\n","protected":false},"excerpt":{"rendered":"","protected":false},"author":5,"featured_media":0,"parent":6874,"menu_order":0,"comment_status":"closed","ping_status":"closed","template":"","meta":{"footnotes":""},"class_list":["post-6875","page","type-page","status-publish","hentry"],"yoast_head":"<!-- This site is optimized with the Yoast SEO plugin v24.7 - https:\/\/yoast.com\/wordpress\/plugins\/seo\/ -->\n<title>Meeting Design - komunariko - Beratung. Training. Coaching.<\/title>\n<meta name=\"robots\" content=\"index, follow, max-snippet:-1, max-image-preview:large, max-video-preview:-1\" \/>\n<link rel=\"canonical\" href=\"https:\/\/www.komunariko.at\/en\/services\/for-teams\/meeting-design\/\" \/>\n<meta property=\"og:locale\" content=\"en_US\" \/>\n<meta property=\"og:type\" content=\"article\" \/>\n<meta property=\"og:title\" content=\"Meeting Design - komunariko - Beratung. Training. Coaching.\" \/>\n<meta property=\"og:url\" content=\"https:\/\/www.komunariko.at\/en\/services\/for-teams\/meeting-design\/\" \/>\n<meta property=\"og:site_name\" content=\"komunariko - Beratung. Training. Coaching.\" \/>\n<meta property=\"article:modified_time\" content=\"2025-07-22T16:28:53+00:00\" \/>\n<meta name=\"twitter:card\" content=\"summary_large_image\" \/>\n<meta name=\"twitter:label1\" content=\"Est. reading time\" \/>\n\t<meta name=\"twitter:data1\" content=\"4 minutes\" \/>\n<script type=\"application\/ld+json\" class=\"yoast-schema-graph\">{\"@context\":\"https:\/\/schema.org\",\"@graph\":[{\"@type\":\"WebPage\",\"@id\":\"https:\/\/www.komunariko.at\/en\/services\/for-teams\/meeting-design\/\",\"url\":\"https:\/\/www.komunariko.at\/en\/services\/for-teams\/meeting-design\/\",\"name\":\"Meeting Design - komunariko - Beratung. Training. Coaching.\",\"isPartOf\":{\"@id\":\"https:\/\/www.komunariko.at\/en\/#website\"},\"datePublished\":\"2021-01-22T15:01:51+00:00\",\"dateModified\":\"2025-07-22T16:28:53+00:00\",\"breadcrumb\":{\"@id\":\"https:\/\/www.komunariko.at\/en\/services\/for-teams\/meeting-design\/#breadcrumb\"},\"inLanguage\":\"en-US\",\"potentialAction\":[{\"@type\":\"ReadAction\",\"target\":[\"https:\/\/www.komunariko.at\/en\/services\/for-teams\/meeting-design\/\"]}]},{\"@type\":\"BreadcrumbList\",\"@id\":\"https:\/\/www.komunariko.at\/en\/services\/for-teams\/meeting-design\/#breadcrumb\",\"itemListElement\":[{\"@type\":\"ListItem\",\"position\":1,\"name\":\"Home\",\"item\":\"https:\/\/www.komunariko.at\/en\/\"},{\"@type\":\"ListItem\",\"position\":2,\"name\":\"Services\",\"item\":\"https:\/\/www.komunariko.at\/en\/services\/\"},{\"@type\":\"ListItem\",\"position\":3,\"name\":\"For Teams\",\"item\":\"https:\/\/www.komunariko.at\/en\/services\/for-teams\/\"},{\"@type\":\"ListItem\",\"position\":4,\"name\":\"Meeting Design\"}]},{\"@type\":\"WebSite\",\"@id\":\"https:\/\/www.komunariko.at\/en\/#website\",\"url\":\"https:\/\/www.komunariko.at\/en\/\",\"name\":\"komunariko - Beratung. Training. Coaching.\",\"description\":\"Ma\u00dfgeschneiderte L\u00f6sungen f\u00fcr Organisationsentwicklung,  F\u00fchrungs- und Kommunkationskompetenz. Wir begleiten Menschen, Unternehmen und Organisationen in Zeiten der Entwicklung und des Wandels \u2013 und das seit 35 Jahren, mit Sitz in Salzburg.\",\"potentialAction\":[{\"@type\":\"SearchAction\",\"target\":{\"@type\":\"EntryPoint\",\"urlTemplate\":\"https:\/\/www.komunariko.at\/en\/?s={search_term_string}\"},\"query-input\":{\"@type\":\"PropertyValueSpecification\",\"valueRequired\":true,\"valueName\":\"search_term_string\"}}],\"inLanguage\":\"en-US\"}]}<\/script>\n<!-- \/ Yoast SEO plugin. -->","yoast_head_json":{"title":"Meeting Design - komunariko - Beratung. Training. Coaching.","robots":{"index":"index","follow":"follow","max-snippet":"max-snippet:-1","max-image-preview":"max-image-preview:large","max-video-preview":"max-video-preview:-1"},"canonical":"https:\/\/www.komunariko.at\/en\/services\/for-teams\/meeting-design\/","og_locale":"en_US","og_type":"article","og_title":"Meeting Design - komunariko - Beratung. Training. Coaching.","og_url":"https:\/\/www.komunariko.at\/en\/services\/for-teams\/meeting-design\/","og_site_name":"komunariko - Beratung. Training. Coaching.","article_modified_time":"2025-07-22T16:28:53+00:00","twitter_card":"summary_large_image","twitter_misc":{"Est. reading time":"4 minutes"},"schema":{"@context":"https:\/\/schema.org","@graph":[{"@type":"WebPage","@id":"https:\/\/www.komunariko.at\/en\/services\/for-teams\/meeting-design\/","url":"https:\/\/www.komunariko.at\/en\/services\/for-teams\/meeting-design\/","name":"Meeting Design - komunariko - Beratung. Training. Coaching.","isPartOf":{"@id":"https:\/\/www.komunariko.at\/en\/#website"},"datePublished":"2021-01-22T15:01:51+00:00","dateModified":"2025-07-22T16:28:53+00:00","breadcrumb":{"@id":"https:\/\/www.komunariko.at\/en\/services\/for-teams\/meeting-design\/#breadcrumb"},"inLanguage":"en-US","potentialAction":[{"@type":"ReadAction","target":["https:\/\/www.komunariko.at\/en\/services\/for-teams\/meeting-design\/"]}]},{"@type":"BreadcrumbList","@id":"https:\/\/www.komunariko.at\/en\/services\/for-teams\/meeting-design\/#breadcrumb","itemListElement":[{"@type":"ListItem","position":1,"name":"Home","item":"https:\/\/www.komunariko.at\/en\/"},{"@type":"ListItem","position":2,"name":"Services","item":"https:\/\/www.komunariko.at\/en\/services\/"},{"@type":"ListItem","position":3,"name":"For Teams","item":"https:\/\/www.komunariko.at\/en\/services\/for-teams\/"},{"@type":"ListItem","position":4,"name":"Meeting Design"}]},{"@type":"WebSite","@id":"https:\/\/www.komunariko.at\/en\/#website","url":"https:\/\/www.komunariko.at\/en\/","name":"komunariko - Beratung. Training. Coaching.","description":"Ma\u00dfgeschneiderte L\u00f6sungen f\u00fcr Organisationsentwicklung,  F\u00fchrungs- und Kommunkationskompetenz. Wir begleiten Menschen, Unternehmen und Organisationen in Zeiten der Entwicklung und des Wandels \u2013 und das seit 35 Jahren, mit Sitz in Salzburg.","potentialAction":[{"@type":"SearchAction","target":{"@type":"EntryPoint","urlTemplate":"https:\/\/www.komunariko.at\/en\/?s={search_term_string}"},"query-input":{"@type":"PropertyValueSpecification","valueRequired":true,"valueName":"search_term_string"}}],"inLanguage":"en-US"}]}},"_links":{"self":[{"href":"https:\/\/www.komunariko.at\/en\/wp-json\/wp\/v2\/pages\/6875","targetHints":{"allow":["GET"]}}],"collection":[{"href":"https:\/\/www.komunariko.at\/en\/wp-json\/wp\/v2\/pages"}],"about":[{"href":"https:\/\/www.komunariko.at\/en\/wp-json\/wp\/v2\/types\/page"}],"author":[{"embeddable":true,"href":"https:\/\/www.komunariko.at\/en\/wp-json\/wp\/v2\/users\/5"}],"replies":[{"embeddable":true,"href":"https:\/\/www.komunariko.at\/en\/wp-json\/wp\/v2\/comments?post=6875"}],"version-history":[{"count":3,"href":"https:\/\/www.komunariko.at\/en\/wp-json\/wp\/v2\/pages\/6875\/revisions"}],"predecessor-version":[{"id":7309,"href":"https:\/\/www.komunariko.at\/en\/wp-json\/wp\/v2\/pages\/6875\/revisions\/7309"}],"up":[{"embeddable":true,"href":"https:\/\/www.komunariko.at\/en\/wp-json\/wp\/v2\/pages\/6874"}],"wp:attachment":[{"href":"https:\/\/www.komunariko.at\/en\/wp-json\/wp\/v2\/media?parent=6875"}],"curies":[{"name":"wp","href":"https:\/\/api.w.org\/{rel}","templated":true}]}}