{"id":6877,"date":"2021-01-22T15:40:31","date_gmt":"2021-01-22T14:40:31","guid":{"rendered":"https:\/\/www.komunariko.at\/services\/personal-competence\/coaching\/"},"modified":"2025-07-22T18:37:56","modified_gmt":"2025-07-22T16:37:56","slug":"coaching","status":"publish","type":"page","link":"https:\/\/www.komunariko.at\/en\/services\/personal-competence\/coaching\/","title":{"rendered":"Coaching"},"content":{"rendered":"\n<style type=\"text\/css\" data-created_by=\"avia_inline_auto\" id=\"style-css-av-kjv8d5ti-84274249ff0445563159761673291e6b\">\n.avia-section.av-kjv8d5ti-84274249ff0445563159761673291e6b{\nbackground-color:#ef7800;\nbackground-image:unset;\n}\n<\/style>\n<div id='av_section_1'  class='avia-section av-kjv8d5ti-84274249ff0445563159761673291e6b main_color avia-section-default avia-no-border-styling  avia-builder-el-0  el_before_av_one_third  avia-builder-el-first  avia-bg-style-scroll container_wrap sidebar_right'  ><div class='container av-section-cont-open' ><main  role=\"main\" itemprop=\"mainContentOfPage\"  class='template-page content  av-content-small alpha units'><div class='post-entry post-entry-type-page post-entry-6877'><div class='entry-content-wrapper clearfix'>\n\n<style type=\"text\/css\" data-created_by=\"avia_inline_auto\" id=\"style-css-av-kk8e54st-8454e817564c431445df84909878561e\">\n#top .av-special-heading.av-kk8e54st-8454e817564c431445df84909878561e{\npadding-bottom:10px;\ncolor:#ffffff;\nfont-size:54px;\n}\nbody .av-special-heading.av-kk8e54st-8454e817564c431445df84909878561e .av-special-heading-tag .heading-char{\nfont-size:25px;\n}\n#top #wrap_all .av-special-heading.av-kk8e54st-8454e817564c431445df84909878561e .av-special-heading-tag{\nfont-size:54px;\n}\n.av-special-heading.av-kk8e54st-8454e817564c431445df84909878561e .special-heading-inner-border{\nborder-color:#ffffff;\n}\n.av-special-heading.av-kk8e54st-8454e817564c431445df84909878561e .av-subheading{\nfont-size:15px;\n}\n\n@media only screen and (min-width: 480px) and (max-width: 767px){ \n#top #wrap_all .av-special-heading.av-kk8e54st-8454e817564c431445df84909878561e .av-special-heading-tag{\nfont-size:0.8em;\n}\n}\n\n@media only screen and (max-width: 479px){ \n#top #wrap_all .av-special-heading.av-kk8e54st-8454e817564c431445df84909878561e .av-special-heading-tag{\nfont-size:0.8em;\n}\n}\n<\/style>\n<div  class='av-special-heading av-kk8e54st-8454e817564c431445df84909878561e av-special-heading-h1 custom-color-heading blockquote modern-quote  avia-builder-el-1  avia-builder-el-no-sibling  av-inherit-size'><div class='av_custom_color av-subheading av-subheading_above'><p>Offer for personal competence<\/p>\n<\/div><h1 class='av-special-heading-tag '  itemprop=\"headline\"  >Coaching<\/h1><div class=\"special-heading-border\"><div class=\"special-heading-inner-border\"><\/div><\/div><\/div>\n<\/div><\/div><\/main><!-- close content main element --><\/div><\/div><div id='after_section_1'  class='main_color av_default_container_wrap container_wrap sidebar_right'  ><div class='container av-section-cont-open' ><div class='template-page content  av-content-small alpha units'><div class='post-entry post-entry-type-page post-entry-6877'><div class='entry-content-wrapper clearfix'>\n\n<style type=\"text\/css\" data-created_by=\"avia_inline_auto\" id=\"style-css-av-ehri86-2ea7b96f6338923d912da3d108df5fd4\">\n.flex_column.av-ehri86-2ea7b96f6338923d912da3d108df5fd4{\nborder-radius:0px 0px 0px 0px;\npadding:0px 0px 0px 0px;\n}\n<\/style>\n<div  class='flex_column av-ehri86-2ea7b96f6338923d912da3d108df5fd4 av_one_third  avia-builder-el-2  el_after_av_section  el_before_av_one_half  avia-builder-el-first  first flex_column_div av-zero-column-padding  '     ><style type=\"text\/css\" data-created_by=\"avia_inline_auto\" id=\"style-css-av-kjvl2ft6-a5adce57ffffd880c3b2819e99513c99\">\n.avia-image-container.av-kjvl2ft6-a5adce57ffffd880c3b2819e99513c99 img.avia_image{\nbox-shadow:none;\n}\n.avia-image-container.av-kjvl2ft6-a5adce57ffffd880c3b2819e99513c99 .av-image-caption-overlay-center{\ncolor:#ffffff;\n}\n<\/style>\n<div  class='avia-image-container av-kjvl2ft6-a5adce57ffffd880c3b2819e99513c99 av-styling- avia-align-center  avia-builder-el-3  avia-builder-el-no-sibling '   itemprop=\"image\" itemscope=\"itemscope\" itemtype=\"https:\/\/schema.org\/ImageObject\" ><div class=\"avia-image-container-inner\"><div class=\"avia-image-overlay-wrap\"><img decoding=\"async\" fetchpriority=\"high\" class='wp-image-6496 avia-img-lazy-loading-not-6496 avia_image ' src=\"https:\/\/www.komunariko.at\/wp-content\/uploads\/2021\/01\/team-strategie-klausurtage.jpg\" alt='' title='team-strategie-klausurtage'  height=\"900\" width=\"741\"  itemprop=\"thumbnailUrl\" srcset=\"https:\/\/www.komunariko.at\/wp-content\/uploads\/2021\/01\/team-strategie-klausurtage.jpg 741w, https:\/\/www.komunariko.at\/wp-content\/uploads\/2021\/01\/team-strategie-klausurtage-247x300.jpg 247w, https:\/\/www.komunariko.at\/wp-content\/uploads\/2021\/01\/team-strategie-klausurtage-580x705.jpg 580w\" sizes=\"(max-width: 741px) 100vw, 741px\" \/><\/div><\/div><\/div><\/div>\n\n<style type=\"text\/css\" data-created_by=\"avia_inline_auto\" id=\"style-css-av-ehri86-3fd80dbb857d033ccca457bde756312d\">\n.flex_column.av-ehri86-3fd80dbb857d033ccca457bde756312d{\nborder-radius:0px 0px 0px 0px;\npadding:0px 0px 0px 0px;\n}\n<\/style>\n<div  class='flex_column av-ehri86-3fd80dbb857d033ccca457bde756312d av_one_half  avia-builder-el-4  el_after_av_one_third  el_before_av_section  avia-builder-el-last  flex_column_div av-zero-column-padding  '     ><section  class='av_textblock_section av-kjtri1ay-995397999eb15536de1c366a075feb75 '   itemscope=\"itemscope\" itemtype=\"https:\/\/schema.org\/CreativeWork\" ><div class='avia_textblock'  itemprop=\"text\" ><p>Are you facing a difficult decision, need guidance in a professional or personal matter, want to find clarity or change your own behavioral patterns? Are you ready to take personal responsibility but would like a professional sparring partner by your side? Then <a href=\"https:\/\/www.komunariko.at\/en\/topics\/leadership\/coaching\/\">coaching<\/a> could be the right tool for you. In coaching sessions, you will gain clarity about the background of the challenging situation, define your goal, and\u2014supported by your coach\u2014develop concrete options and solutions for action.<\/p>\n<p>Our aim with every individual coaching session is to accompany a unique personality on their individual path and to promote and channel their inherent abilities. <a href=\"https:\/\/www.komunariko.at\/en\/about-us\/team\/\">Every komunariko coach<\/a> offers you systemic process support that focuses on the individual.<\/p>\n<\/div><\/section><\/div><\/div><\/div><\/div><!-- close content main div --><\/div><\/div>\n<style type=\"text\/css\" data-created_by=\"avia_inline_auto\" id=\"style-css-av-kjtsfrmh-73c1460acf807f9c8a885cd2dba73e66\">\n.avia-section.av-kjtsfrmh-73c1460acf807f9c8a885cd2dba73e66{\nbackground-color:#f5f5f5;\nbackground-image:unset;\n}\n<\/style>\n<div id='av_section_2'  class='avia-section av-kjtsfrmh-73c1460acf807f9c8a885cd2dba73e66 main_color avia-section-default avia-no-border-styling  avia-builder-el-6  el_after_av_one_half  avia-builder-el-last  avia-bg-style-scroll container_wrap sidebar_right'  ><div class='container av-section-cont-open' ><div class='template-page content  av-content-small alpha units'><div class='post-entry post-entry-type-page post-entry-6877'><div class='entry-content-wrapper clearfix'>\n\n<style type=\"text\/css\" data-created_by=\"avia_inline_auto\" id=\"style-css-av-cny90m-9015fa8a5c8860adb0a8ce3e1827e860\">\n.flex_column.av-cny90m-9015fa8a5c8860adb0a8ce3e1827e860{\nborder-radius:0px 0px 0px 0px;\npadding:0px 0px 0px 0px;\n}\n<\/style>\n<div  class='flex_column av-cny90m-9015fa8a5c8860adb0a8ce3e1827e860 av_one_half  avia-builder-el-7  el_before_av_one_half  avia-builder-el-first  first flex_column_div av-zero-column-padding  '     ><section  class='av_textblock_section av-kjtrdsq8-b354a3b73cf44e80083b77fdb85fdcdd '   itemscope=\"itemscope\" itemtype=\"https:\/\/schema.org\/CreativeWork\" ><div class='avia_textblock'  itemprop=\"text\" ><h3>So what does this look like?<\/h3>\n<p>In a non-binding, free initial consultation, we clarify the initial situation, your concerns and objectives and agree on the framework for our collaboration. This can be a few sessions in a short period of time or a longer-term process. <\/p>\n<p>During the coaching session, we clarify and work on your current situation and your concerns. We spend the majority of a coaching session working on your issue. We look at your resources and the potential of the situation and support you in overcoming obstacles and developing options for good next steps.  <\/p>\n<p>At the end of the process, we evaluate the achievement of objectives, the process experienced and your key learning and development steps.<\/p>\n<\/div><\/section><\/div>\n<style type=\"text\/css\" data-created_by=\"avia_inline_auto\" id=\"style-css-av-cny90m-d865970756c7abb9244c368bd8f57252\">\n.flex_column.av-cny90m-d865970756c7abb9244c368bd8f57252{\nborder-radius:0px 0px 0px 0px;\npadding:0px 0px 0px 0px;\n}\n<\/style>\n<div  class='flex_column av-cny90m-d865970756c7abb9244c368bd8f57252 av_one_half  avia-builder-el-9  el_after_av_one_half  avia-builder-el-last  flex_column_div av-zero-column-padding  '     ><section  class='av_textblock_section av-kjtrdsq8-b354a3b73cf44e80083b77fdb85fdcdd '   itemscope=\"itemscope\" itemtype=\"https:\/\/schema.org\/CreativeWork\" ><div class='avia_textblock'  itemprop=\"text\" ><h3>How you will benefit<\/h3>\n<p>You benefit from coaching by gaining greater clarity and confidence in important decisions. Your learning process is accelerated, enabling you to fully leverage your strengths and achieve new insights and understandings. <\/p>\n<p>We offer coaching face-to-face, via video conference and, in exceptional cases, by telephone.<\/p>\n<\/div><\/section><br \/>\n<div  class='avia-button-wrap av-kk2fr1g5-a0d184287b64dcb58949c4a7859c97ce-wrap avia-button-left  avia-builder-el-11  el_after_av_textblock  avia-builder-el-last '><a href='https:\/\/www.komunariko.at\/en\/contact-us\/#anfrage'  class='avia-button av-kk2fr1g5-a0d184287b64dcb58949c4a7859c97ce av-link-btn avia-icon_select-yes-left-icon avia-size-large avia-position-left avia-color-theme-color'   aria-label=\"Arrange a non-binding initial consultation\"><span class='avia_button_icon avia_button_icon_left avia-iconfont avia-font-entypo-fontello' data-av_icon='\ue875' data-av_iconfont='entypo-fontello' ><\/span><span class='avia_iconbox_title' >Arrange a non-binding initial consultation<\/span><\/a><\/div><\/p><\/div><\/div><\/div><\/div><!-- close content main div --><\/div><\/div><div id='after_section_2'  class='main_color av_default_container_wrap container_wrap sidebar_right'  ><div class='container av-section-cont-open' ><div class='template-page content  av-content-small alpha units'><div class='post-entry post-entry-type-page post-entry-6877'><div class='entry-content-wrapper clearfix'><\/p>\n","protected":false},"excerpt":{"rendered":"","protected":false},"author":5,"featured_media":0,"parent":6876,"menu_order":0,"comment_status":"closed","ping_status":"closed","template":"","meta":{"footnotes":""},"class_list":["post-6877","page","type-page","status-publish","hentry"],"yoast_head":"<!-- This site is optimized with the Yoast SEO plugin v24.7 - https:\/\/yoast.com\/wordpress\/plugins\/seo\/ -->\n<title>Coaching - komunariko - Beratung. Training. Coaching.<\/title>\n<meta name=\"robots\" content=\"index, follow, max-snippet:-1, max-image-preview:large, max-video-preview:-1\" \/>\n<link rel=\"canonical\" href=\"https:\/\/www.komunariko.at\/en\/services\/personal-competence\/coaching\/\" \/>\n<meta property=\"og:locale\" content=\"en_US\" \/>\n<meta property=\"og:type\" content=\"article\" \/>\n<meta property=\"og:title\" content=\"Coaching - komunariko - Beratung. Training. Coaching.\" \/>\n<meta property=\"og:url\" content=\"https:\/\/www.komunariko.at\/en\/services\/personal-competence\/coaching\/\" \/>\n<meta property=\"og:site_name\" content=\"komunariko - Beratung. Training. Coaching.\" \/>\n<meta property=\"article:modified_time\" content=\"2025-07-22T16:37:56+00:00\" \/>\n<meta name=\"twitter:card\" content=\"summary_large_image\" \/>\n<meta name=\"twitter:label1\" content=\"Est. reading time\" \/>\n\t<meta name=\"twitter:data1\" content=\"2 minutes\" \/>\n<script type=\"application\/ld+json\" class=\"yoast-schema-graph\">{\"@context\":\"https:\/\/schema.org\",\"@graph\":[{\"@type\":\"WebPage\",\"@id\":\"https:\/\/www.komunariko.at\/en\/services\/personal-competence\/coaching\/\",\"url\":\"https:\/\/www.komunariko.at\/en\/services\/personal-competence\/coaching\/\",\"name\":\"Coaching - komunariko - Beratung. Training. Coaching.\",\"isPartOf\":{\"@id\":\"https:\/\/www.komunariko.at\/en\/#website\"},\"datePublished\":\"2021-01-22T14:40:31+00:00\",\"dateModified\":\"2025-07-22T16:37:56+00:00\",\"breadcrumb\":{\"@id\":\"https:\/\/www.komunariko.at\/en\/services\/personal-competence\/coaching\/#breadcrumb\"},\"inLanguage\":\"en-US\",\"potentialAction\":[{\"@type\":\"ReadAction\",\"target\":[\"https:\/\/www.komunariko.at\/en\/services\/personal-competence\/coaching\/\"]}]},{\"@type\":\"BreadcrumbList\",\"@id\":\"https:\/\/www.komunariko.at\/en\/services\/personal-competence\/coaching\/#breadcrumb\",\"itemListElement\":[{\"@type\":\"ListItem\",\"position\":1,\"name\":\"Home\",\"item\":\"https:\/\/www.komunariko.at\/en\/\"},{\"@type\":\"ListItem\",\"position\":2,\"name\":\"Services\",\"item\":\"https:\/\/www.komunariko.at\/en\/services\/\"},{\"@type\":\"ListItem\",\"position\":3,\"name\":\"Personal Competence\",\"item\":\"https:\/\/www.komunariko.at\/en\/services\/personal-competence\/\"},{\"@type\":\"ListItem\",\"position\":4,\"name\":\"Coaching\"}]},{\"@type\":\"WebSite\",\"@id\":\"https:\/\/www.komunariko.at\/en\/#website\",\"url\":\"https:\/\/www.komunariko.at\/en\/\",\"name\":\"komunariko - Beratung. Training. Coaching.\",\"description\":\"Ma\u00dfgeschneiderte L\u00f6sungen f\u00fcr Organisationsentwicklung,  F\u00fchrungs- und Kommunkationskompetenz. Wir begleiten Menschen, Unternehmen und Organisationen in Zeiten der Entwicklung und des Wandels \u2013 und das seit 35 Jahren, mit Sitz in Salzburg.\",\"potentialAction\":[{\"@type\":\"SearchAction\",\"target\":{\"@type\":\"EntryPoint\",\"urlTemplate\":\"https:\/\/www.komunariko.at\/en\/?s={search_term_string}\"},\"query-input\":{\"@type\":\"PropertyValueSpecification\",\"valueRequired\":true,\"valueName\":\"search_term_string\"}}],\"inLanguage\":\"en-US\"}]}<\/script>\n<!-- \/ Yoast SEO plugin. -->","yoast_head_json":{"title":"Coaching - komunariko - Beratung. Training. Coaching.","robots":{"index":"index","follow":"follow","max-snippet":"max-snippet:-1","max-image-preview":"max-image-preview:large","max-video-preview":"max-video-preview:-1"},"canonical":"https:\/\/www.komunariko.at\/en\/services\/personal-competence\/coaching\/","og_locale":"en_US","og_type":"article","og_title":"Coaching - komunariko - Beratung. Training. Coaching.","og_url":"https:\/\/www.komunariko.at\/en\/services\/personal-competence\/coaching\/","og_site_name":"komunariko - Beratung. Training. Coaching.","article_modified_time":"2025-07-22T16:37:56+00:00","twitter_card":"summary_large_image","twitter_misc":{"Est. reading time":"2 minutes"},"schema":{"@context":"https:\/\/schema.org","@graph":[{"@type":"WebPage","@id":"https:\/\/www.komunariko.at\/en\/services\/personal-competence\/coaching\/","url":"https:\/\/www.komunariko.at\/en\/services\/personal-competence\/coaching\/","name":"Coaching - komunariko - Beratung. Training. Coaching.","isPartOf":{"@id":"https:\/\/www.komunariko.at\/en\/#website"},"datePublished":"2021-01-22T14:40:31+00:00","dateModified":"2025-07-22T16:37:56+00:00","breadcrumb":{"@id":"https:\/\/www.komunariko.at\/en\/services\/personal-competence\/coaching\/#breadcrumb"},"inLanguage":"en-US","potentialAction":[{"@type":"ReadAction","target":["https:\/\/www.komunariko.at\/en\/services\/personal-competence\/coaching\/"]}]},{"@type":"BreadcrumbList","@id":"https:\/\/www.komunariko.at\/en\/services\/personal-competence\/coaching\/#breadcrumb","itemListElement":[{"@type":"ListItem","position":1,"name":"Home","item":"https:\/\/www.komunariko.at\/en\/"},{"@type":"ListItem","position":2,"name":"Services","item":"https:\/\/www.komunariko.at\/en\/services\/"},{"@type":"ListItem","position":3,"name":"Personal Competence","item":"https:\/\/www.komunariko.at\/en\/services\/personal-competence\/"},{"@type":"ListItem","position":4,"name":"Coaching"}]},{"@type":"WebSite","@id":"https:\/\/www.komunariko.at\/en\/#website","url":"https:\/\/www.komunariko.at\/en\/","name":"komunariko - Beratung. Training. Coaching.","description":"Ma\u00dfgeschneiderte L\u00f6sungen f\u00fcr Organisationsentwicklung,  F\u00fchrungs- und Kommunkationskompetenz. Wir begleiten Menschen, Unternehmen und Organisationen in Zeiten der Entwicklung und des Wandels \u2013 und das seit 35 Jahren, mit Sitz in Salzburg.","potentialAction":[{"@type":"SearchAction","target":{"@type":"EntryPoint","urlTemplate":"https:\/\/www.komunariko.at\/en\/?s={search_term_string}"},"query-input":{"@type":"PropertyValueSpecification","valueRequired":true,"valueName":"search_term_string"}}],"inLanguage":"en-US"}]}},"_links":{"self":[{"href":"https:\/\/www.komunariko.at\/en\/wp-json\/wp\/v2\/pages\/6877","targetHints":{"allow":["GET"]}}],"collection":[{"href":"https:\/\/www.komunariko.at\/en\/wp-json\/wp\/v2\/pages"}],"about":[{"href":"https:\/\/www.komunariko.at\/en\/wp-json\/wp\/v2\/types\/page"}],"author":[{"embeddable":true,"href":"https:\/\/www.komunariko.at\/en\/wp-json\/wp\/v2\/users\/5"}],"replies":[{"embeddable":true,"href":"https:\/\/www.komunariko.at\/en\/wp-json\/wp\/v2\/comments?post=6877"}],"version-history":[{"count":1,"href":"https:\/\/www.komunariko.at\/en\/wp-json\/wp\/v2\/pages\/6877\/revisions"}],"predecessor-version":[{"id":7315,"href":"https:\/\/www.komunariko.at\/en\/wp-json\/wp\/v2\/pages\/6877\/revisions\/7315"}],"up":[{"embeddable":true,"href":"https:\/\/www.komunariko.at\/en\/wp-json\/wp\/v2\/pages\/6876"}],"wp:attachment":[{"href":"https:\/\/www.komunariko.at\/en\/wp-json\/wp\/v2\/media?parent=6877"}],"curies":[{"name":"wp","href":"https:\/\/api.w.org\/{rel}","templated":true}]}}