{"id":6891,"date":"2021-03-28T14:15:56","date_gmt":"2021-03-28T12:15:56","guid":{"rendered":"https:\/\/www.komunariko.at\/publications\/"},"modified":"2021-03-28T14:15:56","modified_gmt":"2021-03-28T12:15:56","slug":"publications","status":"publish","type":"page","link":"https:\/\/www.komunariko.at\/en\/publications\/","title":{"rendered":"Publications"},"content":{"rendered":"<div id='full_slider_1'  class='avia-fullwidth-slider main_color avia-shadow   avia-builder-el-0  el_before_av_one_fourth  avia-builder-el-first   container_wrap sidebar_right'  >\n<style type=\"text\/css\" data-created_by=\"avia_inline_auto\" id=\"style-css-av-kk2cpe7k-fed4bd41597133a87ce4324207df36e6\">\n#top #wrap_all .avia-slideshow .av-slideshow-caption.av-kk2cpe7k-fed4bd41597133a87ce4324207df36e6__0 .avia-caption-title{\nfont-size:42px;\n}\n#top .avia-slideshow .av-slideshow-caption.av-kk2cpe7k-fed4bd41597133a87ce4324207df36e6__0 .avia-caption-content{\nfont-size:24px;\n}\n#top .avia-slideshow .av-slideshow-caption.av-kk2cpe7k-fed4bd41597133a87ce4324207df36e6__0 .avia-caption-content p{\nfont-size:24px;\n}\n<\/style>\n<div  class='avia-slideshow av-kk2cpe7k-fed4bd41597133a87ce4324207df36e6 avia-slideshow-featured av_slideshow_full avia-slide-slider av-slideshow-ui av-control-default av-slideshow-manual av-loop-once av-loop-manual-endless av-default-height-applied   avia-slideshow-1' data-slideshow-options=\"{&quot;animation&quot;:&quot;slide&quot;,&quot;autoplay&quot;:false,&quot;loop_autoplay&quot;:&quot;once&quot;,&quot;interval&quot;:5,&quot;loop_manual&quot;:&quot;manual-endless&quot;,&quot;autoplay_stopper&quot;:false,&quot;noNavigation&quot;:false,&quot;bg_slider&quot;:false,&quot;keep_padding&quot;:false,&quot;hoverpause&quot;:false,&quot;show_slide_delay&quot;:0}\"  itemprop=\"image\" itemscope=\"itemscope\" itemtype=\"https:\/\/schema.org\/ImageObject\" ><ul class='avia-slideshow-inner ' style='padding-bottom: 28.666666666667%;'><li  class='avia-slideshow-slide av-kk2cpe7k-fed4bd41597133a87ce4324207df36e6__0  av-single-slide slide-1 slide-odd'><div data-rel='slideshow-1' class='avia-slide-wrap '   ><div class='av-slideshow-caption av-kk2cpe7k-fed4bd41597133a87ce4324207df36e6__0 caption_fullwidth caption_bottom caption_bottom_framed caption_framed'><div class=\"container caption_container\"><div class=\"slideshow_caption\"><div class=\"slideshow_inner_caption\"><div class=\"slideshow_align_caption\"><h2 class='avia-caption-title '  itemprop=\"name\" >PUBLICATIONS<\/h2><\/div><\/div><\/div><\/div><\/div><img decoding=\"async\" fetchpriority=\"high\" class=\"wp-image-6582 avia-img-lazy-loading-not-6582\"  src=\"https:\/\/www.komunariko.at\/wp-content\/uploads\/2021\/03\/publikationen.jpg\" width=\"1500\" height=\"430\" title='publikationen' alt=''  itemprop=\"thumbnailUrl\" srcset=\"https:\/\/www.komunariko.at\/wp-content\/uploads\/2021\/03\/publikationen.jpg 1500w, https:\/\/www.komunariko.at\/wp-content\/uploads\/2021\/03\/publikationen-300x86.jpg 300w, https:\/\/www.komunariko.at\/wp-content\/uploads\/2021\/03\/publikationen-1030x295.jpg 1030w, https:\/\/www.komunariko.at\/wp-content\/uploads\/2021\/03\/publikationen-768x220.jpg 768w, https:\/\/www.komunariko.at\/wp-content\/uploads\/2021\/03\/publikationen-705x202.jpg 705w\" sizes=\"(max-width: 1500px) 100vw, 1500px\" \/><div class='av-section-color-overlay' style='opacity: 0.2; background-color: #0a0a0a; '><\/div><\/div><\/li><\/ul><\/div><\/div><div id='after_full_slider_1'  class='main_color av_default_container_wrap container_wrap sidebar_right'  ><div class='container av-section-cont-open' ><div class='template-page content  av-content-small alpha units'><div class='post-entry post-entry-type-page post-entry-6891'><div class='entry-content-wrapper clearfix'>\n\n<style type=\"text\/css\" data-created_by=\"avia_inline_auto\" id=\"style-css-av-9xslr-0fa89eeb1346739c244afc07de921387\">\n.flex_column.av-9xslr-0fa89eeb1346739c244afc07de921387{\nborder-radius:0px 0px 0px 0px;\npadding:0px 0px 0px 0px;\n}\n<\/style>\n<div  class='flex_column av-9xslr-0fa89eeb1346739c244afc07de921387 av_one_fourth  avia-builder-el-1  el_after_av_slideshow_full  el_before_av_two_fifth  avia-builder-el-first  first flex_column_div av-zero-column-padding  '     ><style type=\"text\/css\" data-created_by=\"avia_inline_auto\" id=\"style-css-av-kk2c5wvm-2219858f1e2011d20cc7d783ffc9440f\">\n.avia-image-container.av-kk2c5wvm-2219858f1e2011d20cc7d783ffc9440f img.avia_image{\nbox-shadow:none;\n}\n.avia-image-container.av-kk2c5wvm-2219858f1e2011d20cc7d783ffc9440f .av-image-caption-overlay-center{\ncolor:#ffffff;\n}\n<\/style>\n<div  class='avia-image-container av-kk2c5wvm-2219858f1e2011d20cc7d783ffc9440f av-styling- av-img-linked avia-align-left  avia-builder-el-2  avia-builder-el-no-sibling '   itemprop=\"image\" itemscope=\"itemscope\" itemtype=\"https:\/\/schema.org\/ImageObject\" ><div class=\"avia-image-container-inner\"><div class=\"avia-image-overlay-wrap\"><a href=\"https:\/\/www.komunariko.at\/relaunch-2020\/wp-content\/uploads\/2021\/03\/Druckfahne_fokus_schober-ehmer.indd_.pdf\" class='avia_image '  target=\"_blank\"  rel=\"noopener noreferrer\" aria-label='konflikt-dynamik_01-2016'><img decoding=\"async\" fetchpriority=\"high\" class='wp-image-6583 avia-img-lazy-loading-not-6583 avia_image ' src=\"https:\/\/www.komunariko.at\/wp-content\/uploads\/2021\/03\/konflikt-dynamik_01-2016-233x300.png\" alt='' title='konflikt-dynamik_01-2016'  height=\"300\" width=\"233\"  itemprop=\"thumbnailUrl\" srcset=\"https:\/\/www.komunariko.at\/wp-content\/uploads\/2021\/03\/konflikt-dynamik_01-2016-233x300.png 233w, https:\/\/www.komunariko.at\/wp-content\/uploads\/2021\/03\/konflikt-dynamik_01-2016-800x1030.png 800w, https:\/\/www.komunariko.at\/wp-content\/uploads\/2021\/03\/konflikt-dynamik_01-2016-768x989.png 768w, https:\/\/www.komunariko.at\/wp-content\/uploads\/2021\/03\/konflikt-dynamik_01-2016-548x705.png 548w, https:\/\/www.komunariko.at\/wp-content\/uploads\/2021\/03\/konflikt-dynamik_01-2016.png 933w\" sizes=\"(max-width: 233px) 100vw, 233px\" \/><\/a><\/div><\/div><\/div><\/div>\n\n<style type=\"text\/css\" data-created_by=\"avia_inline_auto\" id=\"style-css-av-9xslr-834ee014233e510fbb39a138164bc104\">\n.flex_column.av-9xslr-834ee014233e510fbb39a138164bc104{\nborder-radius:0px 0px 0px 0px;\npadding:0px 0px 0px 0px;\n}\n<\/style>\n<div  class='flex_column av-9xslr-834ee014233e510fbb39a138164bc104 av_two_fifth  avia-builder-el-3  el_after_av_one_fourth  el_before_av_one_third  flex_column_div av-zero-column-padding  '     ><section  class='av_textblock_section av-kk2ev7pi-45fe5b6344a5a1ea82dc4f35e72072b7 '   itemscope=\"itemscope\" itemtype=\"https:\/\/schema.org\/CreativeWork\" ><div class='avia_textblock'  itemprop=\"text\" ><header class=\"entry-content-header\">\n<h4 class=\"av_iconlist_title iconlist_title \">Managers in the (wonder)land of paradoxes<\/h4>\n<\/header>\n<\/div><\/section><br \/>\n\n<style type=\"text\/css\" data-created_by=\"avia_inline_auto\" id=\"style-css-av-kmt52k52-01952f2e6cb43d1f57187b65cd16de42\">\n#top .hr.av-kmt52k52-01952f2e6cb43d1f57187b65cd16de42{\nmargin-top:15px;\nmargin-bottom:15px;\n}\n.hr.av-kmt52k52-01952f2e6cb43d1f57187b65cd16de42 .hr-inner{\nwidth:100%;\n}\n<\/style>\n<div  class='hr av-kmt52k52-01952f2e6cb43d1f57187b65cd16de42 hr-custom  avia-builder-el-5  el_after_av_textblock  el_before_av_textblock  hr-center hr-icon-no'><span class='hr-inner inner-border-av-border-thin'><span class=\"hr-inner-style\"><\/span><\/span><\/div><br \/>\n<section  class='av_textblock_section av-kk2ev7pi-45fe5b6344a5a1ea82dc4f35e72072b7 '   itemscope=\"itemscope\" itemtype=\"https:\/\/schema.org\/CreativeWork\" ><div class='avia_textblock'  itemprop=\"text\" ><header class=\"entry-content-header\"><\/header>\n<div class=\"iconlist_content \">\n<p><strong>Published in:<\/strong> Conflict Dynamics 01\/2016<\/p>\n<p><strong>Authors:<\/strong> <a href=\"https:\/\/www.komunariko.at\/uber-uns\/team\/guido-czeija\/\">Guido Czeija<\/a> \/ Herbert Schober-Ehmer \/ Susanne Ehmer \/ Gerhard Krejci<\/p>\n<\/div>\n<\/div><\/section><br \/>\n<div  class='avia-button-wrap av-kmt4zeoj-85c198344893e448b4e3718fb9bf3c53-wrap avia-button-left  avia-builder-el-7  el_after_av_textblock  avia-builder-el-last '><a href='https:\/\/www.komunariko.at\/relaunch-2020\/wp-content\/uploads\/2021\/03\/Druckfahne_fokus_schober-ehmer.indd_.pdf'  class='avia-button av-kmt4zeoj-85c198344893e448b4e3718fb9bf3c53 av-link-btn avia-icon_select-yes-left-icon avia-size-medium avia-position-left avia-color-theme-color'  target=\"_blank\"  rel=\"noopener noreferrer\"  aria-label=\"Read article\"><span class='avia_button_icon avia_button_icon_left avia-iconfont avia-font-entypo-fontello' data-av_icon='\ue832' data-av_iconfont='entypo-fontello' ><\/span><span class='avia_iconbox_title' >Read article<\/span><\/a><\/div><\/p><\/div>\n<style type=\"text\/css\" data-created_by=\"avia_inline_auto\" id=\"style-css-av-9xslr-834ee014233e510fbb39a138164bc104\">\n.flex_column.av-9xslr-834ee014233e510fbb39a138164bc104{\nborder-radius:0px 0px 0px 0px;\npadding:0px 0px 0px 0px;\n}\n<\/style>\n<div  class='flex_column av-9xslr-834ee014233e510fbb39a138164bc104 av_one_third  avia-builder-el-8  el_after_av_two_fifth  el_before_av_one_fourth  flex_column_div av-zero-column-padding  '     ><\/div>\n<style type=\"text\/css\" data-created_by=\"avia_inline_auto\" id=\"style-css-av-9xslr-0fa89eeb1346739c244afc07de921387\">\n.flex_column.av-9xslr-0fa89eeb1346739c244afc07de921387{\nborder-radius:0px 0px 0px 0px;\npadding:0px 0px 0px 0px;\n}\n<\/style>\n<div  class='flex_column av-9xslr-0fa89eeb1346739c244afc07de921387 av_one_fourth  avia-builder-el-9  el_after_av_one_third  el_before_av_two_fifth  first flex_column_div av-zero-column-padding  column-top-margin'     ><\/div>\n<style type=\"text\/css\" data-created_by=\"avia_inline_auto\" id=\"style-css-av-9xslr-834ee014233e510fbb39a138164bc104\">\n.flex_column.av-9xslr-834ee014233e510fbb39a138164bc104{\nborder-radius:0px 0px 0px 0px;\npadding:0px 0px 0px 0px;\n}\n<\/style>\n<div  class='flex_column av-9xslr-834ee014233e510fbb39a138164bc104 av_two_fifth  avia-builder-el-10  el_after_av_one_fourth  el_before_av_one_third  flex_column_div av-zero-column-padding  column-top-margin'     ><\/div>\n<style type=\"text\/css\" data-created_by=\"avia_inline_auto\" id=\"style-css-av-9xslr-834ee014233e510fbb39a138164bc104\">\n.flex_column.av-9xslr-834ee014233e510fbb39a138164bc104{\nborder-radius:0px 0px 0px 0px;\npadding:0px 0px 0px 0px;\n}\n<\/style>\n<div  class='flex_column av-9xslr-834ee014233e510fbb39a138164bc104 av_one_third  avia-builder-el-11  el_after_av_two_fifth  avia-builder-el-last  flex_column_div av-zero-column-padding  column-top-margin'     ><\/div><\/p>\n","protected":false},"excerpt":{"rendered":"","protected":false},"author":5,"featured_media":0,"parent":0,"menu_order":0,"comment_status":"closed","ping_status":"closed","template":"","meta":{"footnotes":""},"class_list":["post-6891","page","type-page","status-publish","hentry"],"yoast_head":"<!-- This site is optimized with the Yoast SEO plugin v24.7 - https:\/\/yoast.com\/wordpress\/plugins\/seo\/ -->\n<title>Publications - komunariko - Beratung. Training. Coaching.<\/title>\n<meta name=\"robots\" content=\"index, follow, max-snippet:-1, max-image-preview:large, max-video-preview:-1\" \/>\n<link rel=\"canonical\" href=\"https:\/\/www.komunariko.at\/en\/publications\/\" \/>\n<meta property=\"og:locale\" content=\"en_US\" \/>\n<meta property=\"og:type\" content=\"article\" \/>\n<meta property=\"og:title\" content=\"Publications - komunariko - Beratung. Training. Coaching.\" \/>\n<meta property=\"og:url\" content=\"https:\/\/www.komunariko.at\/en\/publications\/\" \/>\n<meta property=\"og:site_name\" content=\"komunariko - Beratung. Training. Coaching.\" \/>\n<meta name=\"twitter:card\" content=\"summary_large_image\" \/>\n<meta name=\"twitter:label1\" content=\"Est. reading time\" \/>\n\t<meta name=\"twitter:data1\" content=\"5 minutes\" \/>\n<script type=\"application\/ld+json\" class=\"yoast-schema-graph\">{\"@context\":\"https:\/\/schema.org\",\"@graph\":[{\"@type\":\"WebPage\",\"@id\":\"https:\/\/www.komunariko.at\/en\/publications\/\",\"url\":\"https:\/\/www.komunariko.at\/en\/publications\/\",\"name\":\"Publications - komunariko - Beratung. Training. Coaching.\",\"isPartOf\":{\"@id\":\"https:\/\/www.komunariko.at\/en\/#website\"},\"datePublished\":\"2021-03-28T12:15:56+00:00\",\"breadcrumb\":{\"@id\":\"https:\/\/www.komunariko.at\/en\/publications\/#breadcrumb\"},\"inLanguage\":\"en-US\",\"potentialAction\":[{\"@type\":\"ReadAction\",\"target\":[\"https:\/\/www.komunariko.at\/en\/publications\/\"]}]},{\"@type\":\"BreadcrumbList\",\"@id\":\"https:\/\/www.komunariko.at\/en\/publications\/#breadcrumb\",\"itemListElement\":[{\"@type\":\"ListItem\",\"position\":1,\"name\":\"Home\",\"item\":\"https:\/\/www.komunariko.at\/en\/\"},{\"@type\":\"ListItem\",\"position\":2,\"name\":\"Publications\"}]},{\"@type\":\"WebSite\",\"@id\":\"https:\/\/www.komunariko.at\/en\/#website\",\"url\":\"https:\/\/www.komunariko.at\/en\/\",\"name\":\"komunariko - Beratung. Training. Coaching.\",\"description\":\"Ma\u00dfgeschneiderte L\u00f6sungen f\u00fcr Organisationsentwicklung,  F\u00fchrungs- und Kommunkationskompetenz. Wir begleiten Menschen, Unternehmen und Organisationen in Zeiten der Entwicklung und des Wandels \u2013 und das seit 35 Jahren, mit Sitz in Salzburg.\",\"potentialAction\":[{\"@type\":\"SearchAction\",\"target\":{\"@type\":\"EntryPoint\",\"urlTemplate\":\"https:\/\/www.komunariko.at\/en\/?s={search_term_string}\"},\"query-input\":{\"@type\":\"PropertyValueSpecification\",\"valueRequired\":true,\"valueName\":\"search_term_string\"}}],\"inLanguage\":\"en-US\"}]}<\/script>\n<!-- \/ Yoast SEO plugin. -->","yoast_head_json":{"title":"Publications - komunariko - Beratung. Training. Coaching.","robots":{"index":"index","follow":"follow","max-snippet":"max-snippet:-1","max-image-preview":"max-image-preview:large","max-video-preview":"max-video-preview:-1"},"canonical":"https:\/\/www.komunariko.at\/en\/publications\/","og_locale":"en_US","og_type":"article","og_title":"Publications - komunariko - Beratung. Training. Coaching.","og_url":"https:\/\/www.komunariko.at\/en\/publications\/","og_site_name":"komunariko - Beratung. Training. Coaching.","twitter_card":"summary_large_image","twitter_misc":{"Est. reading time":"5 minutes"},"schema":{"@context":"https:\/\/schema.org","@graph":[{"@type":"WebPage","@id":"https:\/\/www.komunariko.at\/en\/publications\/","url":"https:\/\/www.komunariko.at\/en\/publications\/","name":"Publications - komunariko - Beratung. Training. Coaching.","isPartOf":{"@id":"https:\/\/www.komunariko.at\/en\/#website"},"datePublished":"2021-03-28T12:15:56+00:00","breadcrumb":{"@id":"https:\/\/www.komunariko.at\/en\/publications\/#breadcrumb"},"inLanguage":"en-US","potentialAction":[{"@type":"ReadAction","target":["https:\/\/www.komunariko.at\/en\/publications\/"]}]},{"@type":"BreadcrumbList","@id":"https:\/\/www.komunariko.at\/en\/publications\/#breadcrumb","itemListElement":[{"@type":"ListItem","position":1,"name":"Home","item":"https:\/\/www.komunariko.at\/en\/"},{"@type":"ListItem","position":2,"name":"Publications"}]},{"@type":"WebSite","@id":"https:\/\/www.komunariko.at\/en\/#website","url":"https:\/\/www.komunariko.at\/en\/","name":"komunariko - Beratung. Training. Coaching.","description":"Ma\u00dfgeschneiderte L\u00f6sungen f\u00fcr Organisationsentwicklung,  F\u00fchrungs- und Kommunkationskompetenz. Wir begleiten Menschen, Unternehmen und Organisationen in Zeiten der Entwicklung und des Wandels \u2013 und das seit 35 Jahren, mit Sitz in Salzburg.","potentialAction":[{"@type":"SearchAction","target":{"@type":"EntryPoint","urlTemplate":"https:\/\/www.komunariko.at\/en\/?s={search_term_string}"},"query-input":{"@type":"PropertyValueSpecification","valueRequired":true,"valueName":"search_term_string"}}],"inLanguage":"en-US"}]}},"_links":{"self":[{"href":"https:\/\/www.komunariko.at\/en\/wp-json\/wp\/v2\/pages\/6891","targetHints":{"allow":["GET"]}}],"collection":[{"href":"https:\/\/www.komunariko.at\/en\/wp-json\/wp\/v2\/pages"}],"about":[{"href":"https:\/\/www.komunariko.at\/en\/wp-json\/wp\/v2\/types\/page"}],"author":[{"embeddable":true,"href":"https:\/\/www.komunariko.at\/en\/wp-json\/wp\/v2\/users\/5"}],"replies":[{"embeddable":true,"href":"https:\/\/www.komunariko.at\/en\/wp-json\/wp\/v2\/comments?post=6891"}],"version-history":[{"count":0,"href":"https:\/\/www.komunariko.at\/en\/wp-json\/wp\/v2\/pages\/6891\/revisions"}],"wp:attachment":[{"href":"https:\/\/www.komunariko.at\/en\/wp-json\/wp\/v2\/media?parent=6891"}],"curies":[{"name":"wp","href":"https:\/\/api.w.org\/{rel}","templated":true}]}}