{"id":6892,"date":"2020-07-07T11:23:15","date_gmt":"2020-07-07T09:23:15","guid":{"rendered":"https:\/\/www.komunariko.at\/login\/"},"modified":"2020-07-07T11:23:15","modified_gmt":"2020-07-07T09:23:15","slug":"login","status":"publish","type":"page","link":"https:\/\/www.komunariko.at\/en\/login\/","title":{"rendered":"Login"},"content":{"rendered":"\n<div class=\"w3eden\">\r\n    <div id=\"wpdmlogin\" >\r\n        \r\n\r\n\r\n\r\n\r\n\r\n        \r\n\r\n        <form name=\"loginform\" id=\"loginform\" action=\"\" method=\"post\" class=\"login-form\" >\r\n\r\n            <input type=\"hidden\" name=\"permalink\" value=\"https:\/\/www.komunariko.at\/en\/login\/\" \/>\r\n\r\n            <div id=\"__signin_msg\"><\/div>\r\n\r\n\r\n            \r\n            <input type='hidden' name='__phash' id='__phash' value='DrjK9XOdr-MjRl8WpmnMzX-Vyffl9cx-4fbW6BRLvoZZlnty80G-KWtr5SoW8BAom6Su-2uInOQmu4llqIWa_A'  \/><div class='form-group ' id='row_log'><div class='input-wrapper text-input-wrapper' id='row_log_wrapper'><label form='log'>Login ID<\/label><input type='text' name='wpdm_login[log]' id='user_login' required='required' placeholder='Username or Email' class='form-control'  \/><\/div><\/div><div class='form-group ' id='row_password'><div class='input-wrapper password-input-wrapper' id='row_password_wrapper'><label form='password'>Password<\/label><input type='password' name='wpdm_login[pwd]' id='password' required='required' placeholder='Enter Password' strength='0' class='form-control'  \/><\/div><\/div>\r\n\r\n            \r\n                        \r\n            <div class=\"row login-form-meta-text text-muted mb-3\" style=\"font-size: 10px\">\r\n                <div class=\"col-md-5\"><label><input class=\"wpdm-checkbox\" name=\"rememberme\" type=\"checkbox\" id=\"rememberme\" value=\"forever\" \/>Remember Me<\/label><\/div>\r\n                <div class=\"col-md-7 text-right\"><a class=\"color-blue\" href=\"https:\/\/www.komunariko.at\/login\/?action=lostpassword\">Forgot Password?<\/a><\/div>\r\n            <\/div>\r\n\r\n            <div class=\"row\">\r\n                <div class=\"col-md-12\"><button type=\"submit\" name=\"wp-submit\" id=\"loginform-submit\" class=\"btn btn-block btn-primary btn-lg\"><i class=\"fas fa-user-shield\"><\/i> &nbsp;Login<\/button><\/div>\r\n                            <\/div>\r\n\r\n            <div class=\"row\">\r\n                            <\/div>\r\n\r\n\r\n            <input type=\"hidden\" name=\"redirect_to\" value=\"\/en\/wp-json\/wp\/v2\/pages\/6892\" \/>\r\n\r\n\r\n\r\n        <\/form>\r\n\r\n\r\n\r\n        \r\n    <\/div>\r\n\r\n\r\n<\/div>\r\n<script>\r\n    jQuery(function ($) {\r\n                var llbl = $('#loginform-submit').html();\r\n        $('#loginform').submit(function () {\r\n            $('#loginform-submit').html(WPDM.html(\"i\", \"\", \"fa fa-spin fa-sync\")+\" Logging In...\").attr('disabled', 'disabled');\r\n            WPDM.blockUI('#loginform');\r\n            $(this).ajaxSubmit({\r\n                error: async function(error) {\r\n                    WPDM.unblockUI('#loginform');\r\n                    console.log(error);\r\n                    if(typeof error.responseJSON !== 'undefined') {\r\n                    $('#loginform').prepend(WPDM.html(\"div\", error.responseJSON.messages, \"alert alert-danger\"));\r\n                    $('#loginform-submit').html(llbl).removeAttr('disabled');\r\n                                        } else {\r\n                        setTimeout(function () {\r\n                            location.href = \"\/en\/wp-json\/wp\/v2\/pages\/6892\";\r\n                        }, 1000);\r\n                    }\r\n                },\r\n                success: async function (res) {\r\n                    WPDM.unblockUI('#loginform');\r\n                    if (!res.success) {\r\n                        $('form .alert-danger').hide();\r\n                        $('#loginform').prepend(WPDM.html(\"div\", res.message, \"alert alert-danger\"));\r\n                        $('#loginform-submit').html(llbl).removeAttr('disabled');\r\n                                            } else {\r\n                        let proceed = await WPDM.doAction(\"wpdm_user_login\", res);\r\n                        $('#loginform-submit').html(WPDM.html(\"i\", \"\", \"fa fa-sun fa-spider\") + \" \" + res.message);\r\n                        setTimeout(function () {\r\n                            location.href = \"\/en\/wp-json\/wp\/v2\/pages\/6892\";\r\n                        }, 1000);\r\n                    }\r\n                }\r\n            });\r\n            return false;\r\n        });\r\n                $('body').on('click', 'form .alert-danger', function(){\r\n            $(this).slideUp();\r\n        });\r\n\r\n    });\r\n<\/script>\r\n\n","protected":false},"excerpt":{"rendered":"","protected":false},"author":1,"featured_media":0,"parent":0,"menu_order":0,"comment_status":"closed","ping_status":"closed","template":"","meta":{"footnotes":""},"class_list":["post-6892","page","type-page","status-publish","hentry"],"yoast_head":"<!-- This site is optimized with the Yoast SEO plugin v24.7 - https:\/\/yoast.com\/wordpress\/plugins\/seo\/ -->\n<title>Login - komunariko - Beratung. Training. Coaching.<\/title>\n<meta name=\"robots\" content=\"noindex, follow\" \/>\n<meta property=\"og:locale\" content=\"en_US\" \/>\n<meta property=\"og:type\" content=\"article\" \/>\n<meta property=\"og:title\" content=\"Login - komunariko - Beratung. Training. Coaching.\" \/>\n<meta property=\"og:url\" content=\"https:\/\/www.komunariko.at\/en\/login\/\" \/>\n<meta property=\"og:site_name\" content=\"komunariko - Beratung. Training. Coaching.\" \/>\n<meta name=\"twitter:card\" content=\"summary_large_image\" \/>\n<script type=\"application\/ld+json\" class=\"yoast-schema-graph\">{\"@context\":\"https:\/\/schema.org\",\"@graph\":[{\"@type\":\"WebPage\",\"@id\":\"https:\/\/www.komunariko.at\/en\/login\/\",\"url\":\"https:\/\/www.komunariko.at\/en\/login\/\",\"name\":\"Login - komunariko - Beratung. Training. Coaching.\",\"isPartOf\":{\"@id\":\"https:\/\/www.komunariko.at\/en\/#website\"},\"datePublished\":\"2020-07-07T09:23:15+00:00\",\"breadcrumb\":{\"@id\":\"https:\/\/www.komunariko.at\/en\/login\/#breadcrumb\"},\"inLanguage\":\"en-US\",\"potentialAction\":[{\"@type\":\"ReadAction\",\"target\":[\"https:\/\/www.komunariko.at\/en\/login\/\"]}]},{\"@type\":\"BreadcrumbList\",\"@id\":\"https:\/\/www.komunariko.at\/en\/login\/#breadcrumb\",\"itemListElement\":[{\"@type\":\"ListItem\",\"position\":1,\"name\":\"Home\",\"item\":\"https:\/\/www.komunariko.at\/en\/\"},{\"@type\":\"ListItem\",\"position\":2,\"name\":\"Login\"}]},{\"@type\":\"WebSite\",\"@id\":\"https:\/\/www.komunariko.at\/en\/#website\",\"url\":\"https:\/\/www.komunariko.at\/en\/\",\"name\":\"komunariko - Beratung. Training. Coaching.\",\"description\":\"Ma\u00dfgeschneiderte L\u00f6sungen f\u00fcr Organisationsentwicklung,  F\u00fchrungs- und Kommunkationskompetenz. Wir begleiten Menschen, Unternehmen und Organisationen in Zeiten der Entwicklung und des Wandels \u2013 und das seit 35 Jahren, mit Sitz in Salzburg.\",\"potentialAction\":[{\"@type\":\"SearchAction\",\"target\":{\"@type\":\"EntryPoint\",\"urlTemplate\":\"https:\/\/www.komunariko.at\/en\/?s={search_term_string}\"},\"query-input\":{\"@type\":\"PropertyValueSpecification\",\"valueRequired\":true,\"valueName\":\"search_term_string\"}}],\"inLanguage\":\"en-US\"}]}<\/script>\n<!-- \/ Yoast SEO plugin. -->","yoast_head_json":{"title":"Login - komunariko - Beratung. Training. Coaching.","robots":{"index":"noindex","follow":"follow"},"og_locale":"en_US","og_type":"article","og_title":"Login - komunariko - Beratung. Training. Coaching.","og_url":"https:\/\/www.komunariko.at\/en\/login\/","og_site_name":"komunariko - Beratung. Training. Coaching.","twitter_card":"summary_large_image","schema":{"@context":"https:\/\/schema.org","@graph":[{"@type":"WebPage","@id":"https:\/\/www.komunariko.at\/en\/login\/","url":"https:\/\/www.komunariko.at\/en\/login\/","name":"Login - komunariko - Beratung. Training. Coaching.","isPartOf":{"@id":"https:\/\/www.komunariko.at\/en\/#website"},"datePublished":"2020-07-07T09:23:15+00:00","breadcrumb":{"@id":"https:\/\/www.komunariko.at\/en\/login\/#breadcrumb"},"inLanguage":"en-US","potentialAction":[{"@type":"ReadAction","target":["https:\/\/www.komunariko.at\/en\/login\/"]}]},{"@type":"BreadcrumbList","@id":"https:\/\/www.komunariko.at\/en\/login\/#breadcrumb","itemListElement":[{"@type":"ListItem","position":1,"name":"Home","item":"https:\/\/www.komunariko.at\/en\/"},{"@type":"ListItem","position":2,"name":"Login"}]},{"@type":"WebSite","@id":"https:\/\/www.komunariko.at\/en\/#website","url":"https:\/\/www.komunariko.at\/en\/","name":"komunariko - Beratung. Training. Coaching.","description":"Ma\u00dfgeschneiderte L\u00f6sungen f\u00fcr Organisationsentwicklung,  F\u00fchrungs- und Kommunkationskompetenz. Wir begleiten Menschen, Unternehmen und Organisationen in Zeiten der Entwicklung und des Wandels \u2013 und das seit 35 Jahren, mit Sitz in Salzburg.","potentialAction":[{"@type":"SearchAction","target":{"@type":"EntryPoint","urlTemplate":"https:\/\/www.komunariko.at\/en\/?s={search_term_string}"},"query-input":{"@type":"PropertyValueSpecification","valueRequired":true,"valueName":"search_term_string"}}],"inLanguage":"en-US"}]}},"_links":{"self":[{"href":"https:\/\/www.komunariko.at\/en\/wp-json\/wp\/v2\/pages\/6892","targetHints":{"allow":["GET"]}}],"collection":[{"href":"https:\/\/www.komunariko.at\/en\/wp-json\/wp\/v2\/pages"}],"about":[{"href":"https:\/\/www.komunariko.at\/en\/wp-json\/wp\/v2\/types\/page"}],"author":[{"embeddable":true,"href":"https:\/\/www.komunariko.at\/en\/wp-json\/wp\/v2\/users\/1"}],"replies":[{"embeddable":true,"href":"https:\/\/www.komunariko.at\/en\/wp-json\/wp\/v2\/comments?post=6892"}],"version-history":[{"count":0,"href":"https:\/\/www.komunariko.at\/en\/wp-json\/wp\/v2\/pages\/6892\/revisions"}],"wp:attachment":[{"href":"https:\/\/www.komunariko.at\/en\/wp-json\/wp\/v2\/media?parent=6892"}],"curies":[{"name":"wp","href":"https:\/\/api.w.org\/{rel}","templated":true}]}}