{"id":6894,"date":"2020-07-06T10:36:02","date_gmt":"2020-07-06T08:36:02","guid":{"rendered":"https:\/\/www.komunariko.at\/topics\/"},"modified":"2025-07-22T19:01:44","modified_gmt":"2025-07-22T17:01:44","slug":"topics","status":"publish","type":"page","link":"https:\/\/www.komunariko.at\/en\/topics\/","title":{"rendered":"Topics"},"content":{"rendered":"\n<style type=\"text\/css\" data-created_by=\"avia_inline_auto\" id=\"style-css-av-w4mb9-153f3d34569c0a7b289020eaa9fb3f63\">\n.flex_column.av-w4mb9-153f3d34569c0a7b289020eaa9fb3f63{\nborder-radius:0px 0px 0px 0px;\npadding:0px 0px 0px 0px;\n}\n<\/style>\n<div  class='flex_column av-w4mb9-153f3d34569c0a7b289020eaa9fb3f63 av_one_full  avia-builder-el-0  el_before_av_one_third  avia-builder-el-first  first flex_column_div av-zero-column-padding  '     ><style type=\"text\/css\" data-created_by=\"avia_inline_auto\" id=\"style-css-av-km0etah2-92725cd983c974f59ddd39f1b90938d6\">\n#top .av-special-heading.av-km0etah2-92725cd983c974f59ddd39f1b90938d6{\npadding-bottom:10px;\n}\nbody .av-special-heading.av-km0etah2-92725cd983c974f59ddd39f1b90938d6 .av-special-heading-tag .heading-char{\nfont-size:25px;\n}\n.av-special-heading.av-km0etah2-92725cd983c974f59ddd39f1b90938d6 .av-subheading{\nfont-size:15px;\n}\n<\/style>\n<div  class='av-special-heading av-km0etah2-92725cd983c974f59ddd39f1b90938d6 av-special-heading-h1  avia-builder-el-1  avia-builder-el-no-sibling '><h1 class='av-special-heading-tag '  itemprop=\"headline\"  >Topics<\/h1><div class=\"special-heading-border\"><div class=\"special-heading-inner-border\"><\/div><\/div><\/div><\/div>\n\n<style type=\"text\/css\" data-created_by=\"avia_inline_auto\" id=\"style-css-av-682cb9-a1fa67fd7679cb6babe4444507208487\">\n.flex_column.av-682cb9-a1fa67fd7679cb6babe4444507208487{\nborder-radius:0px 0px 0px 0px;\npadding:0px 0px 0px 0px;\n}\n<\/style>\n<div  class='flex_column av-682cb9-a1fa67fd7679cb6babe4444507208487 av_one_third  avia-builder-el-2  el_after_av_one_full  el_before_av_one_third  first flex_column_div av-zero-column-padding  column-top-margin'     ><section  class='avia-team-member av-kk2li8wt-64024f5a544e34eb3aaeeae198025935  avia-builder-el-3  avia-builder-el-no-sibling '  itemscope=\"itemscope\" itemtype=\"https:\/\/schema.org\/Person\" ><div class=\"team-img-container\"><img decoding=\"async\" fetchpriority=\"high\" class='wp-image-6549 avia-img-lazy-loading-not-6549 avia_image avia_image_team' src=\"https:\/\/www.komunariko.at\/wp-content\/uploads\/2021\/03\/kommunikation-organisation.jpg\" alt='Communication'  itemprop=\"image\"   height=\"360\" width=\"900\" srcset=\"https:\/\/www.komunariko.at\/wp-content\/uploads\/2021\/03\/kommunikation-organisation.jpg 900w, https:\/\/www.komunariko.at\/wp-content\/uploads\/2021\/03\/kommunikation-organisation-300x120.jpg 300w, https:\/\/www.komunariko.at\/wp-content\/uploads\/2021\/03\/kommunikation-organisation-768x307.jpg 768w, https:\/\/www.komunariko.at\/wp-content\/uploads\/2021\/03\/kommunikation-organisation-705x282.jpg 705w\" sizes=\"(max-width: 900px) 100vw, 900px\" \/><div class=\"team-social\"><div class=\"team-social-inner\"><span class='hidden av_member_url_markup '  itemprop=\"url\" >https:\/\/www.komunariko.at\/en\/topics\/communication\/<\/span><a href='https:\/\/www.komunariko.at\/en\/topics\/communication\/' class='avia-team-icon av-8qsdh1-99e877acdcdbb33e5ce312225423c2a1 avia-iconfont avia-font-entypo-fontello' rel='v:url' data-avia-tooltip=\"Learn more\"  data-av_icon='\ue875' data-av_iconfont='entypo-fontello' ><\/a><\/div><\/div><\/div><h3 class='team-member-name '  itemprop=\"name\" >Communication<\/h3><div class='team-member-job-title '  itemprop=\"jobTitle\" >komunariko and communication \u2013 they\u2019ve gone hand in hand for over 35 years. Our view is simple: without effective communication, there can be no true understanding, no trust, no alignment, and no meaningful collaboration.  Even the most agile leadership or the most enthusiastic team-building efforts won\u2019t make up for it. Communication is the foundation of all collaboration.<\/div><span class='hidden team-member-affiliation'  itemprop=\"affiliation\" >komunariko - Beratung. Training. Coaching.<\/span><\/section><\/div>\n<style type=\"text\/css\" data-created_by=\"avia_inline_auto\" id=\"style-css-av-682cb9-8a9a436013223d985e724aa165b83413\">\n.flex_column.av-682cb9-8a9a436013223d985e724aa165b83413{\nborder-radius:0px 0px 0px 0px;\npadding:0px 0px 0px 0px;\n}\n<\/style>\n<div  class='flex_column av-682cb9-8a9a436013223d985e724aa165b83413 av_one_third  avia-builder-el-4  el_after_av_one_third  el_before_av_one_third  flex_column_div av-zero-column-padding  column-top-margin'     ><section  class='avia-team-member av-kk2li8wt-08466860304931fc558be2a2edcb5c0a  avia-builder-el-5  avia-builder-el-no-sibling '  itemscope=\"itemscope\" itemtype=\"https:\/\/schema.org\/Person\" ><div class=\"team-img-container\"><img decoding=\"async\" fetchpriority=\"high\" class='wp-image-6545 avia-img-lazy-loading-not-6545 avia_image avia_image_team' src=\"https:\/\/www.komunariko.at\/wp-content\/uploads\/2021\/03\/organisation-veraenderung-2.jpg\" alt='Organisation and Change'  itemprop=\"image\"   height=\"340\" width=\"900\" srcset=\"https:\/\/www.komunariko.at\/wp-content\/uploads\/2021\/03\/organisation-veraenderung-2.jpg 900w, https:\/\/www.komunariko.at\/wp-content\/uploads\/2021\/03\/organisation-veraenderung-2-300x113.jpg 300w, https:\/\/www.komunariko.at\/wp-content\/uploads\/2021\/03\/organisation-veraenderung-2-768x290.jpg 768w, https:\/\/www.komunariko.at\/wp-content\/uploads\/2021\/03\/organisation-veraenderung-2-705x266.jpg 705w\" sizes=\"(max-width: 900px) 100vw, 900px\" \/><div class=\"team-social\"><div class=\"team-social-inner\"><span class='hidden av_member_url_markup '  itemprop=\"url\" >https:\/\/www.komunariko.at\/en\/topics\/organization-and-change\/<\/span><a href='https:\/\/www.komunariko.at\/en\/topics\/organization-and-change\/' class='avia-team-icon av-73vj5x-5c19957dd537b2cd9ebd14b51dacdefc avia-iconfont avia-font-entypo-fontello' rel='v:url' data-avia-tooltip=\"Learn more\"  data-av_icon='\ue879' data-av_iconfont='entypo-fontello' ><\/a><\/div><\/div><\/div><h3 class='team-member-name '  itemprop=\"name\" >Organisation and Change<\/h3><div class='team-member-job-title '  itemprop=\"jobTitle\" >Organizations without change are unthinkable \u2013 yet allowing, guiding, and shaping change is an art in itself. Mastering this art has become a key success factor for companies, especially in environments that are increasingly complex, uncertain, and difficult to navigate.<\/div><span class='hidden team-member-affiliation'  itemprop=\"affiliation\" >komunariko - Beratung. Training. Coaching.<\/span><\/section><\/div>\n<style type=\"text\/css\" data-created_by=\"avia_inline_auto\" id=\"style-css-av-682cb9-fd134dcc401b568c95d2505a47103cdf\">\n.flex_column.av-682cb9-fd134dcc401b568c95d2505a47103cdf{\nborder-radius:0px 0px 0px 0px;\npadding:0px 0px 0px 0px;\n}\n<\/style>\n<div  class='flex_column av-682cb9-fd134dcc401b568c95d2505a47103cdf av_one_third  avia-builder-el-6  el_after_av_one_third  el_before_av_one_half  flex_column_div av-zero-column-padding  column-top-margin'     ><section  class='avia-team-member av-kk2li8wt-1b1c58797db492d7a9e62ed050313b06  avia-builder-el-7  avia-builder-el-no-sibling '  itemscope=\"itemscope\" itemtype=\"https:\/\/schema.org\/Person\" ><div class=\"team-img-container\"><img decoding=\"async\" fetchpriority=\"high\" class='wp-image-6562 avia-img-lazy-loading-not-6562 avia_image avia_image_team' src=\"https:\/\/www.komunariko.at\/wp-content\/uploads\/2021\/03\/fuehrung--845x321.jpg\" alt='Leadership'  itemprop=\"image\"   height=\"321\" width=\"845\" \/><div class=\"team-social\"><div class=\"team-social-inner\"><span class='hidden av_member_url_markup '  itemprop=\"url\" >\/relaunch-2020\/wirkungsfelder\/fuehrung-in-organisationen\/<\/span><a href='\/relaunch-2020\/wirkungsfelder\/fuehrung-in-organisationen\/' class='avia-team-icon av-5a6k9x-41a5811056d72abb9df4b4fc7c1d1e4d avia-iconfont avia-font-entypo-fontello' rel='v:url' data-avia-tooltip=\"Learn more\"  data-av_icon='\ue879' data-av_iconfont='entypo-fontello' ><\/a><\/div><\/div><\/div><h3 class='team-member-name '  itemprop=\"name\" >Leadership<\/h3><div class='team-member-job-title '  itemprop=\"jobTitle\" >When the term \"leadership\" comes up in organizations, it\u2019s often associated with the top executive\u2014the boss. But for us, leadership means much more: it is the central lever for steering and developing organizations and businesses.<\/div><span class='hidden team-member-affiliation'  itemprop=\"affiliation\" >komunariko - Beratung. Training. Coaching.<\/span><\/section><\/div>\n<style type=\"text\/css\" data-created_by=\"avia_inline_auto\" id=\"style-css-av-682cb9-5fe69538925b51c35f5d35da777e23c7\">\n.flex_column.av-682cb9-5fe69538925b51c35f5d35da777e23c7{\nborder-radius:0px 0px 0px 0px;\npadding:0px 0px 0px 0px;\n}\n<\/style>\n<div  class='flex_column av-682cb9-5fe69538925b51c35f5d35da777e23c7 av_one_half  avia-builder-el-8  el_after_av_one_third  el_before_av_one_half  first flex_column_div av-zero-column-padding  column-top-margin'     ><section  class='avia-team-member av-kk2li8wt-1080a39ee076e9090f0ccdb5379c6b84  avia-builder-el-9  avia-builder-el-no-sibling '  itemscope=\"itemscope\" itemtype=\"https:\/\/schema.org\/Person\" ><div class=\"team-img-container\"><img decoding=\"async\" fetchpriority=\"high\" class='wp-image-6587 avia-img-lazy-loading-not-6587 avia_image avia_image_team' src=\"https:\/\/www.komunariko.at\/wp-content\/uploads\/2021\/04\/teams-kooperation.jpg\" alt='Teams and Collaboration'  itemprop=\"image\"   height=\"361\" width=\"900\" srcset=\"https:\/\/www.komunariko.at\/wp-content\/uploads\/2021\/04\/teams-kooperation.jpg 900w, https:\/\/www.komunariko.at\/wp-content\/uploads\/2021\/04\/teams-kooperation-300x120.jpg 300w, https:\/\/www.komunariko.at\/wp-content\/uploads\/2021\/04\/teams-kooperation-768x308.jpg 768w, https:\/\/www.komunariko.at\/wp-content\/uploads\/2021\/04\/teams-kooperation-705x283.jpg 705w\" sizes=\"(max-width: 900px) 100vw, 900px\" \/><div class=\"team-social\"><div class=\"team-social-inner\"><span class='hidden av_member_url_markup '  itemprop=\"url\" >https:\/\/www.komunariko.at\/en\/topics\/teams-cooperation\/<\/span><a href='https:\/\/www.komunariko.at\/en\/topics\/teams-cooperation\/' class='avia-team-icon av-4h93zp-bab1ccedb58e77df57fd8971376f972c avia-iconfont avia-font-entypo-fontello' rel='v:url' data-avia-tooltip=\"Learn more\"  data-av_icon='\ue879' data-av_iconfont='entypo-fontello' ><\/a><\/div><\/div><\/div><h3 class='team-member-name '  itemprop=\"name\" >Teams and Collaboration<\/h3><div class='team-member-job-title '  itemprop=\"jobTitle\" >Together, we\u2019re simply better\u2014or at least we could be. The key question is: under what conditions can teams or groups collaborate in a way that is truly motivated, (co-)creative, and productive\u2014so that collective intelligence can unfold and significantly amplify shared performance and outcomes.<\/div><span class='hidden team-member-affiliation'  itemprop=\"affiliation\" >komunariko - Beratung. Training. Coaching.<\/span><\/section><\/div>\n<style type=\"text\/css\" data-created_by=\"avia_inline_auto\" id=\"style-css-av-682cb9-8a9a436013223d985e724aa165b83413\">\n.flex_column.av-682cb9-8a9a436013223d985e724aa165b83413{\nborder-radius:0px 0px 0px 0px;\npadding:0px 0px 0px 0px;\n}\n<\/style>\n<div  class='flex_column av-682cb9-8a9a436013223d985e724aa165b83413 av_one_half  avia-builder-el-10  el_after_av_one_half  avia-builder-el-last  flex_column_div av-zero-column-padding  column-top-margin'     ><section  class='avia-team-member av-kk2li8wt-7161d8a4945a01f0da277ee56181a3ac  avia-builder-el-11  avia-builder-el-no-sibling '  itemscope=\"itemscope\" itemtype=\"https:\/\/schema.org\/Person\" ><div class=\"team-img-container\"><img decoding=\"async\" fetchpriority=\"high\" class='wp-image-6546 avia-img-lazy-loading-not-6546 avia_image avia_image_team' src=\"https:\/\/www.komunariko.at\/wp-content\/uploads\/2021\/03\/qualifizierung.jpg\" alt='Qualification'  itemprop=\"image\"   height=\"360\" width=\"900\" srcset=\"https:\/\/www.komunariko.at\/wp-content\/uploads\/2021\/03\/qualifizierung.jpg 900w, https:\/\/www.komunariko.at\/wp-content\/uploads\/2021\/03\/qualifizierung-300x120.jpg 300w, https:\/\/www.komunariko.at\/wp-content\/uploads\/2021\/03\/qualifizierung-768x307.jpg 768w, https:\/\/www.komunariko.at\/wp-content\/uploads\/2021\/03\/qualifizierung-705x282.jpg 705w\" sizes=\"(max-width: 900px) 100vw, 900px\" \/><div class=\"team-social\"><div class=\"team-social-inner\"><span class='hidden av_member_url_markup '  itemprop=\"url\" >https:\/\/www.komunariko.at\/en\/topics\/qualification\/<\/span><a href='https:\/\/www.komunariko.at\/en\/topics\/qualification\/' class='avia-team-icon av-2ydsvp-3cf4854ee328f93ef4f0fe5b8835257e avia-iconfont avia-font-entypo-fontello' rel='v:url' data-avia-tooltip=\"Learn more\"  data-av_icon='\ue879' data-av_iconfont='entypo-fontello' ><\/a><\/div><\/div><\/div><h3 class='team-member-name '  itemprop=\"name\" >Qualification<\/h3><div class='team-member-job-title '  itemprop=\"jobTitle\" >We live in a knowledge-based society. Lifelong learning has long been a cornerstone of any successful career. As a result, organizational change is often accompanied not only by the need for professional or personal development\u2014but also by a personal desire for it.<\/div><span class='hidden team-member-affiliation'  itemprop=\"affiliation\" >komunariko - Beratung. Training. Coaching.<\/span><\/section><\/div><\/p>\n","protected":false},"excerpt":{"rendered":"","protected":false},"author":1,"featured_media":0,"parent":0,"menu_order":0,"comment_status":"closed","ping_status":"closed","template":"","meta":{"footnotes":""},"class_list":["post-6894","page","type-page","status-publish","hentry"],"yoast_head":"<!-- This site is optimized with the Yoast SEO plugin v24.7 - https:\/\/yoast.com\/wordpress\/plugins\/seo\/ -->\n<title>Topics - komunariko - Beratung. Training. Coaching.<\/title>\n<meta name=\"robots\" content=\"index, follow, max-snippet:-1, max-image-preview:large, max-video-preview:-1\" \/>\n<link rel=\"canonical\" href=\"https:\/\/www.komunariko.at\/en\/topics\/\" \/>\n<meta property=\"og:locale\" content=\"en_US\" \/>\n<meta property=\"og:type\" content=\"article\" \/>\n<meta property=\"og:title\" content=\"Topics - komunariko - Beratung. Training. Coaching.\" \/>\n<meta property=\"og:url\" content=\"https:\/\/www.komunariko.at\/en\/topics\/\" \/>\n<meta property=\"og:site_name\" content=\"komunariko - Beratung. Training. Coaching.\" \/>\n<meta property=\"article:modified_time\" content=\"2025-07-22T17:01:44+00:00\" \/>\n<meta name=\"twitter:card\" content=\"summary_large_image\" \/>\n<meta name=\"twitter:label1\" content=\"Est. reading time\" \/>\n\t<meta name=\"twitter:data1\" content=\"3 minutes\" \/>\n<script type=\"application\/ld+json\" class=\"yoast-schema-graph\">{\"@context\":\"https:\/\/schema.org\",\"@graph\":[{\"@type\":\"WebPage\",\"@id\":\"https:\/\/www.komunariko.at\/en\/topics\/\",\"url\":\"https:\/\/www.komunariko.at\/en\/topics\/\",\"name\":\"Topics - komunariko - Beratung. Training. Coaching.\",\"isPartOf\":{\"@id\":\"https:\/\/www.komunariko.at\/en\/#website\"},\"datePublished\":\"2020-07-06T08:36:02+00:00\",\"dateModified\":\"2025-07-22T17:01:44+00:00\",\"breadcrumb\":{\"@id\":\"https:\/\/www.komunariko.at\/en\/topics\/#breadcrumb\"},\"inLanguage\":\"en-US\",\"potentialAction\":[{\"@type\":\"ReadAction\",\"target\":[\"https:\/\/www.komunariko.at\/en\/topics\/\"]}]},{\"@type\":\"BreadcrumbList\",\"@id\":\"https:\/\/www.komunariko.at\/en\/topics\/#breadcrumb\",\"itemListElement\":[{\"@type\":\"ListItem\",\"position\":1,\"name\":\"Home\",\"item\":\"https:\/\/www.komunariko.at\/en\/\"},{\"@type\":\"ListItem\",\"position\":2,\"name\":\"Topics\"}]},{\"@type\":\"WebSite\",\"@id\":\"https:\/\/www.komunariko.at\/en\/#website\",\"url\":\"https:\/\/www.komunariko.at\/en\/\",\"name\":\"komunariko - Beratung. Training. Coaching.\",\"description\":\"Ma\u00dfgeschneiderte L\u00f6sungen f\u00fcr Organisationsentwicklung,  F\u00fchrungs- und Kommunkationskompetenz. Wir begleiten Menschen, Unternehmen und Organisationen in Zeiten der Entwicklung und des Wandels \u2013 und das seit 35 Jahren, mit Sitz in Salzburg.\",\"potentialAction\":[{\"@type\":\"SearchAction\",\"target\":{\"@type\":\"EntryPoint\",\"urlTemplate\":\"https:\/\/www.komunariko.at\/en\/?s={search_term_string}\"},\"query-input\":{\"@type\":\"PropertyValueSpecification\",\"valueRequired\":true,\"valueName\":\"search_term_string\"}}],\"inLanguage\":\"en-US\"}]}<\/script>\n<!-- \/ Yoast SEO plugin. -->","yoast_head_json":{"title":"Topics - komunariko - Beratung. Training. Coaching.","robots":{"index":"index","follow":"follow","max-snippet":"max-snippet:-1","max-image-preview":"max-image-preview:large","max-video-preview":"max-video-preview:-1"},"canonical":"https:\/\/www.komunariko.at\/en\/topics\/","og_locale":"en_US","og_type":"article","og_title":"Topics - komunariko - Beratung. Training. Coaching.","og_url":"https:\/\/www.komunariko.at\/en\/topics\/","og_site_name":"komunariko - Beratung. Training. Coaching.","article_modified_time":"2025-07-22T17:01:44+00:00","twitter_card":"summary_large_image","twitter_misc":{"Est. reading time":"3 minutes"},"schema":{"@context":"https:\/\/schema.org","@graph":[{"@type":"WebPage","@id":"https:\/\/www.komunariko.at\/en\/topics\/","url":"https:\/\/www.komunariko.at\/en\/topics\/","name":"Topics - komunariko - Beratung. Training. Coaching.","isPartOf":{"@id":"https:\/\/www.komunariko.at\/en\/#website"},"datePublished":"2020-07-06T08:36:02+00:00","dateModified":"2025-07-22T17:01:44+00:00","breadcrumb":{"@id":"https:\/\/www.komunariko.at\/en\/topics\/#breadcrumb"},"inLanguage":"en-US","potentialAction":[{"@type":"ReadAction","target":["https:\/\/www.komunariko.at\/en\/topics\/"]}]},{"@type":"BreadcrumbList","@id":"https:\/\/www.komunariko.at\/en\/topics\/#breadcrumb","itemListElement":[{"@type":"ListItem","position":1,"name":"Home","item":"https:\/\/www.komunariko.at\/en\/"},{"@type":"ListItem","position":2,"name":"Topics"}]},{"@type":"WebSite","@id":"https:\/\/www.komunariko.at\/en\/#website","url":"https:\/\/www.komunariko.at\/en\/","name":"komunariko - Beratung. Training. Coaching.","description":"Ma\u00dfgeschneiderte L\u00f6sungen f\u00fcr Organisationsentwicklung,  F\u00fchrungs- und Kommunkationskompetenz. Wir begleiten Menschen, Unternehmen und Organisationen in Zeiten der Entwicklung und des Wandels \u2013 und das seit 35 Jahren, mit Sitz in Salzburg.","potentialAction":[{"@type":"SearchAction","target":{"@type":"EntryPoint","urlTemplate":"https:\/\/www.komunariko.at\/en\/?s={search_term_string}"},"query-input":{"@type":"PropertyValueSpecification","valueRequired":true,"valueName":"search_term_string"}}],"inLanguage":"en-US"}]}},"_links":{"self":[{"href":"https:\/\/www.komunariko.at\/en\/wp-json\/wp\/v2\/pages\/6894","targetHints":{"allow":["GET"]}}],"collection":[{"href":"https:\/\/www.komunariko.at\/en\/wp-json\/wp\/v2\/pages"}],"about":[{"href":"https:\/\/www.komunariko.at\/en\/wp-json\/wp\/v2\/types\/page"}],"author":[{"embeddable":true,"href":"https:\/\/www.komunariko.at\/en\/wp-json\/wp\/v2\/users\/1"}],"replies":[{"embeddable":true,"href":"https:\/\/www.komunariko.at\/en\/wp-json\/wp\/v2\/comments?post=6894"}],"version-history":[{"count":4,"href":"https:\/\/www.komunariko.at\/en\/wp-json\/wp\/v2\/pages\/6894\/revisions"}],"predecessor-version":[{"id":7323,"href":"https:\/\/www.komunariko.at\/en\/wp-json\/wp\/v2\/pages\/6894\/revisions\/7323"}],"wp:attachment":[{"href":"https:\/\/www.komunariko.at\/en\/wp-json\/wp\/v2\/media?parent=6894"}],"curies":[{"name":"wp","href":"https:\/\/api.w.org\/{rel}","templated":true}]}}