{"id":6903,"date":"2021-09-30T11:14:28","date_gmt":"2021-09-30T09:14:28","guid":{"rendered":"https:\/\/www.komunariko.at\/about-us\/team\/doris-schaefer\/"},"modified":"2025-06-11T22:16:52","modified_gmt":"2025-06-11T20:16:52","slug":"doris-schaefer","status":"publish","type":"page","link":"https:\/\/www.komunariko.at\/en\/about-us\/team\/doris-schaefer\/","title":{"rendered":"Doris Sch\u00e4fer"},"content":{"rendered":"\n<style type=\"text\/css\" data-created_by=\"avia_inline_auto\" id=\"style-css-av-9s1wp-81e3e101ab9db61570562d78ed441c20\">\n#top .av-special-heading.av-9s1wp-81e3e101ab9db61570562d78ed441c20{\npadding-bottom:10px;\n}\nbody .av-special-heading.av-9s1wp-81e3e101ab9db61570562d78ed441c20 .av-special-heading-tag .heading-char{\nfont-size:25px;\n}\n.av-special-heading.av-9s1wp-81e3e101ab9db61570562d78ed441c20 .av-subheading{\nfont-size:15px;\n}\n<\/style>\n<div  class='av-special-heading av-9s1wp-81e3e101ab9db61570562d78ed441c20 av-special-heading-h1  avia-builder-el-0  el_before_av_one_third  avia-builder-el-first  av-desktop-hide av-medium-hide av-small-hide'><h1 class='av-special-heading-tag '  itemprop=\"headline\"  >Mag. Doris Sch\u00e4fer<\/h1><div class=\"special-heading-border\"><div class=\"special-heading-inner-border\"><\/div><\/div><\/div>\n\n<style type=\"text\/css\" data-created_by=\"avia_inline_auto\" id=\"style-css-av-ehri86-2ea7b96f6338923d912da3d108df5fd4\">\n.flex_column.av-ehri86-2ea7b96f6338923d912da3d108df5fd4{\nborder-radius:0px 0px 0px 0px;\npadding:0px 0px 0px 0px;\n}\n<\/style>\n<div  class='flex_column av-ehri86-2ea7b96f6338923d912da3d108df5fd4 av_one_third  avia-builder-el-1  el_after_av_heading  el_before_av_two_third  first flex_column_div av-zero-column-padding  '     ><p>\n<style type=\"text\/css\" data-created_by=\"avia_inline_auto\" id=\"style-css-av-kjv8jqpy-6f79b808dc296025141a7f81797e8493\">\n.avia-image-container.av-kjv8jqpy-6f79b808dc296025141a7f81797e8493 img.avia_image{\nbox-shadow:none;\n}\n.avia-image-container.av-kjv8jqpy-6f79b808dc296025141a7f81797e8493 .av-image-caption-overlay-center{\ncolor:#ffffff;\n}\n<\/style>\n<div  class='avia-image-container av-kjv8jqpy-6f79b808dc296025141a7f81797e8493 av-styling- avia-align-center  avia-builder-el-2  el_before_av_textblock  avia-builder-el-first '   itemprop=\"image\" itemscope=\"itemscope\" itemtype=\"https:\/\/schema.org\/ImageObject\" ><div class=\"avia-image-container-inner\"><div class=\"avia-image-overlay-wrap\"><img decoding=\"async\" fetchpriority=\"high\" class='wp-image-6671 avia-img-lazy-loading-not-6671 avia_image ' src=\"https:\/\/www.komunariko.at\/wp-content\/uploads\/2023\/05\/Komunariko-4434-2-200x300.jpg\" alt='' title='Komunariko-4434-2'  height=\"300\" width=\"200\"  itemprop=\"thumbnailUrl\" srcset=\"https:\/\/www.komunariko.at\/wp-content\/uploads\/2023\/05\/Komunariko-4434-2-200x300.jpg 200w, https:\/\/www.komunariko.at\/wp-content\/uploads\/2023\/05\/Komunariko-4434-2-687x1030.jpg 687w, https:\/\/www.komunariko.at\/wp-content\/uploads\/2023\/05\/Komunariko-4434-2-768x1152.jpg 768w, https:\/\/www.komunariko.at\/wp-content\/uploads\/2023\/05\/Komunariko-4434-2-1000x1500.jpg 1000w, https:\/\/www.komunariko.at\/wp-content\/uploads\/2023\/05\/Komunariko-4434-2-470x705.jpg 470w, https:\/\/www.komunariko.at\/wp-content\/uploads\/2023\/05\/Komunariko-4434-2.jpg 1024w\" sizes=\"(max-width: 200px) 100vw, 200px\" \/><\/div><\/div><\/div><br \/>\n<section  class='av_textblock_section av-kjtri1ay-414437797d59a18f94b30b0472bc22a9 '   itemscope=\"itemscope\" itemtype=\"https:\/\/schema.org\/CreativeWork\" ><div class='avia_textblock'  itemprop=\"text\" ><p>A-5020 Salzburg<br \/>\nBayerhamer Stra\u00dfe 18<\/p>\n<p>Mobile +43 664 884 56937<\/p>\n<p><a href=\"mailto:doris.schaefer@komunariko.at\">doris.schaefer@komunariko.at<\/a><\/p>\n<\/div><\/section><\/p><\/div>\n<style type=\"text\/css\" data-created_by=\"avia_inline_auto\" id=\"style-css-av-ehri86-3fd80dbb857d033ccca457bde756312d\">\n.flex_column.av-ehri86-3fd80dbb857d033ccca457bde756312d{\nborder-radius:0px 0px 0px 0px;\npadding:0px 0px 0px 0px;\n}\n<\/style>\n<div  class='flex_column av-ehri86-3fd80dbb857d033ccca457bde756312d av_two_third  avia-builder-el-4  el_after_av_one_third  el_before_av_section  avia-builder-el-last  flex_column_div av-zero-column-padding  '     ><p>\n<style type=\"text\/css\" data-created_by=\"avia_inline_auto\" id=\"style-css-av-32idqx-d1b56d32269afc65154c43cb5f92f6a4\">\n#top .av-special-heading.av-32idqx-d1b56d32269afc65154c43cb5f92f6a4{\npadding-bottom:10px;\n}\nbody .av-special-heading.av-32idqx-d1b56d32269afc65154c43cb5f92f6a4 .av-special-heading-tag .heading-char{\nfont-size:25px;\n}\n.av-special-heading.av-32idqx-d1b56d32269afc65154c43cb5f92f6a4 .av-subheading{\nfont-size:15px;\n}\n<\/style>\n<div  class='av-special-heading av-32idqx-d1b56d32269afc65154c43cb5f92f6a4 av-special-heading-h1  avia-builder-el-5  el_before_av_hr  avia-builder-el-first  av-mini-hide'><h1 class='av-special-heading-tag '  itemprop=\"headline\"  >Mag. Doris Sch\u00e4fer<\/h1><div class=\"special-heading-border\"><div class=\"special-heading-inner-border\"><\/div><\/div><\/div><br \/>\n\n<style type=\"text\/css\" data-created_by=\"avia_inline_auto\" id=\"style-css-av-klkltlap-6c27b4a28fb6a4f2b9b968f7a4d6704d\">\n#top .hr.hr-invisible.av-klkltlap-6c27b4a28fb6a4f2b9b968f7a4d6704d{\nheight:30px;\n}\n<\/style>\n<div  class='hr av-klkltlap-6c27b4a28fb6a4f2b9b968f7a4d6704d hr-invisible  avia-builder-el-6  el_after_av_heading  el_before_av_textblock '><span class='hr-inner '><span class=\"hr-inner-style\"><\/span><\/span><\/div><br \/>\n<section  class='av_textblock_section av-kjtri1ay-414437797d59a18f94b30b0472bc22a9 '   itemscope=\"itemscope\" itemtype=\"https:\/\/schema.org\/CreativeWork\" ><div class='avia_textblock'  itemprop=\"text\" ><p><strong>What I stand for \/ attitude:<\/strong><\/p>\n<p>Born in Vienna in 1970, my true passion was initially sports. At 16, I was well on my way to becoming a show jumper and left school to pursue that dream\u2014only to realize a few years later that without an intellectual and financial foundation, it wouldn\u2019t be sustainable. This led to a radical shift away from my original career aspiration, the completion of my high school diploma, and eventually a degree in Business Administration.  <\/p>\n<p>During my studies, I developed a passion for \u201chuman resources\u201d &#8211; with the motivation to accompany changes in organizations so that something \u201cdifferent, better\u201d is created for both companies and employees afterwards.<\/p>\n<p>That\u2019s what still drives me today: How can I support organizations in becoming more innovative, efficient, sustainable, and competitive\u2014while actively involving their employees in these thought processes? I believe in the willingness and ability of employees to contribute and share their knowledge. I develop these processes in close collaboration with my clients and support them throughout sustainable implementation.<br \/>\nEvery change requires stable zones. The key is to find a balance that allows for new, future-ready, and at the same time stable structures.<\/p>\n<\/div><\/section><\/p><\/div><\/p>\n<\/div><\/div><\/div><!-- close content main div --><\/div><\/div>\n<style type=\"text\/css\" data-created_by=\"avia_inline_auto\" id=\"style-css-av-kjtsfrmh-73c1460acf807f9c8a885cd2dba73e66\">\n.avia-section.av-kjtsfrmh-73c1460acf807f9c8a885cd2dba73e66{\nbackground-color:#f5f5f5;\nbackground-image:unset;\n}\n<\/style>\n<div id='av_section_1'  class='avia-section av-kjtsfrmh-73c1460acf807f9c8a885cd2dba73e66 main_color avia-section-default avia-no-border-styling  avia-builder-el-8  el_after_av_two_third  avia-builder-el-last  avia-bg-style-scroll container_wrap sidebar_right'  ><div class='container av-section-cont-open' ><div class='template-page content  av-content-small alpha units'><div class='post-entry post-entry-type-page post-entry-6903'><div class='entry-content-wrapper clearfix'>\n\n<style type=\"text\/css\" data-created_by=\"avia_inline_auto\" id=\"style-css-av-cny90m-9015fa8a5c8860adb0a8ce3e1827e860\">\n.flex_column.av-cny90m-9015fa8a5c8860adb0a8ce3e1827e860{\nborder-radius:0px 0px 0px 0px;\npadding:0px 0px 0px 0px;\n}\n<\/style>\n<div  class='flex_column av-cny90m-9015fa8a5c8860adb0a8ce3e1827e860 av_one_half  avia-builder-el-9  el_before_av_one_half  avia-builder-el-first  first flex_column_div av-zero-column-padding  '     ><section  class='av_textblock_section av-kjtrdsq8-b354a3b73cf44e80083b77fdb85fdcdd '   itemscope=\"itemscope\" itemtype=\"https:\/\/schema.org\/CreativeWork\" ><div class='avia_textblock'  itemprop=\"text\" ><h3>Key Areas of Expertise<\/h3>\n<ul>\n<li>Human Resources transformation: HR strategy development and implementation, development of operating model, alignment, structure\/organization and positioning of the HR department, HR service portfolio; also assumption of interdisciplinary project management &#038; personnel management functions in the HR area<\/li>\n<li>Development of personnel management systems according to strategic and operational requirements<\/li>\n<li>Supporting change processes, also in the context of organizational development (organization, team, individuals)<\/li>\n<li>Consulting strategic (re)alignments of organizations; also agile organizational consulting<\/li>\n<li>Leadership development: design and implementation of training courses and programs<\/li>\n<li>Consulting and coaching for leaders<\/li>\n<li>Potential analysis using CAPTain<\/li>\n<li>Conducting training courses: e.g. self-management, dealing with conflicts, change management, making decisions, &#8230;<\/li>\n<\/ul>\n<h3>Working languages<\/h3>\n<p>German<br \/>\nEnglish<\/p>\n<\/div><\/section><\/div>\n<style type=\"text\/css\" data-created_by=\"avia_inline_auto\" id=\"style-css-av-cny90m-d865970756c7abb9244c368bd8f57252\">\n.flex_column.av-cny90m-d865970756c7abb9244c368bd8f57252{\nborder-radius:0px 0px 0px 0px;\npadding:0px 0px 0px 0px;\n}\n<\/style>\n<div  class='flex_column av-cny90m-d865970756c7abb9244c368bd8f57252 av_one_half  avia-builder-el-11  el_after_av_one_half  avia-builder-el-last  flex_column_div av-zero-column-padding  '     ><section  class='av_textblock_section av-kjtrdsq8-b354a3b73cf44e80083b77fdb85fdcdd '   itemscope=\"itemscope\" itemtype=\"https:\/\/schema.org\/CreativeWork\" ><div class='avia_textblock'  itemprop=\"text\" ><h3>Academic Background and Professional Development<\/h3>\n<ul>\n<li>Labor law, HR management<\/li>\n<li>Change Essential (Heitger Consulting)<\/li>\n<li>Systemic coaching training (Greenfield)<\/li>\n<li>Systemic consultant training (Conecta)<\/li>\n<li>Scrum Master, certified<\/li>\n<li>CAPTain Assessment, certified<\/li>\n<li>Numerous trainings in: Design Thinking, Agile Organizational Consulting, Collegial Leadership, Communication, Conflict Management<\/li>\n<\/ul>\n<h3>Professional stations<\/h3>\n<ul>\n<li>Systemic organizational consultant<\/li>\n<li>Head of Human Resources at an energy company within a corporate group environment<\/li>\n<li>Management consultant with a focus on human resources management<\/li>\n<li>Head of retail personnel<\/li>\n<li>Personnel and organizational developer in a corporate environment<\/li>\n<\/ul>\n<\/div><\/section><br \/>\n<div  class='hr av-klklzj91-c29e91d1b514480e54f1c19bed708110 hr-default  avia-builder-el-13  el_after_av_textblock  el_before_av_button '><span class='hr-inner '><span class=\"hr-inner-style\"><\/span><\/span><\/div><br \/>\n<div  class='avia-button-wrap av-klklxn0u-52b5c00583b6e4d09e7f061d49f45113-wrap avia-button-left  avia-builder-el-14  el_after_av_hr  avia-builder-el-last '><a href='\/relaunch-2020\/uber-uns\/team#team'  class='avia-button av-klklxn0u-52b5c00583b6e4d09e7f061d49f45113 av-link-btn avia-icon_select-yes-left-icon avia-size-medium avia-position-left avia-color-theme-color'   aria-label=\"To the team\"><span class='avia_button_icon avia_button_icon_left avia-iconfont avia-font-entypo-fontello' data-av_icon='\ue879' data-av_iconfont='entypo-fontello' ><\/span><span class='avia_iconbox_title' >To the team<\/span><\/a><\/div><\/p><\/div>\n<\/div><\/div><\/div><!-- close content main div --><\/div><\/div><div id='after_section_1'  class='main_color av_default_container_wrap container_wrap sidebar_right'  ><div class='container av-section-cont-open' ><div class='template-page content  av-content-small alpha units'><div class='post-entry post-entry-type-page post-entry-6903'><div class='entry-content-wrapper clearfix'>\n","protected":false},"excerpt":{"rendered":"","protected":false},"author":5,"featured_media":6671,"parent":6902,"menu_order":0,"comment_status":"closed","ping_status":"closed","template":"","meta":{"footnotes":""},"class_list":["post-6903","page","type-page","status-publish","has-post-thumbnail","hentry"],"yoast_head":"<!-- This site is optimized with the Yoast SEO plugin v24.7 - https:\/\/yoast.com\/wordpress\/plugins\/seo\/ -->\n<title>Doris Sch\u00e4fer - komunariko - Beratung. Training. Coaching.<\/title>\n<meta name=\"robots\" content=\"index, follow, max-snippet:-1, max-image-preview:large, max-video-preview:-1\" \/>\n<link rel=\"canonical\" href=\"https:\/\/www.komunariko.at\/en\/about-us\/team\/doris-schaefer\/\" \/>\n<meta property=\"og:locale\" content=\"en_US\" \/>\n<meta property=\"og:type\" content=\"article\" \/>\n<meta property=\"og:title\" content=\"Doris Sch\u00e4fer - komunariko - Beratung. Training. Coaching.\" \/>\n<meta property=\"og:url\" content=\"https:\/\/www.komunariko.at\/en\/about-us\/team\/doris-schaefer\/\" \/>\n<meta property=\"og:site_name\" content=\"komunariko - Beratung. Training. Coaching.\" \/>\n<meta property=\"article:modified_time\" content=\"2025-06-11T20:16:52+00:00\" \/>\n<meta property=\"og:image\" content=\"https:\/\/www.komunariko.at\/wp-content\/uploads\/2023\/05\/Komunariko-4434-2.jpg\" \/>\n\t<meta property=\"og:image:width\" content=\"1024\" \/>\n\t<meta property=\"og:image:height\" content=\"1536\" \/>\n\t<meta property=\"og:image:type\" content=\"image\/jpeg\" \/>\n<meta name=\"twitter:card\" content=\"summary_large_image\" \/>\n<meta name=\"twitter:label1\" content=\"Est. reading time\" \/>\n\t<meta name=\"twitter:data1\" content=\"3 minutes\" \/>\n<script type=\"application\/ld+json\" class=\"yoast-schema-graph\">{\"@context\":\"https:\/\/schema.org\",\"@graph\":[{\"@type\":\"WebPage\",\"@id\":\"https:\/\/www.komunariko.at\/en\/about-us\/team\/doris-schaefer\/\",\"url\":\"https:\/\/www.komunariko.at\/en\/about-us\/team\/doris-schaefer\/\",\"name\":\"Doris Sch\u00e4fer - komunariko - Beratung. Training. Coaching.\",\"isPartOf\":{\"@id\":\"https:\/\/www.komunariko.at\/en\/#website\"},\"primaryImageOfPage\":{\"@id\":\"https:\/\/www.komunariko.at\/en\/about-us\/team\/doris-schaefer\/#primaryimage\"},\"image\":{\"@id\":\"https:\/\/www.komunariko.at\/en\/about-us\/team\/doris-schaefer\/#primaryimage\"},\"thumbnailUrl\":\"https:\/\/www.komunariko.at\/wp-content\/uploads\/2023\/05\/Komunariko-4434-2.jpg\",\"datePublished\":\"2021-09-30T09:14:28+00:00\",\"dateModified\":\"2025-06-11T20:16:52+00:00\",\"breadcrumb\":{\"@id\":\"https:\/\/www.komunariko.at\/en\/about-us\/team\/doris-schaefer\/#breadcrumb\"},\"inLanguage\":\"en-US\",\"potentialAction\":[{\"@type\":\"ReadAction\",\"target\":[\"https:\/\/www.komunariko.at\/en\/about-us\/team\/doris-schaefer\/\"]}]},{\"@type\":\"ImageObject\",\"inLanguage\":\"en-US\",\"@id\":\"https:\/\/www.komunariko.at\/en\/about-us\/team\/doris-schaefer\/#primaryimage\",\"url\":\"https:\/\/www.komunariko.at\/wp-content\/uploads\/2023\/05\/Komunariko-4434-2.jpg\",\"contentUrl\":\"https:\/\/www.komunariko.at\/wp-content\/uploads\/2023\/05\/Komunariko-4434-2.jpg\",\"width\":1024,\"height\":1536},{\"@type\":\"BreadcrumbList\",\"@id\":\"https:\/\/www.komunariko.at\/en\/about-us\/team\/doris-schaefer\/#breadcrumb\",\"itemListElement\":[{\"@type\":\"ListItem\",\"position\":1,\"name\":\"Home\",\"item\":\"https:\/\/www.komunariko.at\/en\/\"},{\"@type\":\"ListItem\",\"position\":2,\"name\":\"About us\",\"item\":\"https:\/\/www.komunariko.at\/en\/about-us\/\"},{\"@type\":\"ListItem\",\"position\":3,\"name\":\"Team\",\"item\":\"https:\/\/www.komunariko.at\/en\/about-us\/team\/\"},{\"@type\":\"ListItem\",\"position\":4,\"name\":\"Doris Sch\u00e4fer\"}]},{\"@type\":\"WebSite\",\"@id\":\"https:\/\/www.komunariko.at\/en\/#website\",\"url\":\"https:\/\/www.komunariko.at\/en\/\",\"name\":\"komunariko - Beratung. Training. Coaching.\",\"description\":\"Ma\u00dfgeschneiderte L\u00f6sungen f\u00fcr Organisationsentwicklung,  F\u00fchrungs- und Kommunkationskompetenz. Wir begleiten Menschen, Unternehmen und Organisationen in Zeiten der Entwicklung und des Wandels \u2013 und das seit 35 Jahren, mit Sitz in Salzburg.\",\"potentialAction\":[{\"@type\":\"SearchAction\",\"target\":{\"@type\":\"EntryPoint\",\"urlTemplate\":\"https:\/\/www.komunariko.at\/en\/?s={search_term_string}\"},\"query-input\":{\"@type\":\"PropertyValueSpecification\",\"valueRequired\":true,\"valueName\":\"search_term_string\"}}],\"inLanguage\":\"en-US\"}]}<\/script>\n<!-- \/ Yoast SEO plugin. -->","yoast_head_json":{"title":"Doris Sch\u00e4fer - komunariko - Beratung. Training. Coaching.","robots":{"index":"index","follow":"follow","max-snippet":"max-snippet:-1","max-image-preview":"max-image-preview:large","max-video-preview":"max-video-preview:-1"},"canonical":"https:\/\/www.komunariko.at\/en\/about-us\/team\/doris-schaefer\/","og_locale":"en_US","og_type":"article","og_title":"Doris Sch\u00e4fer - komunariko - Beratung. Training. Coaching.","og_url":"https:\/\/www.komunariko.at\/en\/about-us\/team\/doris-schaefer\/","og_site_name":"komunariko - Beratung. Training. Coaching.","article_modified_time":"2025-06-11T20:16:52+00:00","og_image":[{"width":1024,"height":1536,"url":"https:\/\/www.komunariko.at\/wp-content\/uploads\/2023\/05\/Komunariko-4434-2.jpg","type":"image\/jpeg"}],"twitter_card":"summary_large_image","twitter_misc":{"Est. reading time":"3 minutes"},"schema":{"@context":"https:\/\/schema.org","@graph":[{"@type":"WebPage","@id":"https:\/\/www.komunariko.at\/en\/about-us\/team\/doris-schaefer\/","url":"https:\/\/www.komunariko.at\/en\/about-us\/team\/doris-schaefer\/","name":"Doris Sch\u00e4fer - komunariko - Beratung. Training. Coaching.","isPartOf":{"@id":"https:\/\/www.komunariko.at\/en\/#website"},"primaryImageOfPage":{"@id":"https:\/\/www.komunariko.at\/en\/about-us\/team\/doris-schaefer\/#primaryimage"},"image":{"@id":"https:\/\/www.komunariko.at\/en\/about-us\/team\/doris-schaefer\/#primaryimage"},"thumbnailUrl":"https:\/\/www.komunariko.at\/wp-content\/uploads\/2023\/05\/Komunariko-4434-2.jpg","datePublished":"2021-09-30T09:14:28+00:00","dateModified":"2025-06-11T20:16:52+00:00","breadcrumb":{"@id":"https:\/\/www.komunariko.at\/en\/about-us\/team\/doris-schaefer\/#breadcrumb"},"inLanguage":"en-US","potentialAction":[{"@type":"ReadAction","target":["https:\/\/www.komunariko.at\/en\/about-us\/team\/doris-schaefer\/"]}]},{"@type":"ImageObject","inLanguage":"en-US","@id":"https:\/\/www.komunariko.at\/en\/about-us\/team\/doris-schaefer\/#primaryimage","url":"https:\/\/www.komunariko.at\/wp-content\/uploads\/2023\/05\/Komunariko-4434-2.jpg","contentUrl":"https:\/\/www.komunariko.at\/wp-content\/uploads\/2023\/05\/Komunariko-4434-2.jpg","width":1024,"height":1536},{"@type":"BreadcrumbList","@id":"https:\/\/www.komunariko.at\/en\/about-us\/team\/doris-schaefer\/#breadcrumb","itemListElement":[{"@type":"ListItem","position":1,"name":"Home","item":"https:\/\/www.komunariko.at\/en\/"},{"@type":"ListItem","position":2,"name":"About us","item":"https:\/\/www.komunariko.at\/en\/about-us\/"},{"@type":"ListItem","position":3,"name":"Team","item":"https:\/\/www.komunariko.at\/en\/about-us\/team\/"},{"@type":"ListItem","position":4,"name":"Doris Sch\u00e4fer"}]},{"@type":"WebSite","@id":"https:\/\/www.komunariko.at\/en\/#website","url":"https:\/\/www.komunariko.at\/en\/","name":"komunariko - Beratung. Training. Coaching.","description":"Ma\u00dfgeschneiderte L\u00f6sungen f\u00fcr Organisationsentwicklung,  F\u00fchrungs- und Kommunkationskompetenz. Wir begleiten Menschen, Unternehmen und Organisationen in Zeiten der Entwicklung und des Wandels \u2013 und das seit 35 Jahren, mit Sitz in Salzburg.","potentialAction":[{"@type":"SearchAction","target":{"@type":"EntryPoint","urlTemplate":"https:\/\/www.komunariko.at\/en\/?s={search_term_string}"},"query-input":{"@type":"PropertyValueSpecification","valueRequired":true,"valueName":"search_term_string"}}],"inLanguage":"en-US"}]}},"_links":{"self":[{"href":"https:\/\/www.komunariko.at\/en\/wp-json\/wp\/v2\/pages\/6903","targetHints":{"allow":["GET"]}}],"collection":[{"href":"https:\/\/www.komunariko.at\/en\/wp-json\/wp\/v2\/pages"}],"about":[{"href":"https:\/\/www.komunariko.at\/en\/wp-json\/wp\/v2\/types\/page"}],"author":[{"embeddable":true,"href":"https:\/\/www.komunariko.at\/en\/wp-json\/wp\/v2\/users\/5"}],"replies":[{"embeddable":true,"href":"https:\/\/www.komunariko.at\/en\/wp-json\/wp\/v2\/comments?post=6903"}],"version-history":[{"count":1,"href":"https:\/\/www.komunariko.at\/en\/wp-json\/wp\/v2\/pages\/6903\/revisions"}],"predecessor-version":[{"id":6957,"href":"https:\/\/www.komunariko.at\/en\/wp-json\/wp\/v2\/pages\/6903\/revisions\/6957"}],"up":[{"embeddable":true,"href":"https:\/\/www.komunariko.at\/en\/wp-json\/wp\/v2\/pages\/6902"}],"wp:featuredmedia":[{"embeddable":true,"href":"https:\/\/www.komunariko.at\/en\/wp-json\/wp\/v2\/media\/6671"}],"wp:attachment":[{"href":"https:\/\/www.komunariko.at\/en\/wp-json\/wp\/v2\/media?parent=6903"}],"curies":[{"name":"wp","href":"https:\/\/api.w.org\/{rel}","templated":true}]}}