{"id":6908,"date":"2024-02-01T18:34:02","date_gmt":"2024-02-01T17:34:02","guid":{"rendered":"https:\/\/www.komunariko.at\/about-us\/team\/dr-dorothea-m-hartmann\/"},"modified":"2024-02-01T18:34:02","modified_gmt":"2024-02-01T17:34:02","slug":"dr-dorothea-m-hartmann","status":"publish","type":"page","link":"https:\/\/www.komunariko.at\/en\/about-us\/team\/dr-dorothea-m-hartmann\/","title":{"rendered":"Dr. Dorothea M. Hartmann"},"content":{"rendered":"\n<style type=\"text\/css\" data-created_by=\"avia_inline_auto\" id=\"style-css-av-23psdb-5b4c32ddad29af5c5134304e57832343\">\n#top .av-special-heading.av-23psdb-5b4c32ddad29af5c5134304e57832343{\npadding-bottom:10px;\n}\nbody .av-special-heading.av-23psdb-5b4c32ddad29af5c5134304e57832343 .av-special-heading-tag .heading-char{\nfont-size:25px;\n}\n.av-special-heading.av-23psdb-5b4c32ddad29af5c5134304e57832343 .av-subheading{\nfont-size:15px;\n}\n<\/style>\n<div  class='av-special-heading av-23psdb-5b4c32ddad29af5c5134304e57832343 av-special-heading-h1  avia-builder-el-0  el_before_av_one_third  avia-builder-el-first  av-desktop-hide av-medium-hide av-small-hide'><h1 class='av-special-heading-tag '  itemprop=\"headline\"  >Dr. Dorothea M. Hartmann<\/h1><div class=\"special-heading-border\"><div class=\"special-heading-inner-border\"><\/div><\/div><\/div>\n\n<style type=\"text\/css\" data-created_by=\"avia_inline_auto\" id=\"style-css-av-ehri86-2ea7b96f6338923d912da3d108df5fd4\">\n.flex_column.av-ehri86-2ea7b96f6338923d912da3d108df5fd4{\nborder-radius:0px 0px 0px 0px;\npadding:0px 0px 0px 0px;\n}\n<\/style>\n<div  class='flex_column av-ehri86-2ea7b96f6338923d912da3d108df5fd4 av_one_third  avia-builder-el-1  el_after_av_heading  el_before_av_two_third  first flex_column_div av-zero-column-padding  '     ><p>\n<style type=\"text\/css\" data-created_by=\"avia_inline_auto\" id=\"style-css-av-kjv8jqpy-e94a42b35b54f18bdf05b91a1e6e389f\">\n.avia-image-container.av-kjv8jqpy-e94a42b35b54f18bdf05b91a1e6e389f img.avia_image{\nbox-shadow:none;\n}\n.avia-image-container.av-kjv8jqpy-e94a42b35b54f18bdf05b91a1e6e389f .av-image-caption-overlay-center{\ncolor:#ffffff;\n}\n<\/style>\n<div  class='avia-image-container av-kjv8jqpy-e94a42b35b54f18bdf05b91a1e6e389f av-styling- avia-align-center  avia-builder-el-2  el_before_av_textblock  avia-builder-el-first '   itemprop=\"image\" itemscope=\"itemscope\" itemtype=\"https:\/\/schema.org\/ImageObject\" ><div class=\"avia-image-container-inner\"><div class=\"avia-image-overlay-wrap\"><img decoding=\"async\" fetchpriority=\"high\" class='wp-image-6684 avia-img-lazy-loading-not-6684 avia_image ' src=\"https:\/\/www.komunariko.at\/wp-content\/uploads\/2024\/01\/CWI1094_komunariko-276x300.jpg\" alt='' title='_CWI1094_komunariko'  height=\"300\" width=\"276\"  itemprop=\"thumbnailUrl\" srcset=\"https:\/\/www.komunariko.at\/wp-content\/uploads\/2024\/01\/CWI1094_komunariko-276x300.jpg 276w, https:\/\/www.komunariko.at\/wp-content\/uploads\/2024\/01\/CWI1094_komunariko-949x1030.jpg 949w, https:\/\/www.komunariko.at\/wp-content\/uploads\/2024\/01\/CWI1094_komunariko-768x834.jpg 768w, https:\/\/www.komunariko.at\/wp-content\/uploads\/2024\/01\/CWI1094_komunariko-1415x1536.jpg 1415w, https:\/\/www.komunariko.at\/wp-content\/uploads\/2024\/01\/CWI1094_komunariko-1887x2048.jpg 1887w, https:\/\/www.komunariko.at\/wp-content\/uploads\/2024\/01\/CWI1094_komunariko-1382x1500.jpg 1382w, https:\/\/www.komunariko.at\/wp-content\/uploads\/2024\/01\/CWI1094_komunariko-649x705.jpg 649w\" sizes=\"(max-width: 276px) 100vw, 276px\" \/><\/div><\/div><\/div><br \/>\n<section  class='av_textblock_section av-kjtri1ay-047d1a5c19de1573fb193919572bf964 '   itemscope=\"itemscope\" itemtype=\"https:\/\/schema.org\/CreativeWork\" ><div class='avia_textblock'  itemprop=\"text\" ><p>D-82211 Herrsching a. Ammersee<br \/>\nWatzmannstra\u00dfe 3<\/p>\n<p>Mobile +49 163 794 1982<\/p>\n<p><a href=\"mailto:dorothea.hartmann@komunariko.at\">dorothea.hartmann@komunariko.at<\/a><\/p>\n<\/div><\/section><\/p><\/div>\n<style type=\"text\/css\" data-created_by=\"avia_inline_auto\" id=\"style-css-av-ehri86-4-39f3f616e2b7bbdefad2b0bdcda81259\">\n.flex_column.av-ehri86-4-39f3f616e2b7bbdefad2b0bdcda81259{\nborder-radius:0px 0px 0px 0px;\npadding:0px 0px 0px 0px;\n}\n<\/style>\n<div  class='flex_column av-ehri86-4-39f3f616e2b7bbdefad2b0bdcda81259 av_two_third  avia-builder-el-4  el_after_av_one_third  el_before_av_section  avia-builder-el-last  flex_column_div av-zero-column-padding  '     ><p>\n<style type=\"text\/css\" data-created_by=\"avia_inline_auto\" id=\"style-css-av-ko1rt33y-cd08fe5b1e3a81612a66a3040893a95e\">\n#top .av-special-heading.av-ko1rt33y-cd08fe5b1e3a81612a66a3040893a95e{\npadding-bottom:10px;\n}\nbody .av-special-heading.av-ko1rt33y-cd08fe5b1e3a81612a66a3040893a95e .av-special-heading-tag .heading-char{\nfont-size:25px;\n}\n.av-special-heading.av-ko1rt33y-cd08fe5b1e3a81612a66a3040893a95e .av-subheading{\nfont-size:15px;\n}\n<\/style>\n<div  class='av-special-heading av-ko1rt33y-cd08fe5b1e3a81612a66a3040893a95e av-special-heading-h1  avia-builder-el-5  el_before_av_hr  avia-builder-el-first  av-mini-hide'><h1 class='av-special-heading-tag '  itemprop=\"headline\"  >Dr. Dorothea M. Hartmann<\/h1><div class=\"special-heading-border\"><div class=\"special-heading-inner-border\"><\/div><\/div><\/div><br \/>\n\n<style type=\"text\/css\" data-created_by=\"avia_inline_auto\" id=\"style-css-av-klkltlap-6c27b4a28fb6a4f2b9b968f7a4d6704d\">\n#top .hr.hr-invisible.av-klkltlap-6c27b4a28fb6a4f2b9b968f7a4d6704d{\nheight:30px;\n}\n<\/style>\n<div  class='hr av-klkltlap-6c27b4a28fb6a4f2b9b968f7a4d6704d hr-invisible  avia-builder-el-6  el_after_av_heading  el_before_av_textblock '><span class='hr-inner '><span class=\"hr-inner-style\"><\/span><\/span><\/div><br \/>\n<section  class='av_textblock_section av-kjtri1ay-3-d812ec5b2fe1053c5ffc497e04f11456 '   itemscope=\"itemscope\" itemtype=\"https:\/\/schema.org\/CreativeWork\" ><div class='avia_textblock'  itemprop=\"text\" ><h5>What I stand for \/ Core Values<\/h5>\n<p>Born and raised in Bayreuth (Germany) in 1966, I moved to the big cities of Frankfurt and London to study sociology. I did my doctorate on the subject of learning organizations. I stayed in Frankfurt for over 20 years, teaching and researching organizational development, the emergence of technology, globalization, sustainability and social responsibility (CSR).  <\/p>\n<p>For more than 20 years I have been working as a consultant, trainer, coach, speaker and lecturer in the areas of leadership, team and organizational development, corporate culture and learning companies, resilience and strategic realignment.<\/p>\n<p>For many years, I have been passionate about change in companies and creating trust and genuine dialog. I support companies and organizations to make them fit for the future and turn them into places where people work in a meaningful, purposeful and enjoyable way. I always look at the whole system &#8211; even in complex change processes &#8211; and build on the strengths and resources of people and organizations.  <\/p>\n<p>My personal expertise lies in a clear view of functions, roles and hierarchies, in systemic understanding, in a profound knowledge base and pragmatic approach, in an appreciative and empathetic attitude and in the triad of mindfulness, lightness and humor.<\/p>\n<\/div><\/section><\/p><\/div><\/div><\/div><\/div><!-- close content main div --><\/div><\/div>\n<style type=\"text\/css\" data-created_by=\"avia_inline_auto\" id=\"style-css-av-kjtsfrmh-73c1460acf807f9c8a885cd2dba73e66\">\n.avia-section.av-kjtsfrmh-73c1460acf807f9c8a885cd2dba73e66{\nbackground-color:#f5f5f5;\nbackground-image:unset;\n}\n<\/style>\n<div id='av_section_1'  class='avia-section av-kjtsfrmh-73c1460acf807f9c8a885cd2dba73e66 main_color avia-section-default avia-no-border-styling  avia-builder-el-8  el_after_av_two_third  avia-builder-el-last  avia-bg-style-scroll container_wrap sidebar_right'  ><div class='container av-section-cont-open' ><div class='template-page content  av-content-small alpha units'><div class='post-entry post-entry-type-page post-entry-6908'><div class='entry-content-wrapper clearfix'>\n\n<style type=\"text\/css\" data-created_by=\"avia_inline_auto\" id=\"style-css-av-cny90m-9015fa8a5c8860adb0a8ce3e1827e860\">\n.flex_column.av-cny90m-9015fa8a5c8860adb0a8ce3e1827e860{\nborder-radius:0px 0px 0px 0px;\npadding:0px 0px 0px 0px;\n}\n<\/style>\n<div  class='flex_column av-cny90m-9015fa8a5c8860adb0a8ce3e1827e860 av_one_half  avia-builder-el-9  el_before_av_one_half  avia-builder-el-first  first flex_column_div av-zero-column-padding  '     ><section  class='av_textblock_section av-kjtrdsq8-01f61969689a2360f131cc91f72509d7 '   itemscope=\"itemscope\" itemtype=\"https:\/\/schema.org\/CreativeWork\" ><div class='avia_textblock'  itemprop=\"text\" ><h3>Key Areas of Expertise<\/h3>\n<ul>\n<li>Development of leaders and teams<\/li>\n<li>Support in change management<\/li>\n<li>Implementation of an agile mindset and the importance of attitude<\/li>\n<li>Conscious design of decision-making processes<\/li>\n<li>Strengthening the resilience of people and companies<\/li>\n<li>Strategic realignment<\/li>\n<li>Appreciative communication and conflict resolution<\/li>\n<li>Cultural change and introduction of a learning organization<\/li>\n<li>Facilitation of workshops and large group events<\/li>\n<\/ul>\n<h3>Academic Background and Professional Development<\/h3>\n<ul>\n<li>Studied sociology, economics, political science and social psychology<\/li>\n<li>Innovation Studies (focus: New Technology)<\/li>\n<li>Training on agility: agile methods and design thinking (STO Consulting), agile leadership (Cegeka Germany)<\/li>\n<li>LIFO\u00ae Analyst (LIFO\u00ae Products &amp; Consulting)<\/li>\n<li>Training in facilitation methods: Dynamic Facilitation, Wisdom Council (all in one spirit)<\/li>\n<li>Decision-making training: Decisio\u00aeMap Facilitator (NEXT IMPACT), KAIROS\u00ae Decision Profile (KAIROS Core)<\/li>\n<li>Training in systemic consulting: Systemic Tool Camp (System worx), Systemic Constellation Work (S. Essen), Higher Ground Leadership\u00ae Coach (L. Secretan)<\/li>\n<li>Training in organizational development: Spiral Dynamics integral (SDi Lehrinstitut), organizational development (Trigon)<\/li>\n<li>Resilience training: Resilience consultant (H.B.T.), Mindful Based Stress Reduction<\/li>\n<li>Training in: Conversation (GwG), Dialogue (F. Dhority), Process Work (Els\u00e4sser), Focusing (DAF)<\/li>\n<li>Personal development training: Psychology of Vision (Ch. Spezzano), Core Evolution (S. Gerken), Personal Transformation (J. Dispenza)<\/li>\n<\/ul>\n<\/div><\/section><\/div>\n<style type=\"text\/css\" data-created_by=\"avia_inline_auto\" id=\"style-css-av-cny90m-2-23a9ec435650e2ae416b53dd8e9214dc\">\n.flex_column.av-cny90m-2-23a9ec435650e2ae416b53dd8e9214dc{\nborder-radius:0px 0px 0px 0px;\npadding:0px 0px 0px 0px;\n}\n<\/style>\n<div  class='flex_column av-cny90m-2-23a9ec435650e2ae416b53dd8e9214dc av_one_half  avia-builder-el-11  el_after_av_one_half  avia-builder-el-last  flex_column_div av-zero-column-padding  '     ><section  class='av_textblock_section av-kjtrdsq8-1-2b25b8d2c16000577d86084708ac42d6 '   itemscope=\"itemscope\" itemtype=\"https:\/\/schema.org\/CreativeWork\" ><div class='avia_textblock'  itemprop=\"text\" ><h3>Professional stations:<\/h3>\n<ul>\n<li>Acting department head of a consulting firm<\/li>\n<li>Freelance project manager for a consulting firm with a focus on sustainability<\/li>\n<li>Freelance project manager for a think tank for impact and application-oriented sustainability research<\/li>\n<li>Scientific employee, project manager and research assistant at the University<\/li>\n<li>Lecturer at the University of Frankfurt\/M., RheinMain University of Applied Sciences and the Distance and Independent Studies Center (DISC) Kaiserslautern<\/li>\n<\/ul>\n<h3>Working languages<\/h3>\n<p>German<br \/>\nEnglish<\/p>\n<\/div><\/section><br \/>\n<div  class='hr av-klklzj91-c29e91d1b514480e54f1c19bed708110 hr-default  avia-builder-el-13  el_after_av_textblock  el_before_av_button '><span class='hr-inner '><span class=\"hr-inner-style\"><\/span><\/span><\/div><br \/>\n<div  class='avia-button-wrap av-klklxn0u-52b5c00583b6e4d09e7f061d49f45113-wrap avia-button-left  avia-builder-el-14  el_after_av_hr  avia-builder-el-last '><a href='\/relaunch-2020\/uber-uns\/team#team'  class='avia-button av-klklxn0u-52b5c00583b6e4d09e7f061d49f45113 av-link-btn avia-icon_select-yes-left-icon avia-size-medium avia-position-left avia-color-theme-color'   aria-label=\"To the team\"><span class='avia_button_icon avia_button_icon_left avia-iconfont avia-font-entypo-fontello' data-av_icon='\ue879' data-av_iconfont='entypo-fontello' ><\/span><span class='avia_iconbox_title' >To the team<\/span><\/a><\/div><\/p><\/div><\/div><\/div><\/div><!-- close content main div --><\/div><\/div><div id='after_section_1'  class='main_color av_default_container_wrap container_wrap sidebar_right'  ><div class='container av-section-cont-open' ><div class='template-page content  av-content-small alpha units'><div class='post-entry post-entry-type-page post-entry-6908'><div class='entry-content-wrapper clearfix'><\/p>\n","protected":false},"excerpt":{"rendered":"","protected":false},"author":13,"featured_media":0,"parent":6902,"menu_order":0,"comment_status":"closed","ping_status":"closed","template":"","meta":{"footnotes":""},"class_list":["post-6908","page","type-page","status-publish","hentry"],"yoast_head":"<!-- This site is optimized with the Yoast SEO plugin v24.7 - https:\/\/yoast.com\/wordpress\/plugins\/seo\/ -->\n<title>Dr. Dorothea M. Hartmann - komunariko - Beratung. Training. Coaching.<\/title>\n<meta name=\"description\" content=\"Born and raised in Bayreuth (Germany) in 1966, I moved to the big cities of Frankfurt and London to study sociology. I did my doctorate on the subject of learning organizations. I stayed in Frankfurt for over 20 years, teaching and researching organizational development, the emergence of technology, globalization, sustainability and social responsibility (CSR).\" \/>\n<meta name=\"robots\" content=\"index, follow, max-snippet:-1, max-image-preview:large, max-video-preview:-1\" \/>\n<link rel=\"canonical\" href=\"https:\/\/www.komunariko.at\/en\/about-us\/team\/dr-dorothea-m-hartmann\/\" \/>\n<meta property=\"og:locale\" content=\"en_US\" \/>\n<meta property=\"og:type\" content=\"article\" \/>\n<meta property=\"og:title\" content=\"Dr. Dorothea M. Hartmann - komunariko - Beratung. Training. Coaching.\" \/>\n<meta property=\"og:description\" content=\"Born and raised in Bayreuth (Germany) in 1966, I moved to the big cities of Frankfurt and London to study sociology. I did my doctorate on the subject of learning organizations. I stayed in Frankfurt for over 20 years, teaching and researching organizational development, the emergence of technology, globalization, sustainability and social responsibility (CSR).\" \/>\n<meta property=\"og:url\" content=\"https:\/\/www.komunariko.at\/en\/about-us\/team\/dr-dorothea-m-hartmann\/\" \/>\n<meta property=\"og:site_name\" content=\"komunariko - Beratung. Training. Coaching.\" \/>\n<meta name=\"twitter:card\" content=\"summary_large_image\" \/>\n<meta name=\"twitter:label1\" content=\"Est. reading time\" \/>\n\t<meta name=\"twitter:data1\" content=\"9 minutes\" \/>\n<script type=\"application\/ld+json\" class=\"yoast-schema-graph\">{\"@context\":\"https:\/\/schema.org\",\"@graph\":[{\"@type\":\"WebPage\",\"@id\":\"https:\/\/www.komunariko.at\/en\/about-us\/team\/dr-dorothea-m-hartmann\/\",\"url\":\"https:\/\/www.komunariko.at\/en\/about-us\/team\/dr-dorothea-m-hartmann\/\",\"name\":\"Dr. Dorothea M. Hartmann - komunariko - Beratung. Training. Coaching.\",\"isPartOf\":{\"@id\":\"https:\/\/www.komunariko.at\/en\/#website\"},\"datePublished\":\"2024-02-01T17:34:02+00:00\",\"description\":\"Born and raised in Bayreuth (Germany) in 1966, I moved to the big cities of Frankfurt and London to study sociology. I did my doctorate on the subject of learning organizations. I stayed in Frankfurt for over 20 years, teaching and researching organizational development, the emergence of technology, globalization, sustainability and social responsibility (CSR).\",\"breadcrumb\":{\"@id\":\"https:\/\/www.komunariko.at\/en\/about-us\/team\/dr-dorothea-m-hartmann\/#breadcrumb\"},\"inLanguage\":\"en-US\",\"potentialAction\":[{\"@type\":\"ReadAction\",\"target\":[\"https:\/\/www.komunariko.at\/en\/about-us\/team\/dr-dorothea-m-hartmann\/\"]}]},{\"@type\":\"BreadcrumbList\",\"@id\":\"https:\/\/www.komunariko.at\/en\/about-us\/team\/dr-dorothea-m-hartmann\/#breadcrumb\",\"itemListElement\":[{\"@type\":\"ListItem\",\"position\":1,\"name\":\"Home\",\"item\":\"https:\/\/www.komunariko.at\/en\/\"},{\"@type\":\"ListItem\",\"position\":2,\"name\":\"About us\",\"item\":\"https:\/\/www.komunariko.at\/en\/about-us\/\"},{\"@type\":\"ListItem\",\"position\":3,\"name\":\"Team\",\"item\":\"https:\/\/www.komunariko.at\/en\/about-us\/team\/\"},{\"@type\":\"ListItem\",\"position\":4,\"name\":\"Dr. Dorothea M. Hartmann\"}]},{\"@type\":\"WebSite\",\"@id\":\"https:\/\/www.komunariko.at\/en\/#website\",\"url\":\"https:\/\/www.komunariko.at\/en\/\",\"name\":\"komunariko - Beratung. Training. Coaching.\",\"description\":\"Ma\u00dfgeschneiderte L\u00f6sungen f\u00fcr Organisationsentwicklung,  F\u00fchrungs- und Kommunkationskompetenz. Wir begleiten Menschen, Unternehmen und Organisationen in Zeiten der Entwicklung und des Wandels \u2013 und das seit 35 Jahren, mit Sitz in Salzburg.\",\"potentialAction\":[{\"@type\":\"SearchAction\",\"target\":{\"@type\":\"EntryPoint\",\"urlTemplate\":\"https:\/\/www.komunariko.at\/en\/?s={search_term_string}\"},\"query-input\":{\"@type\":\"PropertyValueSpecification\",\"valueRequired\":true,\"valueName\":\"search_term_string\"}}],\"inLanguage\":\"en-US\"}]}<\/script>\n<!-- \/ Yoast SEO plugin. -->","yoast_head_json":{"title":"Dr. Dorothea M. Hartmann - komunariko - Beratung. Training. Coaching.","description":"Born and raised in Bayreuth (Germany) in 1966, I moved to the big cities of Frankfurt and London to study sociology. I did my doctorate on the subject of learning organizations. I stayed in Frankfurt for over 20 years, teaching and researching organizational development, the emergence of technology, globalization, sustainability and social responsibility (CSR).","robots":{"index":"index","follow":"follow","max-snippet":"max-snippet:-1","max-image-preview":"max-image-preview:large","max-video-preview":"max-video-preview:-1"},"canonical":"https:\/\/www.komunariko.at\/en\/about-us\/team\/dr-dorothea-m-hartmann\/","og_locale":"en_US","og_type":"article","og_title":"Dr. Dorothea M. Hartmann - komunariko - Beratung. Training. Coaching.","og_description":"Born and raised in Bayreuth (Germany) in 1966, I moved to the big cities of Frankfurt and London to study sociology. I did my doctorate on the subject of learning organizations. I stayed in Frankfurt for over 20 years, teaching and researching organizational development, the emergence of technology, globalization, sustainability and social responsibility (CSR).","og_url":"https:\/\/www.komunariko.at\/en\/about-us\/team\/dr-dorothea-m-hartmann\/","og_site_name":"komunariko - Beratung. Training. Coaching.","twitter_card":"summary_large_image","twitter_misc":{"Est. reading time":"9 minutes"},"schema":{"@context":"https:\/\/schema.org","@graph":[{"@type":"WebPage","@id":"https:\/\/www.komunariko.at\/en\/about-us\/team\/dr-dorothea-m-hartmann\/","url":"https:\/\/www.komunariko.at\/en\/about-us\/team\/dr-dorothea-m-hartmann\/","name":"Dr. Dorothea M. Hartmann - komunariko - Beratung. Training. Coaching.","isPartOf":{"@id":"https:\/\/www.komunariko.at\/en\/#website"},"datePublished":"2024-02-01T17:34:02+00:00","description":"Born and raised in Bayreuth (Germany) in 1966, I moved to the big cities of Frankfurt and London to study sociology. I did my doctorate on the subject of learning organizations. I stayed in Frankfurt for over 20 years, teaching and researching organizational development, the emergence of technology, globalization, sustainability and social responsibility (CSR).","breadcrumb":{"@id":"https:\/\/www.komunariko.at\/en\/about-us\/team\/dr-dorothea-m-hartmann\/#breadcrumb"},"inLanguage":"en-US","potentialAction":[{"@type":"ReadAction","target":["https:\/\/www.komunariko.at\/en\/about-us\/team\/dr-dorothea-m-hartmann\/"]}]},{"@type":"BreadcrumbList","@id":"https:\/\/www.komunariko.at\/en\/about-us\/team\/dr-dorothea-m-hartmann\/#breadcrumb","itemListElement":[{"@type":"ListItem","position":1,"name":"Home","item":"https:\/\/www.komunariko.at\/en\/"},{"@type":"ListItem","position":2,"name":"About us","item":"https:\/\/www.komunariko.at\/en\/about-us\/"},{"@type":"ListItem","position":3,"name":"Team","item":"https:\/\/www.komunariko.at\/en\/about-us\/team\/"},{"@type":"ListItem","position":4,"name":"Dr. Dorothea M. Hartmann"}]},{"@type":"WebSite","@id":"https:\/\/www.komunariko.at\/en\/#website","url":"https:\/\/www.komunariko.at\/en\/","name":"komunariko - Beratung. Training. Coaching.","description":"Ma\u00dfgeschneiderte L\u00f6sungen f\u00fcr Organisationsentwicklung,  F\u00fchrungs- und Kommunkationskompetenz. Wir begleiten Menschen, Unternehmen und Organisationen in Zeiten der Entwicklung und des Wandels \u2013 und das seit 35 Jahren, mit Sitz in Salzburg.","potentialAction":[{"@type":"SearchAction","target":{"@type":"EntryPoint","urlTemplate":"https:\/\/www.komunariko.at\/en\/?s={search_term_string}"},"query-input":{"@type":"PropertyValueSpecification","valueRequired":true,"valueName":"search_term_string"}}],"inLanguage":"en-US"}]}},"_links":{"self":[{"href":"https:\/\/www.komunariko.at\/en\/wp-json\/wp\/v2\/pages\/6908","targetHints":{"allow":["GET"]}}],"collection":[{"href":"https:\/\/www.komunariko.at\/en\/wp-json\/wp\/v2\/pages"}],"about":[{"href":"https:\/\/www.komunariko.at\/en\/wp-json\/wp\/v2\/types\/page"}],"author":[{"embeddable":true,"href":"https:\/\/www.komunariko.at\/en\/wp-json\/wp\/v2\/users\/13"}],"replies":[{"embeddable":true,"href":"https:\/\/www.komunariko.at\/en\/wp-json\/wp\/v2\/comments?post=6908"}],"version-history":[{"count":1,"href":"https:\/\/www.komunariko.at\/en\/wp-json\/wp\/v2\/pages\/6908\/revisions"}],"predecessor-version":[{"id":6958,"href":"https:\/\/www.komunariko.at\/en\/wp-json\/wp\/v2\/pages\/6908\/revisions\/6958"}],"up":[{"embeddable":true,"href":"https:\/\/www.komunariko.at\/en\/wp-json\/wp\/v2\/pages\/6902"}],"wp:attachment":[{"href":"https:\/\/www.komunariko.at\/en\/wp-json\/wp\/v2\/media?parent=6908"}],"curies":[{"name":"wp","href":"https:\/\/api.w.org\/{rel}","templated":true}]}}