{"id":6911,"date":"2021-01-13T08:32:17","date_gmt":"2021-01-13T07:32:17","guid":{"rendered":"https:\/\/www.komunariko.at\/topics\/qualification\/"},"modified":"2025-07-19T20:42:09","modified_gmt":"2025-07-19T18:42:09","slug":"qualification","status":"publish","type":"page","link":"https:\/\/www.komunariko.at\/en\/topics\/qualification\/","title":{"rendered":"Qualification"},"content":{"rendered":"<div id='full_slider_1'  class='avia-fullwidth-slider main_color avia-shadow av-mini-hide  avia-builder-el-0  el_before_av_section  avia-builder-el-first   container_wrap sidebar_right'  >\n<style type=\"text\/css\" data-created_by=\"avia_inline_auto\" id=\"style-css-av-kjtr7j1q-0011c63e20cd3bd82f8910e712c019a1\">\n#top #wrap_all .avia-slideshow .av-slideshow-caption.av-kjtr7j1q-0011c63e20cd3bd82f8910e712c019a1__0 .avia-caption-title{\nfont-size:20px;\ncolor:#ffffff;\n}\n#top .avia-slideshow .av-slideshow-caption.av-kjtr7j1q-0011c63e20cd3bd82f8910e712c019a1__0 .avia-caption-content{\nfont-size:17px;\ncolor:#ffffff;\n}\n#top .avia-slideshow .av-slideshow-caption.av-kjtr7j1q-0011c63e20cd3bd82f8910e712c019a1__0 .avia-caption-content p{\nfont-size:17px;\n}\n<\/style>\n<div  class='avia-slideshow av-kjtr7j1q-0011c63e20cd3bd82f8910e712c019a1 avia-slideshow-featured av_slideshow_full avia-slide-slider av-mini-hide av-slideshow-ui av-control-default av-slideshow-manual av-loop-once av-loop-manual-endless av-default-height-applied   avia-slideshow-1' data-slideshow-options=\"{&quot;animation&quot;:&quot;slide&quot;,&quot;autoplay&quot;:false,&quot;loop_autoplay&quot;:&quot;once&quot;,&quot;interval&quot;:5,&quot;loop_manual&quot;:&quot;manual-endless&quot;,&quot;autoplay_stopper&quot;:false,&quot;noNavigation&quot;:false,&quot;bg_slider&quot;:false,&quot;keep_padding&quot;:false,&quot;hoverpause&quot;:false,&quot;show_slide_delay&quot;:0}\"  itemprop=\"image\" itemscope=\"itemscope\" itemtype=\"https:\/\/schema.org\/ImageObject\" ><ul class='avia-slideshow-inner ' style='padding-bottom: 28.666666666667%;'><li  class='avia-slideshow-slide av-kjtr7j1q-0011c63e20cd3bd82f8910e712c019a1__0  av-single-slide slide-1 slide-odd'><div data-rel='slideshow-1' class='avia-slide-wrap '   ><div class='av-slideshow-caption av-kjtr7j1q-0011c63e20cd3bd82f8910e712c019a1__0 caption_fullwidth caption_bottom caption_bottom_framed caption_framed'><div class=\"container caption_container\"><div class=\"slideshow_caption\"><div class=\"slideshow_inner_caption\"><div class=\"slideshow_align_caption\"><h2 class='avia-caption-title '  itemprop=\"name\" >\u201cGeniuses don't fall from the sky. They must have the opportunity for training and development.\u201d<\/h2><div class='avia-caption-content av_inherit_color'  itemprop=\"description\" ><p>August Bebel<\/p>\n<\/div><\/div><\/div><\/div><\/div><\/div><img decoding=\"async\" fetchpriority=\"high\" class=\"wp-image-6542 avia-img-lazy-loading-not-6542\"  src=\"https:\/\/www.komunariko.at\/wp-content\/uploads\/2021\/03\/qualifizierung2.jpg\" width=\"1500\" height=\"430\" title='qualifizierung2' alt=''  itemprop=\"thumbnailUrl\" srcset=\"https:\/\/www.komunariko.at\/wp-content\/uploads\/2021\/03\/qualifizierung2.jpg 1500w, https:\/\/www.komunariko.at\/wp-content\/uploads\/2021\/03\/qualifizierung2-300x86.jpg 300w, https:\/\/www.komunariko.at\/wp-content\/uploads\/2021\/03\/qualifizierung2-1030x295.jpg 1030w, https:\/\/www.komunariko.at\/wp-content\/uploads\/2021\/03\/qualifizierung2-768x220.jpg 768w, https:\/\/www.komunariko.at\/wp-content\/uploads\/2021\/03\/qualifizierung2-705x202.jpg 705w\" sizes=\"(max-width: 1500px) 100vw, 1500px\" \/><\/div><\/li><\/ul><\/div><\/div>\n\n<style type=\"text\/css\" data-created_by=\"avia_inline_auto\" id=\"style-css-av-kjtsfrmh-73c1460acf807f9c8a885cd2dba73e66\">\n.avia-section.av-kjtsfrmh-73c1460acf807f9c8a885cd2dba73e66{\nbackground-color:#f5f5f5;\nbackground-image:unset;\n}\n<\/style>\n<div id='av_section_1'  class='avia-section av-kjtsfrmh-73c1460acf807f9c8a885cd2dba73e66 main_color avia-section-default avia-no-border-styling  avia-builder-el-1  el_after_av_slideshow_full  el_before_av_one_full  avia-bg-style-scroll container_wrap sidebar_right'  ><div class='container av-section-cont-open' ><div class='template-page content  av-content-small alpha units'><div class='post-entry post-entry-type-page post-entry-6911'><div class='entry-content-wrapper clearfix'>\n\n<style type=\"text\/css\" data-created_by=\"avia_inline_auto\" id=\"style-css-av-34iuy7-4ec15e1737a46f94f99b1ab2b0bfaf98\">\n#top .av-special-heading.av-34iuy7-4ec15e1737a46f94f99b1ab2b0bfaf98{\npadding-bottom:10px;\n}\nbody .av-special-heading.av-34iuy7-4ec15e1737a46f94f99b1ab2b0bfaf98 .av-special-heading-tag .heading-char{\nfont-size:25px;\n}\n.av-special-heading.av-34iuy7-4ec15e1737a46f94f99b1ab2b0bfaf98 .av-subheading{\nfont-size:15px;\n}\n<\/style>\n<div  class='av-special-heading av-34iuy7-4ec15e1737a46f94f99b1ab2b0bfaf98 av-special-heading-h1  avia-builder-el-2  el_before_av_four_fifth  avia-builder-el-first '><h1 class='av-special-heading-tag '  itemprop=\"headline\"  >Qualification<\/h1><div class=\"special-heading-border\"><div class=\"special-heading-inner-border\"><\/div><\/div><\/div>\n\n<style type=\"text\/css\" data-created_by=\"avia_inline_auto\" id=\"style-css-av-ehri86-2ea7b96f6338923d912da3d108df5fd4\">\n.flex_column.av-ehri86-2ea7b96f6338923d912da3d108df5fd4{\nborder-radius:0px 0px 0px 0px;\npadding:0px 0px 0px 0px;\n}\n<\/style>\n<div  class='flex_column av-ehri86-2ea7b96f6338923d912da3d108df5fd4 av_four_fifth  avia-builder-el-3  el_after_av_heading  avia-builder-el-last  first flex_column_div av-zero-column-padding  '     ><p><section  class='av_textblock_section av-kjtri1ay-414437797d59a18f94b30b0472bc22a9 '   itemscope=\"itemscope\" itemtype=\"https:\/\/schema.org\/CreativeWork\" ><div class='avia_textblock'  itemprop=\"text\" ><p>We live in a knowledge-based society. \u201cLife-long learning\u201d has long been a cornerstone of every successful career. Consequently, changes in organizations often bring not only demands for professional or personal development but also a personal desire for growth. New tasks and challenges then become focal points for individual development. Whether the need for qualification arises from immediate professional necessity or is driven by personal strategic goals, our tailored solutions address your unique needs.<\/p>\n<\/div><\/section><br \/>\n\n<style type=\"text\/css\" data-created_by=\"avia_inline_auto\" id=\"style-css-av-kkaxejys-bb47777fe082ccb67ff7c87ed247a49e\">\n#top .hr.hr-invisible.av-kkaxejys-bb47777fe082ccb67ff7c87ed247a49e{\nheight:20px;\n}\n<\/style>\n<div  class='hr av-kkaxejys-bb47777fe082ccb67ff7c87ed247a49e hr-invisible  avia-builder-el-5  el_after_av_textblock  el_before_av_textblock '><span class='hr-inner '><span class=\"hr-inner-style\"><\/span><\/span><\/div><br \/>\n<section  class='av_textblock_section av-kjtri1ay-995397999eb15536de1c366a075feb75 '   itemscope=\"itemscope\" itemtype=\"https:\/\/schema.org\/CreativeWork\" ><div class='avia_textblock'  itemprop=\"text\" ><h5>Qualification topics:<\/h5>\n<p><a href=\"https:\/\/www.komunariko.at\/en\/topics\/qualification\/leadership\/\">Leadership<\/a> | <a href=\"https:\/\/www.komunariko.at\/en\/topics\/qualification\/conflict-management\/\">Conflict management<\/a> | <a href=\"https:\/\/www.komunariko.at\/en\/topics\/qualification\/facilitation\/\">Facilitation<\/a> | <a href=\"https:\/\/www.komunariko.at\/en\/topics\/qualification\/time-and-self-management\/\">Time and self-management<\/a><\/p>\n<\/div><\/section><\/p><\/div><\/div><\/div><\/div><!-- close content main div --><\/div><\/div><div id='after_section_1'  class='main_color av_default_container_wrap container_wrap sidebar_right'  ><div class='container av-section-cont-open' ><div class='template-page content  av-content-small alpha units'><div class='post-entry post-entry-type-page post-entry-6911'><div class='entry-content-wrapper clearfix'>\n<style type=\"text\/css\" data-created_by=\"avia_inline_auto\" id=\"style-css-av-2w2us6-4487a59322fd7cd306863154c9c84e74\">\n.flex_column.av-2w2us6-4487a59322fd7cd306863154c9c84e74{\nborder-radius:0px 0px 0px 0px;\npadding:0px 0px 0px 0px;\n}\n<\/style>\n<div  class='flex_column av-2w2us6-4487a59322fd7cd306863154c9c84e74 av_one_full  avia-builder-el-7  el_after_av_section  el_before_av_two_fifth  avia-builder-el-first  first flex_column_div av-zero-column-padding  '     ><section  class='av_textblock_section av-kjtri1ay-414437797d59a18f94b30b0472bc22a9 '   itemscope=\"itemscope\" itemtype=\"https:\/\/schema.org\/CreativeWork\" ><div class='avia_textblock'  itemprop=\"text\" ><p>When implementing customized solutions, both in training and in consulting, the following applies: Every person is embedded in their environment. The context influences behavior. Organizations are successful in the long term when the interaction between them, the people involved and their environment is successful. In our training courses, we therefore not only pay attention to the design of the individual learning units, but also to how they are linked to the company&#8217;s objectives. By maintaining close contact with the people we meet, we remain able to act constructively and spontaneously even in unforeseen situations. Our clients appreciate the individuality and sustainability of our measures.     <\/p>\n<h5>Essential step: transfer to everyday life<\/h5>\n<p>Many are familiar with the uplifting feeling of returning to the workplace highly motivated and energized with new ideas and impulses after a training seminar. This sparks new projects and resolutions about how things should be done differently in the future. Unfortunately, this initial enthusiasm often fades quickly, and instead of innovation,&#8230; everyday routine takes over.  <\/p>\n<p>This is where we, as process-oriented learning architects, come in. Using well-founded concepts, new insights from neurodidactics, and proven methods, we facilitate the transfer of knowledge into daily practice, thereby effectively enabling organizational learning.<\/p>\n<p><strong>We work on four levels:<\/strong><\/p>\n<ul>\n<li>ar the knowledge level (having knowledge of something),<\/li>\n<li>at the attitude level (understanding and willingness as the strongest driver for one&#8217;s own behavior),<\/li>\n<li>at the behavioral level (experience, reflect on and practice specific methods, tools and behavioral options)<\/li>\n<li>And &#8211; already during project clarification &#8211; at the contextual and cultural level (What is permitted \u2013 which responsibilities, rules, and guidelines must be observed?).<\/li>\n<\/ul>\n<\/div><\/section><\/div><\/p>\n\n<style type=\"text\/css\" data-created_by=\"avia_inline_auto\" id=\"style-css-av-4iju3q-d58d1047281b8063031c6781ec6de1d2\">\n.flex_column.av-4iju3q-d58d1047281b8063031c6781ec6de1d2{\nborder-radius:0px 0px 0px 0px;\npadding:0px 0px 0px 0px;\n}\n<\/style>\n<div  class='flex_column av-4iju3q-d58d1047281b8063031c6781ec6de1d2 av_two_fifth  avia-builder-el-9  el_after_av_one_full  el_before_av_three_fifth  first flex_column_div av-zero-column-padding  column-top-margin'     ><style type=\"text\/css\" data-created_by=\"avia_inline_auto\" id=\"style-css-av-kjtspdhd-7f8a223b07594deb21d0e5d77a72923e\">\n.avia-image-container.av-kjtspdhd-7f8a223b07594deb21d0e5d77a72923e img.avia_image{\nbox-shadow:none;\n}\n.avia-image-container.av-kjtspdhd-7f8a223b07594deb21d0e5d77a72923e .av-image-caption-overlay-center{\ncolor:#ffffff;\n}\n<\/style>\n<div  class='avia-image-container av-kjtspdhd-7f8a223b07594deb21d0e5d77a72923e av-styling- avia-align-center  avia-builder-el-10  avia-builder-el-no-sibling '   itemprop=\"image\" itemscope=\"itemscope\" itemtype=\"https:\/\/schema.org\/ImageObject\" ><div class=\"avia-image-container-inner\"><div class=\"avia-image-overlay-wrap\"><img decoding=\"async\" fetchpriority=\"high\" class='wp-image-6474 avia-img-lazy-loading-not-6474 avia_image ' src=\"https:\/\/www.komunariko.at\/wp-content\/uploads\/2021\/01\/impulsvortrag-moderation.jpg\" alt='' title='impulsvortrag-moderation'  height=\"900\" width=\"900\"  itemprop=\"thumbnailUrl\" srcset=\"https:\/\/www.komunariko.at\/wp-content\/uploads\/2021\/01\/impulsvortrag-moderation.jpg 900w, https:\/\/www.komunariko.at\/wp-content\/uploads\/2021\/01\/impulsvortrag-moderation-300x300.jpg 300w, https:\/\/www.komunariko.at\/wp-content\/uploads\/2021\/01\/impulsvortrag-moderation-80x80.jpg 80w, https:\/\/www.komunariko.at\/wp-content\/uploads\/2021\/01\/impulsvortrag-moderation-768x768.jpg 768w, https:\/\/www.komunariko.at\/wp-content\/uploads\/2021\/01\/impulsvortrag-moderation-36x36.jpg 36w, https:\/\/www.komunariko.at\/wp-content\/uploads\/2021\/01\/impulsvortrag-moderation-180x180.jpg 180w, https:\/\/www.komunariko.at\/wp-content\/uploads\/2021\/01\/impulsvortrag-moderation-705x705.jpg 705w\" sizes=\"(max-width: 900px) 100vw, 900px\" \/><\/div><\/div><\/div><\/div>\n\n<style type=\"text\/css\" data-created_by=\"avia_inline_auto\" id=\"style-css-av-2w2us6-c4d12ebd51ff3b1cfc7b711709251186\">\n.flex_column.av-2w2us6-c4d12ebd51ff3b1cfc7b711709251186{\nborder-radius:0px 0px 0px 0px;\npadding:0px 0px 0px 0px;\n}\n<\/style>\n<div  class='flex_column av-2w2us6-c4d12ebd51ff3b1cfc7b711709251186 av_three_fifth  avia-builder-el-11  el_after_av_two_fifth  avia-builder-el-last  flex_column_div av-zero-column-padding  column-top-margin'     ><section  class='av_textblock_section av-kjtri1ay-414437797d59a18f94b30b0472bc22a9 '   itemscope=\"itemscope\" itemtype=\"https:\/\/schema.org\/CreativeWork\" ><div class='avia_textblock'  itemprop=\"text\" ><h3><strong>Our offer<\/strong><strong> <\/strong><\/h3>\n<p>Our range of training offerings starts with brief keynote presentations and extends to multi-day learning journeys in a blended-learning format. We deliver engaging and interactive online sessions as well as immersive in-person experiences that engage all the senses. Together with you, we will determine which approach best meets your needs for maximum impact. Each learning path and each training design is individually tailored to the specific target group, the specific situation, your requirements and objectives. Content can include topics relating to <a href=\"https:\/\/www.komunariko.at\/en\/topics\/qualification\/leadership\/\">leadership<\/a>, <a href=\"https:\/\/www.komunariko.at\/en\/topics\/qualification\/conflict-management\/\">conflict<\/a>, complaint management, consulting skills, <a href=\"https:\/\/www.komunariko.at\/en\/topics\/qualification\/time-and-self-management\/\">time and self-management<\/a>, classic <a href=\"https:\/\/www.komunariko.at\/en\/topics\/qualification\/facilitation\/\">facilitation<\/a> or \u201cArt of Hosting\u201d.     <\/p>\n<p>The topics and quality of our training offerings are fueled by our ongoing education and professional development, practical experience, up-to-date knowledge of the latest literature, and continuous growth through the challenges faced by our clients. Driven by curiosity and enthusiasm, we are constantly motivated by one question: How can we further enhance the impact of our programs and support successful transfer into practice?<\/p>\n<\/div><\/section><br \/>\n<section  class='av_textblock_section av-kjtri1ay-414437797d59a18f94b30b0472bc22a9 '   itemscope=\"itemscope\" itemtype=\"https:\/\/schema.org\/CreativeWork\" ><div class='avia_textblock'  itemprop=\"text\" ><blockquote>\n<p>What training needs or development goals are on your mind?<br \/>\nWhich future changes or tasks make it worthwhile to pursue further development? And what is the most suitable format for this? <\/p>\n<p>We are happy to answer these questions together with you during the planning of your in-house training program.<\/p>\n<\/blockquote>\n<\/div><\/section><br \/>\n\n<style type=\"text\/css\" data-created_by=\"avia_inline_auto\" id=\"style-css-av-kk8hcvex-0b98281b108f93be298f1bb095adb820\">\n#top .hr.hr-invisible.av-kk8hcvex-0b98281b108f93be298f1bb095adb820{\nheight:20px;\n}\n<\/style>\n<div  class='hr av-kk8hcvex-0b98281b108f93be298f1bb095adb820 hr-invisible  avia-builder-el-14  el_after_av_textblock  el_before_av_button '><span class='hr-inner '><span class=\"hr-inner-style\"><\/span><\/span><\/div><br \/>\n<div  class='avia-button-wrap av-kk8hbi2w-79b959281aadb00930a6064fd9589ed5-wrap avia-button-left  avia-builder-el-15  el_after_av_hr  avia-builder-el-last '><a href='https:\/\/www.komunariko.at\/en\/contact-us\/'  class='avia-button av-kk8hbi2w-79b959281aadb00930a6064fd9589ed5 av-link-btn avia-icon_select-yes-left-icon avia-size-medium avia-position-left avia-color-theme-color'   aria-label=\"Arrange a non-binding initial consultation\"><span class='avia_button_icon avia_button_icon_left avia-iconfont avia-font-entypo-fontello' data-av_icon='\ue879' data-av_iconfont='entypo-fontello' ><\/span><span class='avia_iconbox_title' >Arrange a non-binding initial consultation<\/span><\/a><\/div><\/p><\/div>\n","protected":false},"excerpt":{"rendered":"","protected":false},"author":5,"featured_media":0,"parent":6894,"menu_order":0,"comment_status":"closed","ping_status":"closed","template":"","meta":{"footnotes":""},"class_list":["post-6911","page","type-page","status-publish","hentry"],"yoast_head":"<!-- This site is optimized with the Yoast SEO plugin v24.7 - https:\/\/yoast.com\/wordpress\/plugins\/seo\/ -->\n<title>Qualification - komunariko - Beratung. Training. Coaching.<\/title>\n<meta name=\"robots\" content=\"index, follow, max-snippet:-1, max-image-preview:large, max-video-preview:-1\" \/>\n<link rel=\"canonical\" href=\"https:\/\/www.komunariko.at\/en\/topics\/qualification\/\" \/>\n<meta property=\"og:locale\" content=\"en_US\" \/>\n<meta property=\"og:type\" content=\"article\" \/>\n<meta property=\"og:title\" content=\"Qualification - komunariko - Beratung. Training. Coaching.\" \/>\n<meta property=\"og:url\" content=\"https:\/\/www.komunariko.at\/en\/topics\/qualification\/\" \/>\n<meta property=\"og:site_name\" content=\"komunariko - Beratung. Training. Coaching.\" \/>\n<meta property=\"article:modified_time\" content=\"2025-07-19T18:42:09+00:00\" \/>\n<meta name=\"twitter:card\" content=\"summary_large_image\" \/>\n<meta name=\"twitter:label1\" content=\"Est. reading time\" \/>\n\t<meta name=\"twitter:data1\" content=\"4 minutes\" \/>\n<script type=\"application\/ld+json\" class=\"yoast-schema-graph\">{\"@context\":\"https:\/\/schema.org\",\"@graph\":[{\"@type\":\"WebPage\",\"@id\":\"https:\/\/www.komunariko.at\/en\/topics\/qualification\/\",\"url\":\"https:\/\/www.komunariko.at\/en\/topics\/qualification\/\",\"name\":\"Qualification - komunariko - Beratung. Training. Coaching.\",\"isPartOf\":{\"@id\":\"https:\/\/www.komunariko.at\/en\/#website\"},\"datePublished\":\"2021-01-13T07:32:17+00:00\",\"dateModified\":\"2025-07-19T18:42:09+00:00\",\"breadcrumb\":{\"@id\":\"https:\/\/www.komunariko.at\/en\/topics\/qualification\/#breadcrumb\"},\"inLanguage\":\"en-US\",\"potentialAction\":[{\"@type\":\"ReadAction\",\"target\":[\"https:\/\/www.komunariko.at\/en\/topics\/qualification\/\"]}]},{\"@type\":\"BreadcrumbList\",\"@id\":\"https:\/\/www.komunariko.at\/en\/topics\/qualification\/#breadcrumb\",\"itemListElement\":[{\"@type\":\"ListItem\",\"position\":1,\"name\":\"Home\",\"item\":\"https:\/\/www.komunariko.at\/en\/\"},{\"@type\":\"ListItem\",\"position\":2,\"name\":\"Topics\",\"item\":\"https:\/\/www.komunariko.at\/en\/topics\/\"},{\"@type\":\"ListItem\",\"position\":3,\"name\":\"Qualification\"}]},{\"@type\":\"WebSite\",\"@id\":\"https:\/\/www.komunariko.at\/en\/#website\",\"url\":\"https:\/\/www.komunariko.at\/en\/\",\"name\":\"komunariko - Beratung. Training. Coaching.\",\"description\":\"Ma\u00dfgeschneiderte L\u00f6sungen f\u00fcr Organisationsentwicklung,  F\u00fchrungs- und Kommunkationskompetenz. Wir begleiten Menschen, Unternehmen und Organisationen in Zeiten der Entwicklung und des Wandels \u2013 und das seit 35 Jahren, mit Sitz in Salzburg.\",\"potentialAction\":[{\"@type\":\"SearchAction\",\"target\":{\"@type\":\"EntryPoint\",\"urlTemplate\":\"https:\/\/www.komunariko.at\/en\/?s={search_term_string}\"},\"query-input\":{\"@type\":\"PropertyValueSpecification\",\"valueRequired\":true,\"valueName\":\"search_term_string\"}}],\"inLanguage\":\"en-US\"}]}<\/script>\n<!-- \/ Yoast SEO plugin. -->","yoast_head_json":{"title":"Qualification - komunariko - Beratung. Training. Coaching.","robots":{"index":"index","follow":"follow","max-snippet":"max-snippet:-1","max-image-preview":"max-image-preview:large","max-video-preview":"max-video-preview:-1"},"canonical":"https:\/\/www.komunariko.at\/en\/topics\/qualification\/","og_locale":"en_US","og_type":"article","og_title":"Qualification - komunariko - Beratung. Training. Coaching.","og_url":"https:\/\/www.komunariko.at\/en\/topics\/qualification\/","og_site_name":"komunariko - Beratung. Training. Coaching.","article_modified_time":"2025-07-19T18:42:09+00:00","twitter_card":"summary_large_image","twitter_misc":{"Est. reading time":"4 minutes"},"schema":{"@context":"https:\/\/schema.org","@graph":[{"@type":"WebPage","@id":"https:\/\/www.komunariko.at\/en\/topics\/qualification\/","url":"https:\/\/www.komunariko.at\/en\/topics\/qualification\/","name":"Qualification - komunariko - Beratung. Training. Coaching.","isPartOf":{"@id":"https:\/\/www.komunariko.at\/en\/#website"},"datePublished":"2021-01-13T07:32:17+00:00","dateModified":"2025-07-19T18:42:09+00:00","breadcrumb":{"@id":"https:\/\/www.komunariko.at\/en\/topics\/qualification\/#breadcrumb"},"inLanguage":"en-US","potentialAction":[{"@type":"ReadAction","target":["https:\/\/www.komunariko.at\/en\/topics\/qualification\/"]}]},{"@type":"BreadcrumbList","@id":"https:\/\/www.komunariko.at\/en\/topics\/qualification\/#breadcrumb","itemListElement":[{"@type":"ListItem","position":1,"name":"Home","item":"https:\/\/www.komunariko.at\/en\/"},{"@type":"ListItem","position":2,"name":"Topics","item":"https:\/\/www.komunariko.at\/en\/topics\/"},{"@type":"ListItem","position":3,"name":"Qualification"}]},{"@type":"WebSite","@id":"https:\/\/www.komunariko.at\/en\/#website","url":"https:\/\/www.komunariko.at\/en\/","name":"komunariko - Beratung. Training. Coaching.","description":"Ma\u00dfgeschneiderte L\u00f6sungen f\u00fcr Organisationsentwicklung,  F\u00fchrungs- und Kommunkationskompetenz. Wir begleiten Menschen, Unternehmen und Organisationen in Zeiten der Entwicklung und des Wandels \u2013 und das seit 35 Jahren, mit Sitz in Salzburg.","potentialAction":[{"@type":"SearchAction","target":{"@type":"EntryPoint","urlTemplate":"https:\/\/www.komunariko.at\/en\/?s={search_term_string}"},"query-input":{"@type":"PropertyValueSpecification","valueRequired":true,"valueName":"search_term_string"}}],"inLanguage":"en-US"}]}},"_links":{"self":[{"href":"https:\/\/www.komunariko.at\/en\/wp-json\/wp\/v2\/pages\/6911","targetHints":{"allow":["GET"]}}],"collection":[{"href":"https:\/\/www.komunariko.at\/en\/wp-json\/wp\/v2\/pages"}],"about":[{"href":"https:\/\/www.komunariko.at\/en\/wp-json\/wp\/v2\/types\/page"}],"author":[{"embeddable":true,"href":"https:\/\/www.komunariko.at\/en\/wp-json\/wp\/v2\/users\/5"}],"replies":[{"embeddable":true,"href":"https:\/\/www.komunariko.at\/en\/wp-json\/wp\/v2\/comments?post=6911"}],"version-history":[{"count":3,"href":"https:\/\/www.komunariko.at\/en\/wp-json\/wp\/v2\/pages\/6911\/revisions"}],"predecessor-version":[{"id":7241,"href":"https:\/\/www.komunariko.at\/en\/wp-json\/wp\/v2\/pages\/6911\/revisions\/7241"}],"up":[{"embeddable":true,"href":"https:\/\/www.komunariko.at\/en\/wp-json\/wp\/v2\/pages\/6894"}],"wp:attachment":[{"href":"https:\/\/www.komunariko.at\/en\/wp-json\/wp\/v2\/media?parent=6911"}],"curies":[{"name":"wp","href":"https:\/\/api.w.org\/{rel}","templated":true}]}}