{"id":6914,"date":"2021-01-22T19:51:10","date_gmt":"2021-01-22T18:51:10","guid":{"rendered":"https:\/\/www.komunariko.at\/topics\/qualification\/facilitation\/"},"modified":"2025-06-11T23:02:01","modified_gmt":"2025-06-11T21:02:01","slug":"facilitation","status":"publish","type":"page","link":"https:\/\/www.komunariko.at\/en\/topics\/qualification\/facilitation\/","title":{"rendered":"Facilitation"},"content":{"rendered":"\n<style type=\"text\/css\" data-created_by=\"avia_inline_auto\" id=\"style-css-av-32j9si-e3170422e32e552ba6fd10890bdfb850\">\n#top .av-special-heading.av-32j9si-e3170422e32e552ba6fd10890bdfb850{\npadding-bottom:10px;\nfont-size:57px;\n}\nbody .av-special-heading.av-32j9si-e3170422e32e552ba6fd10890bdfb850 .av-special-heading-tag .heading-char{\nfont-size:25px;\n}\n#top #wrap_all .av-special-heading.av-32j9si-e3170422e32e552ba6fd10890bdfb850 .av-special-heading-tag{\nfont-size:57px;\n}\n.av-special-heading.av-32j9si-e3170422e32e552ba6fd10890bdfb850 .av-subheading{\nfont-size:15px;\n}\n\n@media only screen and (min-width: 480px) and (max-width: 767px){ \n#top #wrap_all .av-special-heading.av-32j9si-e3170422e32e552ba6fd10890bdfb850 .av-special-heading-tag{\nfont-size:0.8em;\n}\n}\n\n@media only screen and (max-width: 479px){ \n#top #wrap_all .av-special-heading.av-32j9si-e3170422e32e552ba6fd10890bdfb850 .av-special-heading-tag{\nfont-size:0.8em;\n}\n}\n<\/style>\n<div  class='av-special-heading av-32j9si-e3170422e32e552ba6fd10890bdfb850 av-special-heading-h1 blockquote modern-quote  avia-builder-el-0  el_before_av_one_half  avia-builder-el-first  av-inherit-size'><h1 class='av-special-heading-tag '  itemprop=\"headline\"  >Facilitation<\/h1><div class='av-subheading av-subheading_below'><p>Topic: Qualification<\/p>\n<\/div><div class=\"special-heading-border\"><div class=\"special-heading-inner-border\"><\/div><\/div><\/div>\n\n<style type=\"text\/css\" data-created_by=\"avia_inline_auto\" id=\"style-css-av-1tum8r-ca2a6da917cbdfc972671bc0e0a20dc2\">\n.flex_column.av-1tum8r-ca2a6da917cbdfc972671bc0e0a20dc2{\nborder-radius:0px 0px 0px 0px;\npadding:0px 0px 0px 0px;\n}\n<\/style>\n<div  class='flex_column av-1tum8r-ca2a6da917cbdfc972671bc0e0a20dc2 av_one_half  avia-builder-el-1  el_after_av_heading  el_before_av_one_half  first flex_column_div  '     ><section  class='av_textblock_section av-kjtri1ay-414437797d59a18f94b30b0472bc22a9 '   itemscope=\"itemscope\" itemtype=\"https:\/\/schema.org\/CreativeWork\" ><div class='avia_textblock'  itemprop=\"text\" ><p>A facilitator is a methodical helper who accompanies and facilitates the work process of a group so that it achieves its goal and results. This is both a rewarding and challenging task. Whether you are leading a meeting, facilitating a workshop or standing on stage at a major event, facilitation requires a great deal of skill in guiding discussions, listening, mediating and structuring in order to achieve a satisfactory result. When done well, it appears effortless. But in reality, it takes a wealth of expertise to make facilitation truly effective.<\/p>\n<\/div><\/section><\/div>\n\n<style type=\"text\/css\" data-created_by=\"avia_inline_auto\" id=\"style-css-av-1tum8r-b235576730c1dea4b98eff62fae6f4bd\">\n.flex_column.av-1tum8r-b235576730c1dea4b98eff62fae6f4bd{\nborder-radius:0px 0px 0px 0px;\npadding:0px 0px 0px 0px;\n}\n<\/style>\n<div  class='flex_column av-1tum8r-b235576730c1dea4b98eff62fae6f4bd av_one_half  avia-builder-el-3  el_after_av_one_half  el_before_av_hr  flex_column_div  '     ><style type=\"text\/css\" data-created_by=\"avia_inline_auto\" id=\"style-css-av-kmol34kk-36801e216ce1941d43ea94b74d848685\">\n.avia-image-container.av-kmol34kk-36801e216ce1941d43ea94b74d848685 img.avia_image{\nbox-shadow:none;\n}\n.avia-image-container.av-kmol34kk-36801e216ce1941d43ea94b74d848685 .av-image-caption-overlay-center{\ncolor:#ffffff;\n}\n<\/style>\n<div  class='avia-image-container av-kmol34kk-36801e216ce1941d43ea94b74d848685 av-styling- avia-align-center  avia-builder-el-4  avia-builder-el-no-sibling '   itemprop=\"image\" itemscope=\"itemscope\" itemtype=\"https:\/\/schema.org\/ImageObject\" ><div class=\"avia-image-container-inner\"><div class=\"avia-image-overlay-wrap\"><img decoding=\"async\" fetchpriority=\"high\" class='wp-image-6574 avia-img-lazy-loading-not-6574 avia_image ' src=\"https:\/\/www.komunariko.at\/wp-content\/uploads\/2021\/03\/moderation-fortbildung.jpg\" alt='' title='moderation-fortbildung'  height=\"400\" width=\"600\"  itemprop=\"thumbnailUrl\" srcset=\"https:\/\/www.komunariko.at\/wp-content\/uploads\/2021\/03\/moderation-fortbildung.jpg 600w, https:\/\/www.komunariko.at\/wp-content\/uploads\/2021\/03\/moderation-fortbildung-300x200.jpg 300w\" sizes=\"(max-width: 600px) 100vw, 600px\" \/><\/div><\/div><\/div><\/div>\n<div  class='hr av-1z1bbj-3a5a4cfacac009afdd0e3745a8eae357 hr-default  avia-builder-el-5  el_after_av_one_half  el_before_av_one_half '><span class='hr-inner '><span class=\"hr-inner-style\"><\/span><\/span><\/div>\n\n<style type=\"text\/css\" data-created_by=\"avia_inline_auto\" id=\"style-css-av-1tum8r-ca2a6da917cbdfc972671bc0e0a20dc2\">\n.flex_column.av-1tum8r-ca2a6da917cbdfc972671bc0e0a20dc2{\nborder-radius:0px 0px 0px 0px;\npadding:0px 0px 0px 0px;\n}\n<\/style>\n<div  class='flex_column av-1tum8r-ca2a6da917cbdfc972671bc0e0a20dc2 av_one_half  avia-builder-el-6  el_after_av_hr  el_before_av_one_half  first flex_column_div  '     ><section  class='av_textblock_section av-kjtri1ay-414437797d59a18f94b30b0472bc22a9 '   itemscope=\"itemscope\" itemtype=\"https:\/\/schema.org\/CreativeWork\" ><div class='avia_textblock'  itemprop=\"text\" ><h3>&#8230; in many areas<\/h3>\n<div><\/div>\n<div>\n<div><\/div>\n<div>For meaningful, sustainable results, discussions need creativity, the right framework and a suitable structure. Good facilitation is therefore required in many areas. Our facilitation training is aimed at various users:  <\/div>\n<ul>\n<li>Leaders who facilitate and\/or lead meetings themselves<\/li>\n<li>Specialists (e.g. from HR), project managers or support functions (e.g. SCRUM masters) who lead meetings or workshops from a coordinating role<\/li>\n<li>Employees who are deployed as internal facilitators<\/li>\n<li>Teachers or lecturers who want to incorporate interactive phases into their presentations<\/li>\n<li>Trainers, coaches and consultants who work professionally with groups and lead or accompany their work<\/li>\n<\/ul>\n<\/div>\n<\/div><\/section><\/div>\n\n<style type=\"text\/css\" data-created_by=\"avia_inline_auto\" id=\"style-css-av-1tum8r-b235576730c1dea4b98eff62fae6f4bd\">\n.flex_column.av-1tum8r-b235576730c1dea4b98eff62fae6f4bd{\nborder-radius:0px 0px 0px 0px;\npadding:0px 0px 0px 0px;\n}\n<\/style>\n<div  class='flex_column av-1tum8r-b235576730c1dea4b98eff62fae6f4bd av_one_half  avia-builder-el-8  el_after_av_one_half  el_before_av_hr  flex_column_div  '     ><section  class='av_textblock_section av-kjtri1ay-414437797d59a18f94b30b0472bc22a9 '   itemscope=\"itemscope\" itemtype=\"https:\/\/schema.org\/CreativeWork\" ><div class='avia_textblock'  itemprop=\"text\" ><h3>A true skill &#8230;<\/h3>\n<p>On the one hand, it is important to structure the discussions in line with the objectives, to use the methodological tools carefully and to use suitable questions to achieve results. At the same time, the facilitator also keeps a constant eye on the social process. In order to facilitate a constructive discussion climate, the participants are actively involved in the discussions and participate in the process. After all, unexpected situations and tensions can arise at any time, which the facilitator must be able to deal with.   <\/p>\n<p>Of course, the success of a facilitation begins even before the discussions start. A clear clarification of objectives and context is essential and provides orientation for steering the group work.<\/p>\n<\/div><\/section><\/div>\n\n<style type=\"text\/css\" data-created_by=\"avia_inline_auto\" id=\"style-css-av-kjwk7nc9-13a0c9ac2f8a21e33f900da30786d663\">\n#top .hr.hr-invisible.av-kjwk7nc9-13a0c9ac2f8a21e33f900da30786d663{\nheight:20px;\n}\n<\/style>\n<div  class='hr av-kjwk7nc9-13a0c9ac2f8a21e33f900da30786d663 hr-invisible  avia-builder-el-10  el_after_av_one_half  el_before_av_section  avia-builder-el-last '><span class='hr-inner '><span class=\"hr-inner-style\"><\/span><\/span><\/div>\n<\/div><\/div><\/div><!-- close content main div --><\/div><\/div>\n<style type=\"text\/css\" data-created_by=\"avia_inline_auto\" id=\"style-css-av-kjtsfrmh-73c1460acf807f9c8a885cd2dba73e66\">\n.avia-section.av-kjtsfrmh-73c1460acf807f9c8a885cd2dba73e66{\nbackground-color:#f5f5f5;\nbackground-image:unset;\n}\n<\/style>\n<div id='av_section_1'  class='avia-section av-kjtsfrmh-73c1460acf807f9c8a885cd2dba73e66 main_color avia-section-default avia-no-border-styling  avia-builder-el-11  el_after_av_hr  avia-builder-el-last  avia-bg-style-scroll container_wrap sidebar_right'  ><div class='container av-section-cont-open' ><div class='template-page content  av-content-small alpha units'><div class='post-entry post-entry-type-page post-entry-6914'><div class='entry-content-wrapper clearfix'>\n\n<style type=\"text\/css\" data-created_by=\"avia_inline_auto\" id=\"style-css-av-ehri86-2ea7b96f6338923d912da3d108df5fd4\">\n.flex_column.av-ehri86-2ea7b96f6338923d912da3d108df5fd4{\nborder-radius:0px 0px 0px 0px;\npadding:0px 0px 0px 0px;\n}\n<\/style>\n<div  class='flex_column av-ehri86-2ea7b96f6338923d912da3d108df5fd4 av_one_half  avia-builder-el-12  el_before_av_one_half  avia-builder-el-first  first flex_column_div av-zero-column-padding  '     ><section  class='av_textblock_section av-kjtri1ay-414437797d59a18f94b30b0472bc22a9 '   itemscope=\"itemscope\" itemtype=\"https:\/\/schema.org\/CreativeWork\" ><div class='avia_textblock'  itemprop=\"text\" ><h3>The complexity of professional life is constantly increasing.<\/h3>\n<p>Shaped by digital connectivity, the world of work has undergone radical change. Flat hierarchies are now demanded, with greater participation from all involved, while creativity and networking increasingly become key success factors. This requires extensive communication and coordination\u2014resulting in more meetings, mini-workshops, and retreats. At the same time, time remains a precious commodity in the professional daily routine.The ability to effectively organize collaboration and facilitate discussions has therefore long since become a key skill.    <\/p>\n<h3>Learn from professionals<\/h3>\n<p>With over 30 years of experience, we offer you <a href=\"https:\/\/www.komunariko.at\/en\/services\/personal-competence\/moderation\/\">facilitation training<\/a> that is tailored to your needs. You receive proven insights, can practice in a protected environment and try out new tools and methods. Depending on your requirements, you will consciously deal with the role and tasks of the facilitator and will thus be able to competently accompany even difficult group processes.<\/p>\n<\/div><\/section><br \/>\n<div  class='avia-button-wrap av-kk4dhvkc-ea1fdafd5102d277de35561ba27bbc08-wrap avia-button-left  avia-builder-el-14  el_after_av_textblock  avia-builder-el-last '><a href='https:\/\/www.komunariko.at\/angebot\/personliche-kompetenz\/moderation\/'  class='avia-button av-kk4dhvkc-ea1fdafd5102d277de35561ba27bbc08 av-link-btn avia-icon_select-yes-left-icon avia-size-medium avia-position-left avia-color-theme-color'   aria-label=\"To the facilitation training\"><span class='avia_button_icon avia_button_icon_left avia-iconfont avia-font-entypo-fontello' data-av_icon='\ue875' data-av_iconfont='entypo-fontello' ><\/span><span class='avia_iconbox_title' >To the facilitation training<\/span><\/a><\/div><\/p><\/div>\n<style type=\"text\/css\" data-created_by=\"avia_inline_auto\" id=\"style-css-av-ehri86-3fd80dbb857d033ccca457bde756312d\">\n.flex_column.av-ehri86-3fd80dbb857d033ccca457bde756312d{\nborder-radius:0px 0px 0px 0px;\npadding:0px 0px 0px 0px;\n}\n<\/style>\n<div  class='flex_column av-ehri86-3fd80dbb857d033ccca457bde756312d av_one_half  avia-builder-el-15  el_after_av_one_half  avia-builder-el-last  flex_column_div av-zero-column-padding  '     ><style type=\"text\/css\" data-created_by=\"avia_inline_auto\" id=\"style-css-av-kjtspdhd-3505337f03d91805bb7a8633438d6583\">\n.avia-image-container.av-kjtspdhd-3505337f03d91805bb7a8633438d6583 img.avia_image{\nbox-shadow:none;\n}\n.avia-image-container.av-kjtspdhd-3505337f03d91805bb7a8633438d6583 .av-image-caption-overlay-center{\ncolor:#ffffff;\n}\n<\/style>\n<div  class='avia-image-container av-kjtspdhd-3505337f03d91805bb7a8633438d6583 av-styling- avia-align-center  avia-builder-el-16  avia-builder-el-no-sibling '   itemprop=\"image\" itemscope=\"itemscope\" itemtype=\"https:\/\/schema.org\/ImageObject\" ><div class=\"avia-image-container-inner\"><div class=\"avia-image-overlay-wrap\"><img decoding=\"async\" fetchpriority=\"high\" class='wp-image-6628 avia-img-lazy-loading-not-6628 avia_image ' src=\"https:\/\/www.komunariko.at\/wp-content\/uploads\/2022\/02\/komunariko-team_2022-1.jpg\" alt='' title='komunariko-team_2022'  height=\"350\" width=\"600\"  itemprop=\"thumbnailUrl\" srcset=\"https:\/\/www.komunariko.at\/wp-content\/uploads\/2022\/02\/komunariko-team_2022-1.jpg 600w, https:\/\/www.komunariko.at\/wp-content\/uploads\/2022\/02\/komunariko-team_2022-1-300x175.jpg 300w\" sizes=\"(max-width: 600px) 100vw, 600px\" \/><\/div><\/div><\/div><\/div>\n<\/div><\/div><\/div><!-- close content main div --><\/div><\/div><div id='after_section_1'  class='main_color av_default_container_wrap container_wrap sidebar_right'  ><div class='container av-section-cont-open' ><div class='template-page content  av-content-small alpha units'><div class='post-entry post-entry-type-page post-entry-6914'><div class='entry-content-wrapper clearfix'>\n","protected":false},"excerpt":{"rendered":"","protected":false},"author":5,"featured_media":0,"parent":6911,"menu_order":0,"comment_status":"closed","ping_status":"closed","template":"","meta":{"footnotes":""},"class_list":["post-6914","page","type-page","status-publish","hentry"],"yoast_head":"<!-- This site is optimized with the Yoast SEO plugin v24.7 - https:\/\/yoast.com\/wordpress\/plugins\/seo\/ -->\n<title>Facilitation - komunariko - Beratung. Training. Coaching.<\/title>\n<meta name=\"robots\" content=\"index, follow, max-snippet:-1, max-image-preview:large, max-video-preview:-1\" \/>\n<link rel=\"canonical\" href=\"https:\/\/www.komunariko.at\/en\/topics\/qualification\/facilitation\/\" \/>\n<meta property=\"og:locale\" content=\"en_US\" \/>\n<meta property=\"og:type\" content=\"article\" \/>\n<meta property=\"og:title\" content=\"Facilitation - komunariko - Beratung. Training. Coaching.\" \/>\n<meta property=\"og:url\" content=\"https:\/\/www.komunariko.at\/en\/topics\/qualification\/facilitation\/\" \/>\n<meta property=\"og:site_name\" content=\"komunariko - Beratung. Training. Coaching.\" \/>\n<meta property=\"article:modified_time\" content=\"2025-06-11T21:02:01+00:00\" \/>\n<meta name=\"twitter:card\" content=\"summary_large_image\" \/>\n<meta name=\"twitter:label1\" content=\"Est. reading time\" \/>\n\t<meta name=\"twitter:data1\" content=\"3 minutes\" \/>\n<script type=\"application\/ld+json\" class=\"yoast-schema-graph\">{\"@context\":\"https:\/\/schema.org\",\"@graph\":[{\"@type\":\"WebPage\",\"@id\":\"https:\/\/www.komunariko.at\/en\/topics\/qualification\/facilitation\/\",\"url\":\"https:\/\/www.komunariko.at\/en\/topics\/qualification\/facilitation\/\",\"name\":\"Facilitation - komunariko - Beratung. Training. Coaching.\",\"isPartOf\":{\"@id\":\"https:\/\/www.komunariko.at\/en\/#website\"},\"datePublished\":\"2021-01-22T18:51:10+00:00\",\"dateModified\":\"2025-06-11T21:02:01+00:00\",\"breadcrumb\":{\"@id\":\"https:\/\/www.komunariko.at\/en\/topics\/qualification\/facilitation\/#breadcrumb\"},\"inLanguage\":\"en-US\",\"potentialAction\":[{\"@type\":\"ReadAction\",\"target\":[\"https:\/\/www.komunariko.at\/en\/topics\/qualification\/facilitation\/\"]}]},{\"@type\":\"BreadcrumbList\",\"@id\":\"https:\/\/www.komunariko.at\/en\/topics\/qualification\/facilitation\/#breadcrumb\",\"itemListElement\":[{\"@type\":\"ListItem\",\"position\":1,\"name\":\"Home\",\"item\":\"https:\/\/www.komunariko.at\/en\/\"},{\"@type\":\"ListItem\",\"position\":2,\"name\":\"Topics\",\"item\":\"https:\/\/www.komunariko.at\/en\/topics\/\"},{\"@type\":\"ListItem\",\"position\":3,\"name\":\"Qualification\",\"item\":\"https:\/\/www.komunariko.at\/en\/topics\/qualification\/\"},{\"@type\":\"ListItem\",\"position\":4,\"name\":\"Facilitation\"}]},{\"@type\":\"WebSite\",\"@id\":\"https:\/\/www.komunariko.at\/en\/#website\",\"url\":\"https:\/\/www.komunariko.at\/en\/\",\"name\":\"komunariko - Beratung. Training. Coaching.\",\"description\":\"Ma\u00dfgeschneiderte L\u00f6sungen f\u00fcr Organisationsentwicklung,  F\u00fchrungs- und Kommunkationskompetenz. Wir begleiten Menschen, Unternehmen und Organisationen in Zeiten der Entwicklung und des Wandels \u2013 und das seit 35 Jahren, mit Sitz in Salzburg.\",\"potentialAction\":[{\"@type\":\"SearchAction\",\"target\":{\"@type\":\"EntryPoint\",\"urlTemplate\":\"https:\/\/www.komunariko.at\/en\/?s={search_term_string}\"},\"query-input\":{\"@type\":\"PropertyValueSpecification\",\"valueRequired\":true,\"valueName\":\"search_term_string\"}}],\"inLanguage\":\"en-US\"}]}<\/script>\n<!-- \/ Yoast SEO plugin. -->","yoast_head_json":{"title":"Facilitation - komunariko - Beratung. Training. Coaching.","robots":{"index":"index","follow":"follow","max-snippet":"max-snippet:-1","max-image-preview":"max-image-preview:large","max-video-preview":"max-video-preview:-1"},"canonical":"https:\/\/www.komunariko.at\/en\/topics\/qualification\/facilitation\/","og_locale":"en_US","og_type":"article","og_title":"Facilitation - komunariko - Beratung. Training. Coaching.","og_url":"https:\/\/www.komunariko.at\/en\/topics\/qualification\/facilitation\/","og_site_name":"komunariko - Beratung. Training. Coaching.","article_modified_time":"2025-06-11T21:02:01+00:00","twitter_card":"summary_large_image","twitter_misc":{"Est. reading time":"3 minutes"},"schema":{"@context":"https:\/\/schema.org","@graph":[{"@type":"WebPage","@id":"https:\/\/www.komunariko.at\/en\/topics\/qualification\/facilitation\/","url":"https:\/\/www.komunariko.at\/en\/topics\/qualification\/facilitation\/","name":"Facilitation - komunariko - Beratung. Training. Coaching.","isPartOf":{"@id":"https:\/\/www.komunariko.at\/en\/#website"},"datePublished":"2021-01-22T18:51:10+00:00","dateModified":"2025-06-11T21:02:01+00:00","breadcrumb":{"@id":"https:\/\/www.komunariko.at\/en\/topics\/qualification\/facilitation\/#breadcrumb"},"inLanguage":"en-US","potentialAction":[{"@type":"ReadAction","target":["https:\/\/www.komunariko.at\/en\/topics\/qualification\/facilitation\/"]}]},{"@type":"BreadcrumbList","@id":"https:\/\/www.komunariko.at\/en\/topics\/qualification\/facilitation\/#breadcrumb","itemListElement":[{"@type":"ListItem","position":1,"name":"Home","item":"https:\/\/www.komunariko.at\/en\/"},{"@type":"ListItem","position":2,"name":"Topics","item":"https:\/\/www.komunariko.at\/en\/topics\/"},{"@type":"ListItem","position":3,"name":"Qualification","item":"https:\/\/www.komunariko.at\/en\/topics\/qualification\/"},{"@type":"ListItem","position":4,"name":"Facilitation"}]},{"@type":"WebSite","@id":"https:\/\/www.komunariko.at\/en\/#website","url":"https:\/\/www.komunariko.at\/en\/","name":"komunariko - Beratung. Training. Coaching.","description":"Ma\u00dfgeschneiderte L\u00f6sungen f\u00fcr Organisationsentwicklung,  F\u00fchrungs- und Kommunkationskompetenz. Wir begleiten Menschen, Unternehmen und Organisationen in Zeiten der Entwicklung und des Wandels \u2013 und das seit 35 Jahren, mit Sitz in Salzburg.","potentialAction":[{"@type":"SearchAction","target":{"@type":"EntryPoint","urlTemplate":"https:\/\/www.komunariko.at\/en\/?s={search_term_string}"},"query-input":{"@type":"PropertyValueSpecification","valueRequired":true,"valueName":"search_term_string"}}],"inLanguage":"en-US"}]}},"_links":{"self":[{"href":"https:\/\/www.komunariko.at\/en\/wp-json\/wp\/v2\/pages\/6914","targetHints":{"allow":["GET"]}}],"collection":[{"href":"https:\/\/www.komunariko.at\/en\/wp-json\/wp\/v2\/pages"}],"about":[{"href":"https:\/\/www.komunariko.at\/en\/wp-json\/wp\/v2\/types\/page"}],"author":[{"embeddable":true,"href":"https:\/\/www.komunariko.at\/en\/wp-json\/wp\/v2\/users\/5"}],"replies":[{"embeddable":true,"href":"https:\/\/www.komunariko.at\/en\/wp-json\/wp\/v2\/comments?post=6914"}],"version-history":[{"count":2,"href":"https:\/\/www.komunariko.at\/en\/wp-json\/wp\/v2\/pages\/6914\/revisions"}],"predecessor-version":[{"id":6994,"href":"https:\/\/www.komunariko.at\/en\/wp-json\/wp\/v2\/pages\/6914\/revisions\/6994"}],"up":[{"embeddable":true,"href":"https:\/\/www.komunariko.at\/en\/wp-json\/wp\/v2\/pages\/6911"}],"wp:attachment":[{"href":"https:\/\/www.komunariko.at\/en\/wp-json\/wp\/v2\/media?parent=6914"}],"curies":[{"name":"wp","href":"https:\/\/api.w.org\/{rel}","templated":true}]}}