{"id":6916,"date":"2021-01-12T13:41:50","date_gmt":"2021-01-12T12:41:50","guid":{"rendered":"https:\/\/www.komunariko.at\/topics\/teams-cooperation\/"},"modified":"2025-07-11T21:38:46","modified_gmt":"2025-07-11T19:38:46","slug":"teams-cooperation","status":"publish","type":"page","link":"https:\/\/www.komunariko.at\/en\/topics\/teams-cooperation\/","title":{"rendered":"Teams &#038; Cooperations"},"content":{"rendered":"<div id='full_slider_1'  class='avia-fullwidth-slider main_color avia-shadow av-mini-hide  avia-builder-el-0  el_before_av_section  avia-builder-el-first   container_wrap sidebar_right'  >\n<style type=\"text\/css\" data-created_by=\"avia_inline_auto\" id=\"style-css-av-kjtr7j1q-9ece963a6ab18817581928060ebe6cec\">\n#top #wrap_all .avia-slideshow .av-slideshow-caption.av-kjtr7j1q-9ece963a6ab18817581928060ebe6cec__0 .avia-caption-title{\nfont-size:20px;\ncolor:#ffffff;\n}\n#top .avia-slideshow .av-slideshow-caption.av-kjtr7j1q-9ece963a6ab18817581928060ebe6cec__0 .avia-caption-content{\nfont-size:20px;\ncolor:#ffffff;\n}\n#top .avia-slideshow .av-slideshow-caption.av-kjtr7j1q-9ece963a6ab18817581928060ebe6cec__0 .avia-caption-content p{\nfont-size:20px;\n}\n<\/style>\n<div  class='avia-slideshow av-kjtr7j1q-9ece963a6ab18817581928060ebe6cec avia-slideshow-featured av_slideshow_full avia-slide-slider av-mini-hide av-slideshow-ui av-control-default av-slideshow-manual av-loop-once av-loop-manual-endless av-default-height-applied   avia-slideshow-1' data-slideshow-options=\"{&quot;animation&quot;:&quot;slide&quot;,&quot;autoplay&quot;:false,&quot;loop_autoplay&quot;:&quot;once&quot;,&quot;interval&quot;:5,&quot;loop_manual&quot;:&quot;manual-endless&quot;,&quot;autoplay_stopper&quot;:false,&quot;noNavigation&quot;:false,&quot;bg_slider&quot;:false,&quot;keep_padding&quot;:false,&quot;hoverpause&quot;:false,&quot;show_slide_delay&quot;:0}\"  itemprop=\"image\" itemscope=\"itemscope\" itemtype=\"https:\/\/schema.org\/ImageObject\" ><ul class='avia-slideshow-inner ' style='padding-bottom: 28.666666666667%;'><li  class='avia-slideshow-slide av-kjtr7j1q-9ece963a6ab18817581928060ebe6cec__0  av-single-slide slide-1 slide-odd'><div data-rel='slideshow-1' class='avia-slide-wrap '   ><div class='av-slideshow-caption av-kjtr7j1q-9ece963a6ab18817581928060ebe6cec__0 caption_fullwidth caption_bottom caption_bottom_framed caption_framed'><div class=\"container caption_container\"><div class=\"slideshow_caption\"><div class=\"slideshow_inner_caption\"><div class=\"slideshow_align_caption\"><h2 class='avia-caption-title '  itemprop=\"name\" >\"If you want to go fast, go alone. If you want to go far, go together.\"<\/h2><div class='avia-caption-content av_inherit_color'  itemprop=\"description\" ><p>African proverb<\/p>\n<\/div><\/div><\/div><\/div><\/div><\/div><img decoding=\"async\" fetchpriority=\"high\" class=\"wp-image-6586 avia-img-lazy-loading-not-6586\"  src=\"https:\/\/www.komunariko.at\/wp-content\/uploads\/2021\/04\/teams-kooperation2.jpg\" width=\"1500\" height=\"430\" title='teams-kooperation2' alt=''  itemprop=\"thumbnailUrl\" srcset=\"https:\/\/www.komunariko.at\/wp-content\/uploads\/2021\/04\/teams-kooperation2.jpg 1500w, https:\/\/www.komunariko.at\/wp-content\/uploads\/2021\/04\/teams-kooperation2-300x86.jpg 300w, https:\/\/www.komunariko.at\/wp-content\/uploads\/2021\/04\/teams-kooperation2-1030x295.jpg 1030w, https:\/\/www.komunariko.at\/wp-content\/uploads\/2021\/04\/teams-kooperation2-768x220.jpg 768w, https:\/\/www.komunariko.at\/wp-content\/uploads\/2021\/04\/teams-kooperation2-705x202.jpg 705w\" sizes=\"(max-width: 1500px) 100vw, 1500px\" \/><div class='av-section-color-overlay' style='opacity: 0.2; background-color: #4c4c4c; '><\/div><\/div><\/li><\/ul><\/div><\/div>\n\n<style type=\"text\/css\" data-created_by=\"avia_inline_auto\" id=\"style-css-av-kjtsfrmh-73c1460acf807f9c8a885cd2dba73e66\">\n.avia-section.av-kjtsfrmh-73c1460acf807f9c8a885cd2dba73e66{\nbackground-color:#f5f5f5;\nbackground-image:unset;\n}\n<\/style>\n<div id='av_section_1'  class='avia-section av-kjtsfrmh-73c1460acf807f9c8a885cd2dba73e66 main_color avia-section-default avia-no-border-styling  avia-builder-el-1  el_after_av_slideshow_full  el_before_av_textblock  avia-bg-style-scroll container_wrap sidebar_right'  ><div class='container av-section-cont-open' ><div class='template-page content  av-content-small alpha units'><div class='post-entry post-entry-type-page post-entry-6916'><div class='entry-content-wrapper clearfix'>\n\n<style type=\"text\/css\" data-created_by=\"avia_inline_auto\" id=\"style-css-av-38wqzw-936266911f67ec64cbe2bf1433a0c3d2\">\n#top .av-special-heading.av-38wqzw-936266911f67ec64cbe2bf1433a0c3d2{\npadding-bottom:10px;\n}\nbody .av-special-heading.av-38wqzw-936266911f67ec64cbe2bf1433a0c3d2 .av-special-heading-tag .heading-char{\nfont-size:25px;\n}\n.av-special-heading.av-38wqzw-936266911f67ec64cbe2bf1433a0c3d2 .av-subheading{\nfont-size:15px;\n}\n<\/style>\n<div  class='av-special-heading av-38wqzw-936266911f67ec64cbe2bf1433a0c3d2 av-special-heading-h1  avia-builder-el-2  el_before_av_one_full  avia-builder-el-first '><h1 class='av-special-heading-tag '  itemprop=\"headline\"  >Teams and Cooperations<\/h1><div class=\"special-heading-border\"><div class=\"special-heading-inner-border\"><\/div><\/div><\/div>\n\n<style type=\"text\/css\" data-created_by=\"avia_inline_auto\" id=\"style-css-av-ehri86-2ea7b96f6338923d912da3d108df5fd4\">\n.flex_column.av-ehri86-2ea7b96f6338923d912da3d108df5fd4{\nborder-radius:0px 0px 0px 0px;\npadding:0px 0px 0px 0px;\n}\n<\/style>\n<div  class='flex_column av-ehri86-2ea7b96f6338923d912da3d108df5fd4 av_one_full  avia-builder-el-3  el_after_av_heading  avia-builder-el-last  first flex_column_div av-zero-column-padding  '     ><p><section  class='av_textblock_section av-kjtri1ay-414437797d59a18f94b30b0472bc22a9 '   itemscope=\"itemscope\" itemtype=\"https:\/\/schema.org\/CreativeWork\" ><div class='avia_textblock'  itemprop=\"text\" ><p><strong>Together we are simply better &#8211; or at least we could be. The key question is: under what conditions can teams or groups work together in a way that is motivated, (co-)creative, and productive, so that collective intelligence emerges and multiplies their shared success? Because only when the joint outcome is greater than the sum of the individual contributions does teamwork reach its true potential. We support you through consulting, guidance, and training to help you build a cohesive \u201cwe\u201d that truly holds.   <\/strong><\/p>\n<p>Across organizations of all types and sizes, one thing is clear: teams and effective teamwork are essential pillars of today\u2019s business landscape. This is about much more than the distribution of tasks and social interaction. The aim is not only to organize collaboration effectively, but also to shape it in such a way that everyone&#8217;s performance increases and innovative strength is promoted. Only then can teamwork be one of the key drivers of creative change and dynamic development that are essential for the survival of companies today. <\/p>\n<p>Such top performance is not a sure-fire success, but places high demands on everyone involved. The key question for us is therefore: What specific framework conditions enable your team to fully develop its collaborative spirit, motivation and innovative strength in an increasingly complex working environment? <\/p>\n<p>We trust that the solution to every challenge already exists within the system. There is no one-size-fits-all formula for team success. No one knows the unique challenges, skills, and needs of your team better than the people involved. That\u2019s why we rely on tailored programs in team facilitation that build on the practical knowledge of participants, create space for joint reflection, and enable co-creation. This way, shared learning and team development can take place.<\/p>\n<\/div><\/section><br \/>\n\n<style type=\"text\/css\" data-created_by=\"avia_inline_auto\" id=\"style-css-av-kmolpbl0-b050bd7113b11a2749257f8354691c70\">\n#top .hr.hr-invisible.av-kmolpbl0-b050bd7113b11a2749257f8354691c70{\nheight:20px;\n}\n<\/style>\n<div  class='hr av-kmolpbl0-b050bd7113b11a2749257f8354691c70 hr-invisible  avia-builder-el-5  el_after_av_textblock  el_before_av_textblock '><span class='hr-inner '><span class=\"hr-inner-style\"><\/span><\/span><\/div><br \/>\n<section  class='av_textblock_section av-kjtri1ay-414437797d59a18f94b30b0472bc22a9 '   itemscope=\"itemscope\" itemtype=\"https:\/\/schema.org\/CreativeWork\" ><div class='avia_textblock'  itemprop=\"text\" ><h5>Teams &#038; cooperation &#8211; further topics:<\/h5>\n<p><a href=\"https:\/\/www.komunariko.at\/en\/topics\/teams-cooperation\/meeting-landscape\/\">Meeting Landscape<\/a> | <a href=\"https:\/\/www.komunariko.at\/en\/topics\/teams-cooperation\/facilitation\/\">Facilitation<\/a><\/p>\n<\/div><\/section><\/p><\/div>\n<\/div><\/div><\/div><!-- close content main div --><\/div><\/div><div id='after_section_1'  class='main_color av_default_container_wrap container_wrap sidebar_right'  ><div class='container av-section-cont-open' ><div class='template-page content  av-content-small alpha units'><div class='post-entry post-entry-type-page post-entry-6916'><div class='entry-content-wrapper clearfix'>\n<section  class='av_textblock_section av-kjtri1ay-995397999eb15536de1c366a075feb75 '   itemscope=\"itemscope\" itemtype=\"https:\/\/schema.org\/CreativeWork\" ><div class='avia_textblock'  itemprop=\"text\" ><h3>Team development on three levels<\/h3>\n<p>Teams develop their effectiveness not only by focusing on <em>what<\/em> but also by managing <em>how<\/em> they work together. If things aren\u2019t running smoothly in your team\u2014if the atmosphere feels off, results are lacking, or you sense that the group\u2019s true potential remains untapped\u2014the root cause most likely lies on one of the following three levels:<\/p>\n<\/div><\/section>\n\n<style type=\"text\/css\" data-created_by=\"avia_inline_auto\" id=\"style-css-av-4iju3q-d58d1047281b8063031c6781ec6de1d2\">\n.flex_column.av-4iju3q-d58d1047281b8063031c6781ec6de1d2{\nborder-radius:0px 0px 0px 0px;\npadding:0px 0px 0px 0px;\n}\n<\/style>\n<div  class='flex_column av-4iju3q-d58d1047281b8063031c6781ec6de1d2 av_one_third  avia-builder-el-8  el_after_av_textblock  el_before_av_one_third  first flex_column_div av-zero-column-padding  column-top-margin'     ><section  class='av_textblock_section av-kjtri1ay-414437797d59a18f94b30b0472bc22a9 '   itemscope=\"itemscope\" itemtype=\"https:\/\/schema.org\/CreativeWork\" ><div class='avia_textblock'  itemprop=\"text\" ><p><strong>Structural level<\/strong><\/p>\n<p>Is there mutual clarity and agreement regarding the distribution of tasks, competencies and hierarchical issues in the team? Have internal and external interfaces been clearly defined?<\/p>\n<\/div><\/section><\/div>\n\n<style type=\"text\/css\" data-created_by=\"avia_inline_auto\" id=\"style-css-av-2w2us6-c4d12ebd51ff3b1cfc7b711709251186\">\n.flex_column.av-2w2us6-c4d12ebd51ff3b1cfc7b711709251186{\nborder-radius:0px 0px 0px 0px;\npadding:0px 0px 0px 0px;\n}\n<\/style>\n<div  class='flex_column av-2w2us6-c4d12ebd51ff3b1cfc7b711709251186 av_one_third  avia-builder-el-10  el_after_av_one_third  el_before_av_one_third  flex_column_div av-zero-column-padding  column-top-margin'     ><section  class='av_textblock_section av-kjtri1ay-414437797d59a18f94b30b0472bc22a9 '   itemscope=\"itemscope\" itemtype=\"https:\/\/schema.org\/CreativeWork\" ><div class='avia_textblock'  itemprop=\"text\" ><p><strong>Content level<\/strong><\/p>\n<p>Is there a shared understanding of relevant information, goals, and methods? Do the agreed-upon work processes support the achievement of common goals, or do they turn out to be more of a hindrance?<\/p>\n<\/div><\/section><\/div>\n\n<style type=\"text\/css\" data-created_by=\"avia_inline_auto\" id=\"style-css-av-2w2us6-c4d12ebd51ff3b1cfc7b711709251186\">\n.flex_column.av-2w2us6-c4d12ebd51ff3b1cfc7b711709251186{\nborder-radius:0px 0px 0px 0px;\npadding:0px 0px 0px 0px;\n}\n<\/style>\n<div  class='flex_column av-2w2us6-c4d12ebd51ff3b1cfc7b711709251186 av_one_third  avia-builder-el-12  el_after_av_one_third  el_before_av_hr  flex_column_div av-zero-column-padding  column-top-margin'     ><section  class='av_textblock_section av-kjtri1ay-414437797d59a18f94b30b0472bc22a9 '   itemscope=\"itemscope\" itemtype=\"https:\/\/schema.org\/CreativeWork\" ><div class='avia_textblock'  itemprop=\"text\" ><p><strong>Relationship level<\/strong><\/p>\n<p>How do the team members interact with each other &#8211; do they have a sense of belonging, trust, willingness to commit themselves and mutual responsibility? Is artificial harmony or genuine conflict dominating, ego or goal orientation?<\/p>\n<\/div><\/section><\/div>\n\n<style type=\"text\/css\" data-created_by=\"avia_inline_auto\" id=\"style-css-av-kmolpbl0-b050bd7113b11a2749257f8354691c70\">\n#top .hr.hr-invisible.av-kmolpbl0-b050bd7113b11a2749257f8354691c70{\nheight:20px;\n}\n<\/style>\n<div  class='hr av-kmolpbl0-b050bd7113b11a2749257f8354691c70 hr-invisible  avia-builder-el-14  el_after_av_one_third  el_before_av_textblock '><span class='hr-inner '><span class=\"hr-inner-style\"><\/span><\/span><\/div>\n<section  class='av_textblock_section av-kjtri1ay-414437797d59a18f94b30b0472bc22a9 '   itemscope=\"itemscope\" itemtype=\"https:\/\/schema.org\/CreativeWork\" ><div class='avia_textblock'  itemprop=\"text\" ><p>The honest reflection and discussion of these three levels, previous successes and failures, usually has a great effect on the entire team: weak points and obstacles can be clarified, strengths and potential recognized and core functions strengthened. The analysis enables the team to shape the various levels and thus to <a href=\"https:\/\/www.komunariko.at\/en\/topics\/qualification\/time-and-self-management\/\">manage itself<\/a> effectively.<\/p>\n<\/div><\/section>\n\n<style type=\"text\/css\" data-created_by=\"avia_inline_auto\" id=\"style-css-av-2w2us6-4487a59322fd7cd306863154c9c84e74\">\n.flex_column.av-2w2us6-4487a59322fd7cd306863154c9c84e74{\nborder-radius:0px 0px 0px 0px;\npadding:0px 0px 0px 0px;\n}\n<\/style>\n<div  class='flex_column av-2w2us6-4487a59322fd7cd306863154c9c84e74 av_one_half  avia-builder-el-16  el_after_av_textblock  el_before_av_one_half  first flex_column_div av-zero-column-padding  column-top-margin'     ><section  class='av_textblock_section av-kjtri1ay-414437797d59a18f94b30b0472bc22a9 '   itemscope=\"itemscope\" itemtype=\"https:\/\/schema.org\/CreativeWork\" ><div class='avia_textblock'  itemprop=\"text\" ><h4>Our approach<\/h4>\n<p>In our work with teams at komunariko, we place great value on acknowledging their past development, achievements, and experiences. When the team itself is able to adopt this perspective, it typically unlocks a great deal of energy for change. <\/p>\n<p>In our implementation, we place great emphasis on individual support at eye level and provide you with suitable tools through an innovative mix of methods\u2014for co-creative collaboration, appreciative feedback, <a href=\"https:\/\/www.komunariko.at\/en\/topics\/qualification\/conflict-management\/\">conflict resolution<\/a> and the effective design and <a href=\"https:\/\/www.komunariko.at\/en\/topics\/teams-cooperation\/facilitation\/\">facilitation<\/a> of <a href=\"https:\/\/www.komunariko.at\/en\/topics\/teams-cooperation\/meeting-landscape\/\">meetings<\/a>.<\/p>\n<p>We help your team to work well and enjoy working together, to develop their collective intelligence and to achieve top results together.  <a href=\"https:\/\/www.komunariko.at\/en\/contact-us\/#anfrage\">Contact us for a non-binding initial consultation.<\/a><\/p>\n<\/div><\/section><\/div>\n\n<style type=\"text\/css\" data-created_by=\"avia_inline_auto\" id=\"style-css-av-2w2us6-c4d12ebd51ff3b1cfc7b711709251186\">\n.flex_column.av-2w2us6-c4d12ebd51ff3b1cfc7b711709251186{\nborder-radius:0px 0px 0px 0px;\npadding:0px 0px 0px 0px;\n}\n<\/style>\n<div  class='flex_column av-2w2us6-c4d12ebd51ff3b1cfc7b711709251186 av_one_half  avia-builder-el-18  el_after_av_one_half  avia-builder-el-last  flex_column_div av-zero-column-padding  column-top-margin'     ><style type=\"text\/css\" data-created_by=\"avia_inline_auto\" id=\"style-css-av-kmolquvw-c72cdb19e978b2c603070d6d73c5b270\">\n.avia-image-container.av-kmolquvw-c72cdb19e978b2c603070d6d73c5b270 img.avia_image{\nbox-shadow:none;\n}\n.avia-image-container.av-kmolquvw-c72cdb19e978b2c603070d6d73c5b270 .av-image-caption-overlay-center{\ncolor:#ffffff;\n}\n<\/style>\n<div  class='avia-image-container av-kmolquvw-c72cdb19e978b2c603070d6d73c5b270 av-styling- avia-align-center  avia-builder-el-19  avia-builder-el-no-sibling '   itemprop=\"image\" itemscope=\"itemscope\" itemtype=\"https:\/\/schema.org\/ImageObject\" ><div class=\"avia-image-container-inner\"><div class=\"avia-image-overlay-wrap\"><img decoding=\"async\" fetchpriority=\"high\" class='wp-image-6628 avia-img-lazy-loading-not-6628 avia_image ' src=\"https:\/\/www.komunariko.at\/wp-content\/uploads\/2022\/02\/komunariko-team_2022-1.jpg\" alt='' title='komunariko-team_2022'  height=\"350\" width=\"600\"  itemprop=\"thumbnailUrl\" srcset=\"https:\/\/www.komunariko.at\/wp-content\/uploads\/2022\/02\/komunariko-team_2022-1.jpg 600w, https:\/\/www.komunariko.at\/wp-content\/uploads\/2022\/02\/komunariko-team_2022-1-300x175.jpg 300w\" sizes=\"(max-width: 600px) 100vw, 600px\" \/><\/div><\/div><\/div><\/div>\n","protected":false},"excerpt":{"rendered":"","protected":false},"author":5,"featured_media":0,"parent":6894,"menu_order":0,"comment_status":"closed","ping_status":"closed","template":"","meta":{"footnotes":""},"class_list":["post-6916","page","type-page","status-publish","hentry"],"yoast_head":"<!-- This site is optimized with the Yoast SEO plugin v24.7 - https:\/\/yoast.com\/wordpress\/plugins\/seo\/ -->\n<title>Teams &amp; Cooperations - komunariko - Beratung. Training. Coaching.<\/title>\n<meta name=\"robots\" content=\"index, follow, max-snippet:-1, max-image-preview:large, max-video-preview:-1\" \/>\n<link rel=\"canonical\" href=\"https:\/\/www.komunariko.at\/en\/topics\/teams-cooperation\/\" \/>\n<meta property=\"og:locale\" content=\"en_US\" \/>\n<meta property=\"og:type\" content=\"article\" \/>\n<meta property=\"og:title\" content=\"Teams &amp; Cooperations - komunariko - Beratung. Training. Coaching.\" \/>\n<meta property=\"og:url\" content=\"https:\/\/www.komunariko.at\/en\/topics\/teams-cooperation\/\" \/>\n<meta property=\"og:site_name\" content=\"komunariko - Beratung. Training. Coaching.\" \/>\n<meta property=\"article:modified_time\" content=\"2025-07-11T19:38:46+00:00\" \/>\n<meta name=\"twitter:card\" content=\"summary_large_image\" \/>\n<meta name=\"twitter:label1\" content=\"Est. reading time\" \/>\n\t<meta name=\"twitter:data1\" content=\"4 minutes\" \/>\n<script type=\"application\/ld+json\" class=\"yoast-schema-graph\">{\"@context\":\"https:\/\/schema.org\",\"@graph\":[{\"@type\":\"WebPage\",\"@id\":\"https:\/\/www.komunariko.at\/en\/topics\/teams-cooperation\/\",\"url\":\"https:\/\/www.komunariko.at\/en\/topics\/teams-cooperation\/\",\"name\":\"Teams & Cooperations - komunariko - Beratung. Training. Coaching.\",\"isPartOf\":{\"@id\":\"https:\/\/www.komunariko.at\/en\/#website\"},\"datePublished\":\"2021-01-12T12:41:50+00:00\",\"dateModified\":\"2025-07-11T19:38:46+00:00\",\"breadcrumb\":{\"@id\":\"https:\/\/www.komunariko.at\/en\/topics\/teams-cooperation\/#breadcrumb\"},\"inLanguage\":\"en-US\",\"potentialAction\":[{\"@type\":\"ReadAction\",\"target\":[\"https:\/\/www.komunariko.at\/en\/topics\/teams-cooperation\/\"]}]},{\"@type\":\"BreadcrumbList\",\"@id\":\"https:\/\/www.komunariko.at\/en\/topics\/teams-cooperation\/#breadcrumb\",\"itemListElement\":[{\"@type\":\"ListItem\",\"position\":1,\"name\":\"Home\",\"item\":\"https:\/\/www.komunariko.at\/en\/\"},{\"@type\":\"ListItem\",\"position\":2,\"name\":\"Topics\",\"item\":\"https:\/\/www.komunariko.at\/en\/topics\/\"},{\"@type\":\"ListItem\",\"position\":3,\"name\":\"Teams &#038; Cooperations\"}]},{\"@type\":\"WebSite\",\"@id\":\"https:\/\/www.komunariko.at\/en\/#website\",\"url\":\"https:\/\/www.komunariko.at\/en\/\",\"name\":\"komunariko - Beratung. Training. Coaching.\",\"description\":\"Ma\u00dfgeschneiderte L\u00f6sungen f\u00fcr Organisationsentwicklung,  F\u00fchrungs- und Kommunkationskompetenz. Wir begleiten Menschen, Unternehmen und Organisationen in Zeiten der Entwicklung und des Wandels \u2013 und das seit 35 Jahren, mit Sitz in Salzburg.\",\"potentialAction\":[{\"@type\":\"SearchAction\",\"target\":{\"@type\":\"EntryPoint\",\"urlTemplate\":\"https:\/\/www.komunariko.at\/en\/?s={search_term_string}\"},\"query-input\":{\"@type\":\"PropertyValueSpecification\",\"valueRequired\":true,\"valueName\":\"search_term_string\"}}],\"inLanguage\":\"en-US\"}]}<\/script>\n<!-- \/ Yoast SEO plugin. -->","yoast_head_json":{"title":"Teams & Cooperations - komunariko - Beratung. Training. Coaching.","robots":{"index":"index","follow":"follow","max-snippet":"max-snippet:-1","max-image-preview":"max-image-preview:large","max-video-preview":"max-video-preview:-1"},"canonical":"https:\/\/www.komunariko.at\/en\/topics\/teams-cooperation\/","og_locale":"en_US","og_type":"article","og_title":"Teams & Cooperations - komunariko - Beratung. Training. Coaching.","og_url":"https:\/\/www.komunariko.at\/en\/topics\/teams-cooperation\/","og_site_name":"komunariko - Beratung. Training. Coaching.","article_modified_time":"2025-07-11T19:38:46+00:00","twitter_card":"summary_large_image","twitter_misc":{"Est. reading time":"4 minutes"},"schema":{"@context":"https:\/\/schema.org","@graph":[{"@type":"WebPage","@id":"https:\/\/www.komunariko.at\/en\/topics\/teams-cooperation\/","url":"https:\/\/www.komunariko.at\/en\/topics\/teams-cooperation\/","name":"Teams & Cooperations - komunariko - Beratung. Training. Coaching.","isPartOf":{"@id":"https:\/\/www.komunariko.at\/en\/#website"},"datePublished":"2021-01-12T12:41:50+00:00","dateModified":"2025-07-11T19:38:46+00:00","breadcrumb":{"@id":"https:\/\/www.komunariko.at\/en\/topics\/teams-cooperation\/#breadcrumb"},"inLanguage":"en-US","potentialAction":[{"@type":"ReadAction","target":["https:\/\/www.komunariko.at\/en\/topics\/teams-cooperation\/"]}]},{"@type":"BreadcrumbList","@id":"https:\/\/www.komunariko.at\/en\/topics\/teams-cooperation\/#breadcrumb","itemListElement":[{"@type":"ListItem","position":1,"name":"Home","item":"https:\/\/www.komunariko.at\/en\/"},{"@type":"ListItem","position":2,"name":"Topics","item":"https:\/\/www.komunariko.at\/en\/topics\/"},{"@type":"ListItem","position":3,"name":"Teams &#038; Cooperations"}]},{"@type":"WebSite","@id":"https:\/\/www.komunariko.at\/en\/#website","url":"https:\/\/www.komunariko.at\/en\/","name":"komunariko - Beratung. Training. Coaching.","description":"Ma\u00dfgeschneiderte L\u00f6sungen f\u00fcr Organisationsentwicklung,  F\u00fchrungs- und Kommunkationskompetenz. Wir begleiten Menschen, Unternehmen und Organisationen in Zeiten der Entwicklung und des Wandels \u2013 und das seit 35 Jahren, mit Sitz in Salzburg.","potentialAction":[{"@type":"SearchAction","target":{"@type":"EntryPoint","urlTemplate":"https:\/\/www.komunariko.at\/en\/?s={search_term_string}"},"query-input":{"@type":"PropertyValueSpecification","valueRequired":true,"valueName":"search_term_string"}}],"inLanguage":"en-US"}]}},"_links":{"self":[{"href":"https:\/\/www.komunariko.at\/en\/wp-json\/wp\/v2\/pages\/6916","targetHints":{"allow":["GET"]}}],"collection":[{"href":"https:\/\/www.komunariko.at\/en\/wp-json\/wp\/v2\/pages"}],"about":[{"href":"https:\/\/www.komunariko.at\/en\/wp-json\/wp\/v2\/types\/page"}],"author":[{"embeddable":true,"href":"https:\/\/www.komunariko.at\/en\/wp-json\/wp\/v2\/users\/5"}],"replies":[{"embeddable":true,"href":"https:\/\/www.komunariko.at\/en\/wp-json\/wp\/v2\/comments?post=6916"}],"version-history":[{"count":5,"href":"https:\/\/www.komunariko.at\/en\/wp-json\/wp\/v2\/pages\/6916\/revisions"}],"predecessor-version":[{"id":7217,"href":"https:\/\/www.komunariko.at\/en\/wp-json\/wp\/v2\/pages\/6916\/revisions\/7217"}],"up":[{"embeddable":true,"href":"https:\/\/www.komunariko.at\/en\/wp-json\/wp\/v2\/pages\/6894"}],"wp:attachment":[{"href":"https:\/\/www.komunariko.at\/en\/wp-json\/wp\/v2\/media?parent=6916"}],"curies":[{"name":"wp","href":"https:\/\/api.w.org\/{rel}","templated":true}]}}