{"id":6918,"date":"2021-01-22T21:02:13","date_gmt":"2021-01-22T20:02:13","guid":{"rendered":"https:\/\/www.komunariko.at\/topics\/teams-cooperation\/facilitation\/"},"modified":"2025-06-11T22:37:40","modified_gmt":"2025-06-11T20:37:40","slug":"facilitation","status":"publish","type":"page","link":"https:\/\/www.komunariko.at\/en\/topics\/teams-cooperation\/facilitation\/","title":{"rendered":"Facilitation"},"content":{"rendered":"\n<style type=\"text\/css\" data-created_by=\"avia_inline_auto\" id=\"style-css-av-1y4kyu-09b44f01b5c50d0d73fe20393bf75f63\">\n#top .av-special-heading.av-1y4kyu-09b44f01b5c50d0d73fe20393bf75f63{\npadding-bottom:10px;\nfont-size:57px;\n}\nbody .av-special-heading.av-1y4kyu-09b44f01b5c50d0d73fe20393bf75f63 .av-special-heading-tag .heading-char{\nfont-size:25px;\n}\n#top #wrap_all .av-special-heading.av-1y4kyu-09b44f01b5c50d0d73fe20393bf75f63 .av-special-heading-tag{\nfont-size:57px;\n}\n.av-special-heading.av-1y4kyu-09b44f01b5c50d0d73fe20393bf75f63 .av-subheading{\nfont-size:15px;\n}\n\n@media only screen and (min-width: 480px) and (max-width: 767px){ \n#top #wrap_all .av-special-heading.av-1y4kyu-09b44f01b5c50d0d73fe20393bf75f63 .av-special-heading-tag{\nfont-size:0.8em;\n}\n}\n\n@media only screen and (max-width: 479px){ \n#top #wrap_all .av-special-heading.av-1y4kyu-09b44f01b5c50d0d73fe20393bf75f63 .av-special-heading-tag{\nfont-size:0.8em;\n}\n}\n<\/style>\n<div  class='av-special-heading av-1y4kyu-09b44f01b5c50d0d73fe20393bf75f63 av-special-heading-h1 blockquote modern-quote  avia-builder-el-0  el_before_av_hr  avia-builder-el-first  av-inherit-size'><h1 class='av-special-heading-tag '  itemprop=\"headline\"  >Facilitation<\/h1><div class='av-subheading av-subheading_below'><p>Teams &#038; Cooperation<\/p>\n<\/div><div class=\"special-heading-border\"><div class=\"special-heading-inner-border\"><\/div><\/div><\/div>\n\n<style type=\"text\/css\" data-created_by=\"avia_inline_auto\" id=\"style-css-av-1z1bbj-c20800757994e37fd5c4e8378724bf5c\">\n#top .hr.hr-invisible.av-1z1bbj-c20800757994e37fd5c4e8378724bf5c{\nheight:20px;\n}\n<\/style>\n<div  class='hr av-1z1bbj-c20800757994e37fd5c4e8378724bf5c hr-invisible  avia-builder-el-1  el_after_av_heading  el_before_av_one_half '><span class='hr-inner '><span class=\"hr-inner-style\"><\/span><\/span><\/div>\n\n<style type=\"text\/css\" data-created_by=\"avia_inline_auto\" id=\"style-css-av-1tum8r-ca2a6da917cbdfc972671bc0e0a20dc2\">\n.flex_column.av-1tum8r-ca2a6da917cbdfc972671bc0e0a20dc2{\nborder-radius:0px 0px 0px 0px;\npadding:0px 0px 0px 0px;\n}\n<\/style>\n<div  class='flex_column av-1tum8r-ca2a6da917cbdfc972671bc0e0a20dc2 av_one_half  avia-builder-el-2  el_after_av_hr  el_before_av_one_half  first flex_column_div  '     ><section  class='av_textblock_section av-kjtri1ay-414437797d59a18f94b30b0472bc22a9 '   itemscope=\"itemscope\" itemtype=\"https:\/\/schema.org\/CreativeWork\" ><div class='avia_textblock'  itemprop=\"text\" ><p>For us, facilitating means accompanying a group on the way to a shared outcome. As facilitators, we design the process so that all participants can engage in the conversation in an appropriate way. In this way, several people can contribute their knowledge, expertise and ideas. Moderating also means having a sense of how much structure (common thread) and how much room for \u201ccreative friction\u201d is needed to enable innovation and get to the point at the same time.   <\/p>\n<p>Facilitation is effective in a meeting, retreat or conference if there is room for maneuver for the group when working on the topics and a high level of agreement on the result is to be achieved.<\/p>\n<\/div><\/section><\/div>\n\n<style type=\"text\/css\" data-created_by=\"avia_inline_auto\" id=\"style-css-av-1tum8r-b235576730c1dea4b98eff62fae6f4bd\">\n.flex_column.av-1tum8r-b235576730c1dea4b98eff62fae6f4bd{\nborder-radius:0px 0px 0px 0px;\npadding:0px 0px 0px 0px;\n}\n<\/style>\n<div  class='flex_column av-1tum8r-b235576730c1dea4b98eff62fae6f4bd av_one_half  avia-builder-el-4  el_after_av_one_half  el_before_av_hr  flex_column_div  '     ><style type=\"text\/css\" data-created_by=\"avia_inline_auto\" id=\"style-css-av-kmok77sk-01b0ccf07358ed79d561267a4980c7c7\">\n.avia-image-container.av-kmok77sk-01b0ccf07358ed79d561267a4980c7c7 img.avia_image{\nbox-shadow:none;\n}\n.avia-image-container.av-kmok77sk-01b0ccf07358ed79d561267a4980c7c7 .av-image-caption-overlay-center{\ncolor:#ffffff;\n}\n<\/style>\n<div  class='avia-image-container av-kmok77sk-01b0ccf07358ed79d561267a4980c7c7 av-styling- avia-align-center  avia-builder-el-5  avia-builder-el-no-sibling '   itemprop=\"image\" itemscope=\"itemscope\" itemtype=\"https:\/\/schema.org\/ImageObject\" ><div class=\"avia-image-container-inner\"><div class=\"avia-image-overlay-wrap\"><img decoding=\"async\" fetchpriority=\"high\" class='wp-image-6574 avia-img-lazy-loading-not-6574 avia_image ' src=\"https:\/\/www.komunariko.at\/wp-content\/uploads\/2021\/03\/moderation-fortbildung.jpg\" alt='' title='moderation-fortbildung'  height=\"400\" width=\"600\"  itemprop=\"thumbnailUrl\" srcset=\"https:\/\/www.komunariko.at\/wp-content\/uploads\/2021\/03\/moderation-fortbildung.jpg 600w, https:\/\/www.komunariko.at\/wp-content\/uploads\/2021\/03\/moderation-fortbildung-300x200.jpg 300w\" sizes=\"(max-width: 600px) 100vw, 600px\" \/><\/div><\/div><\/div><\/div>\n<div  class='hr av-1z1bbj-3a5a4cfacac009afdd0e3745a8eae357 hr-default  avia-builder-el-6  el_after_av_one_half  el_before_av_one_half '><span class='hr-inner '><span class=\"hr-inner-style\"><\/span><\/span><\/div>\n\n<style type=\"text\/css\" data-created_by=\"avia_inline_auto\" id=\"style-css-av-1tum8r-ca2a6da917cbdfc972671bc0e0a20dc2\">\n.flex_column.av-1tum8r-ca2a6da917cbdfc972671bc0e0a20dc2{\nborder-radius:0px 0px 0px 0px;\npadding:0px 0px 0px 0px;\n}\n<\/style>\n<div  class='flex_column av-1tum8r-ca2a6da917cbdfc972671bc0e0a20dc2 av_one_half  avia-builder-el-7  el_after_av_hr  el_before_av_one_half  first flex_column_div  '     ><section  class='av_textblock_section av-kjtri1ay-414437797d59a18f94b30b0472bc22a9 '   itemscope=\"itemscope\" itemtype=\"https:\/\/schema.org\/CreativeWork\" ><div class='avia_textblock'  itemprop=\"text\" ><h3>The common thread<\/h3>\n<div><\/div>\n<div>As facilitators, we shape the process of the discussions. We essentially hold the common thread, allowing participants to fully focus on the content. This requires a stance of neutrality and impartiality (\u201can external perspective\u201d) as well as the use of tailored conversation management methods. These methods both respect the process and aim to ensure clearly documented outcomes and sustainable decisions.   <\/div>\n<div>\n\n<style type=\"text\/css\" data-created_by=\"avia_inline_auto\" id=\"style-css-av-1tt4o3-78636f834f94833347295ed94c099c2e\">\n#top .hr.hr-invisible.av-1tt4o3-78636f834f94833347295ed94c099c2e{\nheight:20px;\n}\n<\/style>\n<div  class='hr av-1tt4o3-78636f834f94833347295ed94c099c2e hr-invisible  avia-builder-el-9  avia-builder-el-no-sibling '><span class='hr-inner '><span class=\"hr-inner-style\"><\/span><\/span><\/div>\n<\/div>\n<div>Such open meetings are often dynamic and lively. New topics, ambiguities or even tensions can arise unexpectedly along the way. Good facilitation helps to identify these and integrate them into the process in such a way that they can be resolved.  <\/div>\n<div><\/div>\n<\/div><\/section><\/div>\n\n<style type=\"text\/css\" data-created_by=\"avia_inline_auto\" id=\"style-css-av-1tum8r-b235576730c1dea4b98eff62fae6f4bd\">\n.flex_column.av-1tum8r-b235576730c1dea4b98eff62fae6f4bd{\nborder-radius:0px 0px 0px 0px;\npadding:0px 0px 0px 0px;\n}\n<\/style>\n<div  class='flex_column av-1tum8r-b235576730c1dea4b98eff62fae6f4bd av_one_half  avia-builder-el-10  el_after_av_one_half  el_before_av_hr  flex_column_div  '     ><section  class='av_textblock_section av-kjtri1ay-414437797d59a18f94b30b0472bc22a9 '   itemscope=\"itemscope\" itemtype=\"https:\/\/schema.org\/CreativeWork\" ><div class='avia_textblock'  itemprop=\"text\" ><h3>Where facilitation is frequently used<\/h3>\n<div><\/div>\n<div>Some typical occasions in which facilitation can be very helpful:<\/div>\n<ul>\n<li>Annual and strategy meetings<\/li>\n<li>Management meetings<\/li>\n<li>Team meetings<\/li>\n<li>To clarify tensions or conflicts<\/li>\n<li>For processing or implementing complex changes<\/li>\n<li>Large group events &#038; multi-stakeholder processes (e.g. as part of organizational development)<\/li>\n<li>Specialist congresses, etc.<\/li>\n<\/ul>\n<div><\/div>\n<div>Both face-to-face events and virtual or hybrid formats are possible.<\/div>\n<\/div><\/section><\/div>\n\n<style type=\"text\/css\" data-created_by=\"avia_inline_auto\" id=\"style-css-av-kjwk7nc9-13a0c9ac2f8a21e33f900da30786d663\">\n#top .hr.hr-invisible.av-kjwk7nc9-13a0c9ac2f8a21e33f900da30786d663{\nheight:20px;\n}\n<\/style>\n<div  class='hr av-kjwk7nc9-13a0c9ac2f8a21e33f900da30786d663 hr-invisible  avia-builder-el-12  el_after_av_one_half  el_before_av_section  avia-builder-el-last '><span class='hr-inner '><span class=\"hr-inner-style\"><\/span><\/span><\/div>\n<\/div><\/div><\/div><!-- close content main div --><\/div><\/div>\n<style type=\"text\/css\" data-created_by=\"avia_inline_auto\" id=\"style-css-av-kjtsfrmh-73c1460acf807f9c8a885cd2dba73e66\">\n.avia-section.av-kjtsfrmh-73c1460acf807f9c8a885cd2dba73e66{\nbackground-color:#f5f5f5;\nbackground-image:unset;\n}\n<\/style>\n<div id='av_section_1'  class='avia-section av-kjtsfrmh-73c1460acf807f9c8a885cd2dba73e66 main_color avia-section-default avia-no-border-styling  avia-builder-el-13  el_after_av_hr  el_before_av_one_half  avia-bg-style-scroll container_wrap sidebar_right'  ><div class='container av-section-cont-open' ><div class='template-page content  av-content-small alpha units'><div class='post-entry post-entry-type-page post-entry-6918'><div class='entry-content-wrapper clearfix'>\n\n<style type=\"text\/css\" data-created_by=\"avia_inline_auto\" id=\"style-css-av-ehri86-2ea7b96f6338923d912da3d108df5fd4\">\n.flex_column.av-ehri86-2ea7b96f6338923d912da3d108df5fd4{\nborder-radius:0px 0px 0px 0px;\npadding:0px 0px 0px 0px;\n}\n<\/style>\n<div  class='flex_column av-ehri86-2ea7b96f6338923d912da3d108df5fd4 av_three_fourth  avia-builder-el-14  avia-builder-el-no-sibling  first flex_column_div av-zero-column-padding  '     ><section  class='av_textblock_section av-kjtri1ay-414437797d59a18f94b30b0472bc22a9 '   itemscope=\"itemscope\" itemtype=\"https:\/\/schema.org\/CreativeWork\" ><div class='avia_textblock'  itemprop=\"text\" ><h3>What facilitation does<\/h3>\n<div><\/div>\n<div>Working together in groups can be challenging. The quality and atmosphere of the content of the work are strongly influenced by the group dynamics. Facilitators help to shape both levels in a targeted manner:  <\/div>\n<ul>\n<li>Goals are clearly defined<\/li>\n<li>Powerful, sustainable impact is generated through precise conversation management<\/li>\n<li>The creative potential of all participants is enhanced<\/li>\n<li>Changes in the course of the process are flexibly taken into account<\/li>\n<li>Decisions are structured and made with the involvement of everyone. This makes them more sustainable <\/li>\n<li>A common pulling force is created by a clear alignment<\/li>\n<\/ul>\n<\/div><\/section><\/div>\n<\/div><\/div><\/div><!-- close content main div --><\/div><\/div><div id='after_section_1'  class='main_color av_default_container_wrap container_wrap sidebar_right'  ><div class='container av-section-cont-open' ><div class='template-page content  av-content-small alpha units'><div class='post-entry post-entry-type-page post-entry-6918'><div class='entry-content-wrapper clearfix'>\n\n<style type=\"text\/css\" data-created_by=\"avia_inline_auto\" id=\"style-css-av-ehri86-2ea7b96f6338923d912da3d108df5fd4\">\n.flex_column.av-ehri86-2ea7b96f6338923d912da3d108df5fd4{\nborder-radius:0px 0px 0px 0px;\npadding:0px 0px 0px 0px;\n}\n<\/style>\n<div  class='flex_column av-ehri86-2ea7b96f6338923d912da3d108df5fd4 av_one_half  avia-builder-el-16  el_after_av_section  el_before_av_one_half  avia-builder-el-first  first flex_column_div av-zero-column-padding  '     ><section  class='av_textblock_section av-kjtri1ay-414437797d59a18f94b30b0472bc22a9 '   itemscope=\"itemscope\" itemtype=\"https:\/\/schema.org\/CreativeWork\" ><div class='avia_textblock'  itemprop=\"text\" ><h3>Faciliation training for your team<\/h3>\n<p>If you have challenging group work to do in meetings, conferences or meetings, we support you as competent consultants and trainers with decades of experience. Our approaches are based on systems theory, psychology, group dynamics, communication science, management skills, the art of hosting and various solution- and resource-oriented approaches. Our work is theoretically founded, methodologically adept and pragmatically grounded in our own many years of management and consulting experience.<\/p>\n<\/div><\/section><br \/>\n<div  class='avia-button-wrap av-kk4dhvkc-854e89d9aeabdc5876a7d4790e1d47dd-wrap avia-button-left  avia-builder-el-18  el_after_av_textblock  avia-builder-el-last '><a href='https:\/\/www.komunariko.at\/angebot\/personliche-kompetenz\/moderation\/'  class='avia-button av-kk4dhvkc-854e89d9aeabdc5876a7d4790e1d47dd av-link-btn avia-icon_select-yes-left-icon avia-size-medium avia-position-left avia-color-theme-color'   aria-label=\"Facilitaion training for teams\"><span class='avia_button_icon avia_button_icon_left avia-iconfont avia-font-entypo-fontello' data-av_icon='\ue875' data-av_iconfont='entypo-fontello' ><\/span><span class='avia_iconbox_title' >Facilitaion training for teams<\/span><\/a><\/div><\/p><\/div>\n\n<style type=\"text\/css\" data-created_by=\"avia_inline_auto\" id=\"style-css-av-ehri86-3fd80dbb857d033ccca457bde756312d\">\n.flex_column.av-ehri86-3fd80dbb857d033ccca457bde756312d{\nborder-radius:0px 0px 0px 0px;\npadding:0px 0px 0px 0px;\n}\n<\/style>\n<div  class='flex_column av-ehri86-3fd80dbb857d033ccca457bde756312d av_one_half  avia-builder-el-19  el_after_av_one_half  avia-builder-el-last  flex_column_div av-zero-column-padding  '     ><style type=\"text\/css\" data-created_by=\"avia_inline_auto\" id=\"style-css-av-kjtspdhd-3505337f03d91805bb7a8633438d6583\">\n.avia-image-container.av-kjtspdhd-3505337f03d91805bb7a8633438d6583 img.avia_image{\nbox-shadow:none;\n}\n.avia-image-container.av-kjtspdhd-3505337f03d91805bb7a8633438d6583 .av-image-caption-overlay-center{\ncolor:#ffffff;\n}\n<\/style>\n<div  class='avia-image-container av-kjtspdhd-3505337f03d91805bb7a8633438d6583 av-styling- avia-align-center  avia-builder-el-20  avia-builder-el-no-sibling '   itemprop=\"image\" itemscope=\"itemscope\" itemtype=\"https:\/\/schema.org\/ImageObject\" ><div class=\"avia-image-container-inner\"><div class=\"avia-image-overlay-wrap\"><img decoding=\"async\" fetchpriority=\"high\" class='wp-image-6628 avia-img-lazy-loading-not-6628 avia_image ' src=\"https:\/\/www.komunariko.at\/wp-content\/uploads\/2022\/02\/komunariko-team_2022-1.jpg\" alt='' title='komunariko-team_2022'  height=\"350\" width=\"600\"  itemprop=\"thumbnailUrl\" srcset=\"https:\/\/www.komunariko.at\/wp-content\/uploads\/2022\/02\/komunariko-team_2022-1.jpg 600w, https:\/\/www.komunariko.at\/wp-content\/uploads\/2022\/02\/komunariko-team_2022-1-300x175.jpg 300w\" sizes=\"(max-width: 600px) 100vw, 600px\" \/><\/div><\/div><\/div><\/div>\n","protected":false},"excerpt":{"rendered":"","protected":false},"author":5,"featured_media":0,"parent":6916,"menu_order":0,"comment_status":"closed","ping_status":"closed","template":"","meta":{"footnotes":""},"class_list":["post-6918","page","type-page","status-publish","hentry"],"yoast_head":"<!-- This site is optimized with the Yoast SEO plugin v24.7 - https:\/\/yoast.com\/wordpress\/plugins\/seo\/ -->\n<title>Facilitation - komunariko - Beratung. Training. Coaching.<\/title>\n<meta name=\"robots\" content=\"index, follow, max-snippet:-1, max-image-preview:large, max-video-preview:-1\" \/>\n<link rel=\"canonical\" href=\"https:\/\/www.komunariko.at\/en\/topics\/teams-cooperation\/facilitation\/\" \/>\n<meta property=\"og:locale\" content=\"en_US\" \/>\n<meta property=\"og:type\" content=\"article\" \/>\n<meta property=\"og:title\" content=\"Facilitation - komunariko - Beratung. Training. Coaching.\" \/>\n<meta property=\"og:url\" content=\"https:\/\/www.komunariko.at\/en\/topics\/teams-cooperation\/facilitation\/\" \/>\n<meta property=\"og:site_name\" content=\"komunariko - Beratung. Training. Coaching.\" \/>\n<meta property=\"article:modified_time\" content=\"2025-06-11T20:37:40+00:00\" \/>\n<meta name=\"twitter:card\" content=\"summary_large_image\" \/>\n<meta name=\"twitter:label1\" content=\"Est. reading time\" \/>\n\t<meta name=\"twitter:data1\" content=\"3 minutes\" \/>\n<script type=\"application\/ld+json\" class=\"yoast-schema-graph\">{\"@context\":\"https:\/\/schema.org\",\"@graph\":[{\"@type\":\"WebPage\",\"@id\":\"https:\/\/www.komunariko.at\/en\/topics\/teams-cooperation\/facilitation\/\",\"url\":\"https:\/\/www.komunariko.at\/en\/topics\/teams-cooperation\/facilitation\/\",\"name\":\"Facilitation - komunariko - Beratung. Training. Coaching.\",\"isPartOf\":{\"@id\":\"https:\/\/www.komunariko.at\/en\/#website\"},\"datePublished\":\"2021-01-22T20:02:13+00:00\",\"dateModified\":\"2025-06-11T20:37:40+00:00\",\"breadcrumb\":{\"@id\":\"https:\/\/www.komunariko.at\/en\/topics\/teams-cooperation\/facilitation\/#breadcrumb\"},\"inLanguage\":\"en-US\",\"potentialAction\":[{\"@type\":\"ReadAction\",\"target\":[\"https:\/\/www.komunariko.at\/en\/topics\/teams-cooperation\/facilitation\/\"]}]},{\"@type\":\"BreadcrumbList\",\"@id\":\"https:\/\/www.komunariko.at\/en\/topics\/teams-cooperation\/facilitation\/#breadcrumb\",\"itemListElement\":[{\"@type\":\"ListItem\",\"position\":1,\"name\":\"Home\",\"item\":\"https:\/\/www.komunariko.at\/en\/\"},{\"@type\":\"ListItem\",\"position\":2,\"name\":\"Topics\",\"item\":\"https:\/\/www.komunariko.at\/en\/topics\/\"},{\"@type\":\"ListItem\",\"position\":3,\"name\":\"Teams &#038; Cooperations\",\"item\":\"https:\/\/www.komunariko.at\/en\/topics\/teams-cooperation\/\"},{\"@type\":\"ListItem\",\"position\":4,\"name\":\"Facilitation\"}]},{\"@type\":\"WebSite\",\"@id\":\"https:\/\/www.komunariko.at\/en\/#website\",\"url\":\"https:\/\/www.komunariko.at\/en\/\",\"name\":\"komunariko - Beratung. Training. Coaching.\",\"description\":\"Ma\u00dfgeschneiderte L\u00f6sungen f\u00fcr Organisationsentwicklung,  F\u00fchrungs- und Kommunkationskompetenz. Wir begleiten Menschen, Unternehmen und Organisationen in Zeiten der Entwicklung und des Wandels \u2013 und das seit 35 Jahren, mit Sitz in Salzburg.\",\"potentialAction\":[{\"@type\":\"SearchAction\",\"target\":{\"@type\":\"EntryPoint\",\"urlTemplate\":\"https:\/\/www.komunariko.at\/en\/?s={search_term_string}\"},\"query-input\":{\"@type\":\"PropertyValueSpecification\",\"valueRequired\":true,\"valueName\":\"search_term_string\"}}],\"inLanguage\":\"en-US\"}]}<\/script>\n<!-- \/ Yoast SEO plugin. -->","yoast_head_json":{"title":"Facilitation - komunariko - Beratung. Training. Coaching.","robots":{"index":"index","follow":"follow","max-snippet":"max-snippet:-1","max-image-preview":"max-image-preview:large","max-video-preview":"max-video-preview:-1"},"canonical":"https:\/\/www.komunariko.at\/en\/topics\/teams-cooperation\/facilitation\/","og_locale":"en_US","og_type":"article","og_title":"Facilitation - komunariko - Beratung. Training. Coaching.","og_url":"https:\/\/www.komunariko.at\/en\/topics\/teams-cooperation\/facilitation\/","og_site_name":"komunariko - Beratung. Training. Coaching.","article_modified_time":"2025-06-11T20:37:40+00:00","twitter_card":"summary_large_image","twitter_misc":{"Est. reading time":"3 minutes"},"schema":{"@context":"https:\/\/schema.org","@graph":[{"@type":"WebPage","@id":"https:\/\/www.komunariko.at\/en\/topics\/teams-cooperation\/facilitation\/","url":"https:\/\/www.komunariko.at\/en\/topics\/teams-cooperation\/facilitation\/","name":"Facilitation - komunariko - Beratung. Training. Coaching.","isPartOf":{"@id":"https:\/\/www.komunariko.at\/en\/#website"},"datePublished":"2021-01-22T20:02:13+00:00","dateModified":"2025-06-11T20:37:40+00:00","breadcrumb":{"@id":"https:\/\/www.komunariko.at\/en\/topics\/teams-cooperation\/facilitation\/#breadcrumb"},"inLanguage":"en-US","potentialAction":[{"@type":"ReadAction","target":["https:\/\/www.komunariko.at\/en\/topics\/teams-cooperation\/facilitation\/"]}]},{"@type":"BreadcrumbList","@id":"https:\/\/www.komunariko.at\/en\/topics\/teams-cooperation\/facilitation\/#breadcrumb","itemListElement":[{"@type":"ListItem","position":1,"name":"Home","item":"https:\/\/www.komunariko.at\/en\/"},{"@type":"ListItem","position":2,"name":"Topics","item":"https:\/\/www.komunariko.at\/en\/topics\/"},{"@type":"ListItem","position":3,"name":"Teams &#038; Cooperations","item":"https:\/\/www.komunariko.at\/en\/topics\/teams-cooperation\/"},{"@type":"ListItem","position":4,"name":"Facilitation"}]},{"@type":"WebSite","@id":"https:\/\/www.komunariko.at\/en\/#website","url":"https:\/\/www.komunariko.at\/en\/","name":"komunariko - Beratung. Training. Coaching.","description":"Ma\u00dfgeschneiderte L\u00f6sungen f\u00fcr Organisationsentwicklung,  F\u00fchrungs- und Kommunkationskompetenz. Wir begleiten Menschen, Unternehmen und Organisationen in Zeiten der Entwicklung und des Wandels \u2013 und das seit 35 Jahren, mit Sitz in Salzburg.","potentialAction":[{"@type":"SearchAction","target":{"@type":"EntryPoint","urlTemplate":"https:\/\/www.komunariko.at\/en\/?s={search_term_string}"},"query-input":{"@type":"PropertyValueSpecification","valueRequired":true,"valueName":"search_term_string"}}],"inLanguage":"en-US"}]}},"_links":{"self":[{"href":"https:\/\/www.komunariko.at\/en\/wp-json\/wp\/v2\/pages\/6918","targetHints":{"allow":["GET"]}}],"collection":[{"href":"https:\/\/www.komunariko.at\/en\/wp-json\/wp\/v2\/pages"}],"about":[{"href":"https:\/\/www.komunariko.at\/en\/wp-json\/wp\/v2\/types\/page"}],"author":[{"embeddable":true,"href":"https:\/\/www.komunariko.at\/en\/wp-json\/wp\/v2\/users\/5"}],"replies":[{"embeddable":true,"href":"https:\/\/www.komunariko.at\/en\/wp-json\/wp\/v2\/comments?post=6918"}],"version-history":[{"count":2,"href":"https:\/\/www.komunariko.at\/en\/wp-json\/wp\/v2\/pages\/6918\/revisions"}],"predecessor-version":[{"id":7220,"href":"https:\/\/www.komunariko.at\/en\/wp-json\/wp\/v2\/pages\/6918\/revisions\/7220"}],"up":[{"embeddable":true,"href":"https:\/\/www.komunariko.at\/en\/wp-json\/wp\/v2\/pages\/6916"}],"wp:attachment":[{"href":"https:\/\/www.komunariko.at\/en\/wp-json\/wp\/v2\/media?parent=6918"}],"curies":[{"name":"wp","href":"https:\/\/api.w.org\/{rel}","templated":true}]}}