{"id":6919,"date":"2021-02-25T09:56:00","date_gmt":"2021-02-25T08:56:00","guid":{"rendered":"https:\/\/www.komunariko.at\/about-us\/team\/dr-michael-nake\/"},"modified":"2025-06-05T10:55:55","modified_gmt":"2025-06-05T08:55:55","slug":"dr-michael-nake","status":"publish","type":"page","link":"https:\/\/www.komunariko.at\/en\/about-us\/team\/dr-michael-nake\/","title":{"rendered":"Dr. Michael Nake"},"content":{"rendered":"\n<style type=\"text\/css\" data-created_by=\"avia_inline_auto\" id=\"style-css-av-2ncvly-e8b0f3b789c60d9f4025c68219952870\">\n#top .av-special-heading.av-2ncvly-e8b0f3b789c60d9f4025c68219952870{\npadding-bottom:10px;\n}\nbody .av-special-heading.av-2ncvly-e8b0f3b789c60d9f4025c68219952870 .av-special-heading-tag .heading-char{\nfont-size:25px;\n}\n.av-special-heading.av-2ncvly-e8b0f3b789c60d9f4025c68219952870 .av-subheading{\nfont-size:15px;\n}\n<\/style>\n<div  class='av-special-heading av-2ncvly-e8b0f3b789c60d9f4025c68219952870 av-special-heading-h1  avia-builder-el-0  el_before_av_one_third  avia-builder-el-first  av-desktop-hide av-medium-hide av-small-hide'><h1 class='av-special-heading-tag '  itemprop=\"headline\"  >Dr. Michael <br \/>Nake<\/h1><div class=\"special-heading-border\"><div class=\"special-heading-inner-border\"><\/div><\/div><\/div>\n\n<style type=\"text\/css\" data-created_by=\"avia_inline_auto\" id=\"style-css-av-ehri86-2ea7b96f6338923d912da3d108df5fd4\">\n.flex_column.av-ehri86-2ea7b96f6338923d912da3d108df5fd4{\nborder-radius:0px 0px 0px 0px;\npadding:0px 0px 0px 0px;\n}\n<\/style>\n<div  class='flex_column av-ehri86-2ea7b96f6338923d912da3d108df5fd4 av_one_third  avia-builder-el-1  el_after_av_heading  el_before_av_two_third  first flex_column_div av-zero-column-padding  '     ><p>\n<style type=\"text\/css\" data-created_by=\"avia_inline_auto\" id=\"style-css-av-kjv8jqpy-12669cfd4e98a8b717580d433fdc66bb\">\n.avia-image-container.av-kjv8jqpy-12669cfd4e98a8b717580d433fdc66bb img.avia_image{\nbox-shadow:none;\n}\n.avia-image-container.av-kjv8jqpy-12669cfd4e98a8b717580d433fdc66bb .av-image-caption-overlay-center{\ncolor:#ffffff;\n}\n<\/style>\n<div  class='avia-image-container av-kjv8jqpy-12669cfd4e98a8b717580d433fdc66bb av-styling- avia-align-center  avia-builder-el-2  el_before_av_textblock  avia-builder-el-first '   itemprop=\"image\" itemscope=\"itemscope\" itemtype=\"https:\/\/schema.org\/ImageObject\" ><div class=\"avia-image-container-inner\"><div class=\"avia-image-overlay-wrap\"><img decoding=\"async\" fetchpriority=\"high\" class='wp-image-6526 avia-img-lazy-loading-not-6526 avia_image ' src=\"https:\/\/www.komunariko.at\/wp-content\/uploads\/2021\/01\/Michael-Nake-1.jpg\" alt='' title='Michael-Nake'  height=\"600\" width=\"600\"  itemprop=\"thumbnailUrl\" srcset=\"https:\/\/www.komunariko.at\/wp-content\/uploads\/2021\/01\/Michael-Nake-1.jpg 600w, https:\/\/www.komunariko.at\/wp-content\/uploads\/2021\/01\/Michael-Nake-1-300x300.jpg 300w, https:\/\/www.komunariko.at\/wp-content\/uploads\/2021\/01\/Michael-Nake-1-80x80.jpg 80w, https:\/\/www.komunariko.at\/wp-content\/uploads\/2021\/01\/Michael-Nake-1-36x36.jpg 36w, https:\/\/www.komunariko.at\/wp-content\/uploads\/2021\/01\/Michael-Nake-1-180x180.jpg 180w\" sizes=\"(max-width: 600px) 100vw, 600px\" \/><\/div><\/div><\/div><br \/>\n<section  class='av_textblock_section av-kjtri1ay-414437797d59a18f94b30b0472bc22a9 '   itemscope=\"itemscope\" itemtype=\"https:\/\/schema.org\/CreativeWork\" ><div class='avia_textblock'  itemprop=\"text\" ><p>A-5020 Salzburg<br \/>\nBayerhamer Stra\u00dfe 18<\/p>\n<p>Mobile +43 664 260 26 00<\/p>\n<p><a href=\"mailto:michael.nake@komunariko.at\">michael.nake@komunariko.at<\/a><\/p>\n<\/div><\/section><\/p><\/div>\n<style type=\"text\/css\" data-created_by=\"avia_inline_auto\" id=\"style-css-av-ehri86-3fd80dbb857d033ccca457bde756312d\">\n.flex_column.av-ehri86-3fd80dbb857d033ccca457bde756312d{\nborder-radius:0px 0px 0px 0px;\npadding:0px 0px 0px 0px;\n}\n<\/style>\n<div  class='flex_column av-ehri86-3fd80dbb857d033ccca457bde756312d av_two_third  avia-builder-el-4  el_after_av_one_third  avia-builder-el-last  flex_column_div av-zero-column-padding  '     ><p>\n<style type=\"text\/css\" data-created_by=\"avia_inline_auto\" id=\"style-css-av-knbxxe50-eadf35cc659442751b2082d16b0df65c\">\n#top .av-special-heading.av-knbxxe50-eadf35cc659442751b2082d16b0df65c{\npadding-bottom:10px;\n}\nbody .av-special-heading.av-knbxxe50-eadf35cc659442751b2082d16b0df65c .av-special-heading-tag .heading-char{\nfont-size:25px;\n}\n.av-special-heading.av-knbxxe50-eadf35cc659442751b2082d16b0df65c .av-subheading{\nfont-size:15px;\n}\n<\/style>\n<div  class='av-special-heading av-knbxxe50-eadf35cc659442751b2082d16b0df65c av-special-heading-h1  avia-builder-el-5  el_before_av_hr  avia-builder-el-first  av-mini-hide'><h1 class='av-special-heading-tag '  itemprop=\"headline\"  >Dr. Michael Nake<\/h1><div class=\"special-heading-border\"><div class=\"special-heading-inner-border\"><\/div><\/div><\/div><br \/>\n\n<style type=\"text\/css\" data-created_by=\"avia_inline_auto\" id=\"style-css-av-klkltlap-6c27b4a28fb6a4f2b9b968f7a4d6704d\">\n#top .hr.hr-invisible.av-klkltlap-6c27b4a28fb6a4f2b9b968f7a4d6704d{\nheight:30px;\n}\n<\/style>\n<div  class='hr av-klkltlap-6c27b4a28fb6a4f2b9b968f7a4d6704d hr-invisible  avia-builder-el-6  el_after_av_heading  el_before_av_textblock '><span class='hr-inner '><span class=\"hr-inner-style\"><\/span><\/span><\/div><br \/>\n<section  class='av_textblock_section av-kjtri1ay-414437797d59a18f94b30b0472bc22a9 '   itemscope=\"itemscope\" itemtype=\"https:\/\/schema.org\/CreativeWork\" ><div class='avia_textblock'  itemprop=\"text\" ><h5>About me:<\/h5>\n<p>I was born in Salzburg in 1956, shaped by this city (politically, culturally and athletically) and professionally trained as a lawyer after secondary school and then further trained as a communications trainer and finally as a management consultant. I am particularly interested in the areas of systemic strategy and organizational development, team development, moderation and project management. The use of these tools has proven to be beneficial for the future of almost all companies and organizations I have worked with.  <\/p>\n<p>My many years of experience in the management of profit and social profit organizations make me sensitive to the effects of interventions. That is why the consideration of different interests and acceptance of solutions, the conservation of resources and the sustainability of developments are key objectives in my work. <\/p>\n<h5>Key Areas of Expertise:<\/h5>\n<p>Strategy and organizational development (in continuous and discontinuous processes)<br \/>\nProject management<br \/>\nTeam development<br \/>\nFacilitation<br \/>\nLeadership development and<br \/>\nCommunication.<\/p>\n<h5>Highlights of my work:<\/h5>\n<p>When, after the work is done in a company, I experience that the people working there find satisfaction in their job again and are fully motivated, and the companies hold their own against the competition, are back at the forefront or even \u201ctake off\u201d.<\/p>\n<\/div><\/section><br \/>\n<div  class='hr av-klklzj91-c29e91d1b514480e54f1c19bed708110 hr-default  avia-builder-el-8  el_after_av_textblock  el_before_av_button '><span class='hr-inner '><span class=\"hr-inner-style\"><\/span><\/span><\/div><br \/>\n<div  class='avia-button-wrap av-klklxn0u-7ea89a3390b63cd0bb3c6e4b400e05b5-wrap avia-button-left  avia-builder-el-9  el_after_av_hr  avia-builder-el-last '><a href='\/relaunch-2020\/uber-uns\/team\/#team'  class='avia-button av-klklxn0u-7ea89a3390b63cd0bb3c6e4b400e05b5 av-link-btn avia-icon_select-yes-left-icon avia-size-medium avia-position-left avia-color-theme-color'   aria-label=\"To the team\"><span class='avia_button_icon avia_button_icon_left avia-iconfont avia-font-entypo-fontello' data-av_icon='\ue879' data-av_iconfont='entypo-fontello' ><\/span><span class='avia_iconbox_title' >To the team<\/span><\/a><\/div><\/p><\/div><\/p>\n","protected":false},"excerpt":{"rendered":"","protected":false},"author":5,"featured_media":0,"parent":6902,"menu_order":0,"comment_status":"closed","ping_status":"closed","template":"","meta":{"footnotes":""},"class_list":["post-6919","page","type-page","status-publish","hentry"],"yoast_head":"<!-- This site is optimized with the Yoast SEO plugin v24.7 - https:\/\/yoast.com\/wordpress\/plugins\/seo\/ -->\n<title>Dr. Michael Nake - komunariko - Beratung. Training. Coaching.<\/title>\n<meta name=\"robots\" content=\"index, follow, max-snippet:-1, max-image-preview:large, max-video-preview:-1\" \/>\n<link rel=\"canonical\" href=\"https:\/\/www.komunariko.at\/en\/about-us\/team\/dr-michael-nake\/\" \/>\n<meta property=\"og:locale\" content=\"en_US\" \/>\n<meta property=\"og:type\" content=\"article\" \/>\n<meta property=\"og:title\" content=\"Dr. Michael Nake - komunariko - Beratung. Training. Coaching.\" \/>\n<meta property=\"og:url\" content=\"https:\/\/www.komunariko.at\/en\/about-us\/team\/dr-michael-nake\/\" \/>\n<meta property=\"og:site_name\" content=\"komunariko - Beratung. Training. Coaching.\" \/>\n<meta property=\"article:modified_time\" content=\"2025-06-05T08:55:55+00:00\" \/>\n<meta name=\"twitter:card\" content=\"summary_large_image\" \/>\n<meta name=\"twitter:label1\" content=\"Est. reading time\" \/>\n\t<meta name=\"twitter:data1\" content=\"4 minutes\" \/>\n<script type=\"application\/ld+json\" class=\"yoast-schema-graph\">{\"@context\":\"https:\/\/schema.org\",\"@graph\":[{\"@type\":\"WebPage\",\"@id\":\"https:\/\/www.komunariko.at\/en\/about-us\/team\/dr-michael-nake\/\",\"url\":\"https:\/\/www.komunariko.at\/en\/about-us\/team\/dr-michael-nake\/\",\"name\":\"Dr. Michael Nake - komunariko - Beratung. Training. Coaching.\",\"isPartOf\":{\"@id\":\"https:\/\/www.komunariko.at\/en\/#website\"},\"datePublished\":\"2021-02-25T08:56:00+00:00\",\"dateModified\":\"2025-06-05T08:55:55+00:00\",\"breadcrumb\":{\"@id\":\"https:\/\/www.komunariko.at\/en\/about-us\/team\/dr-michael-nake\/#breadcrumb\"},\"inLanguage\":\"en-US\",\"potentialAction\":[{\"@type\":\"ReadAction\",\"target\":[\"https:\/\/www.komunariko.at\/en\/about-us\/team\/dr-michael-nake\/\"]}]},{\"@type\":\"BreadcrumbList\",\"@id\":\"https:\/\/www.komunariko.at\/en\/about-us\/team\/dr-michael-nake\/#breadcrumb\",\"itemListElement\":[{\"@type\":\"ListItem\",\"position\":1,\"name\":\"Home\",\"item\":\"https:\/\/www.komunariko.at\/en\/\"},{\"@type\":\"ListItem\",\"position\":2,\"name\":\"About us\",\"item\":\"https:\/\/www.komunariko.at\/en\/about-us\/\"},{\"@type\":\"ListItem\",\"position\":3,\"name\":\"Team\",\"item\":\"https:\/\/www.komunariko.at\/en\/about-us\/team\/\"},{\"@type\":\"ListItem\",\"position\":4,\"name\":\"Dr. Michael Nake\"}]},{\"@type\":\"WebSite\",\"@id\":\"https:\/\/www.komunariko.at\/en\/#website\",\"url\":\"https:\/\/www.komunariko.at\/en\/\",\"name\":\"komunariko - Beratung. Training. Coaching.\",\"description\":\"Ma\u00dfgeschneiderte L\u00f6sungen f\u00fcr Organisationsentwicklung,  F\u00fchrungs- und Kommunkationskompetenz. Wir begleiten Menschen, Unternehmen und Organisationen in Zeiten der Entwicklung und des Wandels \u2013 und das seit 35 Jahren, mit Sitz in Salzburg.\",\"potentialAction\":[{\"@type\":\"SearchAction\",\"target\":{\"@type\":\"EntryPoint\",\"urlTemplate\":\"https:\/\/www.komunariko.at\/en\/?s={search_term_string}\"},\"query-input\":{\"@type\":\"PropertyValueSpecification\",\"valueRequired\":true,\"valueName\":\"search_term_string\"}}],\"inLanguage\":\"en-US\"}]}<\/script>\n<!-- \/ Yoast SEO plugin. -->","yoast_head_json":{"title":"Dr. Michael Nake - komunariko - Beratung. Training. Coaching.","robots":{"index":"index","follow":"follow","max-snippet":"max-snippet:-1","max-image-preview":"max-image-preview:large","max-video-preview":"max-video-preview:-1"},"canonical":"https:\/\/www.komunariko.at\/en\/about-us\/team\/dr-michael-nake\/","og_locale":"en_US","og_type":"article","og_title":"Dr. Michael Nake - komunariko - Beratung. Training. Coaching.","og_url":"https:\/\/www.komunariko.at\/en\/about-us\/team\/dr-michael-nake\/","og_site_name":"komunariko - Beratung. Training. Coaching.","article_modified_time":"2025-06-05T08:55:55+00:00","twitter_card":"summary_large_image","twitter_misc":{"Est. reading time":"4 minutes"},"schema":{"@context":"https:\/\/schema.org","@graph":[{"@type":"WebPage","@id":"https:\/\/www.komunariko.at\/en\/about-us\/team\/dr-michael-nake\/","url":"https:\/\/www.komunariko.at\/en\/about-us\/team\/dr-michael-nake\/","name":"Dr. Michael Nake - komunariko - Beratung. Training. Coaching.","isPartOf":{"@id":"https:\/\/www.komunariko.at\/en\/#website"},"datePublished":"2021-02-25T08:56:00+00:00","dateModified":"2025-06-05T08:55:55+00:00","breadcrumb":{"@id":"https:\/\/www.komunariko.at\/en\/about-us\/team\/dr-michael-nake\/#breadcrumb"},"inLanguage":"en-US","potentialAction":[{"@type":"ReadAction","target":["https:\/\/www.komunariko.at\/en\/about-us\/team\/dr-michael-nake\/"]}]},{"@type":"BreadcrumbList","@id":"https:\/\/www.komunariko.at\/en\/about-us\/team\/dr-michael-nake\/#breadcrumb","itemListElement":[{"@type":"ListItem","position":1,"name":"Home","item":"https:\/\/www.komunariko.at\/en\/"},{"@type":"ListItem","position":2,"name":"About us","item":"https:\/\/www.komunariko.at\/en\/about-us\/"},{"@type":"ListItem","position":3,"name":"Team","item":"https:\/\/www.komunariko.at\/en\/about-us\/team\/"},{"@type":"ListItem","position":4,"name":"Dr. Michael Nake"}]},{"@type":"WebSite","@id":"https:\/\/www.komunariko.at\/en\/#website","url":"https:\/\/www.komunariko.at\/en\/","name":"komunariko - Beratung. Training. Coaching.","description":"Ma\u00dfgeschneiderte L\u00f6sungen f\u00fcr Organisationsentwicklung,  F\u00fchrungs- und Kommunkationskompetenz. Wir begleiten Menschen, Unternehmen und Organisationen in Zeiten der Entwicklung und des Wandels \u2013 und das seit 35 Jahren, mit Sitz in Salzburg.","potentialAction":[{"@type":"SearchAction","target":{"@type":"EntryPoint","urlTemplate":"https:\/\/www.komunariko.at\/en\/?s={search_term_string}"},"query-input":{"@type":"PropertyValueSpecification","valueRequired":true,"valueName":"search_term_string"}}],"inLanguage":"en-US"}]}},"_links":{"self":[{"href":"https:\/\/www.komunariko.at\/en\/wp-json\/wp\/v2\/pages\/6919","targetHints":{"allow":["GET"]}}],"collection":[{"href":"https:\/\/www.komunariko.at\/en\/wp-json\/wp\/v2\/pages"}],"about":[{"href":"https:\/\/www.komunariko.at\/en\/wp-json\/wp\/v2\/types\/page"}],"author":[{"embeddable":true,"href":"https:\/\/www.komunariko.at\/en\/wp-json\/wp\/v2\/users\/5"}],"replies":[{"embeddable":true,"href":"https:\/\/www.komunariko.at\/en\/wp-json\/wp\/v2\/comments?post=6919"}],"version-history":[{"count":1,"href":"https:\/\/www.komunariko.at\/en\/wp-json\/wp\/v2\/pages\/6919\/revisions"}],"predecessor-version":[{"id":6926,"href":"https:\/\/www.komunariko.at\/en\/wp-json\/wp\/v2\/pages\/6919\/revisions\/6926"}],"up":[{"embeddable":true,"href":"https:\/\/www.komunariko.at\/en\/wp-json\/wp\/v2\/pages\/6902"}],"wp:attachment":[{"href":"https:\/\/www.komunariko.at\/en\/wp-json\/wp\/v2\/media?parent=6919"}],"curies":[{"name":"wp","href":"https:\/\/api.w.org\/{rel}","templated":true}]}}