{"id":6921,"date":"2021-02-25T10:06:40","date_gmt":"2021-02-25T09:06:40","guid":{"rendered":"https:\/\/www.komunariko.at\/about-us\/team\/herbert-reindl-msc\/"},"modified":"2021-02-25T10:06:40","modified_gmt":"2021-02-25T09:06:40","slug":"herbert-reindl-msc","status":"publish","type":"page","link":"https:\/\/www.komunariko.at\/en\/about-us\/team\/herbert-reindl-msc\/","title":{"rendered":"Herbert Reindl, MSc."},"content":{"rendered":"\n<style type=\"text\/css\" data-created_by=\"avia_inline_auto\" id=\"style-css-av-av_heading-acdd3649dc84a928ccffd20faa54c34a\">\n#top .av-special-heading.av-av_heading-acdd3649dc84a928ccffd20faa54c34a{\npadding-bottom:10px;\n}\nbody .av-special-heading.av-av_heading-acdd3649dc84a928ccffd20faa54c34a .av-special-heading-tag .heading-char{\nfont-size:25px;\n}\n.av-special-heading.av-av_heading-acdd3649dc84a928ccffd20faa54c34a .av-subheading{\nfont-size:15px;\n}\n<\/style>\n<div  class='av-special-heading av-av_heading-acdd3649dc84a928ccffd20faa54c34a av-special-heading-h1  avia-builder-el-0  el_before_av_one_third  avia-builder-el-first  av-desktop-hide av-medium-hide av-small-hide'><h1 class='av-special-heading-tag '  itemprop=\"headline\"  >Herbert Reindl, MSc.<\/h1><div class=\"special-heading-border\"><div class=\"special-heading-inner-border\"><\/div><\/div><\/div>\n\n<style type=\"text\/css\" data-created_by=\"avia_inline_auto\" id=\"style-css-av-ehri86-2ea7b96f6338923d912da3d108df5fd4\">\n.flex_column.av-ehri86-2ea7b96f6338923d912da3d108df5fd4{\nborder-radius:0px 0px 0px 0px;\npadding:0px 0px 0px 0px;\n}\n<\/style>\n<div  class='flex_column av-ehri86-2ea7b96f6338923d912da3d108df5fd4 av_one_third  avia-builder-el-1  el_after_av_heading  el_before_av_two_third  first flex_column_div av-zero-column-padding  '     ><p>\n<style type=\"text\/css\" data-created_by=\"avia_inline_auto\" id=\"style-css-av-kjv8jqpy-60c7257097bb3cbc0c7ccb918925edda\">\n.avia-image-container.av-kjv8jqpy-60c7257097bb3cbc0c7ccb918925edda img.avia_image{\nbox-shadow:none;\n}\n.avia-image-container.av-kjv8jqpy-60c7257097bb3cbc0c7ccb918925edda .av-image-caption-overlay-center{\ncolor:#ffffff;\n}\n<\/style>\n<div  class='avia-image-container av-kjv8jqpy-60c7257097bb3cbc0c7ccb918925edda av-styling- avia-align-center  avia-builder-el-2  el_before_av_textblock  avia-builder-el-first '   itemprop=\"image\" itemscope=\"itemscope\" itemtype=\"https:\/\/schema.org\/ImageObject\" ><div class=\"avia-image-container-inner\"><div class=\"avia-image-overlay-wrap\"><img decoding=\"async\" fetchpriority=\"high\" class='wp-image-6523 avia-img-lazy-loading-not-6523 avia_image ' src=\"https:\/\/www.komunariko.at\/wp-content\/uploads\/2021\/01\/Herbert-Reindl-1.jpg\" alt='' title='Herbert-Reindl'  height=\"600\" width=\"600\"  itemprop=\"thumbnailUrl\" srcset=\"https:\/\/www.komunariko.at\/wp-content\/uploads\/2021\/01\/Herbert-Reindl-1.jpg 600w, https:\/\/www.komunariko.at\/wp-content\/uploads\/2021\/01\/Herbert-Reindl-1-300x300.jpg 300w, https:\/\/www.komunariko.at\/wp-content\/uploads\/2021\/01\/Herbert-Reindl-1-80x80.jpg 80w, https:\/\/www.komunariko.at\/wp-content\/uploads\/2021\/01\/Herbert-Reindl-1-36x36.jpg 36w, https:\/\/www.komunariko.at\/wp-content\/uploads\/2021\/01\/Herbert-Reindl-1-180x180.jpg 180w\" sizes=\"(max-width: 600px) 100vw, 600px\" \/><\/div><\/div><\/div><br \/>\n<section  class='av_textblock_section av-kjtri1ay-414437797d59a18f94b30b0472bc22a9 '   itemscope=\"itemscope\" itemtype=\"https:\/\/schema.org\/CreativeWork\" ><div class='avia_textblock'  itemprop=\"text\" ><p>A-5020 Salzburg<br \/>\nBayerhamer Stra\u00dfe 18<\/p>\n<p>Mobile +43 660 352 80 07<\/p>\n<p><a class=\"mail-link\" href=\"mailto:herbert.reindl@komunariko.at\" data-enc-email=\"ureoreg.ervaqy&#091;at&#093;xbzhanevxb.ng\" data-wpel-link=\"ignore\"><span class=\"\">herbert.reindl@komunariko.at<\/span><\/a><\/p>\n<\/div><\/section><\/p><\/div>\n<style type=\"text\/css\" data-created_by=\"avia_inline_auto\" id=\"style-css-av-ehri86-3fd80dbb857d033ccca457bde756312d\">\n.flex_column.av-ehri86-3fd80dbb857d033ccca457bde756312d{\nborder-radius:0px 0px 0px 0px;\npadding:0px 0px 0px 0px;\n}\n<\/style>\n<div  class='flex_column av-ehri86-3fd80dbb857d033ccca457bde756312d av_two_third  avia-builder-el-4  el_after_av_one_third  el_before_av_section  avia-builder-el-last  flex_column_div av-zero-column-padding  '     ><p>\n<style type=\"text\/css\" data-created_by=\"avia_inline_auto\" id=\"style-css-av-2i1h6j-c9589c03217089fe3b3ba61e5f245e9e\">\n#top .av-special-heading.av-2i1h6j-c9589c03217089fe3b3ba61e5f245e9e{\npadding-bottom:10px;\n}\nbody .av-special-heading.av-2i1h6j-c9589c03217089fe3b3ba61e5f245e9e .av-special-heading-tag .heading-char{\nfont-size:25px;\n}\n.av-special-heading.av-2i1h6j-c9589c03217089fe3b3ba61e5f245e9e .av-subheading{\nfont-size:15px;\n}\n<\/style>\n<div  class='av-special-heading av-2i1h6j-c9589c03217089fe3b3ba61e5f245e9e av-special-heading-h1  avia-builder-el-5  el_before_av_hr  avia-builder-el-first  av-mini-hide'><h1 class='av-special-heading-tag '  itemprop=\"headline\"  >Herbert Reindl, MSc.<\/h1><div class=\"special-heading-border\"><div class=\"special-heading-inner-border\"><\/div><\/div><\/div><br \/>\n\n<style type=\"text\/css\" data-created_by=\"avia_inline_auto\" id=\"style-css-av-klkltlap-6c27b4a28fb6a4f2b9b968f7a4d6704d\">\n#top .hr.hr-invisible.av-klkltlap-6c27b4a28fb6a4f2b9b968f7a4d6704d{\nheight:30px;\n}\n<\/style>\n<div  class='hr av-klkltlap-6c27b4a28fb6a4f2b9b968f7a4d6704d hr-invisible  avia-builder-el-6  el_after_av_heading  el_before_av_textblock '><span class='hr-inner '><span class=\"hr-inner-style\"><\/span><\/span><\/div><br \/>\n<section  class='av_textblock_section av-kjtri1ay-414437797d59a18f94b30b0472bc22a9 '   itemscope=\"itemscope\" itemtype=\"https:\/\/schema.org\/CreativeWork\" ><div class='avia_textblock'  itemprop=\"text\" ><h5>What I stand for \/ Core Values:<\/h5>\n<p>A 1979-born with a passion for life and people. I have a lot of management experience and a practical approach. I have been working as an independent consultant and trainer since 2012.<br \/>\nI am inspired by working with clients to develop customized solutions that help them improve their success. Behind key figures and organizational charts are people who influence success with their very specific performance.   <\/p>\n<p>I find working with individuals and teams from a wide range of industries diverse and fulfilling.<br \/>\nAs co-founder and managing director of <a href=\"https:\/\/www.frischluft-fitness.com\" target=\"_blank\" rel=\"noopener\">frischluft-fitness<\/a>, I am involved in the areas of exercise and health and workplace health promotion. Here, I also constantly experience for myself what it means to be a manager. It&#8217;s great to be able to regularly accompany people on their path to independence.<\/p>\n<\/div><\/section><\/p><\/div><\/p>\n<\/div><\/div><\/div><!-- close content main div --><\/div><\/div>\n<style type=\"text\/css\" data-created_by=\"avia_inline_auto\" id=\"style-css-av-kjtsfrmh-73c1460acf807f9c8a885cd2dba73e66\">\n.avia-section.av-kjtsfrmh-73c1460acf807f9c8a885cd2dba73e66{\nbackground-color:#f5f5f5;\nbackground-image:unset;\n}\n<\/style>\n<div id='av_section_1'  class='avia-section av-kjtsfrmh-73c1460acf807f9c8a885cd2dba73e66 main_color avia-section-default avia-no-border-styling  avia-builder-el-8  el_after_av_two_third  avia-builder-el-last  avia-bg-style-scroll container_wrap sidebar_right'  ><div class='container av-section-cont-open' ><div class='template-page content  av-content-small alpha units'><div class='post-entry post-entry-type-page post-entry-6921'><div class='entry-content-wrapper clearfix'>\n\n<style type=\"text\/css\" data-created_by=\"avia_inline_auto\" id=\"style-css-av-cny90m-9015fa8a5c8860adb0a8ce3e1827e860\">\n.flex_column.av-cny90m-9015fa8a5c8860adb0a8ce3e1827e860{\nborder-radius:0px 0px 0px 0px;\npadding:0px 0px 0px 0px;\n}\n<\/style>\n<div  class='flex_column av-cny90m-9015fa8a5c8860adb0a8ce3e1827e860 av_one_half  avia-builder-el-9  el_before_av_one_half  avia-builder-el-first  first flex_column_div av-zero-column-padding  '     ><section  class='av_textblock_section av-kjtrdsq8-b354a3b73cf44e80083b77fdb85fdcdd '   itemscope=\"itemscope\" itemtype=\"https:\/\/schema.org\/CreativeWork\" ><div class='avia_textblock'  itemprop=\"text\" ><h3>Key Areas of Expertise:<\/h3>\n<ul>\n<li>Process-oriented facilitation (meetings, workshops, large groups, online events)<\/li>\n<li>Consulting and development of teams, networks and organizations<\/li>\n<li>Training and coaching for managers and leaders<\/li>\n<li>Training on complaint management, conflict management, presentation, facilitation, time and self-management, communication, train the trainer, Echocast trainer training<\/li>\n<li>Conflict counseling and management for individuals and teams<\/li>\n<li>Teaching assignment at FH Salzburg on the topics: Communication &amp; Rhetoric, Moderation &amp; Presentation, Social Skills<\/li>\n<li>Teaching assignment at Paris Lodron University Salzburg: Train the Trainer<\/li>\n<\/ul>\n<\/div><\/section><br \/>\n<section  class='av_textblock_section av-kjtrdsq8-b354a3b73cf44e80083b77fdb85fdcdd '   itemscope=\"itemscope\" itemtype=\"https:\/\/schema.org\/CreativeWork\" ><div class='avia_textblock'  itemprop=\"text\" ><h3>Academic Background and Professional Development<\/h3>\n<ul>\n<li>Master in Interpersonal Communication &#8211; 2013 &#8211; 2015 &#8211; Paris Lodron University Salzburg &amp; Institute for Interpersonal Communication<\/li>\n<li>Trainer training and numerous further training courses in communication, management, leadership, conflict, project development, moderation, group dynamics, agility, personality development and psychoneuroimmunology. Certified as an Echocast trainer <\/li>\n<li>Retail salesman<\/li>\n<\/ul>\n<\/div><\/section><\/p><\/div>\n<style type=\"text\/css\" data-created_by=\"avia_inline_auto\" id=\"style-css-av-cny90m-d865970756c7abb9244c368bd8f57252\">\n.flex_column.av-cny90m-d865970756c7abb9244c368bd8f57252{\nborder-radius:0px 0px 0px 0px;\npadding:0px 0px 0px 0px;\n}\n<\/style>\n<div  class='flex_column av-cny90m-d865970756c7abb9244c368bd8f57252 av_one_half  avia-builder-el-12  el_after_av_one_half  avia-builder-el-last  flex_column_div av-zero-column-padding  '     ><section  class='av_textblock_section av-kjtrdsq8-b354a3b73cf44e80083b77fdb85fdcdd '   itemscope=\"itemscope\" itemtype=\"https:\/\/schema.org\/CreativeWork\" ><div class='avia_textblock'  itemprop=\"text\" ><h3>Professional stations:<\/h3>\n<ul>\n<li>Department manager in sports retail<\/li>\n<li>Retail Operations Manager Central Europe at global sporting goods manufacturer<\/li>\n<li>Co-founder and Managing Director of <a href=\"https:\/\/www.frischluft-fitness.com\" target=\"_blank\" rel=\"noopener\">frisch-luft outdoor fitness world franchise GmbH<\/a><\/li>\n<li>Management consultant and shareholder of komunariko KG<\/li>\n<li>Lectureship at the FH Salzburg and Paris Lodron University Salzburg<\/li>\n<\/ul>\n<\/div><\/section><br \/>\n<div  class='hr av-2atpbv-f35558e07a741f41518b19a60c15e833 hr-default  avia-builder-el-14  el_after_av_textblock  el_before_av_button '><span class='hr-inner '><span class=\"hr-inner-style\"><\/span><\/span><\/div><br \/>\n<div  class='avia-button-wrap av-kps11p57-aa23f02025a5b9684930569076a797dc-wrap avia-button-left  avia-builder-el-15  el_after_av_hr  avia-builder-el-last '><a href='https:\/\/www.komunariko.at\/uber-uns\/team\/'  class='avia-button av-kps11p57-aa23f02025a5b9684930569076a797dc av-link-btn avia-icon_select-yes-left-icon avia-size-medium avia-position-left avia-color-theme-color'   aria-label=\"To the team\"><span class='avia_button_icon avia_button_icon_left avia-iconfont avia-font-entypo-fontello' data-av_icon='\ue879' data-av_iconfont='entypo-fontello' ><\/span><span class='avia_iconbox_title' >To the team<\/span><\/a><\/div><\/p><\/div>\n<\/div><\/div><\/div><!-- close content main div --><\/div><\/div><div id='after_section_1'  class='main_color av_default_container_wrap container_wrap sidebar_right'  ><div class='container av-section-cont-open' ><div class='template-page content  av-content-small alpha units'><div class='post-entry post-entry-type-page post-entry-6921'><div class='entry-content-wrapper clearfix'>\n","protected":false},"excerpt":{"rendered":"","protected":false},"author":5,"featured_media":0,"parent":6902,"menu_order":0,"comment_status":"closed","ping_status":"closed","template":"","meta":{"footnotes":""},"class_list":["post-6921","page","type-page","status-publish","hentry"],"yoast_head":"<!-- This site is optimized with the Yoast SEO plugin v24.7 - https:\/\/yoast.com\/wordpress\/plugins\/seo\/ -->\n<title>Herbert Reindl, MSc. - komunariko - Beratung. Training. Coaching.<\/title>\n<meta name=\"robots\" content=\"index, follow, max-snippet:-1, max-image-preview:large, max-video-preview:-1\" \/>\n<link rel=\"canonical\" href=\"https:\/\/www.komunariko.at\/en\/about-us\/team\/herbert-reindl-msc\/\" \/>\n<meta property=\"og:locale\" content=\"en_US\" \/>\n<meta property=\"og:type\" content=\"article\" \/>\n<meta property=\"og:title\" content=\"Herbert Reindl, MSc. - komunariko - Beratung. Training. Coaching.\" \/>\n<meta property=\"og:url\" content=\"https:\/\/www.komunariko.at\/en\/about-us\/team\/herbert-reindl-msc\/\" \/>\n<meta property=\"og:site_name\" content=\"komunariko - Beratung. Training. Coaching.\" \/>\n<meta name=\"twitter:card\" content=\"summary_large_image\" \/>\n<meta name=\"twitter:label1\" content=\"Est. reading time\" \/>\n\t<meta name=\"twitter:data1\" content=\"6 minutes\" \/>\n<script type=\"application\/ld+json\" class=\"yoast-schema-graph\">{\"@context\":\"https:\/\/schema.org\",\"@graph\":[{\"@type\":\"WebPage\",\"@id\":\"https:\/\/www.komunariko.at\/en\/about-us\/team\/herbert-reindl-msc\/\",\"url\":\"https:\/\/www.komunariko.at\/en\/about-us\/team\/herbert-reindl-msc\/\",\"name\":\"Herbert Reindl, MSc. - komunariko - Beratung. Training. Coaching.\",\"isPartOf\":{\"@id\":\"https:\/\/www.komunariko.at\/en\/#website\"},\"datePublished\":\"2021-02-25T09:06:40+00:00\",\"breadcrumb\":{\"@id\":\"https:\/\/www.komunariko.at\/en\/about-us\/team\/herbert-reindl-msc\/#breadcrumb\"},\"inLanguage\":\"en-US\",\"potentialAction\":[{\"@type\":\"ReadAction\",\"target\":[\"https:\/\/www.komunariko.at\/en\/about-us\/team\/herbert-reindl-msc\/\"]}]},{\"@type\":\"BreadcrumbList\",\"@id\":\"https:\/\/www.komunariko.at\/en\/about-us\/team\/herbert-reindl-msc\/#breadcrumb\",\"itemListElement\":[{\"@type\":\"ListItem\",\"position\":1,\"name\":\"Home\",\"item\":\"https:\/\/www.komunariko.at\/en\/\"},{\"@type\":\"ListItem\",\"position\":2,\"name\":\"About us\",\"item\":\"https:\/\/www.komunariko.at\/en\/about-us\/\"},{\"@type\":\"ListItem\",\"position\":3,\"name\":\"Team\",\"item\":\"https:\/\/www.komunariko.at\/en\/about-us\/team\/\"},{\"@type\":\"ListItem\",\"position\":4,\"name\":\"Herbert Reindl, MSc.\"}]},{\"@type\":\"WebSite\",\"@id\":\"https:\/\/www.komunariko.at\/en\/#website\",\"url\":\"https:\/\/www.komunariko.at\/en\/\",\"name\":\"komunariko - Beratung. Training. Coaching.\",\"description\":\"Ma\u00dfgeschneiderte L\u00f6sungen f\u00fcr Organisationsentwicklung,  F\u00fchrungs- und Kommunkationskompetenz. Wir begleiten Menschen, Unternehmen und Organisationen in Zeiten der Entwicklung und des Wandels \u2013 und das seit 35 Jahren, mit Sitz in Salzburg.\",\"potentialAction\":[{\"@type\":\"SearchAction\",\"target\":{\"@type\":\"EntryPoint\",\"urlTemplate\":\"https:\/\/www.komunariko.at\/en\/?s={search_term_string}\"},\"query-input\":{\"@type\":\"PropertyValueSpecification\",\"valueRequired\":true,\"valueName\":\"search_term_string\"}}],\"inLanguage\":\"en-US\"}]}<\/script>\n<!-- \/ Yoast SEO plugin. -->","yoast_head_json":{"title":"Herbert Reindl, MSc. - komunariko - Beratung. Training. Coaching.","robots":{"index":"index","follow":"follow","max-snippet":"max-snippet:-1","max-image-preview":"max-image-preview:large","max-video-preview":"max-video-preview:-1"},"canonical":"https:\/\/www.komunariko.at\/en\/about-us\/team\/herbert-reindl-msc\/","og_locale":"en_US","og_type":"article","og_title":"Herbert Reindl, MSc. - komunariko - Beratung. Training. Coaching.","og_url":"https:\/\/www.komunariko.at\/en\/about-us\/team\/herbert-reindl-msc\/","og_site_name":"komunariko - Beratung. Training. Coaching.","twitter_card":"summary_large_image","twitter_misc":{"Est. reading time":"6 minutes"},"schema":{"@context":"https:\/\/schema.org","@graph":[{"@type":"WebPage","@id":"https:\/\/www.komunariko.at\/en\/about-us\/team\/herbert-reindl-msc\/","url":"https:\/\/www.komunariko.at\/en\/about-us\/team\/herbert-reindl-msc\/","name":"Herbert Reindl, MSc. - komunariko - Beratung. Training. Coaching.","isPartOf":{"@id":"https:\/\/www.komunariko.at\/en\/#website"},"datePublished":"2021-02-25T09:06:40+00:00","breadcrumb":{"@id":"https:\/\/www.komunariko.at\/en\/about-us\/team\/herbert-reindl-msc\/#breadcrumb"},"inLanguage":"en-US","potentialAction":[{"@type":"ReadAction","target":["https:\/\/www.komunariko.at\/en\/about-us\/team\/herbert-reindl-msc\/"]}]},{"@type":"BreadcrumbList","@id":"https:\/\/www.komunariko.at\/en\/about-us\/team\/herbert-reindl-msc\/#breadcrumb","itemListElement":[{"@type":"ListItem","position":1,"name":"Home","item":"https:\/\/www.komunariko.at\/en\/"},{"@type":"ListItem","position":2,"name":"About us","item":"https:\/\/www.komunariko.at\/en\/about-us\/"},{"@type":"ListItem","position":3,"name":"Team","item":"https:\/\/www.komunariko.at\/en\/about-us\/team\/"},{"@type":"ListItem","position":4,"name":"Herbert Reindl, MSc."}]},{"@type":"WebSite","@id":"https:\/\/www.komunariko.at\/en\/#website","url":"https:\/\/www.komunariko.at\/en\/","name":"komunariko - Beratung. Training. Coaching.","description":"Ma\u00dfgeschneiderte L\u00f6sungen f\u00fcr Organisationsentwicklung,  F\u00fchrungs- und Kommunkationskompetenz. Wir begleiten Menschen, Unternehmen und Organisationen in Zeiten der Entwicklung und des Wandels \u2013 und das seit 35 Jahren, mit Sitz in Salzburg.","potentialAction":[{"@type":"SearchAction","target":{"@type":"EntryPoint","urlTemplate":"https:\/\/www.komunariko.at\/en\/?s={search_term_string}"},"query-input":{"@type":"PropertyValueSpecification","valueRequired":true,"valueName":"search_term_string"}}],"inLanguage":"en-US"}]}},"_links":{"self":[{"href":"https:\/\/www.komunariko.at\/en\/wp-json\/wp\/v2\/pages\/6921","targetHints":{"allow":["GET"]}}],"collection":[{"href":"https:\/\/www.komunariko.at\/en\/wp-json\/wp\/v2\/pages"}],"about":[{"href":"https:\/\/www.komunariko.at\/en\/wp-json\/wp\/v2\/types\/page"}],"author":[{"embeddable":true,"href":"https:\/\/www.komunariko.at\/en\/wp-json\/wp\/v2\/users\/5"}],"replies":[{"embeddable":true,"href":"https:\/\/www.komunariko.at\/en\/wp-json\/wp\/v2\/comments?post=6921"}],"version-history":[{"count":0,"href":"https:\/\/www.komunariko.at\/en\/wp-json\/wp\/v2\/pages\/6921\/revisions"}],"up":[{"embeddable":true,"href":"https:\/\/www.komunariko.at\/en\/wp-json\/wp\/v2\/pages\/6902"}],"wp:attachment":[{"href":"https:\/\/www.komunariko.at\/en\/wp-json\/wp\/v2\/media?parent=6921"}],"curies":[{"name":"wp","href":"https:\/\/api.w.org\/{rel}","templated":true}]}}