{"id":6922,"date":"2021-04-21T14:12:00","date_gmt":"2021-04-21T12:12:00","guid":{"rendered":"https:\/\/www.komunariko.at\/about-us\/our-approach\/"},"modified":"2025-07-23T13:22:04","modified_gmt":"2025-07-23T11:22:04","slug":"our-approach","status":"publish","type":"page","link":"https:\/\/www.komunariko.at\/en\/about-us\/our-approach\/","title":{"rendered":"Our Approach"},"content":{"rendered":"<div id='full_slider_1'  class='avia-fullwidth-slider main_color avia-shadow   avia-builder-el-0  el_before_av_one_full  avia-builder-el-first   container_wrap sidebar_right'  >\n<style type=\"text\/css\" data-created_by=\"avia_inline_auto\" id=\"style-css-av-kk2cpe7k-53caa6388ed436da69bc87dbbda9188a\">\n#top #wrap_all .avia-slideshow .av-slideshow-caption.av-kk2cpe7k-53caa6388ed436da69bc87dbbda9188a__0 .avia-caption-title{\nfont-size:30px;\n}\n#top .avia-slideshow .av-slideshow-caption.av-kk2cpe7k-53caa6388ed436da69bc87dbbda9188a__0 .avia-caption-content{\nfont-size:17px;\n}\n#top .avia-slideshow .av-slideshow-caption.av-kk2cpe7k-53caa6388ed436da69bc87dbbda9188a__0 .avia-caption-content p{\nfont-size:17px;\n}\n<\/style>\n<div  class='avia-slideshow av-kk2cpe7k-53caa6388ed436da69bc87dbbda9188a avia-slideshow-featured av_slideshow_full avia-slide-slider av-slideshow-ui av-control-default av-slideshow-autoplay av-loop-endless av-loop-manual-endless av-default-height-applied   avia-slideshow-1' data-slideshow-options=\"{&quot;animation&quot;:&quot;slide&quot;,&quot;autoplay&quot;:true,&quot;loop_autoplay&quot;:&quot;endless&quot;,&quot;interval&quot;:4,&quot;loop_manual&quot;:&quot;manual-endless&quot;,&quot;autoplay_stopper&quot;:false,&quot;noNavigation&quot;:false,&quot;bg_slider&quot;:false,&quot;keep_padding&quot;:false,&quot;hoverpause&quot;:false,&quot;show_slide_delay&quot;:0}\"  itemprop=\"image\" itemscope=\"itemscope\" itemtype=\"https:\/\/schema.org\/ImageObject\" ><ul class='avia-slideshow-inner ' style='padding-bottom: 28.666666666667%;'><li  class='avia-slideshow-slide av-kk2cpe7k-53caa6388ed436da69bc87dbbda9188a__0  av-single-slide slide-1 slide-odd'><div data-rel='slideshow-1' class='avia-slide-wrap '   ><img decoding=\"async\" fetchpriority=\"high\" class=\"wp-image-6591 avia-img-lazy-loading-not-6591\"  src=\"https:\/\/www.komunariko.at\/wp-content\/uploads\/2021\/04\/unser-zugang.jpg\" width=\"1500\" height=\"430\" title='unser-zugang' alt=''  itemprop=\"thumbnailUrl\" srcset=\"https:\/\/www.komunariko.at\/wp-content\/uploads\/2021\/04\/unser-zugang.jpg 1500w, https:\/\/www.komunariko.at\/wp-content\/uploads\/2021\/04\/unser-zugang-300x86.jpg 300w, https:\/\/www.komunariko.at\/wp-content\/uploads\/2021\/04\/unser-zugang-1030x295.jpg 1030w, https:\/\/www.komunariko.at\/wp-content\/uploads\/2021\/04\/unser-zugang-768x220.jpg 768w, https:\/\/www.komunariko.at\/wp-content\/uploads\/2021\/04\/unser-zugang-705x202.jpg 705w\" sizes=\"(max-width: 1500px) 100vw, 1500px\" \/><\/div><\/li><\/ul><div class='av-slideshow-caption av-kk2cpe7k-53caa6388ed436da69bc87dbbda9188a__0 caption_fullwidth caption_bottom caption_bottom_framed caption_framed'><div class=\"container caption_container\"><div class=\"slideshow_caption\"><div class=\"slideshow_inner_caption\"><div class=\"slideshow_align_caption\"><h2 class='avia-caption-title '  itemprop=\"name\" >OUR APPROACH<\/h2><\/div><\/div><\/div><\/div><\/div><\/div><\/div><div id='after_full_slider_1'  class='main_color av_default_container_wrap container_wrap sidebar_right'  ><div class='container av-section-cont-open' ><div class='template-page content  av-content-small alpha units'><div class='post-entry post-entry-type-page post-entry-6922'><div class='entry-content-wrapper clearfix'>\n\n<style type=\"text\/css\" data-created_by=\"avia_inline_auto\" id=\"style-css-av-3l1sp5-80d14f611efa91e3cd58bf59eac3c6b9\">\n.flex_column.av-3l1sp5-80d14f611efa91e3cd58bf59eac3c6b9{\nborder-radius:0px 0px 0px 0px;\npadding:0px 0px 0px 0px;\n}\n<\/style>\n<div  class='flex_column av-3l1sp5-80d14f611efa91e3cd58bf59eac3c6b9 av_one_full  avia-builder-el-1  el_after_av_slideshow_full  el_before_av_one_half  avia-builder-el-first  first flex_column_div av-zero-column-padding  '     ><section  class='av_textblock_section av-kk2ev7pi-d750fe69613a1f597b5d05b4c2b61b2b '   itemscope=\"itemscope\" itemtype=\"https:\/\/schema.org\/CreativeWork\" ><div class='avia_textblock'  itemprop=\"text\" ><h4>Supporting Development Through Strong Communication<\/h4>\n<p>komunariko stands for strong communication in times of change &#8211; and has done so for almost 40 years. With systemic organizational consulting, training and coaching, we support individuals and groups, managers, teams and organizations in their development. Professionally, in partnership and at eye level.<\/p>\n<p>We view organizations as living systems that interact and relate in complex ways &#8211; with their individual parts as well as with their environment. Long-term success is only possible by constantly growing and becoming together. Together with you, we shape this network of relationships effectively and to your benefit: We provide support wherever change is required, leadership skills are needed and the efficiency of teams and individuals needs to be improved. We rely on professional communication as a central element for an organization that is vital from the inside out.<\/p>\n<\/div><\/section><br \/>\n<div  class='avia-button-wrap av-klm3oner-8d5c80a9f63584fa46226e66db75625a-wrap avia-button-left  avia-builder-el-3  el_after_av_textblock  avia-builder-el-last '><a href='https:\/\/www.komunariko.at\/uber-uns\/team\/'  class='avia-button av-klm3oner-8d5c80a9f63584fa46226e66db75625a av-link-btn avia-icon_select-yes-left-icon avia-size-medium avia-position-left avia-color-theme-color'   aria-label=\"To the team\"><span class='avia_button_icon avia_button_icon_left avia-iconfont avia-font-entypo-fontello' data-av_icon='\ue879' data-av_iconfont='entypo-fontello' ><\/span><span class='avia_iconbox_title' >To the team<\/span><\/a><\/div><\/p><\/div>\n\n<style type=\"text\/css\" data-created_by=\"avia_inline_auto\" id=\"style-css-av-9xslr-0fa89eeb1346739c244afc07de921387\">\n.flex_column.av-9xslr-0fa89eeb1346739c244afc07de921387{\nborder-radius:0px 0px 0px 0px;\npadding:0px 0px 0px 0px;\n}\n<\/style>\n<div  class='flex_column av-9xslr-0fa89eeb1346739c244afc07de921387 av_one_half  avia-builder-el-4  el_after_av_one_full  el_before_av_one_half  first flex_column_div av-zero-column-padding  column-top-margin'     ><section  class='av_textblock_section av-kk2ev7pi-d750fe69613a1f597b5d05b4c2b61b2b '   itemscope=\"itemscope\" itemtype=\"https:\/\/schema.org\/CreativeWork\" ><div class='avia_textblock'  itemprop=\"text\" ><h4>Our Roots<\/h4>\n<p>komunariko was founded in 1983 as a training and consulting company in the context of adult education. The spirit of social enlightenment and \u201cemancipatory, self-determined communication\u201d that prevailed at that time still inspires us today.<\/p>\n<p>In addition to promoting individual skills, however, our main focus has always been on organizations. On the one hand, because this is where the greatest requirements for successful relationships and efficient cooperation for effective action exist; on the other hand, because organizations are the place where the social problems of our time are dealt with.<\/p>\n<\/div><\/section><\/div>\n\n<style type=\"text\/css\" data-created_by=\"avia_inline_auto\" id=\"style-css-av-9xslr-834ee014233e510fbb39a138164bc104\">\n.flex_column.av-9xslr-834ee014233e510fbb39a138164bc104{\nborder-radius:0px 0px 0px 0px;\npadding:0px 0px 0px 0px;\n}\n<\/style>\n<div  class='flex_column av-9xslr-834ee014233e510fbb39a138164bc104 av_one_half  avia-builder-el-6  el_after_av_one_half  el_before_av_section  avia-builder-el-last  flex_column_div av-zero-column-padding  column-top-margin'     ><section  class='av_textblock_section av-kk2ev7pi-d750fe69613a1f597b5d05b4c2b61b2b '   itemscope=\"itemscope\" itemtype=\"https:\/\/schema.org\/CreativeWork\" ><div class='avia_textblock'  itemprop=\"text\" ><h4>Our Role<\/h4>\n<p>We see ourselves as social architects who support our clients in creating suitable spaces for communication, development and change. We set targeted impulses and design and accompany the process. We leave the interior design to you!<\/p>\n<p>Our clients include medium-sized, large profit and non-profit organizations from all sectors who are looking for more than just standard training or off-the-shelf consulting and who are prepared to take concrete steps towards change through co-creation and personal responsibility.<\/p>\n<\/div><\/section><\/div>\n<\/div><\/div><\/div><!-- close content main div --><\/div><\/div>\n<style type=\"text\/css\" data-created_by=\"avia_inline_auto\" id=\"style-css-av-knihkyah-4d7431931eddf038cd4f7b6a0c7c0b45\">\n.avia-section.av-knihkyah-4d7431931eddf038cd4f7b6a0c7c0b45{\nbackground-color:#ede8de;\nbackground-image:unset;\n}\n<\/style>\n<div id='referenzen'  class='avia-section av-knihkyah-4d7431931eddf038cd4f7b6a0c7c0b45 main_color avia-section-default avia-no-border-styling  avia-builder-el-8  el_after_av_one_half  avia-builder-el-last  avia-bg-style-scroll container_wrap sidebar_right'  ><div class='container av-section-cont-open' ><div class='template-page content  av-content-small alpha units'><div class='post-entry post-entry-type-page post-entry-6922'><div class='entry-content-wrapper clearfix'>\n\n<style type=\"text\/css\" data-created_by=\"avia_inline_auto\" id=\"style-css-av-3437oq-56690b9f8045734a49ab2287ebe4c1a7\">\n#top .av-special-heading.av-3437oq-56690b9f8045734a49ab2287ebe4c1a7{\npadding-bottom:10px;\n}\nbody .av-special-heading.av-3437oq-56690b9f8045734a49ab2287ebe4c1a7 .av-special-heading-tag .heading-char{\nfont-size:25px;\n}\n.av-special-heading.av-3437oq-56690b9f8045734a49ab2287ebe4c1a7 .av-subheading{\nfont-size:15px;\n}\n<\/style>\n<div  id=\"team\"  class='av-special-heading av-3437oq-56690b9f8045734a49ab2287ebe4c1a7 av-special-heading-h4  avia-builder-el-9  el_before_av_testimonials  avia-builder-el-first '><h4 class='av-special-heading-tag '  itemprop=\"headline\"  >Client Testimonials<\/h4><div class=\"special-heading-border\"><div class=\"special-heading-inner-border\"><\/div><\/div><\/div>\n<div  class='avia-testimonial-wrapper av-knihqz9j-d6eed74267b8bd950426f5fa2725f7ea avia-grid-testimonials avia-grid-3-testimonials avia_animate_when_almost_visible kundenstimmen av-minimal-grid-style av-boxed-grid-style' >\n<section class=\"avia-testimonial-row\"><div class='avia-testimonial av-75g50p-b396360a0600a089cd93f6a2ecfacd67 avia-testimonial-row-1 avia-first-testimonial flex_column no_margin av_one_third'><div class='avia-testimonial_inner'  itemscope=\"itemscope\" itemtype=\"https:\/\/schema.org\/CreativeWork\" ><div class='avia-testimonial-content '><div class='avia-testimonial-markup-entry-content'  itemprop=\"text\" ><p>The Sch\u00f6nbrunn Group has been working successfully with Komunariko for many years. In the context of management coaching, supervision, moderation of change processes and training for the Cultural Mediation &amp; Guest Services department. Our managers and employees in guest services were strengthened in their roles and then had clarity about the necessary implementation steps. Our close ties are also shaped by our cooperation in the ECHOCAST network and the trainer development programs.<\/p>\n<\/div><\/div><div class=\"avia-testimonial-meta\"><div class=\"avia-testimonial-arrow-wrap\"><div class=\"avia-arrow\"><\/div><\/div><div class='avia-testimonial-meta-mini'  itemprop=\"author\" itemscope=\"itemscope\" itemtype=\"https:\/\/schema.org\/Person\" ><strong  class='avia-testimonial-name'  itemprop=\"name\" >  Mag.a Marlene Steinbacher-Haas<\/strong><span  class='avia-testimonial-subtitle '  itemprop=\"jobTitle\" >Leitung Personalentwicklung, Sch\u00f6nbrunn Group<\/span><span class='hidden avia-testimonial-markup-link'  itemprop=\"url\" >https:\/\/www.schoenbrunn-group.com\/en\/<\/span><span class=\"avia-testimonial-subtitle-sep\">&ndash;<\/span><a class='avia-testimonial-link' href='https:\/\/www.schoenbrunn-group.com\/en\/' target=\"_blank\" rel=\"noopener noreferrer\">www.schoenbrunn-group.com<\/a><\/div><\/div><\/div><\/div>\n<div class='avia-testimonial av-2j1hft-14d7d12c97728d436386c05fa6b34c61 avia-testimonial-row-1 flex_column no_margin av_one_third'><div class='avia-testimonial_inner'  itemscope=\"itemscope\" itemtype=\"https:\/\/schema.org\/CreativeWork\" ><div class='avia-testimonial-content '><div class='avia-testimonial-markup-entry-content'  itemprop=\"text\" ><p>komunariko is practical, efficient and very flexible in terms of the various requirements. We have had very good experiences and the feedback from our employees has also been very positive. The creation of individual solutions is certainly one of komunariko&#8217;s core competencies.<\/p>\n<\/div><\/div><div class=\"avia-testimonial-meta\"><div class=\"avia-testimonial-arrow-wrap\"><div class=\"avia-arrow\"><\/div><\/div><div class='avia-testimonial-meta-mini'  itemprop=\"author\" itemscope=\"itemscope\" itemtype=\"https:\/\/schema.org\/Person\" ><strong  class='avia-testimonial-name'  itemprop=\"name\" >Thomas Pointner<\/strong><span  class='avia-testimonial-subtitle '  itemprop=\"jobTitle\" >Personalentwicklung, EGGER \u00d6sterreich<\/span><span class='hidden avia-testimonial-markup-link'  itemprop=\"url\" >https:\/\/www.egger.com\/en\/?country=GB<\/span><span class=\"avia-testimonial-subtitle-sep\">&ndash;<\/span><a class='avia-testimonial-link' href='https:\/\/www.egger.com\/en\/?country=GB' target=\"_blank\" rel=\"noopener noreferrer\">www.egger.com<\/a><\/div><\/div><\/div><\/div>\n<div class='avia-testimonial av-5quxqx-91b75b802ff58f8daba015401f4ef415 avia-testimonial-row-1 avia-last-testimonial flex_column no_margin av_one_third'><div class='avia-testimonial_inner'  itemscope=\"itemscope\" itemtype=\"https:\/\/schema.org\/CreativeWork\" ><div class='avia-testimonial-content '><div class='avia-testimonial-markup-entry-content'  itemprop=\"text\" ><p>komunariko has already supported Paracelsus Medical University in various areas. Most recently in the creation of a leadership model, which gives us a common orientation in our understanding of leadership and our leadership work. komunariko has in particular ensured a suitable architecture for the process and high-quality and accepted implementation of the employee events.<\/p>\n<\/div><\/div><div class=\"avia-testimonial-meta\"><div class=\"avia-testimonial-arrow-wrap\"><div class=\"avia-arrow\"><\/div><\/div><div class='avia-testimonial-meta-mini'  itemprop=\"author\" itemscope=\"itemscope\" itemtype=\"https:\/\/schema.org\/Person\" ><strong  class='avia-testimonial-name'  itemprop=\"name\" >Mag.a Lydia Gruber<\/strong><span  class='avia-testimonial-subtitle '  itemprop=\"jobTitle\" >Stiftungsvorstand, Paracelsus Medizinische Privatuniversit\u00e4t Salzburg - Privatstiftung<\/span><span class='hidden avia-testimonial-markup-link'  itemprop=\"url\" >https:\/\/www.pmu.ac.at\/en\/<\/span><span class=\"avia-testimonial-subtitle-sep\">&ndash;<\/span><a class='avia-testimonial-link' href='https:\/\/www.pmu.ac.at\/en\/' target=\"_blank\" rel=\"noopener noreferrer\">pmu.ac.at<\/a><\/div><\/div><\/div><\/div><\/section>\n<\/div>\n<\/div><\/div><\/div><!-- close content main div --><\/div><\/div><div id='after_section_1'  class='main_color av_default_container_wrap container_wrap sidebar_right'  ><div class='container av-section-cont-open' ><div class='template-page content  av-content-small alpha units'><div class='post-entry post-entry-type-page post-entry-6922'><div class='entry-content-wrapper clearfix'>\n","protected":false},"excerpt":{"rendered":"","protected":false},"author":5,"featured_media":0,"parent":6900,"menu_order":0,"comment_status":"closed","ping_status":"closed","template":"","meta":{"footnotes":""},"class_list":["post-6922","page","type-page","status-publish","hentry"],"yoast_head":"<!-- This site is optimized with the Yoast SEO plugin v24.7 - https:\/\/yoast.com\/wordpress\/plugins\/seo\/ -->\n<title>Our Approach - komunariko - Beratung. Training. Coaching.<\/title>\n<meta name=\"robots\" content=\"index, follow, max-snippet:-1, max-image-preview:large, max-video-preview:-1\" \/>\n<link rel=\"canonical\" href=\"https:\/\/www.komunariko.at\/en\/about-us\/our-approach\/\" \/>\n<meta property=\"og:locale\" content=\"en_US\" \/>\n<meta property=\"og:type\" content=\"article\" \/>\n<meta property=\"og:title\" content=\"Our Approach - komunariko - Beratung. Training. Coaching.\" \/>\n<meta property=\"og:url\" content=\"https:\/\/www.komunariko.at\/en\/about-us\/our-approach\/\" \/>\n<meta property=\"og:site_name\" content=\"komunariko - Beratung. Training. Coaching.\" \/>\n<meta property=\"article:modified_time\" content=\"2025-07-23T11:22:04+00:00\" \/>\n<meta name=\"twitter:card\" content=\"summary_large_image\" \/>\n<meta name=\"twitter:label1\" content=\"Est. reading time\" \/>\n\t<meta name=\"twitter:data1\" content=\"4 minutes\" \/>\n<script type=\"application\/ld+json\" class=\"yoast-schema-graph\">{\"@context\":\"https:\/\/schema.org\",\"@graph\":[{\"@type\":\"WebPage\",\"@id\":\"https:\/\/www.komunariko.at\/en\/about-us\/our-approach\/\",\"url\":\"https:\/\/www.komunariko.at\/en\/about-us\/our-approach\/\",\"name\":\"Our Approach - komunariko - Beratung. Training. Coaching.\",\"isPartOf\":{\"@id\":\"https:\/\/www.komunariko.at\/en\/#website\"},\"datePublished\":\"2021-04-21T12:12:00+00:00\",\"dateModified\":\"2025-07-23T11:22:04+00:00\",\"breadcrumb\":{\"@id\":\"https:\/\/www.komunariko.at\/en\/about-us\/our-approach\/#breadcrumb\"},\"inLanguage\":\"en-US\",\"potentialAction\":[{\"@type\":\"ReadAction\",\"target\":[\"https:\/\/www.komunariko.at\/en\/about-us\/our-approach\/\"]}]},{\"@type\":\"BreadcrumbList\",\"@id\":\"https:\/\/www.komunariko.at\/en\/about-us\/our-approach\/#breadcrumb\",\"itemListElement\":[{\"@type\":\"ListItem\",\"position\":1,\"name\":\"Home\",\"item\":\"https:\/\/www.komunariko.at\/en\/\"},{\"@type\":\"ListItem\",\"position\":2,\"name\":\"About us\",\"item\":\"https:\/\/www.komunariko.at\/en\/about-us\/\"},{\"@type\":\"ListItem\",\"position\":3,\"name\":\"Our Approach\"}]},{\"@type\":\"WebSite\",\"@id\":\"https:\/\/www.komunariko.at\/en\/#website\",\"url\":\"https:\/\/www.komunariko.at\/en\/\",\"name\":\"komunariko - Beratung. Training. Coaching.\",\"description\":\"Ma\u00dfgeschneiderte L\u00f6sungen f\u00fcr Organisationsentwicklung,  F\u00fchrungs- und Kommunkationskompetenz. Wir begleiten Menschen, Unternehmen und Organisationen in Zeiten der Entwicklung und des Wandels \u2013 und das seit 35 Jahren, mit Sitz in Salzburg.\",\"potentialAction\":[{\"@type\":\"SearchAction\",\"target\":{\"@type\":\"EntryPoint\",\"urlTemplate\":\"https:\/\/www.komunariko.at\/en\/?s={search_term_string}\"},\"query-input\":{\"@type\":\"PropertyValueSpecification\",\"valueRequired\":true,\"valueName\":\"search_term_string\"}}],\"inLanguage\":\"en-US\"}]}<\/script>\n<!-- \/ Yoast SEO plugin. -->","yoast_head_json":{"title":"Our Approach - komunariko - Beratung. Training. Coaching.","robots":{"index":"index","follow":"follow","max-snippet":"max-snippet:-1","max-image-preview":"max-image-preview:large","max-video-preview":"max-video-preview:-1"},"canonical":"https:\/\/www.komunariko.at\/en\/about-us\/our-approach\/","og_locale":"en_US","og_type":"article","og_title":"Our Approach - komunariko - Beratung. Training. Coaching.","og_url":"https:\/\/www.komunariko.at\/en\/about-us\/our-approach\/","og_site_name":"komunariko - Beratung. Training. Coaching.","article_modified_time":"2025-07-23T11:22:04+00:00","twitter_card":"summary_large_image","twitter_misc":{"Est. reading time":"4 minutes"},"schema":{"@context":"https:\/\/schema.org","@graph":[{"@type":"WebPage","@id":"https:\/\/www.komunariko.at\/en\/about-us\/our-approach\/","url":"https:\/\/www.komunariko.at\/en\/about-us\/our-approach\/","name":"Our Approach - komunariko - Beratung. Training. Coaching.","isPartOf":{"@id":"https:\/\/www.komunariko.at\/en\/#website"},"datePublished":"2021-04-21T12:12:00+00:00","dateModified":"2025-07-23T11:22:04+00:00","breadcrumb":{"@id":"https:\/\/www.komunariko.at\/en\/about-us\/our-approach\/#breadcrumb"},"inLanguage":"en-US","potentialAction":[{"@type":"ReadAction","target":["https:\/\/www.komunariko.at\/en\/about-us\/our-approach\/"]}]},{"@type":"BreadcrumbList","@id":"https:\/\/www.komunariko.at\/en\/about-us\/our-approach\/#breadcrumb","itemListElement":[{"@type":"ListItem","position":1,"name":"Home","item":"https:\/\/www.komunariko.at\/en\/"},{"@type":"ListItem","position":2,"name":"About us","item":"https:\/\/www.komunariko.at\/en\/about-us\/"},{"@type":"ListItem","position":3,"name":"Our Approach"}]},{"@type":"WebSite","@id":"https:\/\/www.komunariko.at\/en\/#website","url":"https:\/\/www.komunariko.at\/en\/","name":"komunariko - Beratung. Training. Coaching.","description":"Ma\u00dfgeschneiderte L\u00f6sungen f\u00fcr Organisationsentwicklung,  F\u00fchrungs- und Kommunkationskompetenz. Wir begleiten Menschen, Unternehmen und Organisationen in Zeiten der Entwicklung und des Wandels \u2013 und das seit 35 Jahren, mit Sitz in Salzburg.","potentialAction":[{"@type":"SearchAction","target":{"@type":"EntryPoint","urlTemplate":"https:\/\/www.komunariko.at\/en\/?s={search_term_string}"},"query-input":{"@type":"PropertyValueSpecification","valueRequired":true,"valueName":"search_term_string"}}],"inLanguage":"en-US"}]}},"_links":{"self":[{"href":"https:\/\/www.komunariko.at\/en\/wp-json\/wp\/v2\/pages\/6922","targetHints":{"allow":["GET"]}}],"collection":[{"href":"https:\/\/www.komunariko.at\/en\/wp-json\/wp\/v2\/pages"}],"about":[{"href":"https:\/\/www.komunariko.at\/en\/wp-json\/wp\/v2\/types\/page"}],"author":[{"embeddable":true,"href":"https:\/\/www.komunariko.at\/en\/wp-json\/wp\/v2\/users\/5"}],"replies":[{"embeddable":true,"href":"https:\/\/www.komunariko.at\/en\/wp-json\/wp\/v2\/comments?post=6922"}],"version-history":[{"count":4,"href":"https:\/\/www.komunariko.at\/en\/wp-json\/wp\/v2\/pages\/6922\/revisions"}],"predecessor-version":[{"id":7342,"href":"https:\/\/www.komunariko.at\/en\/wp-json\/wp\/v2\/pages\/6922\/revisions\/7342"}],"up":[{"embeddable":true,"href":"https:\/\/www.komunariko.at\/en\/wp-json\/wp\/v2\/pages\/6900"}],"wp:attachment":[{"href":"https:\/\/www.komunariko.at\/en\/wp-json\/wp\/v2\/media?parent=6922"}],"curies":[{"name":"wp","href":"https:\/\/api.w.org\/{rel}","templated":true}]}}