{"id":6924,"date":"2021-04-23T20:38:01","date_gmt":"2021-04-23T18:38:01","guid":{"rendered":"https:\/\/www.komunariko.at\/about-us\/team\/judith-koelblinger-msc\/"},"modified":"2025-07-22T20:03:17","modified_gmt":"2025-07-22T18:03:17","slug":"judith-koelblinger-msc","status":"publish","type":"page","link":"https:\/\/www.komunariko.at\/en\/about-us\/team\/judith-koelblinger-msc\/","title":{"rendered":"Judith K\u00f6lblinger, MSc"},"content":{"rendered":"\n<style type=\"text\/css\" data-created_by=\"avia_inline_auto\" id=\"style-css-av-av_heading-39fbbfbce4749264e55082d2eea11638\">\n#top .av-special-heading.av-av_heading-39fbbfbce4749264e55082d2eea11638{\npadding-bottom:10px;\n}\nbody .av-special-heading.av-av_heading-39fbbfbce4749264e55082d2eea11638 .av-special-heading-tag .heading-char{\nfont-size:25px;\n}\n.av-special-heading.av-av_heading-39fbbfbce4749264e55082d2eea11638 .av-subheading{\nfont-size:15px;\n}\n<\/style>\n<div  class='av-special-heading av-av_heading-39fbbfbce4749264e55082d2eea11638 av-special-heading-h1  avia-builder-el-0  el_before_av_one_third  avia-builder-el-first  av-desktop-hide av-medium-hide av-small-hide'><h1 class='av-special-heading-tag '  itemprop=\"headline\"  >Judith K\u00f6lblinger, MSc<\/h1><div class=\"special-heading-border\"><div class=\"special-heading-inner-border\"><\/div><\/div><\/div>\n\n<style type=\"text\/css\" data-created_by=\"avia_inline_auto\" id=\"style-css-av-ehri86-2ea7b96f6338923d912da3d108df5fd4\">\n.flex_column.av-ehri86-2ea7b96f6338923d912da3d108df5fd4{\nborder-radius:0px 0px 0px 0px;\npadding:0px 0px 0px 0px;\n}\n<\/style>\n<div  class='flex_column av-ehri86-2ea7b96f6338923d912da3d108df5fd4 av_one_third  avia-builder-el-1  el_after_av_heading  el_before_av_two_third  first flex_column_div av-zero-column-padding  '     ><p>\n<style type=\"text\/css\" data-created_by=\"avia_inline_auto\" id=\"style-css-av-kjv8jqpy-9975bce87a86ecdd5d52a4202f83a18b\">\n.avia-image-container.av-kjv8jqpy-9975bce87a86ecdd5d52a4202f83a18b img.avia_image{\nbox-shadow:none;\n}\n.avia-image-container.av-kjv8jqpy-9975bce87a86ecdd5d52a4202f83a18b .av-image-caption-overlay-center{\ncolor:#ffffff;\n}\n<\/style>\n<div  class='avia-image-container av-kjv8jqpy-9975bce87a86ecdd5d52a4202f83a18b av-styling- avia-align-center  avia-builder-el-2  el_before_av_textblock  avia-builder-el-first '   itemprop=\"image\" itemscope=\"itemscope\" itemtype=\"https:\/\/schema.org\/ImageObject\" ><div class=\"avia-image-container-inner\"><div class=\"avia-image-overlay-wrap\"><img decoding=\"async\" fetchpriority=\"high\" class='wp-image-6592 avia-img-lazy-loading-not-6592 avia_image ' src=\"https:\/\/www.komunariko.at\/wp-content\/uploads\/2021\/04\/judith-koelblinger.jpg\" alt='' title='judith-koelblinger'  height=\"600\" width=\"600\"  itemprop=\"thumbnailUrl\" srcset=\"https:\/\/www.komunariko.at\/wp-content\/uploads\/2021\/04\/judith-koelblinger.jpg 600w, https:\/\/www.komunariko.at\/wp-content\/uploads\/2021\/04\/judith-koelblinger-300x300.jpg 300w, https:\/\/www.komunariko.at\/wp-content\/uploads\/2021\/04\/judith-koelblinger-80x80.jpg 80w, https:\/\/www.komunariko.at\/wp-content\/uploads\/2021\/04\/judith-koelblinger-36x36.jpg 36w, https:\/\/www.komunariko.at\/wp-content\/uploads\/2021\/04\/judith-koelblinger-180x180.jpg 180w\" sizes=\"(max-width: 600px) 100vw, 600px\" \/><\/div><\/div><\/div><br \/>\n<section  class='av_textblock_section av-kjtri1ay-414437797d59a18f94b30b0472bc22a9 '   itemscope=\"itemscope\" itemtype=\"https:\/\/schema.org\/CreativeWork\" ><div class='avia_textblock'  itemprop=\"text\" ><p>A-5020 Salzburg<br \/>\nBayerhamer Stra\u00dfe 18<\/p>\n<p>Mobile +43 664 308 40 14<\/p>\n<p><a href=\"mailto:judith.koelblinger@komunariko.at\"><span class=\"\">judith.koelblinger@komunariko.at<\/span><\/a><\/p>\n<\/div><\/section><\/p><\/div>\n<style type=\"text\/css\" data-created_by=\"avia_inline_auto\" id=\"style-css-av-ehri86-3fd80dbb857d033ccca457bde756312d\">\n.flex_column.av-ehri86-3fd80dbb857d033ccca457bde756312d{\nborder-radius:0px 0px 0px 0px;\npadding:0px 0px 0px 0px;\n}\n<\/style>\n<div  class='flex_column av-ehri86-3fd80dbb857d033ccca457bde756312d av_two_third  avia-builder-el-4  el_after_av_one_third  el_before_av_section  avia-builder-el-last  flex_column_div av-zero-column-padding  '     ><p>\n<style type=\"text\/css\" data-created_by=\"avia_inline_auto\" id=\"style-css-av-knunsjnw-2484a241e6684a0e29613837bff42975\">\n#top .av-special-heading.av-knunsjnw-2484a241e6684a0e29613837bff42975{\npadding-bottom:10px;\n}\nbody .av-special-heading.av-knunsjnw-2484a241e6684a0e29613837bff42975 .av-special-heading-tag .heading-char{\nfont-size:25px;\n}\n.av-special-heading.av-knunsjnw-2484a241e6684a0e29613837bff42975 .av-subheading{\nfont-size:15px;\n}\n<\/style>\n<div  class='av-special-heading av-knunsjnw-2484a241e6684a0e29613837bff42975 av-special-heading-h1  avia-builder-el-5  el_before_av_hr  avia-builder-el-first  av-mini-hide'><h1 class='av-special-heading-tag '  itemprop=\"headline\"  >Judith K\u00f6lblinger, MSc<\/h1><div class=\"special-heading-border\"><div class=\"special-heading-inner-border\"><\/div><\/div><\/div><br \/>\n\n<style type=\"text\/css\" data-created_by=\"avia_inline_auto\" id=\"style-css-av-klkltlap-6c27b4a28fb6a4f2b9b968f7a4d6704d\">\n#top .hr.hr-invisible.av-klkltlap-6c27b4a28fb6a4f2b9b968f7a4d6704d{\nheight:30px;\n}\n<\/style>\n<div  class='hr av-klkltlap-6c27b4a28fb6a4f2b9b968f7a4d6704d hr-invisible  avia-builder-el-6  el_after_av_heading  el_before_av_textblock '><span class='hr-inner '><span class=\"hr-inner-style\"><\/span><\/span><\/div><br \/>\n<section  class='av_textblock_section av-kjtri1ay-414437797d59a18f94b30b0472bc22a9 '   itemscope=\"itemscope\" itemtype=\"https:\/\/schema.org\/CreativeWork\" ><div class='avia_textblock'  itemprop=\"text\" ><h5>About me:<\/h5>\n<p>My profession as a consultant, trainer and coach has provided me with an extremely interesting field of activity. I am grateful for the questions and tasks I have been able to deal with for almost 40 years and for the people I have met along the way. However, I can easily describe my current situation as a personal luxury. As a founder born in 1959, I handed over operational responsibility to the next generation at the end of 2019 after a full professional life and was able to change some of my priorities. I now have more time for family and friends, for hobbies and for matters that are still important to me. I will remain connected to komunariko. Collegial advice and collaboration on a small scale make my experience useful.<\/p>\n<\/div><\/section><\/p><\/div><\/p>\n<\/div><\/div><\/div><!-- close content main div --><\/div><\/div>\n<style type=\"text\/css\" data-created_by=\"avia_inline_auto\" id=\"style-css-av-kjtsfrmh-73c1460acf807f9c8a885cd2dba73e66\">\n.avia-section.av-kjtsfrmh-73c1460acf807f9c8a885cd2dba73e66{\nbackground-color:#f5f5f5;\nbackground-image:unset;\n}\n<\/style>\n<div id='av_section_1'  class='avia-section av-kjtsfrmh-73c1460acf807f9c8a885cd2dba73e66 main_color avia-section-default avia-no-border-styling  avia-builder-el-8  el_after_av_two_third  avia-builder-el-last  avia-bg-style-scroll container_wrap sidebar_right'  ><div class='container av-section-cont-open' ><div class='template-page content  av-content-small alpha units'><div class='post-entry post-entry-type-page post-entry-6924'><div class='entry-content-wrapper clearfix'>\n\n<style type=\"text\/css\" data-created_by=\"avia_inline_auto\" id=\"style-css-av-cny90m-9015fa8a5c8860adb0a8ce3e1827e860\">\n.flex_column.av-cny90m-9015fa8a5c8860adb0a8ce3e1827e860{\nborder-radius:0px 0px 0px 0px;\npadding:0px 0px 0px 0px;\n}\n<\/style>\n<div  class='flex_column av-cny90m-9015fa8a5c8860adb0a8ce3e1827e860 av_three_fifth  avia-builder-el-9  el_before_av_two_fifth  avia-builder-el-first  first flex_column_div av-zero-column-padding  '     ><section  class='av_textblock_section av-kjtrdsq8-b354a3b73cf44e80083b77fdb85fdcdd '   itemscope=\"itemscope\" itemtype=\"https:\/\/schema.org\/CreativeWork\" ><div class='avia_textblock'  itemprop=\"text\" ><h3>Key Areas of Expertise:<\/h3>\n<ul>\n<li>Coaching managers and colleagues from our professional fields<\/li>\n<li>Netzwerk Z&#8217;samm. Women in leadership. Salzburg  <\/li>\n<li>Conflict management<\/li>\n<li>Workshops \/ lectures on organizational and team development or on special topics such as resilience<\/li>\n<li>Lectureships: Paris Lodron University Salzburg and Institute for Interpersonal Communication<\/li>\n<li>Board activities: Institute for Interpersonal Communication, Women &amp; Work, Philharmonie Salzburg, Tango in Salzburg<\/li>\n<li>Writing: The 2nd edition of the book \u201c<a href=\"https:\/\/www.lindeverlag.at\/buch\/das-resilienz-training-19031?page_id=1\" target=\"_blank\" rel=\"noopener\">Das Resilienz-Training<\/a>\u201d, blogs on interpersonal communication topics for the IPK<\/li>\n<\/ul>\n<\/div><\/section><\/div>\n<style type=\"text\/css\" data-created_by=\"avia_inline_auto\" id=\"style-css-av-cny90m-d865970756c7abb9244c368bd8f57252\">\n.flex_column.av-cny90m-d865970756c7abb9244c368bd8f57252{\nborder-radius:0px 0px 0px 0px;\npadding:0px 0px 0px 0px;\n}\n<\/style>\n<div  class='flex_column av-cny90m-d865970756c7abb9244c368bd8f57252 av_two_fifth  avia-builder-el-11  el_after_av_three_fifth  avia-builder-el-last  flex_column_div av-zero-column-padding  '     ><section  class='av_textblock_section av-kjtrdsq8-b354a3b73cf44e80083b77fdb85fdcdd '   itemscope=\"itemscope\" itemtype=\"https:\/\/schema.org\/CreativeWork\" ><div class='avia_textblock'  itemprop=\"text\" ><h3>Highlights of my work:<\/h3>\n<p>A call from a client who is delighted that a meeting that was important to her went really well after we had prepared it together beforehand. <br \/>A successful contract in which I contributed to the proposal development. <br \/>Two team members who are able to work well together again after a conflict consultation &#8211; moments like these truly bring me joy.<\/p>\n<\/div><\/section><br \/>\n<div  class='hr av-klklzj91-c29e91d1b514480e54f1c19bed708110 hr-default  avia-builder-el-13  el_after_av_textblock  el_before_av_button '><span class='hr-inner '><span class=\"hr-inner-style\"><\/span><\/span><\/div><br \/>\n<div  class='avia-button-wrap av-klklxn0u-52b5c00583b6e4d09e7f061d49f45113-wrap avia-button-left  avia-builder-el-14  el_after_av_hr  avia-builder-el-last '><a href='\/relaunch-2020\/uber-uns\/team#team'  class='avia-button av-klklxn0u-52b5c00583b6e4d09e7f061d49f45113 av-link-btn avia-icon_select-yes-left-icon avia-size-medium avia-position-left avia-color-theme-color'   aria-label=\"To the team\"><span class='avia_button_icon avia_button_icon_left avia-iconfont avia-font-entypo-fontello' data-av_icon='\ue879' data-av_iconfont='entypo-fontello' ><\/span><span class='avia_iconbox_title' >To the team<\/span><\/a><\/div><\/p><\/div>\n<\/div><\/div><\/div><!-- close content main div --><\/div><\/div><div id='after_section_1'  class='main_color av_default_container_wrap container_wrap sidebar_right'  ><div class='container av-section-cont-open' ><div class='template-page content  av-content-small alpha units'><div class='post-entry post-entry-type-page post-entry-6924'><div class='entry-content-wrapper clearfix'>\n","protected":false},"excerpt":{"rendered":"","protected":false},"author":5,"featured_media":0,"parent":6902,"menu_order":0,"comment_status":"closed","ping_status":"closed","template":"","meta":{"footnotes":""},"class_list":["post-6924","page","type-page","status-publish","hentry"],"yoast_head":"<!-- This site is optimized with the Yoast SEO plugin v24.7 - https:\/\/yoast.com\/wordpress\/plugins\/seo\/ -->\n<title>Judith K\u00f6lblinger, MSc - komunariko - Beratung. Training. Coaching.<\/title>\n<meta name=\"robots\" content=\"index, follow, max-snippet:-1, max-image-preview:large, max-video-preview:-1\" \/>\n<link rel=\"canonical\" href=\"https:\/\/www.komunariko.at\/en\/about-us\/team\/judith-koelblinger-msc\/\" \/>\n<meta property=\"og:locale\" content=\"en_US\" \/>\n<meta property=\"og:type\" content=\"article\" \/>\n<meta property=\"og:title\" content=\"Judith K\u00f6lblinger, MSc - komunariko - Beratung. Training. Coaching.\" \/>\n<meta property=\"og:url\" content=\"https:\/\/www.komunariko.at\/en\/about-us\/team\/judith-koelblinger-msc\/\" \/>\n<meta property=\"og:site_name\" content=\"komunariko - Beratung. Training. Coaching.\" \/>\n<meta property=\"article:modified_time\" content=\"2025-07-22T18:03:17+00:00\" \/>\n<meta name=\"twitter:card\" content=\"summary_large_image\" \/>\n<meta name=\"twitter:label1\" content=\"Est. reading time\" \/>\n\t<meta name=\"twitter:data1\" content=\"5 minutes\" \/>\n<script type=\"application\/ld+json\" class=\"yoast-schema-graph\">{\"@context\":\"https:\/\/schema.org\",\"@graph\":[{\"@type\":\"WebPage\",\"@id\":\"https:\/\/www.komunariko.at\/en\/about-us\/team\/judith-koelblinger-msc\/\",\"url\":\"https:\/\/www.komunariko.at\/en\/about-us\/team\/judith-koelblinger-msc\/\",\"name\":\"Judith K\u00f6lblinger, MSc - komunariko - Beratung. Training. Coaching.\",\"isPartOf\":{\"@id\":\"https:\/\/www.komunariko.at\/en\/#website\"},\"datePublished\":\"2021-04-23T18:38:01+00:00\",\"dateModified\":\"2025-07-22T18:03:17+00:00\",\"breadcrumb\":{\"@id\":\"https:\/\/www.komunariko.at\/en\/about-us\/team\/judith-koelblinger-msc\/#breadcrumb\"},\"inLanguage\":\"en-US\",\"potentialAction\":[{\"@type\":\"ReadAction\",\"target\":[\"https:\/\/www.komunariko.at\/en\/about-us\/team\/judith-koelblinger-msc\/\"]}]},{\"@type\":\"BreadcrumbList\",\"@id\":\"https:\/\/www.komunariko.at\/en\/about-us\/team\/judith-koelblinger-msc\/#breadcrumb\",\"itemListElement\":[{\"@type\":\"ListItem\",\"position\":1,\"name\":\"Home\",\"item\":\"https:\/\/www.komunariko.at\/en\/\"},{\"@type\":\"ListItem\",\"position\":2,\"name\":\"About us\",\"item\":\"https:\/\/www.komunariko.at\/en\/about-us\/\"},{\"@type\":\"ListItem\",\"position\":3,\"name\":\"Team\",\"item\":\"https:\/\/www.komunariko.at\/en\/about-us\/team\/\"},{\"@type\":\"ListItem\",\"position\":4,\"name\":\"Judith K\u00f6lblinger, MSc\"}]},{\"@type\":\"WebSite\",\"@id\":\"https:\/\/www.komunariko.at\/en\/#website\",\"url\":\"https:\/\/www.komunariko.at\/en\/\",\"name\":\"komunariko - Beratung. Training. Coaching.\",\"description\":\"Ma\u00dfgeschneiderte L\u00f6sungen f\u00fcr Organisationsentwicklung,  F\u00fchrungs- und Kommunkationskompetenz. Wir begleiten Menschen, Unternehmen und Organisationen in Zeiten der Entwicklung und des Wandels \u2013 und das seit 35 Jahren, mit Sitz in Salzburg.\",\"potentialAction\":[{\"@type\":\"SearchAction\",\"target\":{\"@type\":\"EntryPoint\",\"urlTemplate\":\"https:\/\/www.komunariko.at\/en\/?s={search_term_string}\"},\"query-input\":{\"@type\":\"PropertyValueSpecification\",\"valueRequired\":true,\"valueName\":\"search_term_string\"}}],\"inLanguage\":\"en-US\"}]}<\/script>\n<!-- \/ Yoast SEO plugin. -->","yoast_head_json":{"title":"Judith K\u00f6lblinger, MSc - komunariko - Beratung. Training. Coaching.","robots":{"index":"index","follow":"follow","max-snippet":"max-snippet:-1","max-image-preview":"max-image-preview:large","max-video-preview":"max-video-preview:-1"},"canonical":"https:\/\/www.komunariko.at\/en\/about-us\/team\/judith-koelblinger-msc\/","og_locale":"en_US","og_type":"article","og_title":"Judith K\u00f6lblinger, MSc - komunariko - Beratung. Training. Coaching.","og_url":"https:\/\/www.komunariko.at\/en\/about-us\/team\/judith-koelblinger-msc\/","og_site_name":"komunariko - Beratung. Training. Coaching.","article_modified_time":"2025-07-22T18:03:17+00:00","twitter_card":"summary_large_image","twitter_misc":{"Est. reading time":"5 minutes"},"schema":{"@context":"https:\/\/schema.org","@graph":[{"@type":"WebPage","@id":"https:\/\/www.komunariko.at\/en\/about-us\/team\/judith-koelblinger-msc\/","url":"https:\/\/www.komunariko.at\/en\/about-us\/team\/judith-koelblinger-msc\/","name":"Judith K\u00f6lblinger, MSc - komunariko - Beratung. Training. Coaching.","isPartOf":{"@id":"https:\/\/www.komunariko.at\/en\/#website"},"datePublished":"2021-04-23T18:38:01+00:00","dateModified":"2025-07-22T18:03:17+00:00","breadcrumb":{"@id":"https:\/\/www.komunariko.at\/en\/about-us\/team\/judith-koelblinger-msc\/#breadcrumb"},"inLanguage":"en-US","potentialAction":[{"@type":"ReadAction","target":["https:\/\/www.komunariko.at\/en\/about-us\/team\/judith-koelblinger-msc\/"]}]},{"@type":"BreadcrumbList","@id":"https:\/\/www.komunariko.at\/en\/about-us\/team\/judith-koelblinger-msc\/#breadcrumb","itemListElement":[{"@type":"ListItem","position":1,"name":"Home","item":"https:\/\/www.komunariko.at\/en\/"},{"@type":"ListItem","position":2,"name":"About us","item":"https:\/\/www.komunariko.at\/en\/about-us\/"},{"@type":"ListItem","position":3,"name":"Team","item":"https:\/\/www.komunariko.at\/en\/about-us\/team\/"},{"@type":"ListItem","position":4,"name":"Judith K\u00f6lblinger, MSc"}]},{"@type":"WebSite","@id":"https:\/\/www.komunariko.at\/en\/#website","url":"https:\/\/www.komunariko.at\/en\/","name":"komunariko - Beratung. Training. Coaching.","description":"Ma\u00dfgeschneiderte L\u00f6sungen f\u00fcr Organisationsentwicklung,  F\u00fchrungs- und Kommunkationskompetenz. Wir begleiten Menschen, Unternehmen und Organisationen in Zeiten der Entwicklung und des Wandels \u2013 und das seit 35 Jahren, mit Sitz in Salzburg.","potentialAction":[{"@type":"SearchAction","target":{"@type":"EntryPoint","urlTemplate":"https:\/\/www.komunariko.at\/en\/?s={search_term_string}"},"query-input":{"@type":"PropertyValueSpecification","valueRequired":true,"valueName":"search_term_string"}}],"inLanguage":"en-US"}]}},"_links":{"self":[{"href":"https:\/\/www.komunariko.at\/en\/wp-json\/wp\/v2\/pages\/6924","targetHints":{"allow":["GET"]}}],"collection":[{"href":"https:\/\/www.komunariko.at\/en\/wp-json\/wp\/v2\/pages"}],"about":[{"href":"https:\/\/www.komunariko.at\/en\/wp-json\/wp\/v2\/types\/page"}],"author":[{"embeddable":true,"href":"https:\/\/www.komunariko.at\/en\/wp-json\/wp\/v2\/users\/5"}],"replies":[{"embeddable":true,"href":"https:\/\/www.komunariko.at\/en\/wp-json\/wp\/v2\/comments?post=6924"}],"version-history":[{"count":1,"href":"https:\/\/www.komunariko.at\/en\/wp-json\/wp\/v2\/pages\/6924\/revisions"}],"predecessor-version":[{"id":7337,"href":"https:\/\/www.komunariko.at\/en\/wp-json\/wp\/v2\/pages\/6924\/revisions\/7337"}],"up":[{"embeddable":true,"href":"https:\/\/www.komunariko.at\/en\/wp-json\/wp\/v2\/pages\/6902"}],"wp:attachment":[{"href":"https:\/\/www.komunariko.at\/en\/wp-json\/wp\/v2\/media?parent=6924"}],"curies":[{"name":"wp","href":"https:\/\/api.w.org\/{rel}","templated":true}]}}