{"id":7176,"date":"2021-01-13T09:40:37","date_gmt":"2021-01-13T08:40:37","guid":{"rendered":"https:\/\/www.komunariko.at\/?page_id=7176"},"modified":"2025-07-10T20:59:17","modified_gmt":"2025-07-10T18:59:17","slug":"leading-in-an-agile-environment","status":"publish","type":"page","link":"https:\/\/www.komunariko.at\/en\/services\/for-leaders\/leading-in-an-agile-environment\/","title":{"rendered":"Leading in an Agile Environment"},"content":{"rendered":"\n<style type=\"text\/css\" data-created_by=\"avia_inline_auto\" id=\"style-css-av-mcxpux6g-b09b4fd49b3cc08b2abc1eafa21122dd\">\n.avia-section.av-mcxpux6g-b09b4fd49b3cc08b2abc1eafa21122dd{\nbackground-color:#ef7800;\nbackground-image:unset;\n}\n<\/style>\n<div id='av_section_1'  class='avia-section av-mcxpux6g-b09b4fd49b3cc08b2abc1eafa21122dd main_color avia-section-default avia-no-border-styling  avia-builder-el-0  el_before_av_textblock  avia-builder-el-first  avia-bg-style-scroll container_wrap sidebar_right'  ><div class='container av-section-cont-open' ><main  role=\"main\" itemprop=\"mainContentOfPage\"  class='template-page content  av-content-small alpha units'><div class='post-entry post-entry-type-page post-entry-7176'><div class='entry-content-wrapper clearfix'>\n\n<style type=\"text\/css\" data-created_by=\"avia_inline_auto\" id=\"style-css-av-mcxpw0s1-1b37ebd1f7866c445629f108de1ba771\">\n#top .av-special-heading.av-mcxpw0s1-1b37ebd1f7866c445629f108de1ba771{\npadding-bottom:10px;\ncolor:#ffffff;\n}\nbody .av-special-heading.av-mcxpw0s1-1b37ebd1f7866c445629f108de1ba771 .av-special-heading-tag .heading-char{\nfont-size:25px;\n}\n.av-special-heading.av-mcxpw0s1-1b37ebd1f7866c445629f108de1ba771 .special-heading-inner-border{\nborder-color:#ffffff;\n}\n.av-special-heading.av-mcxpw0s1-1b37ebd1f7866c445629f108de1ba771 .av-subheading{\nfont-size:15px;\n}\n<\/style>\n<div  class='av-special-heading av-mcxpw0s1-1b37ebd1f7866c445629f108de1ba771 av-special-heading-h1 custom-color-heading blockquote modern-quote  avia-builder-el-1  avia-builder-el-no-sibling '><div class='av_custom_color av-subheading av-subheading_above'><p>Offer for Leaders<\/p>\n<\/div><h1 class='av-special-heading-tag '  itemprop=\"headline\"  >Leading in an Agile Environment<\/h1><div class=\"special-heading-border\"><div class=\"special-heading-inner-border\"><\/div><\/div><\/div>\n<\/div><\/div><\/main><!-- close content main element --><\/div><\/div><div id='after_section_1'  class='main_color av_default_container_wrap container_wrap sidebar_right'  ><div class='container av-section-cont-open' ><div class='template-page content  av-content-small alpha units'><div class='post-entry post-entry-type-page post-entry-7176'><div class='entry-content-wrapper clearfix'><section  class='av_textblock_section av-mcxne9i0-6caed964db36df3fd1a57385a1655e44 '   itemscope=\"itemscope\" itemtype=\"https:\/\/schema.org\/CreativeWork\" ><div class='avia_textblock'  itemprop=\"text\" ><p>Leadership in an agile environment creates the framework for employees and teams to respond as independently as possible to rapidly changing customer and market needs, and to make decisions with a high degree of personal responsibility. This places new demands on both leaders and team members alike.<\/p>\n<\/div><\/section><\/p>\n<div  class='flex_column av-av_one_half-a2cef933b0a555f25d1e39b22a8e9dae av_one_half  avia-builder-el-3  el_after_av_textblock  el_before_av_one_half  first flex_column_div  column-top-margin'     ><section  class='av_textblock_section av-mcxnl94c-ad1ebb173bd7a831a98c15a42927f1da '   itemscope=\"itemscope\" itemtype=\"https:\/\/schema.org\/CreativeWork\" ><div class='avia_textblock'  itemprop=\"text\" ><p data-start=\"79\" data-end=\"380\">Agility is, on the one hand, a conscious mindset and, on the other hand, a set of practical tools that align with that mindset. In today\u2019s increasingly dynamic and complex market environment, agile leadership has proven effective in helping organizations navigate uncertainty and unpredictability.<\/p>\n<p data-start=\"382\" data-end=\"603\">The key lies in finding the right degree of agile leadership. Our goal is not to implement a standardized concept, but to identify and strengthen the forms and approaches that best fit your specific needs and context.<\/p>\n<p data-start=\"605\" data-end=\"811\"><a href=\"https:\/\/www.komunariko.at\/en\/topics\/leadership\/leading-in-an-agile-environment\/\">Here<\/a>, you will learn what <a href=\"https:\/\/www.komunariko.at\/en\/topics\/leadership\/leading-in-an-agile-environment\/\">agile leadership<\/a> truly means and which challenges may arise when an organization finds itself caught between growing complexity and new demands for adaptability and innovation.<\/p>\n<\/div><\/section><\/div><div  class='flex_column av-av_one_half-538dd737667e19053994a94b9156413b av_one_half  avia-builder-el-5  el_after_av_one_half  el_before_av_section  avia-builder-el-last  flex_column_div  column-top-margin'     ><style type=\"text\/css\" data-created_by=\"avia_inline_auto\" id=\"style-css-av-mcxntq52-68f506fde95f8e1fe899f9acd6d70b3b\">\n.avia-image-container.av-mcxntq52-68f506fde95f8e1fe899f9acd6d70b3b img.avia_image{\nbox-shadow:none;\n}\n.avia-image-container.av-mcxntq52-68f506fde95f8e1fe899f9acd6d70b3b .av-image-caption-overlay-center{\ncolor:#ffffff;\n}\n<\/style>\n<div  class='avia-image-container av-mcxntq52-68f506fde95f8e1fe899f9acd6d70b3b av-styling- avia-align-center  avia-builder-el-6  avia-builder-el-no-sibling '   itemprop=\"image\" itemscope=\"itemscope\" itemtype=\"https:\/\/schema.org\/ImageObject\" ><div class=\"avia-image-container-inner\"><div class=\"avia-image-overlay-wrap\"><img decoding=\"async\" fetchpriority=\"high\" class='wp-image-6511 avia-img-lazy-loading-not-6511 avia_image ' src=\"https:\/\/www.komunariko.at\/wp-content\/uploads\/2021\/01\/change-1.jpg\" alt='' title='change'  height=\"600\" width=\"900\"  itemprop=\"thumbnailUrl\" srcset=\"https:\/\/www.komunariko.at\/wp-content\/uploads\/2021\/01\/change-1.jpg 900w, https:\/\/www.komunariko.at\/wp-content\/uploads\/2021\/01\/change-1-300x200.jpg 300w, https:\/\/www.komunariko.at\/wp-content\/uploads\/2021\/01\/change-1-768x512.jpg 768w, https:\/\/www.komunariko.at\/wp-content\/uploads\/2021\/01\/change-1-705x470.jpg 705w\" sizes=\"(max-width: 900px) 100vw, 900px\" \/><\/div><\/div><\/div><\/div><\/div><\/div><\/div><!-- close content main div --><\/div><\/div>\n<style type=\"text\/css\" data-created_by=\"avia_inline_auto\" id=\"style-css-av-mcxq846m-f7e91f6983408b3e7310effb1d2ac9dd\">\n.avia-section.av-mcxq846m-f7e91f6983408b3e7310effb1d2ac9dd{\nbackground-color:#f5f5f5;\nbackground-image:unset;\n}\n<\/style>\n<div id='av_section_2'  class='avia-section av-mcxq846m-f7e91f6983408b3e7310effb1d2ac9dd main_color avia-section-default avia-no-border-styling  avia-builder-el-7  el_after_av_one_half  el_before_av_one_half  avia-bg-style-scroll container_wrap sidebar_right'  ><div class='container av-section-cont-open' ><div class='template-page content  av-content-small alpha units'><div class='post-entry post-entry-type-page post-entry-7176'><div class='entry-content-wrapper clearfix'>\n<div  class='flex_column av-av_one_half-a2cef933b0a555f25d1e39b22a8e9dae av_one_half  avia-builder-el-8  el_before_av_one_half  avia-builder-el-first  first flex_column_div  '     ><section  class='av_textblock_section av-mcxq3prq-c69d261dae03efa07a1b01271a17e004 '   itemscope=\"itemscope\" itemtype=\"https:\/\/schema.org\/CreativeWork\" ><div class='avia_textblock'  itemprop=\"text\" ><h3>So what does this look like in practice?<\/h3>\n<p>When we support you in strengthening leadership within an agile environment, it goes without saying that our approach with you also follows the principles of agile work:<\/p>\n<ul>\n<li>Establishing a shared understanding, purpose, and intent <em data-start=\"372\" data-end=\"383\">(Purpose)<\/em><\/li>\n<li>Developing solutions together and taking joint responsibility for outcomes <em data-start=\"471\" data-end=\"486\">(Co-Creation)<\/em><\/li>\n<li>Implementing practical steps early and reflecting on them together to learn by doing <em data-start=\"589\" data-end=\"615\">(Prototyping, Iteration)<\/em><\/li>\n<li>Fostering progress through intrinsic motivation rather than external pressure <em data-start=\"706\" data-end=\"768\">(Pull instead of push \u2013 creating motivation for the next step)<\/em><\/li>\n<\/ul>\n<p data-start=\"770\" data-end=\"1014\">In agile environments, leadership responsibilities are delegated to different roles and distributed functionally and situationally among colleagues. When designing the training program, we therefore involve the broader leadership community. That\u2019s why we begin by exploring your specific context, leadership culture, and the leadership impact you aim to achieve. Because the more self-organization and agility are practiced, the more every employee also becomes a leader in their own right.<\/p>\n<\/div><\/section><\/div><div  class='flex_column av-av_one_half-538dd737667e19053994a94b9156413b av_one_half  avia-builder-el-10  el_after_av_one_half  avia-builder-el-last  flex_column_div  '     ><section  class='av_textblock_section av-mcxp9egu-c257f392c28f1c94168dbd29262c7c8a '   itemscope=\"itemscope\" itemtype=\"https:\/\/schema.org\/CreativeWork\" ><div class='avia_textblock'  itemprop=\"text\" ><h3>Structure of a leadership training<\/h3>\n<p data-start=\"127\" data-end=\"391\">Accordingly, a \u201cleadership training\u201d can take many different shapes and forms. Our training is designed based on agile principles and focuses on three core dimensions: mindset, methods and tools, and the organizational framework for leadership.<\/p>\n<p data-start=\"127\" data-end=\"391\">Some \u201cevergreens\u201d frequently appear in our programs, as they form the backbone of effective leadership in agile environments:<\/p>\n<ul>\n<li data-start=\"522\" data-end=\"579\">Understanding agile principles, methods, and frameworks<\/li>\n<li data-start=\"522\" data-end=\"579\">A systemic understanding of self-organization<\/li>\n<li data-start=\"522\" data-end=\"579\">Facilitation and visualization<\/li>\n<li data-start=\"522\" data-end=\"579\">Effective meeting form and models for inclusive decision-making<\/li>\n<li data-start=\"522\" data-end=\"579\">Conflict resolution methods (e.g., Nonviolent Communication \u2013 NVC)<\/li>\n<li data-start=\"522\" data-end=\"579\">Practices for self-organization and team coordination<\/li>\n<li data-start=\"522\" data-end=\"579\">Discovering and strengthening purpose, and filling it with life<\/li>\n<li data-start=\"522\" data-end=\"579\">Self-leadership and personal management<\/li>\n<li data-start=\"522\" data-end=\"579\">A toolbox of agile instruments and practices<\/li>\n<\/ul>\n<\/div><\/section><\/div><\/div><\/div><\/div><!-- close content main div --><\/div><\/div><div id='after_section_2'  class='main_color av_default_container_wrap container_wrap sidebar_right'  ><div class='container av-section-cont-open' ><div class='template-page content  av-content-small alpha units'><div class='post-entry post-entry-type-page post-entry-7176'><div class='entry-content-wrapper clearfix'><div  class='flex_column av-av_one_half-a2cef933b0a555f25d1e39b22a8e9dae av_one_half  avia-builder-el-12  el_after_av_section  el_before_av_one_half  avia-builder-el-first  first flex_column_div  '     ><p><section  class='av_textblock_section av-mcxpgp8x-8575667133e47b7e6ffc4ead1352ff87 '   itemscope=\"itemscope\" itemtype=\"https:\/\/schema.org\/CreativeWork\" ><div class='avia_textblock'  itemprop=\"text\" ><p>Our leadership trainings emphasize hands-on practice, continuous application, and regular collective reflection. This enables participants to align their understanding of leadership roles, their individual capabilities, and the collaborative structure within teams.<\/p>\n<h3>Your Benefits<\/h3>\n<p data-start=\"438\" data-end=\"646\">We support you in applying agile principles and methods in daily practice \u2013 or in anchoring them more deeply where they already exist. As experienced professionals in training and consulting, we offer both tools to strengthen individual competencies, as well as a\u00a0systemic perspective on your organizational context. Only the combination of both leads to lasting success in an agile environment.<\/p>\n<\/div><\/section><br \/>\n<div  class='avia-button-wrap av-mcxqzz5i-794e9cea30f94d06cf42c116a68674bf-wrap avia-button-left  avia-builder-el-14  el_after_av_textblock  avia-builder-el-last '><a href='https:\/\/www.komunariko.at\/en\/contact-us\/'  class='avia-button av-mcxqzz5i-794e9cea30f94d06cf42c116a68674bf av-link-btn avia-icon_select-yes-left-icon avia-size-large avia-position-left avia-color-theme-color'  target=\"_blank\"  rel=\"noopener noreferrer\"  aria-label=\"Arrange a non-binding initial consultation\"><span class='avia_button_icon avia_button_icon_left avia-svg-icon avia-font-svg_entypo-fontello' data-av_svg_icon='right-open' data-av_iconset='svg_entypo-fontello'><svg version=\"1.1\" xmlns=\"http:\/\/www.w3.org\/2000\/svg\" width=\"11\" height=\"32\" viewBox=\"0 0 11 32\" preserveAspectRatio=\"xMidYMid meet\" aria-labelledby='av-svg-title-1' aria-describedby='av-svg-desc-1' role=\"graphics-symbol\">\n<title id='av-svg-title-1'>Right-open<\/title>\n<desc id='av-svg-desc-1'>Right-open<\/desc>\n<path d=\"M3.136 7.168l7.232 7.552q0.512 0.512 0.512 1.28 0 0.704-0.512 1.216l-7.232 7.552q-0.512 0.512-1.28 0.512t-1.28-0.512q-1.152-1.152 0-2.56l5.952-6.208-5.952-6.272q-1.152-1.408 0-2.56 0.512-0.512 1.312-0.512t1.248 0.512z\"><\/path>\n<\/svg><\/span><span class='avia_iconbox_title' >Arrange a non-binding initial consultation<\/span><\/a><\/div><\/p><\/div><div  class='flex_column av-av_one_half-538dd737667e19053994a94b9156413b av_one_half  avia-builder-el-15  el_after_av_one_half  avia-builder-el-last  flex_column_div  '     ><p>\n<style type=\"text\/css\" data-created_by=\"avia_inline_auto\" id=\"style-css-av-mcxphva3-2fd53527a900419060de1ca120b75f09\">\n.avia-image-container.av-mcxphva3-2fd53527a900419060de1ca120b75f09 img.avia_image{\nbox-shadow:none;\n}\n.avia-image-container.av-mcxphva3-2fd53527a900419060de1ca120b75f09 .av-image-caption-overlay-center{\ncolor:#ffffff;\n}\n<\/style>\n<div  class='avia-image-container av-mcxphva3-2fd53527a900419060de1ca120b75f09 av-styling- avia-align-center  avia-builder-el-16  el_before_av_textblock  avia-builder-el-first '   itemprop=\"image\" itemscope=\"itemscope\" itemtype=\"https:\/\/schema.org\/ImageObject\" ><div class=\"avia-image-container-inner\"><div class=\"avia-image-overlay-wrap\"><img decoding=\"async\" fetchpriority=\"high\" class='wp-image-6707 avia-img-lazy-loading-not-6707 avia_image ' src=\"https:\/\/www.komunariko.at\/wp-content\/uploads\/2024\/07\/Komunariko_2024-3548-1-1030x687.jpg\" alt='The komunariko Team f.l.t.r. Judith K\u00f6lblinger, MSc., Herbert Reindl, MSc., Mag. Christoph Burmann, Michael Siller, MSc., Mag.a (FH) Silvia Faulhammer, MSc., Dr. Michael Nake, Mag. Guido Czeija, Mag. Doris Sch\u00e4fer, Dr. Dorothea M. Hartmann' title='Komunariko'  height=\"687\" width=\"1030\"  itemprop=\"thumbnailUrl\" srcset=\"https:\/\/www.komunariko.at\/wp-content\/uploads\/2024\/07\/Komunariko_2024-3548-1-1030x687.jpg 1030w, https:\/\/www.komunariko.at\/wp-content\/uploads\/2024\/07\/Komunariko_2024-3548-1-300x200.jpg 300w, https:\/\/www.komunariko.at\/wp-content\/uploads\/2024\/07\/Komunariko_2024-3548-1-768x512.jpg 768w, https:\/\/www.komunariko.at\/wp-content\/uploads\/2024\/07\/Komunariko_2024-3548-1-1536x1024.jpg 1536w, https:\/\/www.komunariko.at\/wp-content\/uploads\/2024\/07\/Komunariko_2024-3548-1-2048x1365.jpg 2048w, https:\/\/www.komunariko.at\/wp-content\/uploads\/2024\/07\/Komunariko_2024-3548-1-1500x1000.jpg 1500w, https:\/\/www.komunariko.at\/wp-content\/uploads\/2024\/07\/Komunariko_2024-3548-1-705x470.jpg 705w\" sizes=\"(max-width: 1030px) 100vw, 1030px\" \/><\/div><\/div><\/div><br \/>\n<section  class='av_textblock_section av-mcxqql86-fb6463ac6d429fc50489b8156ef68a82 '   itemscope=\"itemscope\" itemtype=\"https:\/\/schema.org\/CreativeWork\" ><div class='avia_textblock'  itemprop=\"text\" ><p>The komunariko Team f.l.t.r. Judith K\u00f6lblinger, MSc. | Herbert Reindl, MSc. | Mag. Christoph Burmann | Michael Siller, MSc. | Mag.a (FH) Silvia Faulhammer, MSc. | Dr. Michael Nake | Mag. Guido Czeija | Mag. Doris Sch\u00e4fer | Dr. Dorothea M. Hartmann<\/p>\n<\/div><\/section><\/p><\/div><\/p>\n","protected":false},"excerpt":{"rendered":"","protected":false},"author":14,"featured_media":0,"parent":6819,"menu_order":0,"comment_status":"closed","ping_status":"closed","template":"","meta":{"footnotes":""},"class_list":["post-7176","page","type-page","status-publish","hentry"],"yoast_head":"<!-- This site is optimized with the Yoast SEO plugin v24.7 - https:\/\/yoast.com\/wordpress\/plugins\/seo\/ -->\n<title>Leading in an Agile Environment - komunariko - Beratung. Training. Coaching.<\/title>\n<meta name=\"robots\" content=\"index, follow, max-snippet:-1, max-image-preview:large, max-video-preview:-1\" \/>\n<link rel=\"canonical\" href=\"https:\/\/www.komunariko.at\/en\/services\/for-leaders\/leading-in-an-agile-environment\/\" \/>\n<meta property=\"og:locale\" content=\"en_US\" \/>\n<meta property=\"og:type\" content=\"article\" \/>\n<meta property=\"og:title\" content=\"Leading in an Agile Environment - komunariko - Beratung. Training. Coaching.\" \/>\n<meta property=\"og:url\" content=\"https:\/\/www.komunariko.at\/en\/services\/for-leaders\/leading-in-an-agile-environment\/\" \/>\n<meta property=\"og:site_name\" content=\"komunariko - Beratung. Training. Coaching.\" \/>\n<meta property=\"article:modified_time\" content=\"2025-07-10T18:59:17+00:00\" \/>\n<meta name=\"twitter:card\" content=\"summary_large_image\" \/>\n<meta name=\"twitter:label1\" content=\"Est. reading time\" \/>\n\t<meta name=\"twitter:data1\" content=\"4 minutes\" \/>\n<script type=\"application\/ld+json\" class=\"yoast-schema-graph\">{\"@context\":\"https:\/\/schema.org\",\"@graph\":[{\"@type\":\"WebPage\",\"@id\":\"https:\/\/www.komunariko.at\/en\/services\/for-leaders\/leading-in-an-agile-environment\/\",\"url\":\"https:\/\/www.komunariko.at\/en\/services\/for-leaders\/leading-in-an-agile-environment\/\",\"name\":\"Leading in an Agile Environment - komunariko - Beratung. Training. Coaching.\",\"isPartOf\":{\"@id\":\"https:\/\/www.komunariko.at\/en\/#website\"},\"datePublished\":\"2021-01-13T08:40:37+00:00\",\"dateModified\":\"2025-07-10T18:59:17+00:00\",\"breadcrumb\":{\"@id\":\"https:\/\/www.komunariko.at\/en\/services\/for-leaders\/leading-in-an-agile-environment\/#breadcrumb\"},\"inLanguage\":\"en-US\",\"potentialAction\":[{\"@type\":\"ReadAction\",\"target\":[\"https:\/\/www.komunariko.at\/en\/services\/for-leaders\/leading-in-an-agile-environment\/\"]}]},{\"@type\":\"BreadcrumbList\",\"@id\":\"https:\/\/www.komunariko.at\/en\/services\/for-leaders\/leading-in-an-agile-environment\/#breadcrumb\",\"itemListElement\":[{\"@type\":\"ListItem\",\"position\":1,\"name\":\"Home\",\"item\":\"https:\/\/www.komunariko.at\/en\/\"},{\"@type\":\"ListItem\",\"position\":2,\"name\":\"Services\",\"item\":\"https:\/\/www.komunariko.at\/en\/services\/\"},{\"@type\":\"ListItem\",\"position\":3,\"name\":\"For Leaders\",\"item\":\"https:\/\/www.komunariko.at\/en\/services\/for-leaders\/\"},{\"@type\":\"ListItem\",\"position\":4,\"name\":\"Leading in an Agile Environment\"}]},{\"@type\":\"WebSite\",\"@id\":\"https:\/\/www.komunariko.at\/en\/#website\",\"url\":\"https:\/\/www.komunariko.at\/en\/\",\"name\":\"komunariko - Beratung. Training. Coaching.\",\"description\":\"Ma\u00dfgeschneiderte L\u00f6sungen f\u00fcr Organisationsentwicklung,  F\u00fchrungs- und Kommunkationskompetenz. Wir begleiten Menschen, Unternehmen und Organisationen in Zeiten der Entwicklung und des Wandels \u2013 und das seit 35 Jahren, mit Sitz in Salzburg.\",\"potentialAction\":[{\"@type\":\"SearchAction\",\"target\":{\"@type\":\"EntryPoint\",\"urlTemplate\":\"https:\/\/www.komunariko.at\/en\/?s={search_term_string}\"},\"query-input\":{\"@type\":\"PropertyValueSpecification\",\"valueRequired\":true,\"valueName\":\"search_term_string\"}}],\"inLanguage\":\"en-US\"}]}<\/script>\n<!-- \/ Yoast SEO plugin. -->","yoast_head_json":{"title":"Leading in an Agile Environment - komunariko - Beratung. Training. Coaching.","robots":{"index":"index","follow":"follow","max-snippet":"max-snippet:-1","max-image-preview":"max-image-preview:large","max-video-preview":"max-video-preview:-1"},"canonical":"https:\/\/www.komunariko.at\/en\/services\/for-leaders\/leading-in-an-agile-environment\/","og_locale":"en_US","og_type":"article","og_title":"Leading in an Agile Environment - komunariko - Beratung. Training. Coaching.","og_url":"https:\/\/www.komunariko.at\/en\/services\/for-leaders\/leading-in-an-agile-environment\/","og_site_name":"komunariko - Beratung. Training. Coaching.","article_modified_time":"2025-07-10T18:59:17+00:00","twitter_card":"summary_large_image","twitter_misc":{"Est. reading time":"4 minutes"},"schema":{"@context":"https:\/\/schema.org","@graph":[{"@type":"WebPage","@id":"https:\/\/www.komunariko.at\/en\/services\/for-leaders\/leading-in-an-agile-environment\/","url":"https:\/\/www.komunariko.at\/en\/services\/for-leaders\/leading-in-an-agile-environment\/","name":"Leading in an Agile Environment - komunariko - Beratung. Training. Coaching.","isPartOf":{"@id":"https:\/\/www.komunariko.at\/en\/#website"},"datePublished":"2021-01-13T08:40:37+00:00","dateModified":"2025-07-10T18:59:17+00:00","breadcrumb":{"@id":"https:\/\/www.komunariko.at\/en\/services\/for-leaders\/leading-in-an-agile-environment\/#breadcrumb"},"inLanguage":"en-US","potentialAction":[{"@type":"ReadAction","target":["https:\/\/www.komunariko.at\/en\/services\/for-leaders\/leading-in-an-agile-environment\/"]}]},{"@type":"BreadcrumbList","@id":"https:\/\/www.komunariko.at\/en\/services\/for-leaders\/leading-in-an-agile-environment\/#breadcrumb","itemListElement":[{"@type":"ListItem","position":1,"name":"Home","item":"https:\/\/www.komunariko.at\/en\/"},{"@type":"ListItem","position":2,"name":"Services","item":"https:\/\/www.komunariko.at\/en\/services\/"},{"@type":"ListItem","position":3,"name":"For Leaders","item":"https:\/\/www.komunariko.at\/en\/services\/for-leaders\/"},{"@type":"ListItem","position":4,"name":"Leading in an Agile Environment"}]},{"@type":"WebSite","@id":"https:\/\/www.komunariko.at\/en\/#website","url":"https:\/\/www.komunariko.at\/en\/","name":"komunariko - Beratung. Training. Coaching.","description":"Ma\u00dfgeschneiderte L\u00f6sungen f\u00fcr Organisationsentwicklung,  F\u00fchrungs- und Kommunkationskompetenz. Wir begleiten Menschen, Unternehmen und Organisationen in Zeiten der Entwicklung und des Wandels \u2013 und das seit 35 Jahren, mit Sitz in Salzburg.","potentialAction":[{"@type":"SearchAction","target":{"@type":"EntryPoint","urlTemplate":"https:\/\/www.komunariko.at\/en\/?s={search_term_string}"},"query-input":{"@type":"PropertyValueSpecification","valueRequired":true,"valueName":"search_term_string"}}],"inLanguage":"en-US"}]}},"_links":{"self":[{"href":"https:\/\/www.komunariko.at\/en\/wp-json\/wp\/v2\/pages\/7176","targetHints":{"allow":["GET"]}}],"collection":[{"href":"https:\/\/www.komunariko.at\/en\/wp-json\/wp\/v2\/pages"}],"about":[{"href":"https:\/\/www.komunariko.at\/en\/wp-json\/wp\/v2\/types\/page"}],"author":[{"embeddable":true,"href":"https:\/\/www.komunariko.at\/en\/wp-json\/wp\/v2\/users\/14"}],"replies":[{"embeddable":true,"href":"https:\/\/www.komunariko.at\/en\/wp-json\/wp\/v2\/comments?post=7176"}],"version-history":[{"count":11,"href":"https:\/\/www.komunariko.at\/en\/wp-json\/wp\/v2\/pages\/7176\/revisions"}],"predecessor-version":[{"id":7208,"href":"https:\/\/www.komunariko.at\/en\/wp-json\/wp\/v2\/pages\/7176\/revisions\/7208"}],"up":[{"embeddable":true,"href":"https:\/\/www.komunariko.at\/en\/wp-json\/wp\/v2\/pages\/6819"}],"wp:attachment":[{"href":"https:\/\/www.komunariko.at\/en\/wp-json\/wp\/v2\/media?parent=7176"}],"curies":[{"name":"wp","href":"https:\/\/api.w.org\/{rel}","templated":true}]}}