{"id":7181,"date":"2020-07-07T09:52:19","date_gmt":"2020-07-07T07:52:19","guid":{"rendered":"https:\/\/www.komunariko.at\/imprint\/"},"modified":"2026-04-23T15:46:07","modified_gmt":"2026-04-23T13:46:07","slug":"imprint","status":"publish","type":"page","link":"https:\/\/www.komunariko.at\/en\/imprint\/","title":{"rendered":"Imprint"},"content":{"rendered":"<section  class='av_textblock_section av-mcxo8aty-200fe18b2b151e6490d64faef0b63890 '   itemscope=\"itemscope\" itemtype=\"https:\/\/schema.org\/CreativeWork\" ><div class='avia_textblock'  itemprop=\"text\" ><h5>Imprint<\/h5>\n<p>komunariko KG<\/p>\n<p><strong>Shareholding structure:<\/strong> Dr. Michael Nake (1\/4), Guido Czeija (1\/4), Herbert Reindl (1\/4), Mag. Christoph Burmann (1\/4)<\/p>\n<p><strong>UID number: <\/strong>ATU 39353604<br \/>\n<strong>Company register number:<\/strong> FN 28560 a<br \/>\n<strong>Trade name:<\/strong><br \/>\nOrganization consultancy including business organization pursuant to \u00a7 94 Z. 74 GewO 1994<br \/>\n<strong>Commercial Register Court: <\/strong>Jurisdiction Salzburg<br \/>\n<strong>Authority according to ECG (E-Commerce Act): <\/strong>District authority Salzburg-Umgebung<br \/>\n<strong>Memberships with the Chamber of Commerce organization:<\/strong> Management consulting, accounting and information technology<\/p>\n<p><strong>Address: <\/strong>Bayerhamerstra\u00dfe 18, 5020 Salzburg<br \/>\n<strong>Phone:<\/strong> Guido Czeija +43 676 4463387<br \/>\n<strong>E-mail:<\/strong> office@komunariko.at<\/p>\n<p>Dispute resolution<\/p>\n<p>The European Commission provides a platform for online dispute resolution (OS): <a href=\"https:\/\/ec.europa.eu\/consumers\/odr\" target=\"_blank\" rel=\"noreferrer noopener\">https:\/\/ec.europa.eu\/consumers\/odr.<\/a><br \/>\nYou can find our email address above in the legal notice.<br \/>\nWe are not willing or obliged to participate in dispute resolution proceedings before a consumer arbitration board.<\/p>\n<p>Liability for content<\/p>\n<p>As a service provider, we are responsible for our own content on these pages in accordance with general legislation. However, we are not obliged to monitor transmitted or stored third-party information or to investigate circumstances that indicate illegal activity.<br \/>\nObligations to remove or block the use of information in accordance with general laws remain unaffected by this. However, liability in this respect is only possible from the time of knowledge of a specific infringement. As soon as we become aware of such infringements, we will remove this content immediately.<\/p>\n<p>Liability for links<\/p>\n<p>Our website contains links to external third-party websites over whose content we have no influence.<br \/>\nWe can therefore accept no liability for this third-party content. The respective provider or operator of the pages is always responsible for the content of the linked pages. The linked pages were checked for possible legal violations at the time of linking. Illegal content was not recognizable at the time of linking. However, permanent monitoring of the content of the linked pages is not reasonable without concrete evidence of an infringement. If we become aware of any legal infringements, we will remove such links immediately.<\/p>\n<p>Note on the Use of Artificial Intelligence (AI)<\/p>\n<p>In accordance with Regulation (EU) 2024\/1689 (AI Regulation), content on this website, including text and images, may have been created or assisted, in whole or in part, using AI systems. AI-generated images are used solely for illustrative purposes. All content is subject to editorial review prior to publication. Responsibility for the content and its legality lies with the operator.<\/p>\n<p>Copyright<\/p>\n<p>The content and works created by the site operators on these pages are subject to German copyright law. Duplication, processing, distribution and any form of commercialization of such material beyond the scope of the copyright law shall require the prior written consent of its respective author or creator. Downloads and copies of this site are only permitted for private, non-commercial use. Insofar as the content on this site was not created by the operator, the copyrights of third parties are respected. In particular, third-party content is identified as such. Should you nevertheless become aware of a copyright infringement, please inform us accordingly. If we become aware of any infringements, we will remove such content immediately.<\/p>\n<p>Concept and design: <a href=\"https:\/\/www.feuerherdt.at\/\" target=\"_blank\" rel=\"noreferrer noopener\">FEUERHERDT Marketing &#8211; Ursula Feuerherdt<\/a><br \/>\nTechnical implementation: <a href=\"https:\/\/www.pixellovers.at\" target=\"_blank\" rel=\"noreferrer noopener\">Alex Stadler advertising agency pixellovers.at<\/a><\/p>\n<\/div><\/section>\n","protected":false},"excerpt":{"rendered":"","protected":false},"author":1,"featured_media":0,"parent":0,"menu_order":0,"comment_status":"closed","ping_status":"closed","template":"","meta":{"footnotes":""},"class_list":["post-7181","page","type-page","status-publish","hentry"],"yoast_head":"<!-- This site is optimized with the Yoast SEO plugin v24.7 - https:\/\/yoast.com\/wordpress\/plugins\/seo\/ -->\n<title>Imprint - komunariko - Beratung. Training. Coaching.<\/title>\n<meta name=\"robots\" content=\"index, follow, max-snippet:-1, max-image-preview:large, max-video-preview:-1\" \/>\n<link rel=\"canonical\" href=\"https:\/\/www.komunariko.at\/en\/imprint\/\" \/>\n<meta property=\"og:locale\" content=\"en_US\" \/>\n<meta property=\"og:type\" content=\"article\" \/>\n<meta property=\"og:title\" content=\"Imprint - komunariko - Beratung. Training. Coaching.\" \/>\n<meta property=\"og:url\" content=\"https:\/\/www.komunariko.at\/en\/imprint\/\" \/>\n<meta property=\"og:site_name\" content=\"komunariko - Beratung. Training. Coaching.\" \/>\n<meta property=\"article:modified_time\" content=\"2026-04-23T13:46:07+00:00\" \/>\n<meta name=\"twitter:card\" content=\"summary_large_image\" \/>\n<meta name=\"twitter:label1\" content=\"Est. reading time\" \/>\n\t<meta name=\"twitter:data1\" content=\"3 minutes\" \/>\n<script type=\"application\/ld+json\" class=\"yoast-schema-graph\">{\"@context\":\"https:\/\/schema.org\",\"@graph\":[{\"@type\":\"WebPage\",\"@id\":\"https:\/\/www.komunariko.at\/en\/imprint\/\",\"url\":\"https:\/\/www.komunariko.at\/en\/imprint\/\",\"name\":\"Imprint - komunariko - Beratung. Training. Coaching.\",\"isPartOf\":{\"@id\":\"https:\/\/www.komunariko.at\/en\/#website\"},\"datePublished\":\"2020-07-07T07:52:19+00:00\",\"dateModified\":\"2026-04-23T13:46:07+00:00\",\"breadcrumb\":{\"@id\":\"https:\/\/www.komunariko.at\/en\/imprint\/#breadcrumb\"},\"inLanguage\":\"en-US\",\"potentialAction\":[{\"@type\":\"ReadAction\",\"target\":[\"https:\/\/www.komunariko.at\/en\/imprint\/\"]}]},{\"@type\":\"BreadcrumbList\",\"@id\":\"https:\/\/www.komunariko.at\/en\/imprint\/#breadcrumb\",\"itemListElement\":[{\"@type\":\"ListItem\",\"position\":1,\"name\":\"Home\",\"item\":\"https:\/\/www.komunariko.at\/en\/\"},{\"@type\":\"ListItem\",\"position\":2,\"name\":\"Imprint\"}]},{\"@type\":\"WebSite\",\"@id\":\"https:\/\/www.komunariko.at\/en\/#website\",\"url\":\"https:\/\/www.komunariko.at\/en\/\",\"name\":\"komunariko - Beratung. Training. Coaching.\",\"description\":\"Ma\u00dfgeschneiderte L\u00f6sungen f\u00fcr Organisationsentwicklung,  F\u00fchrungs- und Kommunkationskompetenz. Wir begleiten Menschen, Unternehmen und Organisationen in Zeiten der Entwicklung und des Wandels \u2013 und das seit 35 Jahren, mit Sitz in Salzburg.\",\"potentialAction\":[{\"@type\":\"SearchAction\",\"target\":{\"@type\":\"EntryPoint\",\"urlTemplate\":\"https:\/\/www.komunariko.at\/en\/?s={search_term_string}\"},\"query-input\":{\"@type\":\"PropertyValueSpecification\",\"valueRequired\":true,\"valueName\":\"search_term_string\"}}],\"inLanguage\":\"en-US\"}]}<\/script>\n<!-- \/ Yoast SEO plugin. -->","yoast_head_json":{"title":"Imprint - komunariko - Beratung. Training. Coaching.","robots":{"index":"index","follow":"follow","max-snippet":"max-snippet:-1","max-image-preview":"max-image-preview:large","max-video-preview":"max-video-preview:-1"},"canonical":"https:\/\/www.komunariko.at\/en\/imprint\/","og_locale":"en_US","og_type":"article","og_title":"Imprint - komunariko - Beratung. Training. Coaching.","og_url":"https:\/\/www.komunariko.at\/en\/imprint\/","og_site_name":"komunariko - Beratung. Training. Coaching.","article_modified_time":"2026-04-23T13:46:07+00:00","twitter_card":"summary_large_image","twitter_misc":{"Est. reading time":"3 minutes"},"schema":{"@context":"https:\/\/schema.org","@graph":[{"@type":"WebPage","@id":"https:\/\/www.komunariko.at\/en\/imprint\/","url":"https:\/\/www.komunariko.at\/en\/imprint\/","name":"Imprint - komunariko - Beratung. Training. Coaching.","isPartOf":{"@id":"https:\/\/www.komunariko.at\/en\/#website"},"datePublished":"2020-07-07T07:52:19+00:00","dateModified":"2026-04-23T13:46:07+00:00","breadcrumb":{"@id":"https:\/\/www.komunariko.at\/en\/imprint\/#breadcrumb"},"inLanguage":"en-US","potentialAction":[{"@type":"ReadAction","target":["https:\/\/www.komunariko.at\/en\/imprint\/"]}]},{"@type":"BreadcrumbList","@id":"https:\/\/www.komunariko.at\/en\/imprint\/#breadcrumb","itemListElement":[{"@type":"ListItem","position":1,"name":"Home","item":"https:\/\/www.komunariko.at\/en\/"},{"@type":"ListItem","position":2,"name":"Imprint"}]},{"@type":"WebSite","@id":"https:\/\/www.komunariko.at\/en\/#website","url":"https:\/\/www.komunariko.at\/en\/","name":"komunariko - Beratung. Training. Coaching.","description":"Ma\u00dfgeschneiderte L\u00f6sungen f\u00fcr Organisationsentwicklung,  F\u00fchrungs- und Kommunkationskompetenz. Wir begleiten Menschen, Unternehmen und Organisationen in Zeiten der Entwicklung und des Wandels \u2013 und das seit 35 Jahren, mit Sitz in Salzburg.","potentialAction":[{"@type":"SearchAction","target":{"@type":"EntryPoint","urlTemplate":"https:\/\/www.komunariko.at\/en\/?s={search_term_string}"},"query-input":{"@type":"PropertyValueSpecification","valueRequired":true,"valueName":"search_term_string"}}],"inLanguage":"en-US"}]}},"_links":{"self":[{"href":"https:\/\/www.komunariko.at\/en\/wp-json\/wp\/v2\/pages\/7181","targetHints":{"allow":["GET"]}}],"collection":[{"href":"https:\/\/www.komunariko.at\/en\/wp-json\/wp\/v2\/pages"}],"about":[{"href":"https:\/\/www.komunariko.at\/en\/wp-json\/wp\/v2\/types\/page"}],"author":[{"embeddable":true,"href":"https:\/\/www.komunariko.at\/en\/wp-json\/wp\/v2\/users\/1"}],"replies":[{"embeddable":true,"href":"https:\/\/www.komunariko.at\/en\/wp-json\/wp\/v2\/comments?post=7181"}],"version-history":[{"count":3,"href":"https:\/\/www.komunariko.at\/en\/wp-json\/wp\/v2\/pages\/7181\/revisions"}],"predecessor-version":[{"id":7605,"href":"https:\/\/www.komunariko.at\/en\/wp-json\/wp\/v2\/pages\/7181\/revisions\/7605"}],"wp:attachment":[{"href":"https:\/\/www.komunariko.at\/en\/wp-json\/wp\/v2\/media?parent=7181"}],"curies":[{"name":"wp","href":"https:\/\/api.w.org\/{rel}","templated":true}]}}