{"id":7330,"date":"2022-11-17T22:58:00","date_gmt":"2022-11-17T21:58:00","guid":{"rendered":"https:\/\/www.komunariko.at\/about-us\/team\/silvia-faulhammer\/"},"modified":"2022-11-17T22:58:00","modified_gmt":"2022-11-17T21:58:00","slug":"silvia-faulhammer","status":"publish","type":"page","link":"https:\/\/www.komunariko.at\/en\/about-us\/team\/silvia-faulhammer\/","title":{"rendered":"Silvia Faulhammer"},"content":{"rendered":"\n<style type=\"text\/css\" data-created_by=\"avia_inline_auto\" id=\"style-css-av-lahbv0dl-57c0b67596b926d7cf5d8448d6bda2f3\">\n#top .av-special-heading.av-lahbv0dl-57c0b67596b926d7cf5d8448d6bda2f3{\npadding-bottom:10px;\n}\nbody .av-special-heading.av-lahbv0dl-57c0b67596b926d7cf5d8448d6bda2f3 .av-special-heading-tag .heading-char{\nfont-size:25px;\n}\n.av-special-heading.av-lahbv0dl-57c0b67596b926d7cf5d8448d6bda2f3 .av-subheading{\nfont-size:15px;\n}\n<\/style>\n<div  class='av-special-heading av-lahbv0dl-57c0b67596b926d7cf5d8448d6bda2f3 av-special-heading-h1  avia-builder-el-0  el_before_av_one_third  avia-builder-el-first  av-desktop-hide av-medium-hide av-small-hide'><h1 class='av-special-heading-tag '  itemprop=\"headline\"  >Mag.a (FH) Silvia Faulhammer, MSc.<\/h1><div class=\"special-heading-border\"><div class=\"special-heading-inner-border\"><\/div><\/div><\/div>\n\n<style type=\"text\/css\" data-created_by=\"avia_inline_auto\" id=\"style-css-av-ehri86-2ea7b96f6338923d912da3d108df5fd4\">\n.flex_column.av-ehri86-2ea7b96f6338923d912da3d108df5fd4{\nborder-radius:0px 0px 0px 0px;\npadding:0px 0px 0px 0px;\n}\n<\/style>\n<div  class='flex_column av-ehri86-2ea7b96f6338923d912da3d108df5fd4 av_one_third  avia-builder-el-1  el_after_av_heading  el_before_av_two_third  first flex_column_div av-zero-column-padding  '     ><p>\n<style type=\"text\/css\" data-created_by=\"avia_inline_auto\" id=\"style-css-av-kjv8jqpy-fdc87e0f29f5e7f14d12997d82b8e67f\">\n.avia-image-container.av-kjv8jqpy-fdc87e0f29f5e7f14d12997d82b8e67f img.avia_image{\nbox-shadow:none;\n}\n.avia-image-container.av-kjv8jqpy-fdc87e0f29f5e7f14d12997d82b8e67f .av-image-caption-overlay-center{\ncolor:#ffffff;\n}\n<\/style>\n<div  class='avia-image-container av-kjv8jqpy-fdc87e0f29f5e7f14d12997d82b8e67f av-styling- avia-align-left  avia-builder-el-2  el_before_av_textblock  avia-builder-el-first '   itemprop=\"image\" itemscope=\"itemscope\" itemtype=\"https:\/\/schema.org\/ImageObject\" ><div class=\"avia-image-container-inner\"><div class=\"avia-image-overlay-wrap\"><img decoding=\"async\" fetchpriority=\"high\" class='wp-image-6670 avia-img-lazy-loading-not-6670 avia_image ' src=\"https:\/\/www.komunariko.at\/wp-content\/uploads\/2023\/05\/Komunariko-4531-2-200x300.jpg\" alt='' title='Komunariko-4531-2'  height=\"300\" width=\"200\"  itemprop=\"thumbnailUrl\" srcset=\"https:\/\/www.komunariko.at\/wp-content\/uploads\/2023\/05\/Komunariko-4531-2-200x300.jpg 200w, https:\/\/www.komunariko.at\/wp-content\/uploads\/2023\/05\/Komunariko-4531-2-687x1030.jpg 687w, https:\/\/www.komunariko.at\/wp-content\/uploads\/2023\/05\/Komunariko-4531-2-768x1152.jpg 768w, https:\/\/www.komunariko.at\/wp-content\/uploads\/2023\/05\/Komunariko-4531-2-1000x1500.jpg 1000w, https:\/\/www.komunariko.at\/wp-content\/uploads\/2023\/05\/Komunariko-4531-2-470x705.jpg 470w, https:\/\/www.komunariko.at\/wp-content\/uploads\/2023\/05\/Komunariko-4531-2.jpg 1024w\" sizes=\"(max-width: 200px) 100vw, 200px\" \/><\/div><\/div><\/div><br \/>\n<section  class='av_textblock_section av-kjtri1ay-414437797d59a18f94b30b0472bc22a9 '   itemscope=\"itemscope\" itemtype=\"https:\/\/schema.org\/CreativeWork\" ><div class='avia_textblock'  itemprop=\"text\" ><p>A-5020 Salzburg<br \/>\nBayerhamer Stra\u00dfe 18<\/p>\n<p>Mobile +43 664 85 3 90 11<\/p>\n<p><a href=\"mailto:silvia.faulhammer@komunariko.at\"><span class=\"\"> silvia.faulhammer@komunariko.at<\/span><\/a><\/p>\n<\/div><\/section><\/p><\/div>\n\n<style type=\"text\/css\" data-created_by=\"avia_inline_auto\" id=\"style-css-av-ehri86-4-39f3f616e2b7bbdefad2b0bdcda81259\">\n.flex_column.av-ehri86-4-39f3f616e2b7bbdefad2b0bdcda81259{\nborder-radius:0px 0px 0px 0px;\npadding:0px 0px 0px 0px;\n}\n<\/style>\n<div  class='flex_column av-ehri86-4-39f3f616e2b7bbdefad2b0bdcda81259 av_two_third  avia-builder-el-4  el_after_av_one_third  el_before_av_section  avia-builder-el-last  flex_column_div av-zero-column-padding  '     ><p>\n<style type=\"text\/css\" data-created_by=\"avia_inline_auto\" id=\"style-css-av-lahbmfkz-4680098155e9de0c28fb711b85fbc3cd\">\n#top .av-special-heading.av-lahbmfkz-4680098155e9de0c28fb711b85fbc3cd{\npadding-bottom:10px;\n}\nbody .av-special-heading.av-lahbmfkz-4680098155e9de0c28fb711b85fbc3cd .av-special-heading-tag .heading-char{\nfont-size:25px;\n}\n.av-special-heading.av-lahbmfkz-4680098155e9de0c28fb711b85fbc3cd .av-subheading{\nfont-size:15px;\n}\n<\/style>\n<div  class='av-special-heading av-lahbmfkz-4680098155e9de0c28fb711b85fbc3cd av-special-heading-h1  avia-builder-el-5  el_before_av_hr  avia-builder-el-first  av-mini-hide'><h1 class='av-special-heading-tag '  itemprop=\"headline\"  >Mag.a (FH) Silvia Faulhammer, MSc.<\/h1><div class=\"special-heading-border\"><div class=\"special-heading-inner-border\"><\/div><\/div><\/div><br \/>\n\n<style type=\"text\/css\" data-created_by=\"avia_inline_auto\" id=\"style-css-av-klkltlap-6c27b4a28fb6a4f2b9b968f7a4d6704d\">\n#top .hr.hr-invisible.av-klkltlap-6c27b4a28fb6a4f2b9b968f7a4d6704d{\nheight:30px;\n}\n<\/style>\n<div  class='hr av-klkltlap-6c27b4a28fb6a4f2b9b968f7a4d6704d hr-invisible  avia-builder-el-6  el_after_av_heading  el_before_av_textblock '><span class='hr-inner '><span class=\"hr-inner-style\"><\/span><\/span><\/div><br \/>\n<section  class='av_textblock_section av-kjtri1ay-3-4c7f3beb98e51dc30c25b1bf39423246 '   itemscope=\"itemscope\" itemtype=\"https:\/\/schema.org\/CreativeWork\" ><div class='avia_textblock'  itemprop=\"text\" ><h5>About me:<\/h5>\n<p>Born in Wels in 1975, I later grew up in Kuchl in Salzburger Land. In my very young years, I was very fond of acting, with small stage successes, and of painting, with a few paintings sold. Later, however, I found my <em>\u201cbread-and-butter job\u201d<\/em> in the hotel industry, where I also found my first professional home. But communication was always &#8211; and still is &#8211; my passion. And so I moved away from my first professional home to a new one, the PR &amp; communications industry.    <\/p>\n<p>Today I am a consultant, trainer and coach.<\/p>\n<p><strong> <\/strong><\/p>\n<h5>What I stand for:<\/h5>\n<p>I am convinced that <em>mutual understanding is the desire of all communication<\/em>&#8211; and I dedicate myself to interpersonal communication processes in my training, consulting and coaching sessions.<\/p>\n<p>As a big \u201cfan\u201d of nuances, even the quiet ones, I accompany the development of a sensorium for communication messages. I act as a communications consultant, trainer and coach for managers, support the development of self-management and self-leadership in leadership processes, use body language to make it possible to work without words and advise on optimizing leadership and team building.<\/p>\n<\/div><\/section><\/p><\/div><\/div><\/div><\/div><!-- close content main div --><\/div><\/div>\n<style type=\"text\/css\" data-created_by=\"avia_inline_auto\" id=\"style-css-av-kjtsfrmh-73c1460acf807f9c8a885cd2dba73e66\">\n.avia-section.av-kjtsfrmh-73c1460acf807f9c8a885cd2dba73e66{\nbackground-color:#f5f5f5;\nbackground-image:unset;\n}\n<\/style>\n<div id='av_section_1'  class='avia-section av-kjtsfrmh-73c1460acf807f9c8a885cd2dba73e66 main_color avia-section-default avia-no-border-styling  avia-builder-el-8  el_after_av_two_third  avia-builder-el-last  avia-bg-style-scroll container_wrap sidebar_right'  ><div class='container av-section-cont-open' ><div class='template-page content  av-content-small alpha units'><div class='post-entry post-entry-type-page post-entry-7330'><div class='entry-content-wrapper clearfix'>\n\n<style type=\"text\/css\" data-created_by=\"avia_inline_auto\" id=\"style-css-av-cny90m-9015fa8a5c8860adb0a8ce3e1827e860\">\n.flex_column.av-cny90m-9015fa8a5c8860adb0a8ce3e1827e860{\nborder-radius:0px 0px 0px 0px;\npadding:0px 0px 0px 0px;\n}\n<\/style>\n<div  class='flex_column av-cny90m-9015fa8a5c8860adb0a8ce3e1827e860 av_one_half  avia-builder-el-9  el_before_av_one_half  avia-builder-el-first  first flex_column_div av-zero-column-padding  '     ><section  class='av_textblock_section av-kjtrdsq8-85daf1312c6d70e51524f9a7094e6421 '   itemscope=\"itemscope\" itemtype=\"https:\/\/schema.org\/CreativeWork\" ><div class='avia_textblock'  itemprop=\"text\" ><h3>Key Areas of my Expertise at komunariko:<\/h3>\n<ul>\n<li>PR and communication strategy &amp; conception consulting<\/li>\n<li>Storytelling &amp; story placement<\/li>\n<li>Communication training &amp; consulting<\/li>\n<li>Management, employee &amp; team development<\/li>\n<li>Process-oriented moderation of workshops, retreats, steering group meetings and events (including major events)<\/li>\n<li>Trainings, workshops and courses on self-management &amp; leadership, self-competence &amp; communication, facilitation &amp; presentation techniques, self-management &amp; time management, impact &amp; appearance, and much more;<\/li>\n<li>Business coaching<\/li>\n<\/ul>\n<h3>Academic Background and Professional Development<\/h3>\n<ul>\n<li>Certified Coach Trigon, IOBC, DBVC &amp; ACC<\/li>\n<li>Trigon certificate course in coaching (2024)<\/li>\n<li>T\u00dcV-certified trainer in adult education (2022)<\/li>\n<li>Certificate in Digital Communication (2022)<\/li>\n<li>Diversity certificate according to AMS criteria (2021)<\/li>\n<li>Master of Science in Interpersonal Communication, MSc. (2019 &#8211; 2022)<\/li>\n<li>Magistra (FH) for Innovation and Management in Tourism (2002 &#8211; 2006)<\/li>\n<li>Management training certificate ProPlan Touristik (2005)<\/li>\n<li>Numerous further training courses in:\n<ul>\n<li>Lively methodology &amp; didactics, Mediative techniques in dealing with challenging participants, Constructive handling of challenging training situations, Positive psychology for trainers, The art of conflict, Moderation &amp; presentation techniques, Leadership &amp; positive leadership, Self-management &amp; time management, Group processes &amp; group dynamics, Leadership &amp; team building, The power of acceptance, Direct publishing &amp; digital communication;<\/li>\n<\/ul>\n<\/li>\n<\/ul>\n<\/div><\/section><\/div>\n<style type=\"text\/css\" data-created_by=\"avia_inline_auto\" id=\"style-css-av-cny90m-2-23a9ec435650e2ae416b53dd8e9214dc\">\n.flex_column.av-cny90m-2-23a9ec435650e2ae416b53dd8e9214dc{\nborder-radius:0px 0px 0px 0px;\npadding:0px 0px 0px 0px;\n}\n<\/style>\n<div  class='flex_column av-cny90m-2-23a9ec435650e2ae416b53dd8e9214dc av_one_half  avia-builder-el-11  el_after_av_one_half  avia-builder-el-last  flex_column_div av-zero-column-padding  '     ><section  class='av_textblock_section av-kjtrdsq8-1-8dd4795e3b64fe88d9107acfb8a78e11 '   itemscope=\"itemscope\" itemtype=\"https:\/\/schema.org\/CreativeWork\" ><div class='avia_textblock'  itemprop=\"text\" ><h3>Professional background &amp; expertise.<\/h3>\n<ul>\n<li>Self-employed communications consultant, trainer and business coach since 2022<\/li>\n<li>Partner of the consulting firm <a href=\"https:\/\/www.komunariko.at\/en\/about-us\/team\/silvia-faulhammer\/\">komunariko<\/a> since 2022<\/li>\n<li>Course director of the WIFI Rhetoric Academy and trainer at WIFI Salzburg since 2022<\/li>\n<li>Lecturer at the Cusanus Academy Brixen<\/li>\n<li>Lecturer at the PMU &#8211; Paracelsus Medical University in the university course Palliative Care in Project Management since 2022<\/li>\n<li>Lecturer at the PMU &#8211; Paracelsus Medical University in the university course Health Scienes &amp; Leadership in Communication &amp; Self-Presentation (2026)<\/li>\n<li>More than 24 years of PR experience as a senior PR consultant in the high-end segment in renowned PR agencies in Salzburg (2000-2022)<\/li>\n<li>Prior to that, 10 years in the upscale hotel industry in 4-star superior and 5-star hotels, including as a hotel &amp; catering assistant, restaurant specialist &amp; hotel manager, receptionist, chef de r\u00e9ception, guest relations and front office manager (1990-2000)<\/li>\n<\/ul>\n<h3>Network enthusiast &amp; founder<\/h3>\n<ul>\n<li><strong> <\/strong>Founder, initiator, organizer and host of the network format Success Soir\u00e9e &#8211; a business network after-work format for women by women<\/li>\n<li>Founder, initiator, organizer and host of the network format \u201ceat &amp; spread\u201d &#8211; the business lunch blind date network format for business women<\/li>\n<li>Vice President and mentor at the Salzburger Medienfrauen<\/li>\n<li>Member of the Experts Group Business Training and Coaching of the UBIT Association of the Chamber of Commerce<\/li>\n<li>Keynotes on the topics: Active listening, connecting, building trust, networks<\/li>\n<\/ul>\n<h3>WORKING LANGUAGES<\/h3>\n<p>German (mother tongue)<br \/>\nEnglish (Fluent)<\/p>\n<\/div><\/section><br \/>\n<div  class='hr av-klklzj91-c29e91d1b514480e54f1c19bed708110 hr-default  avia-builder-el-13  el_after_av_textblock  el_before_av_button '><span class='hr-inner '><span class=\"hr-inner-style\"><\/span><\/span><\/div><br \/>\n<div  class='avia-button-wrap av-klklxn0u-52b5c00583b6e4d09e7f061d49f45113-wrap avia-button-left  avia-builder-el-14  el_after_av_hr  avia-builder-el-last '><a href='\/relaunch-2020\/uber-uns\/team#team'  class='avia-button av-klklxn0u-52b5c00583b6e4d09e7f061d49f45113 av-link-btn avia-icon_select-yes-left-icon avia-size-medium avia-position-left avia-color-theme-color'   aria-label=\"To the team\"><span class='avia_button_icon avia_button_icon_left avia-iconfont avia-font-entypo-fontello' data-av_icon='\ue879' data-av_iconfont='entypo-fontello' ><\/span><span class='avia_iconbox_title' >To the team<\/span><\/a><\/div><\/p><\/div><\/div><\/div><\/div><!-- close content main div --><\/div><\/div><div id='after_section_1'  class='main_color av_default_container_wrap container_wrap sidebar_right'  ><div class='container av-section-cont-open' ><div class='template-page content  av-content-small alpha units'><div class='post-entry post-entry-type-page post-entry-7330'><div class='entry-content-wrapper clearfix'><\/p>\n","protected":false},"excerpt":{"rendered":"","protected":false},"author":5,"featured_media":6640,"parent":6902,"menu_order":0,"comment_status":"closed","ping_status":"closed","template":"","meta":{"footnotes":""},"class_list":["post-7330","page","type-page","status-publish","has-post-thumbnail","hentry"],"yoast_head":"<!-- This site is optimized with the Yoast SEO plugin v24.7 - https:\/\/yoast.com\/wordpress\/plugins\/seo\/ -->\n<title>Silvia Faulhammer - komunariko - Beratung. Training. Coaching.<\/title>\n<meta name=\"robots\" content=\"index, follow, max-snippet:-1, max-image-preview:large, max-video-preview:-1\" \/>\n<link rel=\"canonical\" href=\"https:\/\/www.komunariko.at\/en\/about-us\/team\/silvia-faulhammer\/\" \/>\n<meta property=\"og:locale\" content=\"en_US\" \/>\n<meta property=\"og:type\" content=\"article\" \/>\n<meta property=\"og:title\" content=\"Silvia Faulhammer - komunariko - Beratung. Training. Coaching.\" \/>\n<meta property=\"og:url\" content=\"https:\/\/www.komunariko.at\/en\/about-us\/team\/silvia-faulhammer\/\" \/>\n<meta property=\"og:site_name\" content=\"komunariko - Beratung. Training. Coaching.\" \/>\n<meta name=\"twitter:card\" content=\"summary_large_image\" \/>\n<meta name=\"twitter:label1\" content=\"Est. reading time\" \/>\n\t<meta name=\"twitter:data1\" content=\"10 minutes\" \/>\n<script type=\"application\/ld+json\" class=\"yoast-schema-graph\">{\"@context\":\"https:\/\/schema.org\",\"@graph\":[{\"@type\":\"WebPage\",\"@id\":\"https:\/\/www.komunariko.at\/en\/about-us\/team\/silvia-faulhammer\/\",\"url\":\"https:\/\/www.komunariko.at\/en\/about-us\/team\/silvia-faulhammer\/\",\"name\":\"Silvia Faulhammer - komunariko - Beratung. Training. Coaching.\",\"isPartOf\":{\"@id\":\"https:\/\/www.komunariko.at\/en\/#website\"},\"primaryImageOfPage\":{\"@id\":\"https:\/\/www.komunariko.at\/en\/about-us\/team\/silvia-faulhammer\/#primaryimage\"},\"image\":{\"@id\":\"https:\/\/www.komunariko.at\/en\/about-us\/team\/silvia-faulhammer\/#primaryimage\"},\"thumbnailUrl\":\"https:\/\/www.komunariko.at\/wp-content\/uploads\/2022\/11\/Bildschirmfoto-2022-11-14-um-22.57.05.png\",\"datePublished\":\"2022-11-17T21:58:00+00:00\",\"breadcrumb\":{\"@id\":\"https:\/\/www.komunariko.at\/en\/about-us\/team\/silvia-faulhammer\/#breadcrumb\"},\"inLanguage\":\"en-US\",\"potentialAction\":[{\"@type\":\"ReadAction\",\"target\":[\"https:\/\/www.komunariko.at\/en\/about-us\/team\/silvia-faulhammer\/\"]}]},{\"@type\":\"ImageObject\",\"inLanguage\":\"en-US\",\"@id\":\"https:\/\/www.komunariko.at\/en\/about-us\/team\/silvia-faulhammer\/#primaryimage\",\"url\":\"https:\/\/www.komunariko.at\/wp-content\/uploads\/2022\/11\/Bildschirmfoto-2022-11-14-um-22.57.05.png\",\"contentUrl\":\"https:\/\/www.komunariko.at\/wp-content\/uploads\/2022\/11\/Bildschirmfoto-2022-11-14-um-22.57.05.png\",\"width\":766,\"height\":896},{\"@type\":\"BreadcrumbList\",\"@id\":\"https:\/\/www.komunariko.at\/en\/about-us\/team\/silvia-faulhammer\/#breadcrumb\",\"itemListElement\":[{\"@type\":\"ListItem\",\"position\":1,\"name\":\"Home\",\"item\":\"https:\/\/www.komunariko.at\/en\/\"},{\"@type\":\"ListItem\",\"position\":2,\"name\":\"About us\",\"item\":\"https:\/\/www.komunariko.at\/en\/about-us\/\"},{\"@type\":\"ListItem\",\"position\":3,\"name\":\"Team\",\"item\":\"https:\/\/www.komunariko.at\/en\/about-us\/team\/\"},{\"@type\":\"ListItem\",\"position\":4,\"name\":\"Silvia Faulhammer\"}]},{\"@type\":\"WebSite\",\"@id\":\"https:\/\/www.komunariko.at\/en\/#website\",\"url\":\"https:\/\/www.komunariko.at\/en\/\",\"name\":\"komunariko - Beratung. Training. Coaching.\",\"description\":\"Ma\u00dfgeschneiderte L\u00f6sungen f\u00fcr Organisationsentwicklung,  F\u00fchrungs- und Kommunkationskompetenz. Wir begleiten Menschen, Unternehmen und Organisationen in Zeiten der Entwicklung und des Wandels \u2013 und das seit 35 Jahren, mit Sitz in Salzburg.\",\"potentialAction\":[{\"@type\":\"SearchAction\",\"target\":{\"@type\":\"EntryPoint\",\"urlTemplate\":\"https:\/\/www.komunariko.at\/en\/?s={search_term_string}\"},\"query-input\":{\"@type\":\"PropertyValueSpecification\",\"valueRequired\":true,\"valueName\":\"search_term_string\"}}],\"inLanguage\":\"en-US\"}]}<\/script>\n<!-- \/ Yoast SEO plugin. -->","yoast_head_json":{"title":"Silvia Faulhammer - komunariko - Beratung. Training. Coaching.","robots":{"index":"index","follow":"follow","max-snippet":"max-snippet:-1","max-image-preview":"max-image-preview:large","max-video-preview":"max-video-preview:-1"},"canonical":"https:\/\/www.komunariko.at\/en\/about-us\/team\/silvia-faulhammer\/","og_locale":"en_US","og_type":"article","og_title":"Silvia Faulhammer - komunariko - Beratung. Training. Coaching.","og_url":"https:\/\/www.komunariko.at\/en\/about-us\/team\/silvia-faulhammer\/","og_site_name":"komunariko - Beratung. Training. Coaching.","twitter_card":"summary_large_image","twitter_misc":{"Est. reading time":"10 minutes"},"schema":{"@context":"https:\/\/schema.org","@graph":[{"@type":"WebPage","@id":"https:\/\/www.komunariko.at\/en\/about-us\/team\/silvia-faulhammer\/","url":"https:\/\/www.komunariko.at\/en\/about-us\/team\/silvia-faulhammer\/","name":"Silvia Faulhammer - komunariko - Beratung. Training. Coaching.","isPartOf":{"@id":"https:\/\/www.komunariko.at\/en\/#website"},"primaryImageOfPage":{"@id":"https:\/\/www.komunariko.at\/en\/about-us\/team\/silvia-faulhammer\/#primaryimage"},"image":{"@id":"https:\/\/www.komunariko.at\/en\/about-us\/team\/silvia-faulhammer\/#primaryimage"},"thumbnailUrl":"https:\/\/www.komunariko.at\/wp-content\/uploads\/2022\/11\/Bildschirmfoto-2022-11-14-um-22.57.05.png","datePublished":"2022-11-17T21:58:00+00:00","breadcrumb":{"@id":"https:\/\/www.komunariko.at\/en\/about-us\/team\/silvia-faulhammer\/#breadcrumb"},"inLanguage":"en-US","potentialAction":[{"@type":"ReadAction","target":["https:\/\/www.komunariko.at\/en\/about-us\/team\/silvia-faulhammer\/"]}]},{"@type":"ImageObject","inLanguage":"en-US","@id":"https:\/\/www.komunariko.at\/en\/about-us\/team\/silvia-faulhammer\/#primaryimage","url":"https:\/\/www.komunariko.at\/wp-content\/uploads\/2022\/11\/Bildschirmfoto-2022-11-14-um-22.57.05.png","contentUrl":"https:\/\/www.komunariko.at\/wp-content\/uploads\/2022\/11\/Bildschirmfoto-2022-11-14-um-22.57.05.png","width":766,"height":896},{"@type":"BreadcrumbList","@id":"https:\/\/www.komunariko.at\/en\/about-us\/team\/silvia-faulhammer\/#breadcrumb","itemListElement":[{"@type":"ListItem","position":1,"name":"Home","item":"https:\/\/www.komunariko.at\/en\/"},{"@type":"ListItem","position":2,"name":"About us","item":"https:\/\/www.komunariko.at\/en\/about-us\/"},{"@type":"ListItem","position":3,"name":"Team","item":"https:\/\/www.komunariko.at\/en\/about-us\/team\/"},{"@type":"ListItem","position":4,"name":"Silvia Faulhammer"}]},{"@type":"WebSite","@id":"https:\/\/www.komunariko.at\/en\/#website","url":"https:\/\/www.komunariko.at\/en\/","name":"komunariko - Beratung. Training. Coaching.","description":"Ma\u00dfgeschneiderte L\u00f6sungen f\u00fcr Organisationsentwicklung,  F\u00fchrungs- und Kommunkationskompetenz. Wir begleiten Menschen, Unternehmen und Organisationen in Zeiten der Entwicklung und des Wandels \u2013 und das seit 35 Jahren, mit Sitz in Salzburg.","potentialAction":[{"@type":"SearchAction","target":{"@type":"EntryPoint","urlTemplate":"https:\/\/www.komunariko.at\/en\/?s={search_term_string}"},"query-input":{"@type":"PropertyValueSpecification","valueRequired":true,"valueName":"search_term_string"}}],"inLanguage":"en-US"}]}},"_links":{"self":[{"href":"https:\/\/www.komunariko.at\/en\/wp-json\/wp\/v2\/pages\/7330","targetHints":{"allow":["GET"]}}],"collection":[{"href":"https:\/\/www.komunariko.at\/en\/wp-json\/wp\/v2\/pages"}],"about":[{"href":"https:\/\/www.komunariko.at\/en\/wp-json\/wp\/v2\/types\/page"}],"author":[{"embeddable":true,"href":"https:\/\/www.komunariko.at\/en\/wp-json\/wp\/v2\/users\/5"}],"replies":[{"embeddable":true,"href":"https:\/\/www.komunariko.at\/en\/wp-json\/wp\/v2\/comments?post=7330"}],"version-history":[{"count":0,"href":"https:\/\/www.komunariko.at\/en\/wp-json\/wp\/v2\/pages\/7330\/revisions"}],"up":[{"embeddable":true,"href":"https:\/\/www.komunariko.at\/en\/wp-json\/wp\/v2\/pages\/6902"}],"wp:featuredmedia":[{"embeddable":true,"href":"https:\/\/www.komunariko.at\/en\/wp-json\/wp\/v2\/media\/6640"}],"wp:attachment":[{"href":"https:\/\/www.komunariko.at\/en\/wp-json\/wp\/v2\/media?parent=7330"}],"curies":[{"name":"wp","href":"https:\/\/api.w.org\/{rel}","templated":true}]}}