{"id":7332,"date":"2021-02-25T10:12:49","date_gmt":"2021-02-25T09:12:49","guid":{"rendered":"https:\/\/www.komunariko.at\/about-us\/team\/claudia-moedlagl\/"},"modified":"2021-02-25T10:12:49","modified_gmt":"2021-02-25T09:12:49","slug":"claudia-moedlagl","status":"publish","type":"page","link":"https:\/\/www.komunariko.at\/en\/about-us\/team\/claudia-moedlagl\/","title":{"rendered":"Claudia M\u00f6dlagl"},"content":{"rendered":"\n<style type=\"text\/css\" data-created_by=\"avia_inline_auto\" id=\"style-css-av-23psdb-1376299c858b1c74862f387e0640832d\">\n#top .av-special-heading.av-23psdb-1376299c858b1c74862f387e0640832d{\npadding-bottom:10px;\n}\nbody .av-special-heading.av-23psdb-1376299c858b1c74862f387e0640832d .av-special-heading-tag .heading-char{\nfont-size:25px;\n}\n.av-special-heading.av-23psdb-1376299c858b1c74862f387e0640832d .av-subheading{\nfont-size:15px;\n}\n<\/style>\n<div  class='av-special-heading av-23psdb-1376299c858b1c74862f387e0640832d av-special-heading-h1  avia-builder-el-0  el_before_av_one_third  avia-builder-el-first  av-desktop-hide av-medium-hide av-small-hide'><h1 class='av-special-heading-tag '  itemprop=\"headline\"  >Mag. Claudia M\u00f6dlagl<\/h1><div class=\"special-heading-border\"><div class=\"special-heading-inner-border\"><\/div><\/div><\/div>\n\n<style type=\"text\/css\" data-created_by=\"avia_inline_auto\" id=\"style-css-av-ehri86-2ea7b96f6338923d912da3d108df5fd4\">\n.flex_column.av-ehri86-2ea7b96f6338923d912da3d108df5fd4{\nborder-radius:0px 0px 0px 0px;\npadding:0px 0px 0px 0px;\n}\n<\/style>\n<div  class='flex_column av-ehri86-2ea7b96f6338923d912da3d108df5fd4 av_one_third  avia-builder-el-1  el_after_av_heading  el_before_av_two_third  first flex_column_div av-zero-column-padding  '     ><p>\n<style type=\"text\/css\" data-created_by=\"avia_inline_auto\" id=\"style-css-av-kjv8jqpy-68feb81d95b33af17dc68402cdc89099\">\n.avia-image-container.av-kjv8jqpy-68feb81d95b33af17dc68402cdc89099 img.avia_image{\nbox-shadow:none;\n}\n.avia-image-container.av-kjv8jqpy-68feb81d95b33af17dc68402cdc89099 .av-image-caption-overlay-center{\ncolor:#ffffff;\n}\n<\/style>\n<div  class='avia-image-container av-kjv8jqpy-68feb81d95b33af17dc68402cdc89099 av-styling- avia-align-center  avia-builder-el-2  el_before_av_textblock  avia-builder-el-first '   itemprop=\"image\" itemscope=\"itemscope\" itemtype=\"https:\/\/schema.org\/ImageObject\" ><div class=\"avia-image-container-inner\"><div class=\"avia-image-overlay-wrap\"><img decoding=\"async\" fetchpriority=\"high\" class='wp-image-6709 avia-img-lazy-loading-not-6709 avia_image ' src=\"https:\/\/www.komunariko.at\/wp-content\/uploads\/2024\/07\/thumbnail_image001-687x1030.jpg\" alt='' title='Claudia M\u00f6dlagl'  height=\"1030\" width=\"687\"  itemprop=\"thumbnailUrl\" srcset=\"https:\/\/www.komunariko.at\/wp-content\/uploads\/2024\/07\/thumbnail_image001-687x1030.jpg 687w, https:\/\/www.komunariko.at\/wp-content\/uploads\/2024\/07\/thumbnail_image001-200x300.jpg 200w, https:\/\/www.komunariko.at\/wp-content\/uploads\/2024\/07\/thumbnail_image001-768x1152.jpg 768w, https:\/\/www.komunariko.at\/wp-content\/uploads\/2024\/07\/thumbnail_image001-1024x1536.jpg 1024w, https:\/\/www.komunariko.at\/wp-content\/uploads\/2024\/07\/thumbnail_image001-1000x1500.jpg 1000w, https:\/\/www.komunariko.at\/wp-content\/uploads\/2024\/07\/thumbnail_image001-470x705.jpg 470w, https:\/\/www.komunariko.at\/wp-content\/uploads\/2024\/07\/thumbnail_image001.jpg 1222w\" sizes=\"(max-width: 687px) 100vw, 687px\" \/><\/div><\/div><\/div><br \/>\n<section  class='av_textblock_section av-kjtri1ay-047d1a5c19de1573fb193919572bf964 '   itemscope=\"itemscope\" itemtype=\"https:\/\/schema.org\/CreativeWork\" ><div class='avia_textblock'  itemprop=\"text\" ><p>Project partner<br \/>\nTel. +43 664 5308245<\/p>\n<p><a href=\"mailto:claudia.moedlagl@komunariko.at\" data-linkindex=\"0\">claudia.moedlagl@komunariko.at<\/a><\/p>\n<\/div><\/section><\/p><\/div>\n\n<style type=\"text\/css\" data-created_by=\"avia_inline_auto\" id=\"style-css-av-ehri86-4-39f3f616e2b7bbdefad2b0bdcda81259\">\n.flex_column.av-ehri86-4-39f3f616e2b7bbdefad2b0bdcda81259{\nborder-radius:0px 0px 0px 0px;\npadding:0px 0px 0px 0px;\n}\n<\/style>\n<div  class='flex_column av-ehri86-4-39f3f616e2b7bbdefad2b0bdcda81259 av_two_third  avia-builder-el-4  el_after_av_one_third  el_before_av_section  avia-builder-el-last  flex_column_div av-zero-column-padding  '     ><p>\n<style type=\"text\/css\" data-created_by=\"avia_inline_auto\" id=\"style-css-av-ko1rt33y-12bd78c99065839f0bb35078856f513b\">\n#top .av-special-heading.av-ko1rt33y-12bd78c99065839f0bb35078856f513b{\npadding-bottom:10px;\n}\nbody .av-special-heading.av-ko1rt33y-12bd78c99065839f0bb35078856f513b .av-special-heading-tag .heading-char{\nfont-size:25px;\n}\n.av-special-heading.av-ko1rt33y-12bd78c99065839f0bb35078856f513b .av-subheading{\nfont-size:15px;\n}\n<\/style>\n<div  class='av-special-heading av-ko1rt33y-12bd78c99065839f0bb35078856f513b av-special-heading-h1  avia-builder-el-5  el_before_av_hr  avia-builder-el-first  av-mini-hide'><h1 class='av-special-heading-tag '  itemprop=\"headline\"  >Mag. Claudia M\u00f6dlagl<\/h1><div class=\"special-heading-border\"><div class=\"special-heading-inner-border\"><\/div><\/div><\/div><br \/>\n\n<style type=\"text\/css\" data-created_by=\"avia_inline_auto\" id=\"style-css-av-klkltlap-6c27b4a28fb6a4f2b9b968f7a4d6704d\">\n#top .hr.hr-invisible.av-klkltlap-6c27b4a28fb6a4f2b9b968f7a4d6704d{\nheight:30px;\n}\n<\/style>\n<div  class='hr av-klkltlap-6c27b4a28fb6a4f2b9b968f7a4d6704d hr-invisible  avia-builder-el-6  el_after_av_heading  el_before_av_textblock '><span class='hr-inner '><span class=\"hr-inner-style\"><\/span><\/span><\/div><br \/>\n<section  class='av_textblock_section av-kjtri1ay-3-d812ec5b2fe1053c5ffc497e04f11456 '   itemscope=\"itemscope\" itemtype=\"https:\/\/schema.org\/CreativeWork\" ><div class='avia_textblock'  itemprop=\"text\" ><h5>About me:<\/h5>\n<p>Born in 1978 and raised in the Waldviertel region of northern Lower Austria, I first went to England as an au pair after completing my AHS-A-levels. I then studied psychology at the University of Vienna with a year as a guest student at the Universidad Complutense de Madrid in Spain. After completing my diploma and additional training as a clinical and health psychologist with a focus on psychosomatics, I moved to Brazil. Back in Austria, I initially worked in the international NGO sector, including as a trainer for a global research project. Even then, I wanted to understand and support people in companies. I then held various positions as an HR manager and executive in an international group of institutions before becoming a self-employed coach and trainer after my parental leave.     <\/p>\n<p>I have long been interested in exploring and understanding other cultures, how to create a joyful work life, the mental health of managers and unlocking our inner superpower.<\/p>\n<p>After all this time, I am still passionate about &#8220;People &amp; Culture&#8221; in companies and, as I am coming from the &#8220;Waldviertel&#8221;, I also love going into the forest (german: &#8220;Wald&#8221;) with people in my coaching sessions to bring them back to their original strength.<\/p>\n<\/div><\/section><\/p><\/div>\n<\/div><\/div><\/div><!-- close content main div --><\/div><\/div>\n<style type=\"text\/css\" data-created_by=\"avia_inline_auto\" id=\"style-css-av-kjtsfrmh-73c1460acf807f9c8a885cd2dba73e66\">\n.avia-section.av-kjtsfrmh-73c1460acf807f9c8a885cd2dba73e66{\nbackground-color:#f5f5f5;\nbackground-image:unset;\n}\n<\/style>\n<div id='av_section_1'  class='avia-section av-kjtsfrmh-73c1460acf807f9c8a885cd2dba73e66 main_color avia-section-default avia-no-border-styling  avia-builder-el-8  el_after_av_two_third  el_before_av_section  avia-bg-style-scroll container_wrap sidebar_right'  ><div class='container av-section-cont-open' ><div class='template-page content  av-content-small alpha units'><div class='post-entry post-entry-type-page post-entry-7332'><div class='entry-content-wrapper clearfix'>\n\n<style type=\"text\/css\" data-created_by=\"avia_inline_auto\" id=\"style-css-av-cny90m-9015fa8a5c8860adb0a8ce3e1827e860\">\n.flex_column.av-cny90m-9015fa8a5c8860adb0a8ce3e1827e860{\nborder-radius:0px 0px 0px 0px;\npadding:0px 0px 0px 0px;\n}\n<\/style>\n<div  class='flex_column av-cny90m-9015fa8a5c8860adb0a8ce3e1827e860 av_one_half  avia-builder-el-9  el_before_av_one_half  avia-builder-el-first  first flex_column_div av-zero-column-padding  '     ><section  class='av_textblock_section av-kjtrdsq8-01f61969689a2360f131cc91f72509d7 '   itemscope=\"itemscope\" itemtype=\"https:\/\/schema.org\/CreativeWork\" ><div class='avia_textblock'  itemprop=\"text\" ><h3>Key Areas of Expertise<\/h3>\n<ul>\n<li>Coaching for managers<\/li>\n<li>Training on HR topics<\/li>\n<li>Management seminars and training courses<\/li>\n<li>Job and career coaching<\/li>\n<\/ul>\n<h3>Academic Background and Professional Development<\/h3>\n<ul>\n<li>Studied psychology at the University of Vienna and Universidad Complutense de Madrid<\/li>\n<li>Registered clinical and health psychologist &amp; occupational psychologist<\/li>\n<li>Systemic coaching training (ASO Vienna)<\/li>\n<li>Training Consulting for Intercultural Management &amp; Organizational Culture (Hofstede Insights, Helsinki)<\/li>\n<li>Numerous further training courses: including NLP Practicioner, Master &amp; Trainer, constellation work, hypnosis according to Milton Erickson, etc.<\/li>\n<li>Kundalini Yoga Teacher<\/li>\n<\/ul>\n<\/div><\/section><\/div>\n<style type=\"text\/css\" data-created_by=\"avia_inline_auto\" id=\"style-css-av-cny90m-2-23a9ec435650e2ae416b53dd8e9214dc\">\n.flex_column.av-cny90m-2-23a9ec435650e2ae416b53dd8e9214dc{\nborder-radius:0px 0px 0px 0px;\npadding:0px 0px 0px 0px;\n}\n<\/style>\n<div  class='flex_column av-cny90m-2-23a9ec435650e2ae416b53dd8e9214dc av_one_half  avia-builder-el-11  el_after_av_one_half  avia-builder-el-last  flex_column_div av-zero-column-padding  '     ><section  class='av_textblock_section av-kjtrdsq8-1-2b25b8d2c16000577d86084708ac42d6 '   itemscope=\"itemscope\" itemtype=\"https:\/\/schema.org\/CreativeWork\" ><div class='avia_textblock'  itemprop=\"text\" ><h3>Professional stations:<\/h3>\n<ul>\n<li>Since 2021 &#8211; Self-employed coach, trainer and consultant with a focus on a joyful working life and mental well-being for managers<\/li>\n<li>2008 &#8211; 2017 &#8211; IKEA Austria &#8211; HR management at the IKEA V\u00f6sendorf location and personnel development, recruiting and apprenticeship training at the IKEA Vienna North location, apprenticeship manager IKEA Austria<\/li>\n<li>2005-2008 &#8211; SOS Children&#8217;s Villages International, Innsbruck &#8211; Scientific Officer &#8211; including worldwide training for SOS Children&#8217;s Villages employees and participation in various organizational development projects (e.g. development of a worldwide education policy)<\/li>\n<\/ul>\n<h3>Working languages<\/h3>\n<p>German<br \/>\nEnglish<br \/>\nSpanish<br \/>\nbrazilian Portuguese<\/p>\n<\/div><\/section><br \/>\n<div  class='hr av-klklzj91-c29e91d1b514480e54f1c19bed708110 hr-default  avia-builder-el-13  el_after_av_textblock  el_before_av_button '><span class='hr-inner '><span class=\"hr-inner-style\"><\/span><\/span><\/div><br \/>\n<div  class='avia-button-wrap av-klklxn0u-52b5c00583b6e4d09e7f061d49f45113-wrap avia-button-left  avia-builder-el-14  el_after_av_hr  avia-builder-el-last '><a href='\/relaunch-2020\/uber-uns\/team#team'  class='avia-button av-klklxn0u-52b5c00583b6e4d09e7f061d49f45113 av-link-btn avia-icon_select-yes-left-icon avia-size-medium avia-position-left avia-color-theme-color'   aria-label=\"To the team\"><span class='avia_button_icon avia_button_icon_left avia-iconfont avia-font-entypo-fontello' data-av_icon='\ue879' data-av_iconfont='entypo-fontello' ><\/span><span class='avia_iconbox_title' >To the team<\/span><\/a><\/div><\/p><\/div>\n\n<\/div><\/div><\/div><!-- close content main div --><\/div><\/div>\n<style type=\"text\/css\" data-created_by=\"avia_inline_auto\" id=\"style-css-av-kjtsfrmh-7-155cc58950228064c7e150cc292aa60b\">\n.avia-section.av-kjtsfrmh-7-155cc58950228064c7e150cc292aa60b{\nbackground-color:#f5f5f5;\nbackground-image:unset;\n}\n<\/style>\n<div id='av_section_2'  class='avia-section av-kjtsfrmh-7-155cc58950228064c7e150cc292aa60b main_color avia-section-default avia-no-border-styling  avia-builder-el-15  el_after_av_section  avia-builder-el-last  avia-bg-style-scroll container_wrap sidebar_right'  ><div class='container av-section-cont-open' ><div class='template-page content  av-content-small alpha units'><div class='post-entry post-entry-type-page post-entry-7332'><div class='entry-content-wrapper clearfix'>\n<\/div><\/div><\/div><!-- close content main div --><\/div><\/div><div id='after_section_2'  class='main_color av_default_container_wrap container_wrap sidebar_right'  ><div class='container av-section-cont-open' ><div class='template-page content  av-content-small alpha units'><div class='post-entry post-entry-type-page post-entry-7332'><div class='entry-content-wrapper clearfix'>\n","protected":false},"excerpt":{"rendered":"","protected":false},"author":5,"featured_media":0,"parent":6902,"menu_order":0,"comment_status":"closed","ping_status":"closed","template":"","meta":{"footnotes":""},"class_list":["post-7332","page","type-page","status-publish","hentry"],"yoast_head":"<!-- This site is optimized with the Yoast SEO plugin v24.7 - https:\/\/yoast.com\/wordpress\/plugins\/seo\/ -->\n<title>Claudia M\u00f6dlagl - komunariko - Beratung. Training. Coaching.<\/title>\n<meta name=\"description\" content=\"After all this time, I am still passionate about &quot;People &amp; Culture&quot; in companies and as a &quot;Waldviertlerin&quot; I also love...\" \/>\n<meta name=\"robots\" content=\"index, follow, max-snippet:-1, max-image-preview:large, max-video-preview:-1\" \/>\n<link rel=\"canonical\" href=\"https:\/\/www.komunariko.at\/en\/about-us\/team\/claudia-moedlagl\/\" \/>\n<meta property=\"og:locale\" content=\"en_US\" \/>\n<meta property=\"og:type\" content=\"article\" \/>\n<meta property=\"og:title\" content=\"Claudia M\u00f6dlagl - komunariko - Beratung. Training. Coaching.\" \/>\n<meta property=\"og:description\" content=\"After all this time, I am still passionate about &quot;People &amp; Culture&quot; in companies and as a &quot;Waldviertlerin&quot; I also love...\" \/>\n<meta property=\"og:url\" content=\"https:\/\/www.komunariko.at\/en\/about-us\/team\/claudia-moedlagl\/\" \/>\n<meta property=\"og:site_name\" content=\"komunariko - Beratung. Training. Coaching.\" \/>\n<meta name=\"twitter:card\" content=\"summary_large_image\" \/>\n<meta name=\"twitter:label1\" content=\"Est. reading time\" \/>\n\t<meta name=\"twitter:data1\" content=\"9 minutes\" \/>\n<script type=\"application\/ld+json\" class=\"yoast-schema-graph\">{\"@context\":\"https:\/\/schema.org\",\"@graph\":[{\"@type\":\"WebPage\",\"@id\":\"https:\/\/www.komunariko.at\/en\/about-us\/team\/claudia-moedlagl\/\",\"url\":\"https:\/\/www.komunariko.at\/en\/about-us\/team\/claudia-moedlagl\/\",\"name\":\"Claudia M\u00f6dlagl - komunariko - Beratung. Training. Coaching.\",\"isPartOf\":{\"@id\":\"https:\/\/www.komunariko.at\/en\/#website\"},\"datePublished\":\"2021-02-25T09:12:49+00:00\",\"description\":\"After all this time, I am still passionate about \\\"People & Culture\\\" in companies and as a \\\"Waldviertlerin\\\" I also love...\",\"breadcrumb\":{\"@id\":\"https:\/\/www.komunariko.at\/en\/about-us\/team\/claudia-moedlagl\/#breadcrumb\"},\"inLanguage\":\"en-US\",\"potentialAction\":[{\"@type\":\"ReadAction\",\"target\":[\"https:\/\/www.komunariko.at\/en\/about-us\/team\/claudia-moedlagl\/\"]}]},{\"@type\":\"BreadcrumbList\",\"@id\":\"https:\/\/www.komunariko.at\/en\/about-us\/team\/claudia-moedlagl\/#breadcrumb\",\"itemListElement\":[{\"@type\":\"ListItem\",\"position\":1,\"name\":\"Home\",\"item\":\"https:\/\/www.komunariko.at\/en\/\"},{\"@type\":\"ListItem\",\"position\":2,\"name\":\"About us\",\"item\":\"https:\/\/www.komunariko.at\/en\/about-us\/\"},{\"@type\":\"ListItem\",\"position\":3,\"name\":\"Team\",\"item\":\"https:\/\/www.komunariko.at\/en\/about-us\/team\/\"},{\"@type\":\"ListItem\",\"position\":4,\"name\":\"Claudia M\u00f6dlagl\"}]},{\"@type\":\"WebSite\",\"@id\":\"https:\/\/www.komunariko.at\/en\/#website\",\"url\":\"https:\/\/www.komunariko.at\/en\/\",\"name\":\"komunariko - Beratung. Training. Coaching.\",\"description\":\"Ma\u00dfgeschneiderte L\u00f6sungen f\u00fcr Organisationsentwicklung,  F\u00fchrungs- und Kommunkationskompetenz. Wir begleiten Menschen, Unternehmen und Organisationen in Zeiten der Entwicklung und des Wandels \u2013 und das seit 35 Jahren, mit Sitz in Salzburg.\",\"potentialAction\":[{\"@type\":\"SearchAction\",\"target\":{\"@type\":\"EntryPoint\",\"urlTemplate\":\"https:\/\/www.komunariko.at\/en\/?s={search_term_string}\"},\"query-input\":{\"@type\":\"PropertyValueSpecification\",\"valueRequired\":true,\"valueName\":\"search_term_string\"}}],\"inLanguage\":\"en-US\"}]}<\/script>\n<!-- \/ Yoast SEO plugin. -->","yoast_head_json":{"title":"Claudia M\u00f6dlagl - komunariko - Beratung. Training. Coaching.","description":"After all this time, I am still passionate about \"People & Culture\" in companies and as a \"Waldviertlerin\" I also love...","robots":{"index":"index","follow":"follow","max-snippet":"max-snippet:-1","max-image-preview":"max-image-preview:large","max-video-preview":"max-video-preview:-1"},"canonical":"https:\/\/www.komunariko.at\/en\/about-us\/team\/claudia-moedlagl\/","og_locale":"en_US","og_type":"article","og_title":"Claudia M\u00f6dlagl - komunariko - Beratung. Training. Coaching.","og_description":"After all this time, I am still passionate about \"People & Culture\" in companies and as a \"Waldviertlerin\" I also love...","og_url":"https:\/\/www.komunariko.at\/en\/about-us\/team\/claudia-moedlagl\/","og_site_name":"komunariko - Beratung. Training. Coaching.","twitter_card":"summary_large_image","twitter_misc":{"Est. reading time":"9 minutes"},"schema":{"@context":"https:\/\/schema.org","@graph":[{"@type":"WebPage","@id":"https:\/\/www.komunariko.at\/en\/about-us\/team\/claudia-moedlagl\/","url":"https:\/\/www.komunariko.at\/en\/about-us\/team\/claudia-moedlagl\/","name":"Claudia M\u00f6dlagl - komunariko - Beratung. Training. Coaching.","isPartOf":{"@id":"https:\/\/www.komunariko.at\/en\/#website"},"datePublished":"2021-02-25T09:12:49+00:00","description":"After all this time, I am still passionate about \"People & Culture\" in companies and as a \"Waldviertlerin\" I also love...","breadcrumb":{"@id":"https:\/\/www.komunariko.at\/en\/about-us\/team\/claudia-moedlagl\/#breadcrumb"},"inLanguage":"en-US","potentialAction":[{"@type":"ReadAction","target":["https:\/\/www.komunariko.at\/en\/about-us\/team\/claudia-moedlagl\/"]}]},{"@type":"BreadcrumbList","@id":"https:\/\/www.komunariko.at\/en\/about-us\/team\/claudia-moedlagl\/#breadcrumb","itemListElement":[{"@type":"ListItem","position":1,"name":"Home","item":"https:\/\/www.komunariko.at\/en\/"},{"@type":"ListItem","position":2,"name":"About us","item":"https:\/\/www.komunariko.at\/en\/about-us\/"},{"@type":"ListItem","position":3,"name":"Team","item":"https:\/\/www.komunariko.at\/en\/about-us\/team\/"},{"@type":"ListItem","position":4,"name":"Claudia M\u00f6dlagl"}]},{"@type":"WebSite","@id":"https:\/\/www.komunariko.at\/en\/#website","url":"https:\/\/www.komunariko.at\/en\/","name":"komunariko - Beratung. Training. Coaching.","description":"Ma\u00dfgeschneiderte L\u00f6sungen f\u00fcr Organisationsentwicklung,  F\u00fchrungs- und Kommunkationskompetenz. Wir begleiten Menschen, Unternehmen und Organisationen in Zeiten der Entwicklung und des Wandels \u2013 und das seit 35 Jahren, mit Sitz in Salzburg.","potentialAction":[{"@type":"SearchAction","target":{"@type":"EntryPoint","urlTemplate":"https:\/\/www.komunariko.at\/en\/?s={search_term_string}"},"query-input":{"@type":"PropertyValueSpecification","valueRequired":true,"valueName":"search_term_string"}}],"inLanguage":"en-US"}]}},"_links":{"self":[{"href":"https:\/\/www.komunariko.at\/en\/wp-json\/wp\/v2\/pages\/7332","targetHints":{"allow":["GET"]}}],"collection":[{"href":"https:\/\/www.komunariko.at\/en\/wp-json\/wp\/v2\/pages"}],"about":[{"href":"https:\/\/www.komunariko.at\/en\/wp-json\/wp\/v2\/types\/page"}],"author":[{"embeddable":true,"href":"https:\/\/www.komunariko.at\/en\/wp-json\/wp\/v2\/users\/5"}],"replies":[{"embeddable":true,"href":"https:\/\/www.komunariko.at\/en\/wp-json\/wp\/v2\/comments?post=7332"}],"version-history":[{"count":0,"href":"https:\/\/www.komunariko.at\/en\/wp-json\/wp\/v2\/pages\/7332\/revisions"}],"up":[{"embeddable":true,"href":"https:\/\/www.komunariko.at\/en\/wp-json\/wp\/v2\/pages\/6902"}],"wp:attachment":[{"href":"https:\/\/www.komunariko.at\/en\/wp-json\/wp\/v2\/media?parent=7332"}],"curies":[{"name":"wp","href":"https:\/\/api.w.org\/{rel}","templated":true}]}}