{"id":7335,"date":"2025-07-18T14:30:13","date_gmt":"2025-07-18T12:30:13","guid":{"rendered":"https:\/\/www.komunariko.at\/about-us\/team\/prof-fh-dr-herbert-goelzner\/"},"modified":"2025-07-23T13:36:42","modified_gmt":"2025-07-23T11:36:42","slug":"prof-fh-dr-herbert-goelzner","status":"publish","type":"page","link":"https:\/\/www.komunariko.at\/en\/about-us\/team\/prof-fh-dr-herbert-goelzner\/","title":{"rendered":"Prof. (FH) Dr. Herbert G\u00f6lzner"},"content":{"rendered":"\n<style type=\"text\/css\" data-created_by=\"avia_inline_auto\" id=\"style-css-av-27e8w4-e819b7f3bfd83a18875bb32d0e7232eb\">\n#top .av-special-heading.av-27e8w4-e819b7f3bfd83a18875bb32d0e7232eb{\npadding-bottom:10px;\n}\nbody .av-special-heading.av-27e8w4-e819b7f3bfd83a18875bb32d0e7232eb .av-special-heading-tag .heading-char{\nfont-size:25px;\n}\n.av-special-heading.av-27e8w4-e819b7f3bfd83a18875bb32d0e7232eb .av-subheading{\nfont-size:15px;\n}\n<\/style>\n<div  class='av-special-heading av-27e8w4-e819b7f3bfd83a18875bb32d0e7232eb av-special-heading-h1  avia-builder-el-0  el_before_av_one_third  avia-builder-el-first  av-desktop-hide av-medium-hide av-small-hide'><h1 class='av-special-heading-tag '  itemprop=\"headline\"  >Prof. (FH) Dr. Herbert G\u00f6lzner<\/h1><div class=\"special-heading-border\"><div class=\"special-heading-inner-border\"><\/div><\/div><\/div>\n\n<style type=\"text\/css\" data-created_by=\"avia_inline_auto\" id=\"style-css-av-ehri86-2ea7b96f6338923d912da3d108df5fd4\">\n.flex_column.av-ehri86-2ea7b96f6338923d912da3d108df5fd4{\nborder-radius:0px 0px 0px 0px;\npadding:0px 0px 0px 0px;\n}\n<\/style>\n<div  class='flex_column av-ehri86-2ea7b96f6338923d912da3d108df5fd4 av_one_third  avia-builder-el-1  el_after_av_heading  el_before_av_two_third  first flex_column_div av-zero-column-padding  '     ><p>\n<style type=\"text\/css\" data-created_by=\"avia_inline_auto\" id=\"style-css-av-kjv8jqpy-39a9277eba003f4e71987892f345ff56\">\n.avia-image-container.av-kjv8jqpy-39a9277eba003f4e71987892f345ff56 img.avia_image{\nbox-shadow:none;\n}\n.avia-image-container.av-kjv8jqpy-39a9277eba003f4e71987892f345ff56 .av-image-caption-overlay-center{\ncolor:#ffffff;\n}\n<\/style>\n<div  class='avia-image-container av-kjv8jqpy-39a9277eba003f4e71987892f345ff56 av-styling- avia-align-center  avia-builder-el-2  el_before_av_textblock  avia-builder-el-first '   itemprop=\"image\" itemscope=\"itemscope\" itemtype=\"https:\/\/schema.org\/ImageObject\" ><div class=\"avia-image-container-inner\"><div class=\"avia-image-overlay-wrap\"><img decoding=\"async\" fetchpriority=\"high\" class='wp-image-7231 avia-img-lazy-loading-not-7231 avia_image ' src=\"https:\/\/www.komunariko.at\/wp-content\/uploads\/2025\/07\/Passfoto-HG-neu-204x300.jpg\" alt='' title='Passfoto HG neu'  height=\"300\" width=\"204\"  itemprop=\"thumbnailUrl\" srcset=\"https:\/\/www.komunariko.at\/wp-content\/uploads\/2025\/07\/Passfoto-HG-neu-204x300.jpg 204w, https:\/\/www.komunariko.at\/wp-content\/uploads\/2025\/07\/Passfoto-HG-neu-701x1030.jpg 701w, https:\/\/www.komunariko.at\/wp-content\/uploads\/2025\/07\/Passfoto-HG-neu-768x1128.jpg 768w, https:\/\/www.komunariko.at\/wp-content\/uploads\/2025\/07\/Passfoto-HG-neu-480x705.jpg 480w, https:\/\/www.komunariko.at\/wp-content\/uploads\/2025\/07\/Passfoto-HG-neu.jpg 989w\" sizes=\"(max-width: 204px) 100vw, 204px\" \/><\/div><\/div><\/div><br \/>\n<section  class='av_textblock_section av-kjtri1ay-995397999eb15536de1c366a075feb75 '   itemscope=\"itemscope\" itemtype=\"https:\/\/schema.org\/CreativeWork\" ><div class='avia_textblock'  itemprop=\"text\" ><p>A-5020 Salzburg<br \/>\nBayerhamer Stra\u00dfe 18<\/p>\n<p>Mobile <span data-olk-copy-source=\"MessageBody\">+43 699 109 74 160<\/span><\/p>\n<p><a class=\"mail-link\" href=\"mailto:herbert.goelzner@komunariko.at\" data-enc-email=\"puevfgbcu.oheznaa&#091;at&#093;xbzhanevxb.ng\" data-wpel-link=\"ignore\"><span class=\"\">h<span data-olk-copy-source=\"MessageBody\">erbert.<\/span>goelzner@komunariko.at<\/span><\/a><\/p>\n<\/div><\/section><\/p><\/div>\n\n<style type=\"text\/css\" data-created_by=\"avia_inline_auto\" id=\"style-css-av-ehri86-5-389c53535aaa2124b7fe9e8dd8362f02\">\n.flex_column.av-ehri86-5-389c53535aaa2124b7fe9e8dd8362f02{\nborder-radius:0px 0px 0px 0px;\npadding:0px 0px 0px 0px;\n}\n<\/style>\n<div  class='flex_column av-ehri86-5-389c53535aaa2124b7fe9e8dd8362f02 av_two_third  avia-builder-el-4  el_after_av_one_third  el_before_av_section  avia-builder-el-last  flex_column_div av-zero-column-padding  '     ><p>\n<style type=\"text\/css\" data-created_by=\"avia_inline_auto\" id=\"style-css-av-knby81h5-481172f69f027c965c8bf94bbf039823\">\n#top .av-special-heading.av-knby81h5-481172f69f027c965c8bf94bbf039823{\npadding-bottom:10px;\n}\nbody .av-special-heading.av-knby81h5-481172f69f027c965c8bf94bbf039823 .av-special-heading-tag .heading-char{\nfont-size:25px;\n}\n.av-special-heading.av-knby81h5-481172f69f027c965c8bf94bbf039823 .av-subheading{\nfont-size:15px;\n}\n<\/style>\n<div  class='av-special-heading av-knby81h5-481172f69f027c965c8bf94bbf039823 av-special-heading-h1  avia-builder-el-5  el_before_av_hr  avia-builder-el-first  av-mini-hide'><h1 class='av-special-heading-tag '  itemprop=\"headline\"  >Prof. (FH) Dr. Herbert G\u00f6lzner<\/h1><div class=\"special-heading-border\"><div class=\"special-heading-inner-border\"><\/div><\/div><\/div><br \/>\n\n<style type=\"text\/css\" data-created_by=\"avia_inline_auto\" id=\"style-css-av-klkltlap-6c27b4a28fb6a4f2b9b968f7a4d6704d\">\n#top .hr.hr-invisible.av-klkltlap-6c27b4a28fb6a4f2b9b968f7a4d6704d{\nheight:30px;\n}\n<\/style>\n<div  class='hr av-klkltlap-6c27b4a28fb6a4f2b9b968f7a4d6704d hr-invisible  avia-builder-el-6  el_after_av_heading  el_before_av_textblock '><span class='hr-inner '><span class=\"hr-inner-style\"><\/span><\/span><\/div><br \/>\n<section  class='av_textblock_section av-kjtri1ay-4-0b87c1111e7b9422d8492ffb122e8307 '   itemscope=\"itemscope\" itemtype=\"https:\/\/schema.org\/CreativeWork\" ><div class='avia_textblock'  itemprop=\"text\" ><h5>What I stand for \/ Core Values<\/h5>\n<div>\n<p>Born in Steyr in 1967, I began my professional career with a technical education at the HTL for structural engineering in Linz. However, I soon switched to the Vienna University of Economics and Business &#8211; after just three days I realized: Concrete can be dry &#8211; people are&#8217;nt.<\/p>\n<p>I was particularly interested in how people work together in organizations &#8211; and how this cooperation in turn affects the organization. This question accompanied me during my studies in Innsbruck and ultimately led to my doctorate at the Universities of Linz and Munich on the subject of &#8220;Systemic Leadership&#8221;. A topic that has stayed with me to this day.<\/p>\n<p><strong>My mission: <\/strong>to create space for development &#8211; so that companies and managers can focus on the essentials.<\/p>\n<p><strong>My consulting approach is based on three pillars:<\/strong> Efficiency and digitalization &#8211; step-by-step and company-dependent: from the first steps to a comprehensive strategy Customized flexibilization &#8211; tailored to the history, culture and orientation of the company Empowering people &#8211; with knowledge, skills and courage for the working world of tomorrow<\/p>\n<p><strong>My conviction:<\/strong> Every company is unique &#8211; just like every person. Different prerequisites shape its future. This is exactly where I start &#8211; with respect for what has been achieved and a focus on tomorrow. The measurability of development progress is just as important to me as the combination of practical implementation with scientific findings.<\/p>\n<\/div>\n<\/div><\/section><\/p><\/div><\/div><\/div><\/div><!-- close content main div --><\/div><\/div>\n<style type=\"text\/css\" data-created_by=\"avia_inline_auto\" id=\"style-css-av-kjtsfrmh-73c1460acf807f9c8a885cd2dba73e66\">\n.avia-section.av-kjtsfrmh-73c1460acf807f9c8a885cd2dba73e66{\nbackground-color:#f5f5f5;\nbackground-image:unset;\n}\n<\/style>\n<div id='av_section_1'  class='avia-section av-kjtsfrmh-73c1460acf807f9c8a885cd2dba73e66 main_color avia-section-default avia-no-border-styling  avia-builder-el-8  el_after_av_two_third  avia-builder-el-last  avia-bg-style-scroll container_wrap sidebar_right'  ><div class='container av-section-cont-open' ><div class='template-page content  av-content-small alpha units'><div class='post-entry post-entry-type-page post-entry-7335'><div class='entry-content-wrapper clearfix'>\n\n<style type=\"text\/css\" data-created_by=\"avia_inline_auto\" id=\"style-css-av-cny90m-9015fa8a5c8860adb0a8ce3e1827e860\">\n.flex_column.av-cny90m-9015fa8a5c8860adb0a8ce3e1827e860{\nborder-radius:0px 0px 0px 0px;\npadding:0px 0px 0px 0px;\n}\n<\/style>\n<div  class='flex_column av-cny90m-9015fa8a5c8860adb0a8ce3e1827e860 av_one_half  avia-builder-el-9  el_before_av_one_half  avia-builder-el-first  first flex_column_div av-zero-column-padding  '     ><section  class='av_textblock_section av-kjtrdsq8-85daf1312c6d70e51524f9a7094e6421 '   itemscope=\"itemscope\" itemtype=\"https:\/\/schema.org\/CreativeWork\" ><div class='avia_textblock'  itemprop=\"text\" ><h3>Key Areas of Expertise<\/h3>\n<ul>\n<li>Development of organizations towards more flexibility, sustainable strategies and diversified business areas &#8211; both digital and analogue<\/li>\n<li>Development of teams towards efficiency and agility &#8211; with support from dashboard systems or Objectives &#038; Key Results &#8211; as well as support after organizational mergers or company takeovers<\/li>\n<li>Systemic leadership development &#8211; both structurally in terms of framework conditions and roles and as well in direct exchange with employees<\/li>\n<li>Supporting managers and key personnel in the development of self-leadership and personal vision &#8211; as well as support in challenging professional situations<\/li>\n<li>Development of value-adding HR work &#8211; flexible, digital and measurable through clear key figures and results<\/li>\n<\/ul>\n<h3>Working languages<\/h3>\n<p>German<br \/>\nEnglish<\/p>\n<\/div><\/section><\/div>\n<style type=\"text\/css\" data-created_by=\"avia_inline_auto\" id=\"style-css-av-cny90m-3-fac3d983caa3cb45bbac30bc6ec77523\">\n.flex_column.av-cny90m-3-fac3d983caa3cb45bbac30bc6ec77523{\nborder-radius:0px 0px 0px 0px;\npadding:0px 0px 0px 0px;\n}\n<\/style>\n<div  class='flex_column av-cny90m-3-fac3d983caa3cb45bbac30bc6ec77523 av_one_half  avia-builder-el-11  el_after_av_one_half  avia-builder-el-last  flex_column_div av-zero-column-padding  '     ><section  class='av_textblock_section av-kjtrdsq8-2-7dc68a690b54dabadf64104a0fb2a624 '   itemscope=\"itemscope\" itemtype=\"https:\/\/schema.org\/CreativeWork\" ><div class='avia_textblock'  itemprop=\"text\" ><h3>Academic Background and Professional Development<\/h3>\n<ul>\n<li>Master&#8217;s degree in Business Administration (WU Vienna, University of Innsbruck, 1987-1992): Personnel management, corporate management<\/li>\n<li>Doctorate in Business Administration (LMU Munich, University of Linz, 2000-2003) Topic: Development of a systemic management approach<\/li>\n<li>Course for team supervision and coaching (Professional Association of Austrian Psychologists\/Vienna, 574 hours, 1999-2002)<\/li>\n<li>Training in Open Space Technology (Harrison Owen\/Vienna, 2001)<\/li>\n<li>Organization Development Certificate Program (NTL Institute\/Oxford, 200 hours, 2010-2011)<\/li>\n<li>Certification for the use of the Emotional and Social Competency Inventory (Korn Ferry Hay Group\/London, 2012)<\/li>\n<li>Training course for provocative system work (German Institute for Provocative System Work\/Munich, 180 hours, 2013-2015)<\/li>\n<li>Agile organizational companion (Next U GmbH B. Oestereich\/C. Schr\u00f6der\/Hamburg, 2017-2018)<\/li>\n<li>Executive Certificate in Strategy and Innovation (MIT Sloan School of Management\/Boston) Focus topics: Digital Learning Strategies, Algorithmic Business Thinking, Digital Strategies, Talent Analytics (2022-2023)<\/li>\n<\/ul>\n<\/div><\/section><br \/>\n<section  class='av_textblock_section av-kjtrdsq8-1-8dd4795e3b64fe88d9107acfb8a78e11 '   itemscope=\"itemscope\" itemtype=\"https:\/\/schema.org\/CreativeWork\" ><div class='avia_textblock'  itemprop=\"text\" ><h3>Professional Stations<\/h3>\n<ul>\n<li>Technical draughtsman, architectural office Bolldorf\/Vienna (1987-1988)<\/li>\n<li>Tirol Kliniken GmbH (1993-1998) Trainee program, assistant to the personnel director, head of a personnel department at Innsbruck University Hospital<\/li>\n<li>Head of Personnel Services, Salzburger Landeskliniken (1999-2000)<\/li>\n<li>Founder of the Paracelsus Private Medical University Salzburg (2000)<\/li>\n<li>Consultant for corporate development and HR management (since 2000)<\/li>\n<li>Head of Department and Professor for People &#038; Organization Development, Salzburg University of Applied Sciences (since 2002)<\/li>\n<li>Visiting Professor &#8211; Bowling Green State University USA (2008)<\/li>\n<li>Lecturer at the University of Salzburg, Innsbruck and at the Institute of Management (2007-2022)<\/li>\n<li>Founder of the Agile Circle (2019) &#8211; Partner of the consulting firm komunariko (since 2025)<\/li>\n<\/ul>\n<\/div><\/section><br \/>\n<div  class='hr av-2mkl3o-69a6fead18107ae72bc15880b8443ac3 hr-default  avia-builder-el-14  el_after_av_textblock  el_before_av_button '><span class='hr-inner '><span class=\"hr-inner-style\"><\/span><\/span><\/div><br \/>\n<div  class='avia-button-wrap av-klklxn0u-52b5c00583b6e4d09e7f061d49f45113-wrap avia-button-left  avia-builder-el-15  el_after_av_hr  avia-builder-el-last '><a href='\/relaunch-2020\/uber-uns\/team#team'  class='avia-button av-klklxn0u-52b5c00583b6e4d09e7f061d49f45113 av-link-btn avia-icon_select-yes-left-icon avia-size-medium avia-position-left avia-color-theme-color'   aria-label=\"To the team\"><span class='avia_button_icon avia_button_icon_left avia-iconfont avia-font-entypo-fontello' data-av_icon='\ue879' data-av_iconfont='entypo-fontello' ><\/span><span class='avia_iconbox_title' >To the team<\/span><\/a><\/div><\/p><\/div>\n<\/div><\/div><\/div><!-- close content main div --><\/div><\/div><div id='after_section_1'  class='main_color av_default_container_wrap container_wrap sidebar_right'  ><div class='container av-section-cont-open' ><div class='template-page content  av-content-small alpha units'><div class='post-entry post-entry-type-page post-entry-7335'><div class='entry-content-wrapper clearfix'><\/p>\n","protected":false},"excerpt":{"rendered":"","protected":false},"author":13,"featured_media":0,"parent":6902,"menu_order":0,"comment_status":"closed","ping_status":"closed","template":"","meta":{"footnotes":""},"class_list":["post-7335","page","type-page","status-publish","hentry"],"yoast_head":"<!-- This site is optimized with the Yoast SEO plugin v24.7 - https:\/\/yoast.com\/wordpress\/plugins\/seo\/ -->\n<title>Prof. (FH) Dr. Herbert G\u00f6lzner - komunariko - Beratung. Training. Coaching.<\/title>\n<meta name=\"robots\" content=\"index, follow, max-snippet:-1, max-image-preview:large, max-video-preview:-1\" \/>\n<link rel=\"canonical\" href=\"https:\/\/www.komunariko.at\/en\/about-us\/team\/prof-fh-dr-herbert-goelzner\/\" \/>\n<meta property=\"og:locale\" content=\"en_US\" \/>\n<meta property=\"og:type\" content=\"article\" \/>\n<meta property=\"og:title\" content=\"Prof. (FH) Dr. Herbert G\u00f6lzner - komunariko - Beratung. Training. Coaching.\" \/>\n<meta property=\"og:url\" content=\"https:\/\/www.komunariko.at\/en\/about-us\/team\/prof-fh-dr-herbert-goelzner\/\" \/>\n<meta property=\"og:site_name\" content=\"komunariko - Beratung. Training. Coaching.\" \/>\n<meta property=\"article:modified_time\" content=\"2025-07-23T11:36:42+00:00\" \/>\n<meta name=\"twitter:card\" content=\"summary_large_image\" \/>\n<meta name=\"twitter:label1\" content=\"Est. reading time\" \/>\n\t<meta name=\"twitter:data1\" content=\"4 minutes\" \/>\n<script type=\"application\/ld+json\" class=\"yoast-schema-graph\">{\"@context\":\"https:\/\/schema.org\",\"@graph\":[{\"@type\":\"WebPage\",\"@id\":\"https:\/\/www.komunariko.at\/en\/about-us\/team\/prof-fh-dr-herbert-goelzner\/\",\"url\":\"https:\/\/www.komunariko.at\/en\/about-us\/team\/prof-fh-dr-herbert-goelzner\/\",\"name\":\"Prof. (FH) Dr. Herbert G\u00f6lzner - komunariko - Beratung. Training. Coaching.\",\"isPartOf\":{\"@id\":\"https:\/\/www.komunariko.at\/en\/#website\"},\"datePublished\":\"2025-07-18T12:30:13+00:00\",\"dateModified\":\"2025-07-23T11:36:42+00:00\",\"breadcrumb\":{\"@id\":\"https:\/\/www.komunariko.at\/en\/about-us\/team\/prof-fh-dr-herbert-goelzner\/#breadcrumb\"},\"inLanguage\":\"en-US\",\"potentialAction\":[{\"@type\":\"ReadAction\",\"target\":[\"https:\/\/www.komunariko.at\/en\/about-us\/team\/prof-fh-dr-herbert-goelzner\/\"]}]},{\"@type\":\"BreadcrumbList\",\"@id\":\"https:\/\/www.komunariko.at\/en\/about-us\/team\/prof-fh-dr-herbert-goelzner\/#breadcrumb\",\"itemListElement\":[{\"@type\":\"ListItem\",\"position\":1,\"name\":\"Home\",\"item\":\"https:\/\/www.komunariko.at\/en\/\"},{\"@type\":\"ListItem\",\"position\":2,\"name\":\"About us\",\"item\":\"https:\/\/www.komunariko.at\/en\/about-us\/\"},{\"@type\":\"ListItem\",\"position\":3,\"name\":\"Team\",\"item\":\"https:\/\/www.komunariko.at\/en\/about-us\/team\/\"},{\"@type\":\"ListItem\",\"position\":4,\"name\":\"Prof. (FH) Dr. Herbert G\u00f6lzner\"}]},{\"@type\":\"WebSite\",\"@id\":\"https:\/\/www.komunariko.at\/en\/#website\",\"url\":\"https:\/\/www.komunariko.at\/en\/\",\"name\":\"komunariko - Beratung. Training. Coaching.\",\"description\":\"Ma\u00dfgeschneiderte L\u00f6sungen f\u00fcr Organisationsentwicklung,  F\u00fchrungs- und Kommunkationskompetenz. Wir begleiten Menschen, Unternehmen und Organisationen in Zeiten der Entwicklung und des Wandels \u2013 und das seit 35 Jahren, mit Sitz in Salzburg.\",\"potentialAction\":[{\"@type\":\"SearchAction\",\"target\":{\"@type\":\"EntryPoint\",\"urlTemplate\":\"https:\/\/www.komunariko.at\/en\/?s={search_term_string}\"},\"query-input\":{\"@type\":\"PropertyValueSpecification\",\"valueRequired\":true,\"valueName\":\"search_term_string\"}}],\"inLanguage\":\"en-US\"}]}<\/script>\n<!-- \/ Yoast SEO plugin. -->","yoast_head_json":{"title":"Prof. (FH) Dr. Herbert G\u00f6lzner - komunariko - Beratung. Training. Coaching.","robots":{"index":"index","follow":"follow","max-snippet":"max-snippet:-1","max-image-preview":"max-image-preview:large","max-video-preview":"max-video-preview:-1"},"canonical":"https:\/\/www.komunariko.at\/en\/about-us\/team\/prof-fh-dr-herbert-goelzner\/","og_locale":"en_US","og_type":"article","og_title":"Prof. (FH) Dr. Herbert G\u00f6lzner - komunariko - Beratung. Training. Coaching.","og_url":"https:\/\/www.komunariko.at\/en\/about-us\/team\/prof-fh-dr-herbert-goelzner\/","og_site_name":"komunariko - Beratung. Training. Coaching.","article_modified_time":"2025-07-23T11:36:42+00:00","twitter_card":"summary_large_image","twitter_misc":{"Est. reading time":"4 minutes"},"schema":{"@context":"https:\/\/schema.org","@graph":[{"@type":"WebPage","@id":"https:\/\/www.komunariko.at\/en\/about-us\/team\/prof-fh-dr-herbert-goelzner\/","url":"https:\/\/www.komunariko.at\/en\/about-us\/team\/prof-fh-dr-herbert-goelzner\/","name":"Prof. (FH) Dr. Herbert G\u00f6lzner - komunariko - Beratung. Training. Coaching.","isPartOf":{"@id":"https:\/\/www.komunariko.at\/en\/#website"},"datePublished":"2025-07-18T12:30:13+00:00","dateModified":"2025-07-23T11:36:42+00:00","breadcrumb":{"@id":"https:\/\/www.komunariko.at\/en\/about-us\/team\/prof-fh-dr-herbert-goelzner\/#breadcrumb"},"inLanguage":"en-US","potentialAction":[{"@type":"ReadAction","target":["https:\/\/www.komunariko.at\/en\/about-us\/team\/prof-fh-dr-herbert-goelzner\/"]}]},{"@type":"BreadcrumbList","@id":"https:\/\/www.komunariko.at\/en\/about-us\/team\/prof-fh-dr-herbert-goelzner\/#breadcrumb","itemListElement":[{"@type":"ListItem","position":1,"name":"Home","item":"https:\/\/www.komunariko.at\/en\/"},{"@type":"ListItem","position":2,"name":"About us","item":"https:\/\/www.komunariko.at\/en\/about-us\/"},{"@type":"ListItem","position":3,"name":"Team","item":"https:\/\/www.komunariko.at\/en\/about-us\/team\/"},{"@type":"ListItem","position":4,"name":"Prof. (FH) Dr. Herbert G\u00f6lzner"}]},{"@type":"WebSite","@id":"https:\/\/www.komunariko.at\/en\/#website","url":"https:\/\/www.komunariko.at\/en\/","name":"komunariko - Beratung. Training. Coaching.","description":"Ma\u00dfgeschneiderte L\u00f6sungen f\u00fcr Organisationsentwicklung,  F\u00fchrungs- und Kommunkationskompetenz. Wir begleiten Menschen, Unternehmen und Organisationen in Zeiten der Entwicklung und des Wandels \u2013 und das seit 35 Jahren, mit Sitz in Salzburg.","potentialAction":[{"@type":"SearchAction","target":{"@type":"EntryPoint","urlTemplate":"https:\/\/www.komunariko.at\/en\/?s={search_term_string}"},"query-input":{"@type":"PropertyValueSpecification","valueRequired":true,"valueName":"search_term_string"}}],"inLanguage":"en-US"}]}},"_links":{"self":[{"href":"https:\/\/www.komunariko.at\/en\/wp-json\/wp\/v2\/pages\/7335","targetHints":{"allow":["GET"]}}],"collection":[{"href":"https:\/\/www.komunariko.at\/en\/wp-json\/wp\/v2\/pages"}],"about":[{"href":"https:\/\/www.komunariko.at\/en\/wp-json\/wp\/v2\/types\/page"}],"author":[{"embeddable":true,"href":"https:\/\/www.komunariko.at\/en\/wp-json\/wp\/v2\/users\/13"}],"replies":[{"embeddable":true,"href":"https:\/\/www.komunariko.at\/en\/wp-json\/wp\/v2\/comments?post=7335"}],"version-history":[{"count":2,"href":"https:\/\/www.komunariko.at\/en\/wp-json\/wp\/v2\/pages\/7335\/revisions"}],"predecessor-version":[{"id":7350,"href":"https:\/\/www.komunariko.at\/en\/wp-json\/wp\/v2\/pages\/7335\/revisions\/7350"}],"up":[{"embeddable":true,"href":"https:\/\/www.komunariko.at\/en\/wp-json\/wp\/v2\/pages\/6902"}],"wp:attachment":[{"href":"https:\/\/www.komunariko.at\/en\/wp-json\/wp\/v2\/media?parent=7335"}],"curies":[{"name":"wp","href":"https:\/\/api.w.org\/{rel}","templated":true}]}}